{"id":6295,"date":"2024-02-23T11:58:50","date_gmt":"2024-02-23T10:58:50","guid":{"rendered":"https:\/\/blogsaverroes.juntadeandalucia.es\/valderrubio\/?page_id=6295"},"modified":"2024-05-31T13:33:43","modified_gmt":"2024-05-31T11:33:43","slug":"tutoriales","status":"publish","type":"page","link":"https:\/\/blogsaverroes.juntadeandalucia.es\/valderrubio\/tutoriales\/","title":{"rendered":"Tutoriales"},"content":{"rendered":"<p>En esta secci\u00f3n encontrar\u00e9is tutoriales para realizar la matr\u00edcula online, as\u00ed como el uso b\u00e1sico de iPasen y Classroom. Si ten\u00e9is alguna duda, siempre pod\u00e9is pedir cita para que os atienda el coordinador o coordinadora TDE y os ayude en lo que sea necesario.<\/p>\n<h2>\nTutorial para rellenar el sobre electr\u00f3nico de matr\u00edcula, del @Maestro Mallo:<\/h2>\n<p><iframe loading=\"lazy\" title=\"Sobre Electr\u00f3nico de Matr\u00edcula 2022 \ud83d\udce7 \ud83d\udce7\" width=\"500\" height=\"281\" src=\"https:\/\/www.youtube.com\/embed\/VCcL3E5x7lk?feature=oembed&#038;wmode=opaque\" frameborder=\"0\" allow=\"accelerometer; autoplay; clipboard-write; encrypted-media; gyroscope; picture-in-picture; web-share\" referrerpolicy=\"strict-origin-when-cross-origin\" allowfullscreen><\/iframe><\/p>\n<p><a href=\"https:\/\/blogsaverroes.juntadeandalucia.es\/valderrubio\/files\/2024\/05\/Sobre-electronico-de-matricula-version-familias.pdf\">Tutorial del sobre electr\u00f3nico de matr\u00edcula para las familias<\/a><\/p>\n<h2><strong><br \/>\nLista de v\u00eddeos tutoriales sobre iPasen del @Maestro Mallo:<\/strong><\/h2>\n<p><a href=\"http:\/\/iPASEN 1: Instalaci\u00f3n y Primer Acceso\">Instalaci\u00f3n y Primer Acceso<\/a><\/p>\n<p><a href=\"https:\/\/youtu.be\/OR7r9OcG8sE?si=BTEc8PZzZgwTlSUi\">Recuperar Acceso<\/a><\/p>\n<p><a href=\"https:\/\/youtu.be\/E6rnS0ZDI_0?si=9YWTTz6cELfZvEq6\">Calificaciones Finales y Observaciones en iPasen<\/a><\/p>\n<p><a href=\"https:\/\/youtu.be\/K7s5wXWcEdc?si=7aZOZ1IIhUzkLDsr\">Punto de Recogida de Documentos<\/a><\/p>\n<p><a href=\"https:\/\/youtu.be\/zYDOcJIPosc?si=C26_qVs4udBvjW_E\">Calificaciones Trimestrales VS Actividades Evaluables<\/a><\/p>\n<p><a href=\"https:\/\/youtu.be\/BzsH8tJCN28?si=GVLmZKlj6amWQ1jM\">Autorizaciones y Firmas<\/a><\/p>\n<p>&nbsp;<\/p>\n<h2>Curso con tutoriales sobre Classroom de @Laita Digital:<\/h2>\n<p><a href=\"https:\/\/youtu.be\/ChBL1Qx-PX8?si=kK1IrDQ4UJMQrRUh\">Gu\u00eda y Contenidos<\/a><\/p>\n<p><a href=\"https:\/\/youtu.be\/CaCdjU0hbw4?si=befL-p_wYIHgJXXE\">#1 COMO entrar en Google CLASSROOM<\/a><\/p>\n<p><a href=\"https:\/\/youtu.be\/stwNP5BZBKU?si=hlXUpAhxXOd3VYLu\">#2 COMO Unirse a una clase de CLASSROOM<\/a><\/p>\n<p><a href=\"https:\/\/youtu.be\/yfT6sXJcqZw?si=GmQj49yn_CT7A_Hq\">#3 COMO salir de una clase de CLASSROOM<\/a><\/p>\n<p><a href=\"https:\/\/youtu.be\/I2k-czTEMqM?si=nCzAdC0dvviJwOet\">#4 Aprende a usar la INTERFAZ de CLASSROOM<\/a><\/p>\n<p><a href=\"https:\/\/youtu.be\/SuBtVUK66Dc?si=0moXj7O9bRcrsUIA\">#5 Pesta\u00f1a TABL\u00d3N DE CLASE<\/a><\/p>\n<p><a href=\"https:\/\/youtu.be\/9i5b0DH_W4Y?si=AnPHzEjf6kiPgsir\">#6 Pesta\u00f1a PERSONAS de CLASSROOM<\/a><\/p>\n<p><a href=\"https:\/\/www.youtube.com\/watch?v=QJOHv4Pe_Uo&amp;list=PLbhVGsFX6U70zS5PlM9YigGGp5FaJ7lRA&amp;index=7\">#7 Pesta\u00f1a TRABAJO DE CLASE de CLASSROOM<\/a><\/p>\n<p><a href=\"https:\/\/www.youtube.com\/watch?v=4vsyk8akM4o&amp;list=PLbhVGsFX6U70zS5PlM9YigGGp5FaJ7lRA&amp;index=8\">#8 Men\u00fa de TAREAS PENDIENTES<\/a><\/p>\n<p><a href=\"https:\/\/www.youtube.com\/watch?v=JWTjqGFjZYE&amp;list=PLbhVGsFX6U70zS5PlM9YigGGp5FaJ7lRA&amp;index=9\">#9 COMO ENTREGAR TAREAS a MANO<\/a><\/p>\n<p><a href=\"https:\/\/www.youtube.com\/watch?v=qvd0buRtSBo&amp;list=PLbhVGsFX6U70zS5PlM9YigGGp5FaJ7lRA&amp;index=10\">#10 COMO ENTREGAR TAREAS de WORD sin ASIGNAR <\/a><\/p>\n<p><a href=\"https:\/\/www.youtube.com\/watch?v=--sE58J3Eqw&amp;list=PLbhVGsFX6U70zS5PlM9YigGGp5FaJ7lRA&amp;index=11\">#11 COMO ENTREGAR TAREAS con ARCHIVOS ASIGNADOS<\/a><\/p>\n<p><a href=\"https:\/\/www.youtube.com\/watch?v=P2SNQJeGFb4&amp;list=PLbhVGsFX6U70zS5PlM9YigGGp5FaJ7lRA&amp;index=12\">#12 COMO ENTREGAR TAREAS con ARCHIVOS GRUPALES<\/a><\/p>\n<p><a href=\"https:\/\/www.youtube.com\/watch?v=0tOQJWWlb6g&amp;list=PLbhVGsFX6U70zS5PlM9YigGGp5FaJ7lRA&amp;index=13\">#13 COMO ANULAR entrega de TAREAS en Classroom<\/a><\/p>\n<p><a href=\"https:\/\/www.youtube.com\/watch?v=GGTQG91lbJw&amp;list=PLbhVGsFX6U70zS5PlM9YigGGp5FaJ7lRA&amp;index=14\">#14 COMO usar GOOGLE DRIVE con CLASSROOM<\/a><\/p>\n<p><a href=\"https:\/\/www.youtube.com\/watch?v=izkT8VaRZ9M&amp;list=PLbhVGsFX6U70zS5PlM9YigGGp5FaJ7lRA&amp;index=15\">#15 Consulta tus CALIFICACIONES en CLASSROOM<\/a><\/p>\n<p><a href=\"https:\/\/www.youtube.com\/watch?v=qz4IVFR9cFE&amp;list=PLbhVGsFX6U70zS5PlM9YigGGp5FaJ7lRA&amp;index=16\">#16 Tu calendario de clases: GOOGLE CALENDAR<\/a><\/p>\n<p><a href=\"https:\/\/www.youtube.com\/watch?v=l6SN2OAy-kg&amp;list=PLbhVGsFX6U70zS5PlM9YigGGp5FaJ7lRA&amp;index=17\">#17 QUE son las CLASES ARCHIVADAS<\/a><\/p>\n<p><a href=\"https:\/\/www.youtube.com\/watch?v=NPiqJvb65SE&amp;list=PLbhVGsFX6U70zS5PlM9YigGGp5FaJ7lRA&amp;index=18\">#18 Los AJUSTES de CLASSROOM <\/a><\/p>\n","protected":false},"excerpt":{"rendered":"<p>En esta secci\u00f3n encontrar\u00e9is tutoriales para realizar la matr\u00edcula online, as\u00ed como el uso b\u00e1sico de iPasen y Classroom. Si ten\u00e9is alguna duda, siempre pod\u00e9is pedir cita para que os atienda el coordinador o&#46;&#46;&#46;<\/p>\n","protected":false},"author":4031,"featured_media":0,"parent":0,"menu_order":0,"comment_status":"closed","ping_status":"closed","template":"","meta":{"_exactmetrics_skip_tracking":false,"_exactmetrics_sitenote_active":false,"_exactmetrics_sitenote_note":"","_exactmetrics_sitenote_category":0,"ngg_post_thumbnail":0,"footnotes":""},"aioseo_notices":[],"_links":{"self":[{"href":"https:\/\/blogsaverroes.juntadeandalucia.es\/valderrubio\/wp-json\/wp\/v2\/pages\/6295"}],"collection":[{"href":"https:\/\/blogsaverroes.juntadeandalucia.es\/valderrubio\/wp-json\/wp\/v2\/pages"}],"about":[{"href":"https:\/\/blogsaverroes.juntadeandalucia.es\/valderrubio\/wp-json\/wp\/v2\/types\/page"}],"author":[{"embeddable":true,"href":"https:\/\/blogsaverroes.juntadeandalucia.es\/valderrubio\/wp-json\/wp\/v2\/users\/4031"}],"replies":[{"embeddable":true,"href":"https:\/\/blogsaverroes.juntadeandalucia.es\/valderrubio\/wp-json\/wp\/v2\/comments?post=6295"}],"version-history":[{"count":5,"href":"https:\/\/blogsaverroes.juntadeandalucia.es\/valderrubio\/wp-json\/wp\/v2\/pages\/6295\/revisions"}],"predecessor-version":[{"id":6485,"href":"https:\/\/blogsaverroes.juntadeandalucia.es\/valderrubio\/wp-json\/wp\/v2\/pages\/6295\/revisions\/6485"}],"wp:attachment":[{"href":"https:\/\/blogsaverroes.juntadeandalucia.es\/valderrubio\/wp-json\/wp\/v2\/media?parent=6295"}],"curies":[{"name":"wp","href":"https:\/\/api.w.org\/{rel}","templated":true}]}}