{"id":44,"date":"2022-02-07T11:04:58","date_gmt":"2022-02-07T11:04:58","guid":{"rendered":"https:\/\/blogsaverroes.juntadeandalucia.es\/vaneenprimaria\/?page_id=44"},"modified":"2022-02-09T10:01:52","modified_gmt":"2022-02-09T10:01:52","slug":"recursos-ccnn-6o","status":"publish","type":"page","link":"https:\/\/blogsaverroes.juntadeandalucia.es\/vaneenprimaria\/recursos-ccnn-6o\/","title":{"rendered":"Recursos CCNN 6\u00ba"},"content":{"rendered":"<p>&nbsp;<\/p>\n<p style=\"text-align: center\">Aqu\u00ed ten\u00e9is algunos v\u00eddeos para comprender mejor el funcionamiento de los aparatos del cuerpo humano.<\/p>\n<p style=\"text-align: center\"><iframe loading=\"lazy\" src=\"\/\/www.youtube.com\/embed\/WN6sAN2hcFM\" width=\"400\" height=\"224\"><\/iframe><iframe loading=\"lazy\" src=\"\/\/www.youtube.com\/embed\/ZzATGDMNKYw\" width=\"400\" height=\"224\"><\/iframe><\/p>\n<p style=\"text-align: center\"><iframe loading=\"lazy\" src=\"\/\/www.youtube.com\/embed\/_jbw0FxnaQE\" width=\"400\" height=\"224\"><\/iframe><\/p>\n<p>&nbsp;<\/p>\n","protected":false},"excerpt":{"rendered":"<p>&nbsp; Aqu\u00ed ten\u00e9is algunos v\u00eddeos para comprender mejor el funcionamiento de los aparatos del cuerpo humano. &nbsp;<\/p>\n","protected":false},"author":14420,"featured_media":0,"parent":0,"menu_order":0,"comment_status":"closed","ping_status":"closed","template":"","meta":{"ngg_post_thumbnail":0,"footnotes":""},"aioseo_notices":[],"_links":{"self":[{"href":"https:\/\/blogsaverroes.juntadeandalucia.es\/vaneenprimaria\/wp-json\/wp\/v2\/pages\/44"}],"collection":[{"href":"https:\/\/blogsaverroes.juntadeandalucia.es\/vaneenprimaria\/wp-json\/wp\/v2\/pages"}],"about":[{"href":"https:\/\/blogsaverroes.juntadeandalucia.es\/vaneenprimaria\/wp-json\/wp\/v2\/types\/page"}],"author":[{"embeddable":true,"href":"https:\/\/blogsaverroes.juntadeandalucia.es\/vaneenprimaria\/wp-json\/wp\/v2\/users\/14420"}],"replies":[{"embeddable":true,"href":"https:\/\/blogsaverroes.juntadeandalucia.es\/vaneenprimaria\/wp-json\/wp\/v2\/comments?post=44"}],"version-history":[{"count":3,"href":"https:\/\/blogsaverroes.juntadeandalucia.es\/vaneenprimaria\/wp-json\/wp\/v2\/pages\/44\/revisions"}],"predecessor-version":[{"id":73,"href":"https:\/\/blogsaverroes.juntadeandalucia.es\/vaneenprimaria\/wp-json\/wp\/v2\/pages\/44\/revisions\/73"}],"wp:attachment":[{"href":"https:\/\/blogsaverroes.juntadeandalucia.es\/vaneenprimaria\/wp-json\/wp\/v2\/media?parent=44"}],"curies":[{"name":"wp","href":"https:\/\/api.w.org\/{rel}","templated":true}]}}