{"id":2162,"date":"2023-01-11T17:39:02","date_gmt":"2023-01-11T16:39:02","guid":{"rendered":"https:\/\/blogsaverroes.juntadeandalucia.es\/vdelaestrella\/?page_id=2162"},"modified":"2023-01-11T17:44:30","modified_gmt":"2023-01-11T16:44:30","slug":"transformacion-digital-educativa","status":"publish","type":"page","link":"https:\/\/blogsaverroes.juntadeandalucia.es\/vdelaestrella\/transformacion-digital-educativa\/","title":{"rendered":"Transformaci\u00f3n Digital Educativa"},"content":{"rendered":"<p>[et_pb_section fb_built=&#8221;1&#8243; _builder_version=&#8221;4.14.5&#8243; _module_preset=&#8221;default&#8221; global_colors_info=&#8221;{}&#8221;][et_pb_row _builder_version=&#8221;4.14.5&#8243; _module_preset=&#8221;default&#8221; global_colors_info=&#8221;{}&#8221;][et_pb_column type=&#8221;4_4&#8243; _builder_version=&#8221;4.14.5&#8243; _module_preset=&#8221;default&#8221; global_colors_info=&#8221;{}&#8221;][et_pb_post_title _builder_version=&#8221;4.14.5&#8243; _module_preset=&#8221;default&#8221; hover_enabled=&#8221;0&#8243; global_colors_info=&#8221;{}&#8221; meta=&#8221;off&#8221; sticky_enabled=&#8221;0&#8243;][\/et_pb_post_title][et_pb_text _builder_version=&#8221;4.14.5&#8243; _module_preset=&#8221;default&#8221; global_colors_info=&#8221;{}&#8221;]<\/p>\n<p>Desde el centro vamos a trabajar la importancia del uso responsable de las nuevas tecnolog\u00edas y las redes sociales.<\/p>\n<p>Os compartimos unas recomendaciones de uso a trav\u00e9s de estas im\u00e1genes.<\/p>\n<p>[\/et_pb_text][\/et_pb_column][\/et_pb_row][et_pb_row column_structure=&#8221;1_2,1_2&#8243; _builder_version=&#8221;4.14.5&#8243; _module_preset=&#8221;default&#8221; global_colors_info=&#8221;{}&#8221;][et_pb_column type=&#8221;1_2&#8243; _builder_version=&#8221;4.14.5&#8243; _module_preset=&#8221;default&#8221; global_colors_info=&#8221;{}&#8221;][et_pb_image src=&#8221;https:\/\/blogsaverroes.juntadeandalucia.es\/vdelaestrella\/files\/2022\/10\/USO-REDES-PADRES.png&#8221; title_text=&#8221;USO REDES PADRES&#8221; _builder_version=&#8221;4.14.5&#8243; _module_preset=&#8221;default&#8221; global_colors_info=&#8221;{}&#8221;][\/et_pb_image][\/et_pb_column][et_pb_column type=&#8221;1_2&#8243; _builder_version=&#8221;4.14.5&#8243; _module_preset=&#8221;default&#8221; global_colors_info=&#8221;{}&#8221;][et_pb_image src=&#8221;https:\/\/blogsaverroes.juntadeandalucia.es\/vdelaestrella\/files\/2022\/10\/USO-SEGURO-DE-LAS-REDES.png&#8221; title_text=&#8221;USO SEGURO DE LAS REDES&#8221; _builder_version=&#8221;4.14.5&#8243; _module_preset=&#8221;default&#8221; global_colors_info=&#8221;{}&#8221;][\/et_pb_image][\/et_pb_column][\/et_pb_row][et_pb_row column_structure=&#8221;1_2,1_2&#8243; _builder_version=&#8221;4.14.5&#8243; _module_preset=&#8221;default&#8221; global_colors_info=&#8221;{}&#8221;][et_pb_column type=&#8221;1_2&#8243; _builder_version=&#8221;4.14.5&#8243; _module_preset=&#8221;default&#8221; global_colors_info=&#8221;{}&#8221;][et_pb_image src=&#8221;https:\/\/blogsaverroes.juntadeandalucia.es\/vdelaestrella\/files\/2022\/10\/USO-SEGURO-REDES-2.png&#8221; title_text=&#8221;USO SEGURO REDES 2&#8243; _builder_version=&#8221;4.14.5&#8243; _module_preset=&#8221;default&#8221; global_colors_info=&#8221;{}&#8221;][\/et_pb_image][\/et_pb_column][et_pb_column type=&#8221;1_2&#8243; _builder_version=&#8221;4.14.5&#8243; _module_preset=&#8221;default&#8221; global_colors_info=&#8221;{}&#8221;][et_pb_image src=&#8221;https:\/\/blogsaverroes.juntadeandalucia.es\/vdelaestrella\/files\/2022\/10\/USO-REDES-TICS.png&#8221; title_text=&#8221;USO REDES TICS&#8221; _builder_version=&#8221;4.14.5&#8243; _module_preset=&#8221;default&#8221; global_colors_info=&#8221;{}&#8221;][\/et_pb_image][\/et_pb_column][\/et_pb_row][\/et_pb_section]<\/p>\n","protected":false},"excerpt":{"rendered":"<p>Desde el centro vamos a trabajar la importancia del uso responsable de las nuevas tecnolog\u00edas y las redes sociales. Os compartimos unas recomendaciones de uso a trav\u00e9s de estas im\u00e1genes.<\/p>\n","protected":false},"author":13558,"featured_media":0,"parent":0,"menu_order":0,"comment_status":"closed","ping_status":"closed","template":"","meta":{"_et_pb_use_builder":"on","_et_pb_old_content":"","_et_gb_content_width":"","ngg_post_thumbnail":0,"footnotes":""},"aioseo_notices":[],"_links":{"self":[{"href":"https:\/\/blogsaverroes.juntadeandalucia.es\/vdelaestrella\/wp-json\/wp\/v2\/pages\/2162"}],"collection":[{"href":"https:\/\/blogsaverroes.juntadeandalucia.es\/vdelaestrella\/wp-json\/wp\/v2\/pages"}],"about":[{"href":"https:\/\/blogsaverroes.juntadeandalucia.es\/vdelaestrella\/wp-json\/wp\/v2\/types\/page"}],"author":[{"embeddable":true,"href":"https:\/\/blogsaverroes.juntadeandalucia.es\/vdelaestrella\/wp-json\/wp\/v2\/users\/13558"}],"replies":[{"embeddable":true,"href":"https:\/\/blogsaverroes.juntadeandalucia.es\/vdelaestrella\/wp-json\/wp\/v2\/comments?post=2162"}],"version-history":[{"count":4,"href":"https:\/\/blogsaverroes.juntadeandalucia.es\/vdelaestrella\/wp-json\/wp\/v2\/pages\/2162\/revisions"}],"predecessor-version":[{"id":2171,"href":"https:\/\/blogsaverroes.juntadeandalucia.es\/vdelaestrella\/wp-json\/wp\/v2\/pages\/2162\/revisions\/2171"}],"wp:attachment":[{"href":"https:\/\/blogsaverroes.juntadeandalucia.es\/vdelaestrella\/wp-json\/wp\/v2\/media?parent=2162"}],"curies":[{"name":"wp","href":"https:\/\/api.w.org\/{rel}","templated":true}]}}