{"id":2,"date":"2022-09-26T19:38:28","date_gmt":"2022-09-26T19:38:28","guid":{"rendered":"https:\/\/blogsaverroes.juntadeandalucia.es\/vegaautoproteccion\/?page_id=2"},"modified":"2025-10-15T09:48:39","modified_gmt":"2025-10-15T09:48:39","slug":"pagina-ejemplo","status":"publish","type":"page","link":"https:\/\/blogsaverroes.juntadeandalucia.es\/vegaautoproteccion\/","title":{"rendered":"Autoprotecci\u00f3n"},"content":{"rendered":"<p><span style=\"font-size: 30pt\"><br \/>\n<span style=\"color: #149c14\">Coordinador: Arc\u00e1ngel D\u00edaz Aguado<\/span><\/span><\/p>\n<p><span style=\"font-size: 24pt;color: #3ae83a\"><a style=\"color: #3ae83a\" href=\"https:\/\/blogsaverroes.juntadeandalucia.es\/iesvegadeatarfe\/files\/2022\/11\/Doc-Centro-11-Plan-autoproteccion-2022.pdf\" target=\"_blank\" rel=\"noopener noreferrer\">Plan de Autoprotecci\u00f3n<\/a>&nbsp;<\/span><\/p>\n<p><a href=\"https:\/\/blogsaverroes.juntadeandalucia.es\/vegaautoproteccion\/files\/2025\/10\/Plan-de-autoproteccion-2025.pdf\" target=\"_blank\" rel=\"noopener noreferrer\"><img loading=\"lazy\" decoding=\"async\" class=\"aligncenter wp-image-2046 size-full\" src=\"https:\/\/blogsaverroes.juntadeandalucia.es\/iesvegadeatarfe\/files\/2020\/05\/Plan-de-Auto-Protecci\u00f3n.png\" alt=\"\" width=\"664\" height=\"340\"><\/a><\/p>\n","protected":false},"excerpt":{"rendered":"<p>Coordinador: Arc\u00e1ngel D\u00edaz Aguado Plan de Autoprotecci\u00f3n&nbsp;<\/p>\n","protected":false},"author":7647,"featured_media":0,"parent":0,"menu_order":0,"comment_status":"closed","ping_status":"closed","template":"","meta":{"ngg_post_thumbnail":0,"footnotes":""},"aioseo_notices":[],"_links":{"self":[{"href":"https:\/\/blogsaverroes.juntadeandalucia.es\/vegaautoproteccion\/wp-json\/wp\/v2\/pages\/2"}],"collection":[{"href":"https:\/\/blogsaverroes.juntadeandalucia.es\/vegaautoproteccion\/wp-json\/wp\/v2\/pages"}],"about":[{"href":"https:\/\/blogsaverroes.juntadeandalucia.es\/vegaautoproteccion\/wp-json\/wp\/v2\/types\/page"}],"author":[{"embeddable":true,"href":"https:\/\/blogsaverroes.juntadeandalucia.es\/vegaautoproteccion\/wp-json\/wp\/v2\/users\/7647"}],"replies":[{"embeddable":true,"href":"https:\/\/blogsaverroes.juntadeandalucia.es\/vegaautoproteccion\/wp-json\/wp\/v2\/comments?post=2"}],"version-history":[{"count":10,"href":"https:\/\/blogsaverroes.juntadeandalucia.es\/vegaautoproteccion\/wp-json\/wp\/v2\/pages\/2\/revisions"}],"predecessor-version":[{"id":139,"href":"https:\/\/blogsaverroes.juntadeandalucia.es\/vegaautoproteccion\/wp-json\/wp\/v2\/pages\/2\/revisions\/139"}],"wp:attachment":[{"href":"https:\/\/blogsaverroes.juntadeandalucia.es\/vegaautoproteccion\/wp-json\/wp\/v2\/media?parent=2"}],"curies":[{"name":"wp","href":"https:\/\/api.w.org\/{rel}","templated":true}]}}