{"id":106,"date":"2020-12-19T22:46:16","date_gmt":"2020-12-19T22:46:16","guid":{"rendered":"https:\/\/blogsaverroes.juntadeandalucia.es\/vegabilinguismo\/?page_id=106"},"modified":"2026-01-15T17:15:34","modified_gmt":"2026-01-15T17:15:34","slug":"proyecto-bilingue","status":"publish","type":"page","link":"https:\/\/blogsaverroes.juntadeandalucia.es\/vegabilinguismo\/","title":{"rendered":"Programa Biling\u00fce"},"content":{"rendered":"<table style=\"border-collapse: collapse;width: 100%;height: 10px\">\n<tbody>\n<tr style=\"height: 374px\">\n<td style=\"width: 59.7536%;height: 10px\">\n<p style=\"text-align: center\"><span style=\"color: #a35417\"><strong><span style=\"font-family: 'arial black', sans-serif\"><span style=\"font-family: georgia, palatino, serif\">El objetivo de este programa es ense\u00f1ar contenidos e idioma de <\/span><\/span><span style=\"font-family: georgia, palatino, serif\">manera integrada, esto implica un ajuste en la metodolog\u00eda puesto que trabajamos en ingl\u00e9s parte de los contenidos de las asignaturas implicadas: Educaci\u00f3n F\u00edsica, M\u00fasica, F\u00edsica y Qu\u00edmica, Historia, Biolog\u00eda y Tecnolog\u00eda.<\/span><\/strong><\/span><\/p>\n<p>&nbsp;<\/p>\n<p style=\"text-align: center\"><span style=\"color: #a35417\"><strong><span style=\"font-family: georgia, palatino, serif\">Esta labor se lleva a cabo tanto trabajando las diferentes destrezas del idioma para facilitar la comprensi\u00f3n y concreci\u00f3n de los contenidos como&nbsp; a trav\u00e9s de l<\/span><\/strong><\/span><span style=\"color: #a35417\"><strong><span style=\"font-family: georgia, palatino, serif\">a elaboraci\u00f3n de unidades did\u00e1cticas AICLE <span style=\"font-size: 10pt\">(Aprendizaje Integrado de Contenidos y Lengua Extranjera)<\/span> y la <\/span><\/strong><\/span><span style=\"color: #a35417\"><strong><span style=\"font-family: georgia, palatino, serif\">celebraci\u00f3n de actividades especiales que ponen en pr\u00e1ctica lo aprendido en esas unidades.<\/span><\/strong><\/span><\/p>\n<\/td>\n<td style=\"width: 40.2464%;height: 10px\">\n<p style=\"text-align: center\"><img loading=\"lazy\" decoding=\"async\" class=\"alignnone size-medium wp-image-24\" src=\"https:\/\/blogsaverroes.juntadeandalucia.es\/vegabilinguismo\/files\/2020\/12\/Word-Art-arbol--247x300.jpeg\" alt=\"\" width=\"247\" height=\"300\"><\/p>\n<\/td>\n<\/tr>\n<\/tbody>\n<\/table>\n<table style=\"border-collapse: collapse;width: 99.1787%;height: 147px\">\n<tbody>\n<tr style=\"height: 147px\">\n<td style=\"width: 100%;height: 147px\">\n<p style=\"text-align: center\"><span style=\"color: #a35417;font-size: 12pt\"><strong><span style=\"font-family: georgia, palatino, serif\">Contamos con <span style=\"color: #a35417;font-family: georgia, palatino, serif\">dos veh\u00edculos ideales para el aprendizaje del idioma: e<\/span>l contacto diario con nuestros auxiliares de conversaci\u00f3n as\u00ed como la participaci\u00f3n <\/span><\/strong><\/span><span style=\"color: #a35417;font-family: georgia, palatino, serif\"><strong style=\"font-size: inherit\">e<\/strong><strong>n proyectos &nbsp;eTwinning.<\/strong><\/span><\/p>\n<p style=\"text-align: center\"><span style=\"color: #a35417;font-family: georgia, palatino, serif\"><strong>eTwinning es la mayor comunidad de centros escolares de Europa y tiene como objetivo principal promover y facilitar el contacto, el intercambio de ideas y el trabajo colaborativo entre docentes y alumnos\/as de los pa\u00edses que participan en esta acci\u00f3n<\/strong> <strong>a trav\u00e9s de las tecnolog\u00edas.<\/strong><\/span><\/p>\n<\/td>\n<\/tr>\n<\/tbody>\n<\/table>\n<p><img loading=\"lazy\" decoding=\"async\" class=\"alignnone wp-image-3686 \" src=\"https:\/\/blogsaverroes.juntadeandalucia.es\/vegabilinguismo\/files\/2026\/01\/Materias-bilingues-por-3-300x169.png\" alt=\"\" width=\"746\" height=\"420\" srcset=\"https:\/\/blogsaverroes.juntadeandalucia.es\/vegabilinguismo\/files\/2026\/01\/Materias-bilingues-por-3-300x169.png 300w, https:\/\/blogsaverroes.juntadeandalucia.es\/vegabilinguismo\/files\/2026\/01\/Materias-bilingues-por-3-1024x576.png 1024w, https:\/\/blogsaverroes.juntadeandalucia.es\/vegabilinguismo\/files\/2026\/01\/Materias-bilingues-por-3-768x432.png 768w, https:\/\/blogsaverroes.juntadeandalucia.es\/vegabilinguismo\/files\/2026\/01\/Materias-bilingues-por-3-1536x864.png 1536w, https:\/\/blogsaverroes.juntadeandalucia.es\/vegabilinguismo\/files\/2026\/01\/Materias-bilingues-por-3-750x422.png 750w, https:\/\/blogsaverroes.juntadeandalucia.es\/vegabilinguismo\/files\/2026\/01\/Materias-bilingues-por-3.png 1920w\" sizes=\"(max-width: 746px) 100vw, 746px\" \/><\/p>\n<p>&nbsp;<\/p>\n<p><img loading=\"lazy\" decoding=\"async\" class=\"alignnone wp-image-3689 \" src=\"https:\/\/blogsaverroes.juntadeandalucia.es\/vegabilinguismo\/files\/2026\/01\/2-e1768497293847-300x209.png\" alt=\"\" width=\"748\" height=\"521\" srcset=\"https:\/\/blogsaverroes.juntadeandalucia.es\/vegabilinguismo\/files\/2026\/01\/2-e1768497293847-300x209.png 300w, https:\/\/blogsaverroes.juntadeandalucia.es\/vegabilinguismo\/files\/2026\/01\/2-e1768497293847-1024x714.png 1024w, https:\/\/blogsaverroes.juntadeandalucia.es\/vegabilinguismo\/files\/2026\/01\/2-e1768497293847-768x536.png 768w, https:\/\/blogsaverroes.juntadeandalucia.es\/vegabilinguismo\/files\/2026\/01\/2-e1768497293847-1536x1072.png 1536w, https:\/\/blogsaverroes.juntadeandalucia.es\/vegabilinguismo\/files\/2026\/01\/2-e1768497293847-750x523.png 750w, https:\/\/blogsaverroes.juntadeandalucia.es\/vegabilinguismo\/files\/2026\/01\/2-e1768497293847.png 1548w\" sizes=\"(max-width: 748px) 100vw, 748px\" \/><\/p>\n<p style=\"text-align: center\">&nbsp;<\/p>\n","protected":false},"excerpt":{"rendered":"<p>El objetivo de este programa es ense\u00f1ar contenidos e idioma de manera integrada, esto implica un ajuste en la metodolog\u00eda puesto que trabajamos en ingl\u00e9s parte de los contenidos de las asignaturas implicadas: Educaci\u00f3n F\u00edsica, M\u00fasica, F\u00edsica y Qu\u00edmica, Historia, Biolog\u00eda y Tecnolog\u00eda. &nbsp; Esta labor se lleva a cabo tanto trabajando las diferentes destrezas &hellip; <\/p>\n<p><a class=\"more-link btn\" href=\"https:\/\/blogsaverroes.juntadeandalucia.es\/vegabilinguismo\/\">Seguir leyendo<\/a><\/p>\n","protected":false},"author":10546,"featured_media":0,"parent":0,"menu_order":0,"comment_status":"closed","ping_status":"closed","template":"","meta":{"ngg_post_thumbnail":0,"footnotes":""},"aioseo_notices":[],"_links":{"self":[{"href":"https:\/\/blogsaverroes.juntadeandalucia.es\/vegabilinguismo\/wp-json\/wp\/v2\/pages\/106"}],"collection":[{"href":"https:\/\/blogsaverroes.juntadeandalucia.es\/vegabilinguismo\/wp-json\/wp\/v2\/pages"}],"about":[{"href":"https:\/\/blogsaverroes.juntadeandalucia.es\/vegabilinguismo\/wp-json\/wp\/v2\/types\/page"}],"author":[{"embeddable":true,"href":"https:\/\/blogsaverroes.juntadeandalucia.es\/vegabilinguismo\/wp-json\/wp\/v2\/users\/10546"}],"replies":[{"embeddable":true,"href":"https:\/\/blogsaverroes.juntadeandalucia.es\/vegabilinguismo\/wp-json\/wp\/v2\/comments?post=106"}],"version-history":[{"count":31,"href":"https:\/\/blogsaverroes.juntadeandalucia.es\/vegabilinguismo\/wp-json\/wp\/v2\/pages\/106\/revisions"}],"predecessor-version":[{"id":3690,"href":"https:\/\/blogsaverroes.juntadeandalucia.es\/vegabilinguismo\/wp-json\/wp\/v2\/pages\/106\/revisions\/3690"}],"wp:attachment":[{"href":"https:\/\/blogsaverroes.juntadeandalucia.es\/vegabilinguismo\/wp-json\/wp\/v2\/media?parent=106"}],"curies":[{"name":"wp","href":"https:\/\/api.w.org\/{rel}","templated":true}]}}