{"id":1469,"date":"2021-11-22T12:24:06","date_gmt":"2021-11-22T12:24:06","guid":{"rendered":"https:\/\/blogsaverroes.juntadeandalucia.es\/vegabilinguismo\/?page_id=1469"},"modified":"2025-03-13T08:13:31","modified_gmt":"2025-03-13T08:13:31","slug":"passsive-voice","status":"publish","type":"page","link":"https:\/\/blogsaverroes.juntadeandalucia.es\/vegabilinguismo\/passsive-voice\/","title":{"rendered":"Passive Voice \/ The Causative"},"content":{"rendered":"<p style=\"text-align: center\"><span style=\"color: #ff6600;font-size: 24pt\"><strong>Active\/Passive<\/strong><\/span><\/p>\n<p style=\"text-align: center\"><span style=\"color: #993300;font-size: 10pt\"><strong>Make sure you know how to make&nbsp; passive sentences in English by <a href=\"https:\/\/www.youtube.com\/watch?v=z7tY9qWJ538\" target=\"_blank\" rel=\"noopener noreferrer\">watching this video<\/a><\/strong><\/span><\/p>\n<p style=\"text-align: center\"><a href=\"https:\/\/www.youtube.com\/watch?v=z7tY9qWJ538\" target=\"_blank\" rel=\"noopener noreferrer\"><img loading=\"lazy\" decoding=\"async\" class=\"alignnone wp-image-1064 \" src=\"https:\/\/blogsaverroes.juntadeandalucia.es\/vegabilinguismo\/files\/2021\/05\/the-passive-voice-300x173.png\" alt=\"\" width=\"248\" height=\"143\" srcset=\"https:\/\/blogsaverroes.juntadeandalucia.es\/vegabilinguismo\/files\/2021\/05\/the-passive-voice-300x173.png 300w, https:\/\/blogsaverroes.juntadeandalucia.es\/vegabilinguismo\/files\/2021\/05\/the-passive-voice-768x442.png 768w, https:\/\/blogsaverroes.juntadeandalucia.es\/vegabilinguismo\/files\/2021\/05\/the-passive-voice.png 851w\" sizes=\"(max-width: 248px) 100vw, 248px\" \/><\/a><\/p>\n<p>&nbsp;<\/p>\n<p style=\"text-align: center\"><img loading=\"lazy\" decoding=\"async\" class=\"alignnone wp-image-1879\" src=\"https:\/\/blogsaverroes.juntadeandalucia.es\/vegabilinguismo\/files\/2022\/04\/liveworksheeets.png\" alt=\"\" width=\"97\" height=\"70\"><\/p>\n<p style=\"text-align: center\"><span style=\"font-size: 10pt\"><strong><span style=\"color: #993300\"><a href=\"https:\/\/es.liveworksheets.com\/worksheets\/en\/English_as_a_Second_Language_(ESL)\/Passive_voice\/Passive_Present_simple_cz1348744gd\" target=\"_blank\" rel=\"noopener noreferrer\">ELEMENTARY 1<\/a> &#8211; Present simple Passive<\/span><\/strong><\/span><\/p>\n<p style=\"text-align: center\"><span style=\"font-size: 10pt\"><strong><span style=\"color: #993300\"><a href=\"https:\/\/es.liveworksheets.com\/worksheets\/en\/English_as_a_Second_Language_(ESL)\/Passive_voice\/Passive_voice_in_the_past_vg1272303ah\" target=\"_blank\" rel=\"noopener noreferrer\">ELEMENTARY 2<\/a>&nbsp; &#8211; Past simple Passive<\/span><\/strong><\/span><\/p>\n<p style=\"text-align: center\"><span style=\"font-size: 10pt\"><strong><span style=\"color: #993300\"><a href=\"https:\/\/es.liveworksheets.com\/worksheets\/en\/English_as_a_Second_Language_(ESL)\/Passive_voice\/Present_simple_and_past_simple_passive_voice_xb73qd\" target=\"_blank\" rel=\"noopener noreferrer\">ELEMENTARY 3<\/a>&nbsp; &#8211; Present simple\/Past Simple Passive<\/span><\/strong><\/span><\/p>\n<p style=\"text-align: center\"><strong><span style=\"color: #993300\"><a href=\"https:\/\/es.liveworksheets.com\/worksheets\/en\/English_as_a_Second_Language_(ESL)\/Passive_voice\/The_passive_xq148986ao\" target=\"_blank\" rel=\"noopener noreferrer\"><span style=\"font-size: 10pt\">PRE-INTERMEDIATE 1<\/span><\/a><span style=\"font-size: 10pt\">&nbsp; &#8211; Present simple\/Past Simple Passive<\/span><\/span><\/strong><\/p>\n<p style=\"text-align: center\"><span style=\"font-size: 10pt\"><strong><span style=\"color: #993300\"><a href=\"https:\/\/es.liveworksheets.com\/worksheets\/en\/English_as_a_Second_Language_(ESL)\/Passive_voice\/Passive_voice_-_multiple_choice_yj153672nx\" target=\"_blank\" rel=\"noopener noreferrer\">PRE-INTERMEDIATE 2<\/a>&nbsp; &#8211; Choose the right option<\/span><\/strong><\/span><\/p>\n<p style=\"text-align: center\"><span style=\"font-size: 10pt\"><strong><span style=\"color: #993300\"><a href=\"https:\/\/es.liveworksheets.com\/worksheets\/en\/English_as_a_Second_Language_(ESL)\/Passive_voice\/Passive_fm1389789cr\" target=\"_blank\" rel=\"noopener noreferrer\">PRE-INTERMEDIATE 3<\/a>&nbsp; &#8211; Active or Passive?<\/span><\/strong><\/span><\/p>\n<p style=\"text-align: center\"><span style=\"font-size: 10pt\"><strong><span style=\"color: #993300\"><a href=\"https:\/\/es.liveworksheets.com\/worksheets\/en\/English_as_a_Second_Language_(ESL)\/Causative*_have_something_done\/Causative_Form_oi1397292zs\" target=\"_blank\" rel=\"noopener noreferrer\">INTERMEDIATE 1<\/a>&nbsp; &#8211; Causative 1 &#8211; Click on the correct form<\/span><\/strong><\/span><\/p>\n<p style=\"text-align: center\"><span style=\"font-size: 10pt\"><strong><span style=\"color: #993300\"><a href=\"https:\/\/es.liveworksheets.com\/az819675gd\" target=\"_blank\" rel=\"noopener noreferrer\">INTERMEDIATE 2<\/a> &#8211; Causative 2 &#8211; Complete the sentences<\/span><\/strong><\/span><\/p>\n<p style=\"text-align: center\"><span style=\"font-size: 10pt\"><strong><span style=\"color: #993300\"><a href=\"https:\/\/es.liveworksheets.com\/worksheets\/en\/English_as_a_Second_Language_(ESL)\/Causative*_have_something_done\/Causative_Have_or_Have_something_done_rm7148ui\" target=\"_blank\" rel=\"noopener noreferrer\">UPPER INTERMEDIATE 1<\/a>&nbsp; &#8211; Causative 1 &#8211; All tenses<\/span><\/strong><\/span><\/p>\n<p style=\"text-align: center\"><span style=\"font-size: 10pt\"><strong><span style=\"color: #993300\"><a href=\"https:\/\/es.liveworksheets.com\/worksheets\/en\/English_as_a_Second_Language_(ESL)\/Causative*_have_something_done\/Have_something_done_(choose)_vc1614030py\" target=\"_blank\" rel=\"noopener noreferrer\">UPPER INTERMEDIATE 2<\/a>&nbsp; &#8211; Causative 2 &#8211; All tenses<\/span><\/strong><\/span><\/p>\n<p style=\"text-align: center\"><span style=\"font-size: 10pt\"><strong><span style=\"color: #993300\"><a href=\"https:\/\/es.liveworksheets.com\/zc1040562mk\" target=\"_blank\" rel=\"noopener noreferrer\">UPPER INTERMEDIATE 3<\/a>&nbsp; &#8211; Causative 3 &#8211; Rewrite the sentences<\/span><\/strong><\/span><\/p>\n<p style=\"text-align: center\"><span style=\"font-size: 10pt\"><strong><span style=\"color: #993300\"><a href=\"https:\/\/es.liveworksheets.com\/fn2590757xe\" target=\"_blank\" rel=\"noopener noreferrer\">UPPER INTERMEDIATE 4<\/a>&nbsp; &#8211; Causative 4 &#8211; Read the situations and write a new sentence<\/span><\/strong><\/span><\/p>\n<p style=\"text-align: center\"><span style=\"font-size: 10pt\"><strong><span style=\"color: #993300\"><a href=\"https:\/\/es.liveworksheets.com\/ef1144515en\" target=\"_blank\" rel=\"noopener noreferrer\">UPPER-INTERMEDIATE 5<\/a> &#8211; Causative 5 &#8211; HAVE or GET something done<\/span><\/strong><\/span><\/p>\n<p style=\"text-align: center\"><span style=\"font-size: 10pt\"><strong><span style=\"color: #993300\"><a href=\"https:\/\/es.liveworksheets.com\/ig9316nf\" target=\"_blank\" rel=\"noopener noreferrer\">UPPER-INTERMEDIATE 6<\/a> &#8211; Causative 6 &#8211; HAVE or GET something done<\/span><\/strong><\/span><\/p>\n<p>&nbsp;<\/p>\n<p style=\"text-align: center\"><a href=\"https:\/\/www.youtube.com\/channel\/UCTRHegh7UqWuKRymXoqzbzA\" target=\"_blank\" rel=\"noopener noreferrer\"><span style=\"font-size: 10pt\"><img loading=\"lazy\" decoding=\"async\" class=\"wp-image-1339 aligncenter\" src=\"https:\/\/blogsaverroes.juntadeandalucia.es\/vegabilinguismo\/files\/2021\/10\/Easy-English-300x300.jpg\" alt=\"\" width=\"52\" height=\"52\" srcset=\"https:\/\/blogsaverroes.juntadeandalucia.es\/vegabilinguismo\/files\/2021\/10\/Easy-English-300x300.jpg 300w, https:\/\/blogsaverroes.juntadeandalucia.es\/vegabilinguismo\/files\/2021\/10\/Easy-English-150x150.jpg 150w, https:\/\/blogsaverroes.juntadeandalucia.es\/vegabilinguismo\/files\/2021\/10\/Easy-English-768x768.jpg 768w, https:\/\/blogsaverroes.juntadeandalucia.es\/vegabilinguismo\/files\/2021\/10\/Easy-English.jpg 900w\" sizes=\"(max-width: 52px) 100vw, 52px\" \/><\/span><\/a><\/p>\n<p style=\"text-align: center\"><span style=\"font-size: 10pt\"><strong><span style=\"color: #993300\"><span style=\"color: #ff0000\">Passive Voice<\/span> is used when the focus is on the action, not on the person who does it.&nbsp; <a href=\"https:\/\/www.youtube.com\/watch?v=7FBr-G0ur9I\" target=\"_blank\" rel=\"noopener noreferrer\">Watch and learn <\/a><\/span><\/strong><strong style=\"font-family: inherit\"><span style=\"color: #993300\">how to use it.<\/span><\/strong><\/span><\/p>\n<p>&nbsp;<\/p>\n<p><a href=\"https:\/\/es.educaplay.com\/\" target=\"_blank\" rel=\"noopener noreferrer\"><img loading=\"lazy\" decoding=\"async\" class=\"aligncenter\" src=\"https:\/\/d8285fmxt3duy.cloudfront.net\/public\/articulos\/img\/logo-educaplay-pastilla.jpg\" alt=\"Educaplay alcanza n\u00fameros hist\u00f3ricos! - Blog - ADR Formaci\u00f3n\" width=\"95\" height=\"33\"><\/a><\/p>\n<p style=\"text-align: center\"><span style=\"font-size: 10pt\"><strong><span style=\"color: #993300\"><a href=\"https:\/\/es.educaplay.com\/juego\/9786995-passive_voice.html\" target=\"_blank\" rel=\"noopener noreferrer\">ELEMENTARY 1&nbsp;<\/a> &#8211; Present Simple Passive. Match the active and passive sentences<\/span><\/strong><\/span><\/p>\n<p style=\"text-align: center\"><span style=\"font-size: 10pt\"><strong><span style=\"color: #993300\"><a href=\"https:\/\/es.educaplay.com\/recursos-educativos\/2352259-passive_past_simple.html\" target=\"_blank\" rel=\"noopener noreferrer\">ELEMENTARY 2<\/a> &#8211; Past Simple Passive. Choose the correct option<\/span><\/strong><\/span><\/p>\n<p style=\"text-align: center\"><span style=\"font-size: 10pt\"><strong><span style=\"color: #993300\"><a href=\"https:\/\/es.educaplay.com\/recursos-educativos\/5752025-passive_voice.html\" target=\"_blank\" rel=\"noopener noreferrer\">ELEMENTARY 3 <\/a>&#8211; Choose the correct passive sentences<\/span><\/strong><\/span><\/p>\n<p style=\"text-align: center\"><span style=\"font-size: 10pt\"><strong><span style=\"color: #993300\"><a href=\"https:\/\/es.educaplay.com\/recursos-educativos\/7779695-passive_voice.html\" target=\"_blank\" rel=\"noopener noreferrer\">PRE- INTERMEDIATE 1&nbsp;<\/a> &#8211; Click on the words to complete the sentences<\/span><\/strong><\/span><\/p>\n<p style=\"text-align: center\"><span style=\"font-size: 10pt\"><strong><span style=\"color: #993300\"><a href=\"https:\/\/es.educaplay.com\/recursos-educativos\/8395202-the_passive.html\" target=\"_blank\" rel=\"noopener noreferrer\">PRE- INTERMEDIATE 2<\/a>&nbsp; &#8211; How much do you know about the passive voice?<\/span><\/strong><\/span><\/p>\n<p style=\"text-align: center\"><span style=\"font-size: 10pt\"><strong><span style=\"color: #993300\"><a href=\"https:\/\/es.educaplay.com\/recursos-educativos\/9429589-active_passive_voice.html\" target=\"_blank\" rel=\"noopener noreferrer\">PRE- INTERMEDIATE 3&nbsp;<\/a> &#8211; Active or Passive?<\/span><\/strong><\/span><\/p>\n<p style=\"text-align: center\"><span style=\"font-size: 10pt\"><strong><span style=\"color: #993300\"><a href=\"https:\/\/es.educaplay.com\/recursos-educativos\/5271579-passive_1.html\" target=\"_blank\" rel=\"noopener noreferrer\">INTERMEDIATE 1<\/a> &nbsp; &#8211; Passive. Choose the correct option<\/span><\/strong><\/span><\/p>\n<p style=\"text-align: center\"><span style=\"font-size: 10pt\"><strong><span style=\"color: #993300\"><a href=\"https:\/\/es.educaplay.com\/recursos-educativos\/5753154-active_and_passive_voice.html\" target=\"_blank\" rel=\"noopener noreferrer\">INTERMEDIATE 2<\/a>&nbsp; &#8211; Active or Passive? Choose the correct option<\/span><\/strong><\/span><\/p>\n<p style=\"text-align: center\"><span style=\"font-size: 10pt\"><strong><span style=\"color: #993300\"><a href=\"https:\/\/es.educaplay.com\/recursos-educativos\/5272477-passive_2.html\" target=\"_blank\" rel=\"noopener noreferrer\">INTERMEDIATE 3<\/a>&nbsp; &#8211; Rewrite the 5 sentences in the passive voice.<\/span><\/strong><\/span><\/p>\n<p style=\"text-align: center\"><span style=\"font-size: 10pt\"><strong><span style=\"color: #993300\"><a href=\"https:\/\/es.educaplay.com\/recursos-educativos\/10935627-passive_voice.html\" target=\"_blank\" rel=\"noopener noreferrer\">INTERMEDIATE 4&nbsp;<\/a> &#8211; Rewrite the sentences in the passive voice.<\/span><\/strong><\/span><\/p>\n<p style=\"text-align: center\"><span style=\"font-size: 10pt\"><strong><span style=\"color: #993300\"><a href=\"https:\/\/es.educaplay.com\/recursos-educativos\/5272963-double_passive.html\" target=\"_blank\" rel=\"noopener noreferrer\">INTERMEDIATE 5&nbsp;<\/a> &#8211; Rewrite the sentences in the passive voice: use the indirect object as subject<\/span><\/strong><\/span><\/p>\n<p style=\"text-align: center\"><span style=\"font-size: 10pt\"><strong><span style=\"color: #993300\"><a href=\"https:\/\/es.educaplay.com\/recursos-educativos\/2632084-passive_voice_b2.html\" target=\"_blank\" rel=\"noopener noreferrer\">UPPER INTERMEDIATE 1<\/a>&nbsp; &#8211; Passive &amp; Causative. Choose the correct option<\/span><\/strong><\/span><\/p>\n<p>&nbsp;<\/p>\n<p style=\"text-align: center\"><a href=\"https:\/\/learnenglishteens.britishcouncil.org\/\" target=\"_blank\" rel=\"noopener noreferrer\"><img loading=\"lazy\" decoding=\"async\" class=\"alignnone wp-image-1641\" src=\"https:\/\/blogsaverroes.juntadeandalucia.es\/vegabilinguismo\/files\/2021\/12\/BRITISH-COUNCIL-LEARNENGLISH-TEENS-300x38.png\" alt=\"\" width=\"213\" height=\"27\" srcset=\"https:\/\/blogsaverroes.juntadeandalucia.es\/vegabilinguismo\/files\/2021\/12\/BRITISH-COUNCIL-LEARNENGLISH-TEENS-300x38.png 300w, https:\/\/blogsaverroes.juntadeandalucia.es\/vegabilinguismo\/files\/2021\/12\/BRITISH-COUNCIL-LEARNENGLISH-TEENS.png 437w\" sizes=\"(max-width: 213px) 100vw, 213px\" \/><\/a><\/p>\n<p style=\"text-align: center\"><span style=\"color: #808000;font-size: 10pt\"><strong><span style=\"color: #993300\"><a href=\"https:\/\/learnenglishteens.britishcouncil.org\/grammar\/intermediate-grammar\/passive-forms\" target=\"_blank\" rel=\"noopener noreferrer\">UPPER-INTERMEDIATE 1<\/a> &#8211; Watch the video and work on the 3 activities: true\/false, reordering and gap-filling.<\/span><\/strong><\/span><\/p>\n<p>&nbsp;<\/p>\n<h3 style=\"text-align: center\"><strong><span style=\"font-size: 18pt\"><span style=\"color: #ff6600;font-size: 14pt\">English Grammar&nbsp;<\/span><small><span style=\"color: #ff6600\"><span style=\"font-size: 12pt\"><span style=\"font-size: 14pt\">Online Exercises<\/span>.<\/span>&nbsp;<\/span><\/small><\/span><\/strong><\/h3>\n<h3 style=\"text-align: center\"><strong style=\"font-size: 10pt\"><span style=\"color: #993300\">Click <span style=\"font-size: 12pt\"><a href=\"https:\/\/www.english-grammar.at\/online_exercises\/passive-voice\/passive-voice-index.htm\" target=\"_blank\" rel=\"noopener noreferrer\">here<\/a><\/span> to access the intearactive exercises to practise the passive voice. <span style=\"font-size: 8pt;color: #ff0000\"><strong>Levels of Difficulty<\/strong>&nbsp;:&nbsp;<span class=\"label label-primary\">Elementary \/<\/span>&nbsp;<span class=\"label label-success\">Intermediate \/<\/span>&nbsp;<span class=\"label label-danger\">Advanced<\/span><\/span><\/span><\/strong><\/h3>\n<p>&nbsp;<\/p>\n<p style=\"text-align: center\">&nbsp;<a href=\"https:\/\/www.eltbase.com\/\" target=\"_blank\" rel=\"noopener noreferrer\"><img decoding=\"async\" src=\"https:\/\/www.eltbase.com\/graphics\/NLogo2017-3.png\" alt=\"ELTbase.com logo\"><\/a> &nbsp;<\/p>\n<p style=\"text-align: center\"><span style=\"font-size: 10pt\"><strong><span style=\"color: #993300\"><a href=\"https:\/\/www.eltbase.com\/quiz\/018_01.htm\" target=\"_blank\" rel=\"noopener noreferrer\">PRE- INTERMEDIATE<\/a> &nbsp;&#8211; Passive voice quiz: Active or passive voice? Choose the correct answer.<\/span><\/strong><\/span><\/p>\n<p>&nbsp;<\/p>\n<p style=\"text-align: center\"><a href=\"https:\/\/test-english.com\/\" target=\"_blank\" rel=\"noopener noreferrer\"><img loading=\"lazy\" decoding=\"async\" class=\"\" src=\"https:\/\/www.test-english.com\/img\/logo-test-english.svg\" alt=\"Test English logo\" width=\"193\" height=\"32\"><\/a> &nbsp;<\/p>\n<p style=\"text-align: center\"><span style=\"font-size: 10pt\"><strong><span style=\"color: #993300\"><a href=\"https:\/\/test-english.com\/grammar-points\/b1\/active-passive-voice\/\" target=\"_blank\" rel=\"noopener noreferrer\">PRE- INTERMEDIATE 1<\/a> &nbsp;&#8211; Choose the correct form, active or passive, to complete the sentences below.<\/span><\/strong><\/span><\/p>\n<p style=\"text-align: center\"><span style=\"font-size: 10pt\"><strong><span style=\"color: #993300\"><a href=\"https:\/\/test-english.com\/grammar-points\/b1\/active-passive-voice\/2\/\" target=\"_blank\" rel=\"noopener noreferrer\">INTERMEDIATE 1&nbsp;<\/a> &#8211; Choose the correct form, active or passive, for each gap below.<\/span><\/strong><\/span><\/p>\n<p style=\"text-align: center\"><span style=\"font-size: 10pt\"><strong><span style=\"color: #993300\"><a href=\"Fill in the gaps with the verbs in brackets in the correct tense (in active or passive voice)\" target=\"_blank\" rel=\"noopener noreferrer\">INTERMEDIATE 2<\/a> -Fill in the gaps with&nbsp;the&nbsp;verbs in brackets in the correct tense (in active or passive voice)<\/span><\/strong><\/span><\/p>\n<p style=\"text-align: center\"><span style=\"font-size: 10pt\"><strong><span style=\"color: #993300\"><a href=\"https:\/\/test-english.com\/grammar-points\/b1\/active-passive-voice\/4\/\" target=\"_blank\" rel=\"noopener noreferrer\">INTERMEDIATE 3<\/a>&nbsp;-Fill in the gaps with&nbsp;the&nbsp;verbs in brackets in the correct tense (in active or passive voice)<\/span><\/strong><\/span><\/p>\n<p>&nbsp;<\/p>\n<p style=\"text-align: center\"><a href=\"https:\/\/www.ldoceonline.com\/\" target=\"_blank\" rel=\"noopener\"><img loading=\"lazy\" decoding=\"async\" class=\"alignnone wp-image-3446\" src=\"https:\/\/blogsaverroes.juntadeandalucia.es\/vegabilinguismo\/files\/2025\/03\/logo-bilinguismo-transparentimage-300x300.png\" alt=\"\" width=\"99\" height=\"99\" srcset=\"https:\/\/blogsaverroes.juntadeandalucia.es\/vegabilinguismo\/files\/2025\/03\/logo-bilinguismo-transparentimage-300x300.png 300w, https:\/\/blogsaverroes.juntadeandalucia.es\/vegabilinguismo\/files\/2025\/03\/logo-bilinguismo-transparentimage-150x150.png 150w, https:\/\/blogsaverroes.juntadeandalucia.es\/vegabilinguismo\/files\/2025\/03\/logo-bilinguismo-transparentimage.png 512w\" sizes=\"(max-width: 99px) 100vw, 99px\" \/><\/a><\/p>\n<p style=\"text-align: center\"><span style=\"color: #ff0000;font-size: 12pt\"><strong>Intermediate grammar <\/strong><\/span><\/p>\n<p style=\"text-align: center\"><span style=\"color: #993300;font-size: 10pt\"><strong>Each topic includes a series of practice tasks and tests. First try the diagnostic tests to identify what you already know. Then do the practice tasks and finally take an exit test to check your understanding.<\/strong><\/span><\/p>\n<table style=\"border-collapse: collapse;width: 100%;height: 48px\">\n<tbody>\n<tr style=\"height: 24px\">\n<td style=\"width: 25%;height: 24px\"><span style=\"color: #993300;font-size: 10pt\"><strong><a href=\"https:\/\/www.ldoceonline.com\/exercise\/intermediate-grammar-passive-forms-diagnostic-test-part-1\" target=\"_blank\" rel=\"noopener\">Diagnostic test<\/a> &#8211; 4 parts<\/strong><\/span><\/td>\n<td style=\"width: 25%;height: 24px\"><span style=\"color: #993300;font-size: 10pt\"><strong><a href=\"https:\/\/www.ldoceonline.com\/exercise\/intermediate-grammar-the-passive-practice-1\" target=\"_blank\" rel=\"noopener\">The Passive<\/a> &#8211; 2 parts<\/strong><\/span><\/td>\n<td style=\"width: 25%;height: 24px\"><strong><span style=\"font-size: 10pt\"><a href=\"https:\/\/www.ldoceonline.com\/exercise\/intermediate-grammar-passives-with-modals-and-other-verbs-practice-1\" target=\"_blank\" rel=\"noopener\">Passive with modal<\/a> &#8211; <span style=\"color: #993300\">2 parts<\/span><\/span><\/strong><\/td>\n<td style=\"width: 25%;height: 24px\"><span style=\"color: #993300;font-size: 10pt\"><strong><a href=\"https:\/\/www.ldoceonline.com\/exercise\/intermediate-grammar-have-something-done-practice-1\" target=\"_blank\" rel=\"noopener\">Have something done<\/a> &#8211;&nbsp; 2 parts<\/strong><\/span><\/td>\n<\/tr>\n<tr style=\"height: 24px\">\n<td style=\"width: 25%;height: 24px\"><span style=\"color: #993300;font-size: 10pt\"><strong><a href=\"https:\/\/www.ldoceonline.com\/exercise\/intermediate-grammar-passive-reporting-verbs-practice-1\" target=\"_blank\" rel=\"noopener\">Passive Reporting Verbs<\/a> &#8211; 2 parts<\/strong><\/span><\/td>\n<td style=\"width: 25%;height: 24px\"><span style=\"color: #993300;font-size: 10pt\"><strong><a href=\"https:\/\/www.ldoceonline.com\/exercise\/intermediate-grammar-passive-forms-progress-test-part-1\" target=\"_blank\" rel=\"noopener\">Progress Test<\/a> &#8211; 3 parts<\/strong><\/span><\/td>\n<td style=\"width: 25%;height: 24px\"><span style=\"color: #993300;font-size: 10pt\"><strong><a href=\"https:\/\/www.ldoceonline.com\/exercise\/intermediate-grammar-passive-forms-catch-up-exercise-1\" target=\"_blank\" rel=\"noopener\">Catch-up<\/a> &#8211; 3 parts<br \/>\n<\/strong><\/span><\/td>\n<td style=\"width: 25%;height: 24px\"><span style=\"color: #993300;font-size: 10pt\"><strong><a href=\"https:\/\/www.ldoceonline.com\/exercise\/intermediate-grammar-passive-forms-exit-test-part-1\" target=\"_blank\" rel=\"noopener\">Exit Test<\/a> &#8211; 4 parts<\/strong><\/span><\/td>\n<\/tr>\n<\/tbody>\n<\/table>\n<p>&nbsp;<\/p>\n","protected":false},"excerpt":{"rendered":"<p>Active\/Passive Make sure you know how to make&nbsp; passive sentences in English by watching this video &nbsp; ELEMENTARY 1 &#8211; Present simple Passive ELEMENTARY 2&nbsp; &#8211; Past simple Passive ELEMENTARY 3&nbsp; &#8211; Present simple\/Past Simple Passive PRE-INTERMEDIATE 1&nbsp; &#8211; Present simple\/Past Simple Passive PRE-INTERMEDIATE 2&nbsp; &#8211; Choose the right option PRE-INTERMEDIATE 3&nbsp; &#8211; Active or &hellip; <\/p>\n<p><a class=\"more-link btn\" href=\"https:\/\/blogsaverroes.juntadeandalucia.es\/vegabilinguismo\/passsive-voice\/\">Seguir leyendo<\/a><\/p>\n","protected":false},"author":10546,"featured_media":0,"parent":0,"menu_order":0,"comment_status":"closed","ping_status":"closed","template":"","meta":{"ngg_post_thumbnail":0,"footnotes":""},"aioseo_notices":[],"_links":{"self":[{"href":"https:\/\/blogsaverroes.juntadeandalucia.es\/vegabilinguismo\/wp-json\/wp\/v2\/pages\/1469"}],"collection":[{"href":"https:\/\/blogsaverroes.juntadeandalucia.es\/vegabilinguismo\/wp-json\/wp\/v2\/pages"}],"about":[{"href":"https:\/\/blogsaverroes.juntadeandalucia.es\/vegabilinguismo\/wp-json\/wp\/v2\/types\/page"}],"author":[{"embeddable":true,"href":"https:\/\/blogsaverroes.juntadeandalucia.es\/vegabilinguismo\/wp-json\/wp\/v2\/users\/10546"}],"replies":[{"embeddable":true,"href":"https:\/\/blogsaverroes.juntadeandalucia.es\/vegabilinguismo\/wp-json\/wp\/v2\/comments?post=1469"}],"version-history":[{"count":24,"href":"https:\/\/blogsaverroes.juntadeandalucia.es\/vegabilinguismo\/wp-json\/wp\/v2\/pages\/1469\/revisions"}],"predecessor-version":[{"id":3445,"href":"https:\/\/blogsaverroes.juntadeandalucia.es\/vegabilinguismo\/wp-json\/wp\/v2\/pages\/1469\/revisions\/3445"}],"wp:attachment":[{"href":"https:\/\/blogsaverroes.juntadeandalucia.es\/vegabilinguismo\/wp-json\/wp\/v2\/media?parent=1469"}],"curies":[{"name":"wp","href":"https:\/\/api.w.org\/{rel}","templated":true}]}}