{"id":172,"date":"2020-12-20T12:37:25","date_gmt":"2020-12-20T12:37:25","guid":{"rendered":"https:\/\/blogsaverroes.juntadeandalucia.es\/vegabilinguismo\/?page_id=172"},"modified":"2021-01-08T14:16:06","modified_gmt":"2021-01-08T14:16:06","slug":"timeline","status":"publish","type":"page","link":"https:\/\/blogsaverroes.juntadeandalucia.es\/vegabilinguismo\/unidades-clil\/timeline\/","title":{"rendered":"Washington Irving &amp; The Alhambra"},"content":{"rendered":"<p><img loading=\"lazy\" decoding=\"async\" class=\" wp-image-477 aligncenter\" src=\"https:\/\/blogsaverroes.juntadeandalucia.es\/vegabilinguismo\/files\/2020\/12\/W-Irving-and-the-Alhambra-300x192.jpg\" alt=\"\" width=\"465\" height=\"298\" srcset=\"https:\/\/blogsaverroes.juntadeandalucia.es\/vegabilinguismo\/files\/2020\/12\/W-Irving-and-the-Alhambra-300x192.jpg 300w, https:\/\/blogsaverroes.juntadeandalucia.es\/vegabilinguismo\/files\/2020\/12\/W-Irving-and-the-Alhambra-1024x655.jpg 1024w, https:\/\/blogsaverroes.juntadeandalucia.es\/vegabilinguismo\/files\/2020\/12\/W-Irving-and-the-Alhambra-768x491.jpg 768w, https:\/\/blogsaverroes.juntadeandalucia.es\/vegabilinguismo\/files\/2020\/12\/W-Irving-and-the-Alhambra-24x15.jpg 24w, https:\/\/blogsaverroes.juntadeandalucia.es\/vegabilinguismo\/files\/2020\/12\/W-Irving-and-the-Alhambra-36x23.jpg 36w, https:\/\/blogsaverroes.juntadeandalucia.es\/vegabilinguismo\/files\/2020\/12\/W-Irving-and-the-Alhambra-48x31.jpg 48w, https:\/\/blogsaverroes.juntadeandalucia.es\/vegabilinguismo\/files\/2020\/12\/W-Irving-and-the-Alhambra.jpg 1204w\" sizes=\"(max-width: 465px) 100vw, 465px\" \/><\/p>\n<p style=\"text-align: center\">&nbsp;<span style=\"color: #008000\"><strong><span style=\"font-size: 10pt\">CLIL Unit&nbsp; 2016\/17<\/span><\/strong><\/span><\/p>\n<p style=\"text-align: center\"><span style=\"font-size: 18pt\"><strong><span style=\"color: #008000\">ENGLISH<\/span><\/strong><\/span><\/p>\n<table style=\"border-collapse: collapse;width: 100%;height: 21px\">\n<tbody>\n<tr style=\"height: 21px\">\n<td style=\"width: 50%;height: 21px\">&nbsp; &nbsp; &nbsp; &nbsp; &nbsp; &nbsp; &nbsp; &nbsp; &nbsp; &nbsp; &nbsp; &nbsp; &nbsp; &nbsp; &nbsp; &nbsp; &nbsp; &nbsp; &nbsp;&nbsp;<span style=\"color: #008000\"><strong> &nbsp;<\/strong><\/span><\/p>\n<p style=\"text-align: center\"><a href=\"https:\/\/blogsaverroes.juntadeandalucia.es\/vegabilinguismo\/files\/2021\/01\/Washington-Irving.pdf\" target=\"_blank\" rel=\"noopener noreferrer\"><span style=\"color: #008000\"><strong><span style=\"color: #008000\">Let&#8217;s meet Washington Irving<\/span><\/strong><\/span><\/a><\/p>\n<p>&nbsp;<\/p>\n<p><a href=\"https:\/\/youtu.be\/rtHmtD2VzsA\" target=\"_blank\" rel=\"noopener noreferrer\"><img loading=\"lazy\" decoding=\"async\" class=\"aligncenter wp-image-638\" src=\"https:\/\/blogsaverroes.juntadeandalucia.es\/vegabilinguismo\/files\/2021\/01\/Irving-Presentation-ENGLISH-300x224.png\" alt=\"\" width=\"428\" height=\"319\" srcset=\"https:\/\/blogsaverroes.juntadeandalucia.es\/vegabilinguismo\/files\/2021\/01\/Irving-Presentation-ENGLISH-300x224.png 300w, https:\/\/blogsaverroes.juntadeandalucia.es\/vegabilinguismo\/files\/2021\/01\/Irving-Presentation-ENGLISH-24x18.png 24w, https:\/\/blogsaverroes.juntadeandalucia.es\/vegabilinguismo\/files\/2021\/01\/Irving-Presentation-ENGLISH-36x27.png 36w, https:\/\/blogsaverroes.juntadeandalucia.es\/vegabilinguismo\/files\/2021\/01\/Irving-Presentation-ENGLISH-48x36.png 48w, https:\/\/blogsaverroes.juntadeandalucia.es\/vegabilinguismo\/files\/2021\/01\/Irving-Presentation-ENGLISH.png 696w\" sizes=\"(max-width: 428px) 100vw, 428px\" \/><\/a>&nbsp; &nbsp;&nbsp;<\/td>\n<td style=\"width: 50%;height: 21px\">\n<p style=\"text-align: center\">&nbsp; &nbsp; &nbsp; &nbsp; &nbsp; &nbsp; &nbsp; &nbsp; &nbsp; <span style=\"color: #008000\"><strong>Lecture for 4th and 5th Formers by Jos\u00e9 Mar\u00eda P\u00e9rez Fern\u00e1ndez, University Professor in English Literature and Cultural Translation&nbsp;<\/strong><\/span><\/p>\n<p style=\"text-align: center\">&nbsp; &nbsp; &nbsp; &nbsp; &nbsp; &nbsp; &nbsp; &nbsp; &nbsp; &nbsp; &nbsp; &nbsp; &nbsp; &nbsp; &nbsp; &nbsp; &nbsp; &nbsp; &nbsp; &nbsp;<img loading=\"lazy\" decoding=\"async\" class=\"wp-image-639 aligncenter\" src=\"https:\/\/blogsaverroes.juntadeandalucia.es\/vegabilinguismo\/files\/2021\/01\/conference-by-Jose-Mar\u00eda-P\u00e9rez-ENGLISH-300x225.png\" alt=\"\" width=\"380\" height=\"285\" srcset=\"https:\/\/blogsaverroes.juntadeandalucia.es\/vegabilinguismo\/files\/2021\/01\/conference-by-Jose-Mar\u00eda-P\u00e9rez-ENGLISH-300x225.png 300w, https:\/\/blogsaverroes.juntadeandalucia.es\/vegabilinguismo\/files\/2021\/01\/conference-by-Jose-Mar\u00eda-P\u00e9rez-ENGLISH-768x576.png 768w, https:\/\/blogsaverroes.juntadeandalucia.es\/vegabilinguismo\/files\/2021\/01\/conference-by-Jose-Mar\u00eda-P\u00e9rez-ENGLISH-24x18.png 24w, https:\/\/blogsaverroes.juntadeandalucia.es\/vegabilinguismo\/files\/2021\/01\/conference-by-Jose-Mar\u00eda-P\u00e9rez-ENGLISH-36x27.png 36w, https:\/\/blogsaverroes.juntadeandalucia.es\/vegabilinguismo\/files\/2021\/01\/conference-by-Jose-Mar\u00eda-P\u00e9rez-ENGLISH-48x36.png 48w, https:\/\/blogsaverroes.juntadeandalucia.es\/vegabilinguismo\/files\/2021\/01\/conference-by-Jose-Mar\u00eda-P\u00e9rez-ENGLISH.png 800w\" sizes=\"(max-width: 380px) 100vw, 380px\" \/><span style=\"font-family: inherit;font-size: inherit\">&nbsp; &nbsp; &nbsp; &nbsp; &nbsp; &nbsp; &nbsp; &nbsp; &nbsp; &nbsp; &nbsp; &nbsp; &nbsp; &nbsp; &nbsp; &nbsp; &nbsp;&nbsp;<\/span><\/p>\n<\/td>\n<\/tr>\n<\/tbody>\n<\/table>\n<p style=\"text-align: center\"><span style=\"font-size: 18pt\"><strong><span style=\"color: #008000\">MUSIC<\/span><\/strong><\/span><\/p>\n<table style=\"border-collapse: collapse;width: 100%\">\n<tbody>\n<tr>\n<td style=\"width: 100%\">\n<p style=\"text-align: center\">&nbsp;<span style=\"color: #008000\"><strong>Concert for 1st Formers<\/strong><\/span><\/p>\n<p><img loading=\"lazy\" decoding=\"async\" class=\"wp-image-640 aligncenter\" src=\"https:\/\/blogsaverroes.juntadeandalucia.es\/vegabilinguismo\/files\/2021\/01\/MUSIC-300x115.png\" alt=\"\" width=\"623\" height=\"238\" srcset=\"https:\/\/blogsaverroes.juntadeandalucia.es\/vegabilinguismo\/files\/2021\/01\/MUSIC-300x115.png 300w, https:\/\/blogsaverroes.juntadeandalucia.es\/vegabilinguismo\/files\/2021\/01\/MUSIC-1024x393.png 1024w, https:\/\/blogsaverroes.juntadeandalucia.es\/vegabilinguismo\/files\/2021\/01\/MUSIC-768x295.png 768w, https:\/\/blogsaverroes.juntadeandalucia.es\/vegabilinguismo\/files\/2021\/01\/MUSIC-24x9.png 24w, https:\/\/blogsaverroes.juntadeandalucia.es\/vegabilinguismo\/files\/2021\/01\/MUSIC-36x14.png 36w, https:\/\/blogsaverroes.juntadeandalucia.es\/vegabilinguismo\/files\/2021\/01\/MUSIC-48x18.png 48w, https:\/\/blogsaverroes.juntadeandalucia.es\/vegabilinguismo\/files\/2021\/01\/MUSIC.png 1156w\" sizes=\"(max-width: 623px) 100vw, 623px\" \/><\/td>\n<\/tr>\n<\/tbody>\n<\/table>\n<p style=\"text-align: center\"><span style=\"font-size: 18pt;color: #008000\"><strong>SCIENCE<\/strong><\/span><\/p>\n<table style=\"border-collapse: collapse;width: 100%\">\n<tbody>\n<tr>\n<td style=\"width: 33.3333%\">\n<p style=\"text-align: center\"><a title=\"EARTHQUAKE PRESENTATION\" href=\"https:\/\/blogsaverroes.juntadeandalucia.es\/vegabilinguismo\/files\/2021\/01\/Earthquakes-Presentation-with-acknowledgements.pdf\" target=\"_blank\" rel=\"noopener noreferrer\"><span style=\"color: #008000\"><strong>Earthquake: basic concepts<\/strong><\/span><\/a><\/p>\n<p style=\"text-align: center\"><span style=\"color: #008000\"><strong>3rd Formers<\/strong><\/span><\/p>\n<p><a href=\"https:\/\/youtu.be\/Ivj1wyzSuhQ\" target=\"_blank\" rel=\"noopener noreferrer\"><img loading=\"lazy\" decoding=\"async\" class=\"aligncenter wp-image-642\" src=\"https:\/\/blogsaverroes.juntadeandalucia.es\/vegabilinguismo\/files\/2021\/01\/Earthquakes-Presentation-SCIENCE-300x223.png\" alt=\"\" width=\"377\" height=\"281\" srcset=\"https:\/\/blogsaverroes.juntadeandalucia.es\/vegabilinguismo\/files\/2021\/01\/Earthquakes-Presentation-SCIENCE-300x223.png 300w, https:\/\/blogsaverroes.juntadeandalucia.es\/vegabilinguismo\/files\/2021\/01\/Earthquakes-Presentation-SCIENCE-24x18.png 24w, https:\/\/blogsaverroes.juntadeandalucia.es\/vegabilinguismo\/files\/2021\/01\/Earthquakes-Presentation-SCIENCE-36x27.png 36w, https:\/\/blogsaverroes.juntadeandalucia.es\/vegabilinguismo\/files\/2021\/01\/Earthquakes-Presentation-SCIENCE-48x36.png 48w, https:\/\/blogsaverroes.juntadeandalucia.es\/vegabilinguismo\/files\/2021\/01\/Earthquakes-Presentation-SCIENCE.png 710w\" sizes=\"(max-width: 377px) 100vw, 377px\" \/><\/a><\/td>\n<td style=\"width: 33.3333%\">\n<p style=\"text-align: center\"><span style=\"color: #008000\"><strong>Earthquake Matching Cards<\/strong><\/span><\/p>\n<p style=\"text-align: center\"><span style=\"color: #008000\"><strong>3rd Formers<\/strong><\/span><\/p>\n<p><a href=\"https:\/\/blogsaverroes.juntadeandalucia.es\/vegabilinguismo\/files\/2021\/01\/Earthquake-Matching-Cards.pdf\" target=\"_blank\" rel=\"noopener noreferrer\"><img loading=\"lazy\" decoding=\"async\" class=\"alignnone wp-image-644 size-medium\" src=\"https:\/\/blogsaverroes.juntadeandalucia.es\/vegabilinguismo\/files\/2021\/01\/earthquake-cards-SCIENCE-300x285.png\" alt=\"Play this matching-cards game to see how much you learnt about earthquakes\" width=\"300\" height=\"285\" srcset=\"https:\/\/blogsaverroes.juntadeandalucia.es\/vegabilinguismo\/files\/2021\/01\/earthquake-cards-SCIENCE-300x285.png 300w, https:\/\/blogsaverroes.juntadeandalucia.es\/vegabilinguismo\/files\/2021\/01\/earthquake-cards-SCIENCE-768x730.png 768w, https:\/\/blogsaverroes.juntadeandalucia.es\/vegabilinguismo\/files\/2021\/01\/earthquake-cards-SCIENCE-24x24.png 24w, https:\/\/blogsaverroes.juntadeandalucia.es\/vegabilinguismo\/files\/2021\/01\/earthquake-cards-SCIENCE-36x34.png 36w, https:\/\/blogsaverroes.juntadeandalucia.es\/vegabilinguismo\/files\/2021\/01\/earthquake-cards-SCIENCE-48x46.png 48w, https:\/\/blogsaverroes.juntadeandalucia.es\/vegabilinguismo\/files\/2021\/01\/earthquake-cards-SCIENCE.png 983w\" sizes=\"(max-width: 300px) 100vw, 300px\" \/><\/a><\/p>\n<p>&nbsp;<\/td>\n<td style=\"width: 33.3333%\">\n<p style=\"text-align: center\"><span style=\"color: #008000\"><strong>Geological Hazards<\/strong><\/span><\/p>\n<p style=\"text-align: center\"><a href=\"https:\/\/blogsaverroes.juntadeandalucia.es\/vegabilinguismo\/files\/2021\/01\/Geological-Hazards-Glossary.pdf\" target=\"_blank\" rel=\"noopener noreferrer\"><span style=\"color: #008000\">Glossary<\/span><\/a><\/p>\n<p><a href=\"https:\/\/blogsaverroes.juntadeandalucia.es\/vegabilinguismo\/files\/2021\/01\/ALHAMBRA_AND_GEOLOGICAL_HAZARDS.pdf\" target=\"_blank\" rel=\"noopener noreferrer\"><img loading=\"lazy\" decoding=\"async\" class=\"aligncenter wp-image-643 \" src=\"https:\/\/blogsaverroes.juntadeandalucia.es\/vegabilinguismo\/files\/2021\/01\/How-Geological-Hazards-Affect-The-Alhambra-SCIENCE-232x300.png\" alt=\"\" width=\"196\" height=\"253\" srcset=\"https:\/\/blogsaverroes.juntadeandalucia.es\/vegabilinguismo\/files\/2021\/01\/How-Geological-Hazards-Affect-The-Alhambra-SCIENCE-232x300.png 232w, https:\/\/blogsaverroes.juntadeandalucia.es\/vegabilinguismo\/files\/2021\/01\/How-Geological-Hazards-Affect-The-Alhambra-SCIENCE-19x24.png 19w, https:\/\/blogsaverroes.juntadeandalucia.es\/vegabilinguismo\/files\/2021\/01\/How-Geological-Hazards-Affect-The-Alhambra-SCIENCE-28x36.png 28w, https:\/\/blogsaverroes.juntadeandalucia.es\/vegabilinguismo\/files\/2021\/01\/How-Geological-Hazards-Affect-The-Alhambra-SCIENCE-37x48.png 37w, https:\/\/blogsaverroes.juntadeandalucia.es\/vegabilinguismo\/files\/2021\/01\/How-Geological-Hazards-Affect-The-Alhambra-SCIENCE.png 586w\" sizes=\"(max-width: 196px) 100vw, 196px\" \/><\/a><\/p>\n<p style=\"text-align: center\"><a href=\"https:\/\/blogsaverroes.juntadeandalucia.es\/vegabilinguismo\/files\/2021\/01\/Questionnaire_GEOLOGICAL_HAZARDS.pdf\" target=\"_blank\" rel=\"noopener noreferrer\"><span style=\"color: #008000\">Worksheet<\/span><\/a><\/p>\n<\/td>\n<\/tr>\n<\/tbody>\n<\/table>\n<p style=\"text-align: center\"><span style=\"color: #008000;font-size: 18pt\"><strong>PHYSICAL EDUCATION<\/strong><\/span><\/p>\n<table style=\"border-collapse: collapse;width: 100%\">\n<tbody>\n<tr>\n<td style=\"width: 50%\">\n<p style=\"text-align: center\"><a href=\"https:\/\/blogsaverroes.juntadeandalucia.es\/vegabilinguismo\/files\/2021\/01\/Orienteering_PHYSICAL_EDUCACION.pdf\" target=\"_blank\" rel=\"noopener noreferrer\"><span style=\"color: #008000\"><strong>Foot&nbsp;<em>orienteering: <\/em>an endurance sport<\/strong><\/span><\/a><\/p>\n<p style=\"text-align: center\"><strong><span style=\"color: #008000\">4th Formers<\/span><\/strong><\/p>\n<p><a href=\"https:\/\/youtu.be\/FFtqDOppmjo\" target=\"_blank\" rel=\"noopener noreferrer\"><img loading=\"lazy\" decoding=\"async\" class=\"aligncenter wp-image-645\" src=\"https:\/\/blogsaverroes.juntadeandalucia.es\/vegabilinguismo\/files\/2021\/01\/Orienteering-PHYSICAL-EDUCATION-300x226.png\" alt=\"\" width=\"346\" height=\"261\" srcset=\"https:\/\/blogsaverroes.juntadeandalucia.es\/vegabilinguismo\/files\/2021\/01\/Orienteering-PHYSICAL-EDUCATION-300x226.png 300w, https:\/\/blogsaverroes.juntadeandalucia.es\/vegabilinguismo\/files\/2021\/01\/Orienteering-PHYSICAL-EDUCATION-24x18.png 24w, https:\/\/blogsaverroes.juntadeandalucia.es\/vegabilinguismo\/files\/2021\/01\/Orienteering-PHYSICAL-EDUCATION-36x27.png 36w, https:\/\/blogsaverroes.juntadeandalucia.es\/vegabilinguismo\/files\/2021\/01\/Orienteering-PHYSICAL-EDUCATION-48x36.png 48w, https:\/\/blogsaverroes.juntadeandalucia.es\/vegabilinguismo\/files\/2021\/01\/Orienteering-PHYSICAL-EDUCATION.png 710w\" sizes=\"(max-width: 346px) 100vw, 346px\" \/><\/a><\/p>\n<p>&nbsp;<\/td>\n<td style=\"width: 50%\">\n<p style=\"text-align: center\"><span style=\"font-size: 12pt\"><strong><span style=\"color: #008000\">Orienteering in The Alhambra Woods<\/span><\/strong><\/span><\/p>\n<p style=\"text-align: center\"><span style=\"color: #008000\"><strong>4th Formers<\/strong><\/span><\/p>\n<p><a href=\"https:\/\/blogsaverroes.juntadeandalucia.es\/vegabilinguismo\/files\/2021\/01\/Orienteering-in-The-Alhambra-Physical-Education.pdf\" target=\"_blank\" rel=\"noopener noreferrer\"><img loading=\"lazy\" decoding=\"async\" class=\"aligncenter wp-image-646\" src=\"https:\/\/blogsaverroes.juntadeandalucia.es\/vegabilinguismo\/files\/2021\/01\/Orienteering-in-The-Alhambra-PHYSICAL-EDUCATION-300x209.png\" alt=\"\" width=\"397\" height=\"277\" srcset=\"https:\/\/blogsaverroes.juntadeandalucia.es\/vegabilinguismo\/files\/2021\/01\/Orienteering-in-The-Alhambra-PHYSICAL-EDUCATION-300x209.png 300w, https:\/\/blogsaverroes.juntadeandalucia.es\/vegabilinguismo\/files\/2021\/01\/Orienteering-in-The-Alhambra-PHYSICAL-EDUCATION-768x534.png 768w, https:\/\/blogsaverroes.juntadeandalucia.es\/vegabilinguismo\/files\/2021\/01\/Orienteering-in-The-Alhambra-PHYSICAL-EDUCATION-24x17.png 24w, https:\/\/blogsaverroes.juntadeandalucia.es\/vegabilinguismo\/files\/2021\/01\/Orienteering-in-The-Alhambra-PHYSICAL-EDUCATION-36x25.png 36w, https:\/\/blogsaverroes.juntadeandalucia.es\/vegabilinguismo\/files\/2021\/01\/Orienteering-in-The-Alhambra-PHYSICAL-EDUCATION-48x33.png 48w, https:\/\/blogsaverroes.juntadeandalucia.es\/vegabilinguismo\/files\/2021\/01\/Orienteering-in-The-Alhambra-PHYSICAL-EDUCATION.png 800w\" sizes=\"(max-width: 397px) 100vw, 397px\" \/><\/a><\/p>\n<p>&nbsp;<\/td>\n<\/tr>\n<\/tbody>\n<\/table>\n<p style=\"text-align: center\"><span style=\"font-size: 18pt;color: #008000\"><strong>PHYSICS<\/strong><\/span><\/p>\n<table style=\"border-collapse: collapse;width: 100%\">\n<tbody>\n<tr>\n<td style=\"width: 50%\">\n<p style=\"text-align: center\"><span style=\"color: #008000\"><strong>Water in The Alhambra<\/strong><\/span><\/p>\n<p style=\"text-align: center\"><strong><span style=\"color: #008000\">2nd Formers<\/span><\/strong><\/p>\n<p><a href=\"https:\/\/blogsaverroes.juntadeandalucia.es\/vegabilinguismo\/files\/2021\/01\/Water-in-the-Alhambra-PHYSICS.pdf\" target=\"_blank\" rel=\"noopener noreferrer\"><img loading=\"lazy\" decoding=\"async\" class=\"aligncenter wp-image-649\" src=\"https:\/\/blogsaverroes.juntadeandalucia.es\/vegabilinguismo\/files\/2021\/01\/Water-in-the-Alhambra-PHYSICS-199x300.png\" alt=\"\" width=\"283\" height=\"427\" srcset=\"https:\/\/blogsaverroes.juntadeandalucia.es\/vegabilinguismo\/files\/2021\/01\/Water-in-the-Alhambra-PHYSICS-199x300.png 199w, https:\/\/blogsaverroes.juntadeandalucia.es\/vegabilinguismo\/files\/2021\/01\/Water-in-the-Alhambra-PHYSICS-16x24.png 16w, https:\/\/blogsaverroes.juntadeandalucia.es\/vegabilinguismo\/files\/2021\/01\/Water-in-the-Alhambra-PHYSICS-24x36.png 24w, https:\/\/blogsaverroes.juntadeandalucia.es\/vegabilinguismo\/files\/2021\/01\/Water-in-the-Alhambra-PHYSICS-32x48.png 32w, https:\/\/blogsaverroes.juntadeandalucia.es\/vegabilinguismo\/files\/2021\/01\/Water-in-the-Alhambra-PHYSICS.png 502w\" sizes=\"(max-width: 283px) 100vw, 283px\" \/><\/a><\/td>\n<td style=\"width: 50%\">\n<p style=\"text-align: center\"><strong><span style=\"color: #008000\">Glossary &amp; Worksheet<\/span><\/strong><\/p>\n<p style=\"text-align: center\"><strong><span style=\"color: #008000\">2nd Formers<\/span><\/strong><\/p>\n<p>&nbsp;<\/p>\n<p><a href=\"https:\/\/blogsaverroes.juntadeandalucia.es\/vegabilinguismo\/files\/2021\/01\/Water-in-The-Alhambra-PHYSICS-worksheet-and-glossary.pdf\" target=\"_blank\" rel=\"noopener noreferrer\"><img loading=\"lazy\" decoding=\"async\" class=\"aligncenter wp-image-650\" src=\"https:\/\/blogsaverroes.juntadeandalucia.es\/vegabilinguismo\/files\/2021\/01\/Water-in-the-Alhambra-PHYSICS-worksheet-and-glossary-300x283.png\" alt=\"\" width=\"349\" height=\"329\" srcset=\"https:\/\/blogsaverroes.juntadeandalucia.es\/vegabilinguismo\/files\/2021\/01\/Water-in-the-Alhambra-PHYSICS-worksheet-and-glossary-300x283.png 300w, https:\/\/blogsaverroes.juntadeandalucia.es\/vegabilinguismo\/files\/2021\/01\/Water-in-the-Alhambra-PHYSICS-worksheet-and-glossary-1024x965.png 1024w, https:\/\/blogsaverroes.juntadeandalucia.es\/vegabilinguismo\/files\/2021\/01\/Water-in-the-Alhambra-PHYSICS-worksheet-and-glossary-768x724.png 768w, https:\/\/blogsaverroes.juntadeandalucia.es\/vegabilinguismo\/files\/2021\/01\/Water-in-the-Alhambra-PHYSICS-worksheet-and-glossary-24x24.png 24w, https:\/\/blogsaverroes.juntadeandalucia.es\/vegabilinguismo\/files\/2021\/01\/Water-in-the-Alhambra-PHYSICS-worksheet-and-glossary-36x34.png 36w, https:\/\/blogsaverroes.juntadeandalucia.es\/vegabilinguismo\/files\/2021\/01\/Water-in-the-Alhambra-PHYSICS-worksheet-and-glossary-48x45.png 48w, https:\/\/blogsaverroes.juntadeandalucia.es\/vegabilinguismo\/files\/2021\/01\/Water-in-the-Alhambra-PHYSICS-worksheet-and-glossary.png 1188w\" sizes=\"(max-width: 349px) 100vw, 349px\" \/><\/a><\/p>\n<p>&nbsp;<\/td>\n<\/tr>\n<\/tbody>\n<\/table>\n<p style=\"text-align: center\"><span style=\"font-size: 18pt;color: #008000\"><strong>GEOGRAPHY<\/strong><\/span><\/p>\n<table style=\"border-collapse: collapse;width: 100%\">\n<tbody>\n<tr>\n<td style=\"width: 100%\">\n<p style=\"text-align: center\"><span style=\"color: #008000\"><strong>Irving&#8217;s Route from Seville to Granada<\/strong><\/span><\/p>\n<p style=\"text-align: center\"><strong><span style=\"color: #008000\">3rd Formers<\/span><\/strong><\/p>\n<p style=\"text-align: center\"><a href=\"https:\/\/blogsaverroes.juntadeandalucia.es\/vegabilinguismo\/files\/2021\/01\/W._IRVING_ROUTE_3_ESO_-1.pdf\" target=\"_blank\" rel=\"noopener noreferrer\"><br \/>\n<img loading=\"lazy\" decoding=\"async\" class=\"aligncenter wp-image-653\" src=\"https:\/\/blogsaverroes.juntadeandalucia.es\/vegabilinguismo\/files\/2021\/01\/Route-of-Irving-GEOGRAPHY-239x300.png\" alt=\"\" width=\"219\" height=\"274\" srcset=\"https:\/\/blogsaverroes.juntadeandalucia.es\/vegabilinguismo\/files\/2021\/01\/Route-of-Irving-GEOGRAPHY-239x300.png 239w, https:\/\/blogsaverroes.juntadeandalucia.es\/vegabilinguismo\/files\/2021\/01\/Route-of-Irving-GEOGRAPHY-19x24.png 19w, https:\/\/blogsaverroes.juntadeandalucia.es\/vegabilinguismo\/files\/2021\/01\/Route-of-Irving-GEOGRAPHY-29x36.png 29w, https:\/\/blogsaverroes.juntadeandalucia.es\/vegabilinguismo\/files\/2021\/01\/Route-of-Irving-GEOGRAPHY-38x48.png 38w, https:\/\/blogsaverroes.juntadeandalucia.es\/vegabilinguismo\/files\/2021\/01\/Route-of-Irving-GEOGRAPHY.png 604w\" sizes=\"(max-width: 219px) 100vw, 219px\" \/><\/a><\/p>\n<\/td>\n<\/tr>\n<\/tbody>\n<\/table>\n<p>&nbsp;<\/p>\n<p style=\"text-align: center\"><span style=\"font-size: 14pt\"><strong>These two videos are part of the&nbsp;<span style=\"color: #3366ff\"> 360 BEST eTwinning project <\/span>on which a group of 4th Formers worked with 360 photos to show Granada to their European partners during the school year 2019\/20. <\/strong><\/span><\/p>\n<p>&nbsp;<\/p>\n<p style=\"text-align: center\"><a href=\"https:\/\/youtu.be\/9-4Ffm5W8Sc\" target=\"_blank\" rel=\"noopener noreferrer\"><span style=\"color: #008000;font-size: 14pt\"><strong>The Alhambra: Ceramic Tiles, Plasterwork and Wood Ceilings<\/strong><\/span><\/a><\/p>\n<p style=\"text-align: center\"><a href=\"https:\/\/youtu.be\/YxXT4GHhKUs\" target=\"_blank\" rel=\"noopener noreferrer\"><span style=\"color: #008000;font-size: 14pt\"><strong>The Alhambra: Fountains &amp; Ponds<\/strong><\/span><\/a><\/p>\n","protected":false},"excerpt":{"rendered":"<p>&nbsp;CLIL Unit&nbsp; 2016\/17 ENGLISH &nbsp; &nbsp; &nbsp; &nbsp; &nbsp; &nbsp; &nbsp; &nbsp; &nbsp; &nbsp; &nbsp; &nbsp; &nbsp; &nbsp; &nbsp; &nbsp; &nbsp; &nbsp; &nbsp;&nbsp; &nbsp; Let&#8217;s meet Washington Irving &nbsp; &nbsp; &nbsp;&nbsp; &nbsp; &nbsp; &nbsp; &nbsp; &nbsp; &nbsp; &nbsp; &nbsp; &nbsp; Lecture for 4th and 5th Formers by Jos\u00e9 Mar\u00eda P\u00e9rez Fern\u00e1ndez, University Professor in English &hellip; <\/p>\n<p><a class=\"more-link btn\" href=\"https:\/\/blogsaverroes.juntadeandalucia.es\/vegabilinguismo\/unidades-clil\/timeline\/\">Seguir leyendo<\/a><\/p>\n","protected":false},"author":10546,"featured_media":0,"parent":90,"menu_order":0,"comment_status":"closed","ping_status":"closed","template":"","meta":{"ngg_post_thumbnail":0,"footnotes":""},"aioseo_notices":[],"_links":{"self":[{"href":"https:\/\/blogsaverroes.juntadeandalucia.es\/vegabilinguismo\/wp-json\/wp\/v2\/pages\/172"}],"collection":[{"href":"https:\/\/blogsaverroes.juntadeandalucia.es\/vegabilinguismo\/wp-json\/wp\/v2\/pages"}],"about":[{"href":"https:\/\/blogsaverroes.juntadeandalucia.es\/vegabilinguismo\/wp-json\/wp\/v2\/types\/page"}],"author":[{"embeddable":true,"href":"https:\/\/blogsaverroes.juntadeandalucia.es\/vegabilinguismo\/wp-json\/wp\/v2\/users\/10546"}],"replies":[{"embeddable":true,"href":"https:\/\/blogsaverroes.juntadeandalucia.es\/vegabilinguismo\/wp-json\/wp\/v2\/comments?post=172"}],"version-history":[{"count":49,"href":"https:\/\/blogsaverroes.juntadeandalucia.es\/vegabilinguismo\/wp-json\/wp\/v2\/pages\/172\/revisions"}],"predecessor-version":[{"id":741,"href":"https:\/\/blogsaverroes.juntadeandalucia.es\/vegabilinguismo\/wp-json\/wp\/v2\/pages\/172\/revisions\/741"}],"up":[{"embeddable":true,"href":"https:\/\/blogsaverroes.juntadeandalucia.es\/vegabilinguismo\/wp-json\/wp\/v2\/pages\/90"}],"wp:attachment":[{"href":"https:\/\/blogsaverroes.juntadeandalucia.es\/vegabilinguismo\/wp-json\/wp\/v2\/media?parent=172"}],"curies":[{"name":"wp","href":"https:\/\/api.w.org\/{rel}","templated":true}]}}