{"id":75,"date":"2020-12-19T20:58:42","date_gmt":"2020-12-19T20:58:42","guid":{"rendered":"https:\/\/blogsaverroes.juntadeandalucia.es\/vegabilinguismo\/?page_id=75"},"modified":"2020-12-25T12:19:46","modified_gmt":"2020-12-25T12:19:46","slug":"normativa","status":"publish","type":"page","link":"https:\/\/blogsaverroes.juntadeandalucia.es\/vegabilinguismo\/normativa\/","title":{"rendered":"Normativa"},"content":{"rendered":"<table style=\"border-collapse: collapse;width: 100%\">\n<tbody>\n<tr>\n<td style=\"width: 56.4682%\">\n<p style=\"text-align: center\"><strong><span style=\"font-size: 12pt;color: #a35c0a\">La normativa relativa a la organizaci\u00f3n y funcionamiento de la ense\u00f1anza biling\u00fce&nbsp; y a los auxiliares de conversaci\u00f3n est\u00e1 disponible en el blog d<\/span><\/strong><strong style=\"font-family: inherit;font-size: inherit\"><span style=\"font-size: 12pt;color: #a35c0a\">e Pluriling\u00fcismo de Granada.&nbsp;<\/span><\/strong><\/p>\n<p>&nbsp;<\/p>\n<h1 style=\"text-align: center\"><strong style=\"font-family: inherit;font-size: inherit\"><span style=\"font-size: 12pt;color: #a35c0a\"><a href=\"https:\/\/blogsaverroes.juntadeandalucia.es\/plurilinguismodelegaciongranada\/normativa-sobre-la-organizacion-y-el-funcionamiento-de-la-ensenanza-bilingue\/\" target=\"_blank\" rel=\"noopener noreferrer\"><img loading=\"lazy\" decoding=\"async\" class=\"alignnone wp-image-437\" src=\"https:\/\/blogsaverroes.juntadeandalucia.es\/vegabilinguismo\/files\/2020\/12\/foto-normativa-biling\u00fcismo-300x38.png\" alt=\"\" width=\"473\" height=\"60\" srcset=\"https:\/\/blogsaverroes.juntadeandalucia.es\/vegabilinguismo\/files\/2020\/12\/foto-normativa-biling\u00fcismo-300x38.png 300w, https:\/\/blogsaverroes.juntadeandalucia.es\/vegabilinguismo\/files\/2020\/12\/foto-normativa-biling\u00fcismo-24x3.png 24w, https:\/\/blogsaverroes.juntadeandalucia.es\/vegabilinguismo\/files\/2020\/12\/foto-normativa-biling\u00fcismo-36x5.png 36w, https:\/\/blogsaverroes.juntadeandalucia.es\/vegabilinguismo\/files\/2020\/12\/foto-normativa-biling\u00fcismo-48x6.png 48w, https:\/\/blogsaverroes.juntadeandalucia.es\/vegabilinguismo\/files\/2020\/12\/foto-normativa-biling\u00fcismo.png 594w\" sizes=\"(max-width: 473px) 100vw, 473px\" \/><\/a><\/span><\/strong><\/h1>\n<p>&nbsp;<\/p>\n<p>&nbsp; &nbsp; &nbsp; &nbsp; &nbsp;<a href=\"https:\/\/blogsaverroes.juntadeandalucia.es\/plurilinguismodelegaciongranada\/normativa-relativa-a-auxiliares-de-conversacion\/\" target=\"_blank\" rel=\"noopener noreferrer\"><img loading=\"lazy\" decoding=\"async\" class=\"alignnone wp-image-438\" src=\"https:\/\/blogsaverroes.juntadeandalucia.es\/vegabilinguismo\/files\/2020\/12\/foto-normativa-auxiliares-300x38.png\" alt=\"\" width=\"466\" height=\"59\" srcset=\"https:\/\/blogsaverroes.juntadeandalucia.es\/vegabilinguismo\/files\/2020\/12\/foto-normativa-auxiliares-300x38.png 300w, https:\/\/blogsaverroes.juntadeandalucia.es\/vegabilinguismo\/files\/2020\/12\/foto-normativa-auxiliares-24x3.png 24w, https:\/\/blogsaverroes.juntadeandalucia.es\/vegabilinguismo\/files\/2020\/12\/foto-normativa-auxiliares-36x5.png 36w, https:\/\/blogsaverroes.juntadeandalucia.es\/vegabilinguismo\/files\/2020\/12\/foto-normativa-auxiliares-48x6.png 48w, https:\/\/blogsaverroes.juntadeandalucia.es\/vegabilinguismo\/files\/2020\/12\/foto-normativa-auxiliares.png 594w\" sizes=\"(max-width: 466px) 100vw, 466px\" \/><\/a><\/p>\n<p>&nbsp;<\/p>\n<p>&nbsp;<\/p>\n<p>&nbsp;<\/td>\n<td style=\"width: 43.5318%\">\n<h1 style=\"text-align: center\">&nbsp;<\/h1>\n<h1 style=\"text-align: center\"><strong><span style=\"font-size: 12pt;color: #a35c0a\"><img loading=\"lazy\" decoding=\"async\" class=\"wp-image-101 alignnone\" src=\"https:\/\/blogsaverroes.juntadeandalucia.es\/vegabilinguismo\/files\/2020\/12\/Word-Art-hands-300x292.jpeg\" alt=\"\" width=\"309\" height=\"301\" srcset=\"https:\/\/blogsaverroes.juntadeandalucia.es\/vegabilinguismo\/files\/2020\/12\/Word-Art-hands-300x292.jpeg 300w, https:\/\/blogsaverroes.juntadeandalucia.es\/vegabilinguismo\/files\/2020\/12\/Word-Art-hands-24x24.jpeg 24w, https:\/\/blogsaverroes.juntadeandalucia.es\/vegabilinguismo\/files\/2020\/12\/Word-Art-hands-36x36.jpeg 36w, https:\/\/blogsaverroes.juntadeandalucia.es\/vegabilinguismo\/files\/2020\/12\/Word-Art-hands-48x48.jpeg 48w, https:\/\/blogsaverroes.juntadeandalucia.es\/vegabilinguismo\/files\/2020\/12\/Word-Art-hands.jpeg 717w\" sizes=\"(max-width: 309px) 100vw, 309px\" \/><\/span><\/strong><\/h1>\n<\/td>\n<\/tr>\n<\/tbody>\n<\/table>\n<h1 style=\"text-align: center\">&nbsp;<\/h1>\n<h1 style=\"text-align: center\">&nbsp;<\/h1>\n<p>&nbsp;<\/p>\n<p>&nbsp;<\/p>\n<p>&nbsp;<\/p>\n<p>&nbsp;<\/p>\n<p>&nbsp;<\/p>\n","protected":false},"excerpt":{"rendered":"<p>La normativa relativa a la organizaci\u00f3n y funcionamiento de la ense\u00f1anza biling\u00fce&nbsp; y a los auxiliares de conversaci\u00f3n est\u00e1 disponible en el blog de Pluriling\u00fcismo de Granada.&nbsp; &nbsp; &nbsp; &nbsp; &nbsp; &nbsp; &nbsp; &nbsp; &nbsp; &nbsp; &nbsp; &nbsp; &nbsp; &nbsp; &nbsp; &nbsp; &nbsp; &nbsp; &nbsp;<\/p>\n","protected":false},"author":10546,"featured_media":0,"parent":0,"menu_order":0,"comment_status":"closed","ping_status":"closed","template":"","meta":{"ngg_post_thumbnail":0,"footnotes":""},"aioseo_notices":[],"_links":{"self":[{"href":"https:\/\/blogsaverroes.juntadeandalucia.es\/vegabilinguismo\/wp-json\/wp\/v2\/pages\/75"}],"collection":[{"href":"https:\/\/blogsaverroes.juntadeandalucia.es\/vegabilinguismo\/wp-json\/wp\/v2\/pages"}],"about":[{"href":"https:\/\/blogsaverroes.juntadeandalucia.es\/vegabilinguismo\/wp-json\/wp\/v2\/types\/page"}],"author":[{"embeddable":true,"href":"https:\/\/blogsaverroes.juntadeandalucia.es\/vegabilinguismo\/wp-json\/wp\/v2\/users\/10546"}],"replies":[{"embeddable":true,"href":"https:\/\/blogsaverroes.juntadeandalucia.es\/vegabilinguismo\/wp-json\/wp\/v2\/comments?post=75"}],"version-history":[{"count":23,"href":"https:\/\/blogsaverroes.juntadeandalucia.es\/vegabilinguismo\/wp-json\/wp\/v2\/pages\/75\/revisions"}],"predecessor-version":[{"id":441,"href":"https:\/\/blogsaverroes.juntadeandalucia.es\/vegabilinguismo\/wp-json\/wp\/v2\/pages\/75\/revisions\/441"}],"wp:attachment":[{"href":"https:\/\/blogsaverroes.juntadeandalucia.es\/vegabilinguismo\/wp-json\/wp\/v2\/media?parent=75"}],"curies":[{"name":"wp","href":"https:\/\/api.w.org\/{rel}","templated":true}]}}