{"id":90,"date":"2020-12-19T21:28:33","date_gmt":"2020-12-19T21:28:33","guid":{"rendered":"https:\/\/blogsaverroes.juntadeandalucia.es\/vegabilinguismo\/?page_id=90"},"modified":"2020-12-25T09:18:20","modified_gmt":"2020-12-25T09:18:20","slug":"unidades-clil","status":"publish","type":"page","link":"https:\/\/blogsaverroes.juntadeandalucia.es\/vegabilinguismo\/unidades-clil\/","title":{"rendered":"Unidades CLIL"},"content":{"rendered":"<p>&nbsp;<\/p>\n<table style=\"border-collapse: collapse;width: 100%\">\n<tbody>\n<tr>\n<td style=\"width: 50.9241%\"><img loading=\"lazy\" decoding=\"async\" class=\"alignnone wp-image-344\" src=\"https:\/\/blogsaverroes.juntadeandalucia.es\/vegabilinguismo\/files\/2020\/12\/subjects-300x281.jpeg\" alt=\"\" width=\"473\" height=\"442\" srcset=\"https:\/\/blogsaverroes.juntadeandalucia.es\/vegabilinguismo\/files\/2020\/12\/subjects-300x281.jpeg 300w, https:\/\/blogsaverroes.juntadeandalucia.es\/vegabilinguismo\/files\/2020\/12\/subjects-24x22.jpeg 24w, https:\/\/blogsaverroes.juntadeandalucia.es\/vegabilinguismo\/files\/2020\/12\/subjects-36x34.jpeg 36w, https:\/\/blogsaverroes.juntadeandalucia.es\/vegabilinguismo\/files\/2020\/12\/subjects-48x45.jpeg 48w, https:\/\/blogsaverroes.juntadeandalucia.es\/vegabilinguismo\/files\/2020\/12\/subjects.jpeg 730w\" sizes=\"(max-width: 473px) 100vw, 473px\" \/><\/td>\n<td style=\"width: 49.0759%\">\n<p style=\"text-align: center\"><span style=\"color: #993300\"><strong>La elaboraci\u00f3n de unidades did\u00e1cticas AICLE&nbsp;(Aprendizaje Integrado de Contenidos y Lengua Extranjera)&nbsp; presenta un aprendizaje en el que no solo los contenidos y el idioma se dan la mano, sino que desarrollamos contenidos transversales e interdisciplinares. <\/strong><\/span><\/p>\n<p style=\"text-align: center\"><span style=\"color: #993300\"><strong>En esta p\u00e1gina puedes visitar algunas de nuestras unidades AICLE:&nbsp; <em>El agua<\/em>,&nbsp;<em>La Energ\u00eda<\/em>,&nbsp;<em>Mujeres que se atrevieron<\/em>,&nbsp;<em>Washington Irving y La Alhambra<\/em>&nbsp;o&nbsp;<em>La Europa del siglo XVI, El Renacimiento<\/em>.<\/strong><\/span><\/p>\n<p style=\"text-align: center\"><span style=\"color: #993300\"><strong>Hemos celebrado actividades especiales que ponen en pr\u00e1ctica lo aprendido en esas unidades. As\u00ed nuestro alumnado de 1\u00ba de ESO viaj\u00f3 al siglo XVI, donde reinas y reyes, astr\u00f3nomos, exploradores, escritores y anatomistas de le \u00e9poca los recibieron para contarles su vida y sus logros. Tambi\u00e9n aprendieron juegos y danzas de la \u00e9poca.<\/strong><\/span><\/p>\n<\/td>\n<\/tr>\n<\/tbody>\n<\/table>\n<p>&nbsp;<\/p>\n","protected":false},"excerpt":{"rendered":"<p>&nbsp; La elaboraci\u00f3n de unidades did\u00e1cticas AICLE&nbsp;(Aprendizaje Integrado de Contenidos y Lengua Extranjera)&nbsp; presenta un aprendizaje en el que no solo los contenidos y el idioma se dan la mano, sino que desarrollamos contenidos transversales e interdisciplinares. En esta p\u00e1gina puedes visitar algunas de nuestras unidades AICLE:&nbsp; El agua,&nbsp;La Energ\u00eda,&nbsp;Mujeres que se atrevieron,&nbsp;Washington Irving y &hellip; <\/p>\n<p><a class=\"more-link btn\" href=\"https:\/\/blogsaverroes.juntadeandalucia.es\/vegabilinguismo\/unidades-clil\/\">Seguir leyendo<\/a><\/p>\n","protected":false},"author":10546,"featured_media":0,"parent":0,"menu_order":0,"comment_status":"closed","ping_status":"closed","template":"","meta":{"ngg_post_thumbnail":0,"footnotes":""},"aioseo_notices":[],"_links":{"self":[{"href":"https:\/\/blogsaverroes.juntadeandalucia.es\/vegabilinguismo\/wp-json\/wp\/v2\/pages\/90"}],"collection":[{"href":"https:\/\/blogsaverroes.juntadeandalucia.es\/vegabilinguismo\/wp-json\/wp\/v2\/pages"}],"about":[{"href":"https:\/\/blogsaverroes.juntadeandalucia.es\/vegabilinguismo\/wp-json\/wp\/v2\/types\/page"}],"author":[{"embeddable":true,"href":"https:\/\/blogsaverroes.juntadeandalucia.es\/vegabilinguismo\/wp-json\/wp\/v2\/users\/10546"}],"replies":[{"embeddable":true,"href":"https:\/\/blogsaverroes.juntadeandalucia.es\/vegabilinguismo\/wp-json\/wp\/v2\/comments?post=90"}],"version-history":[{"count":5,"href":"https:\/\/blogsaverroes.juntadeandalucia.es\/vegabilinguismo\/wp-json\/wp\/v2\/pages\/90\/revisions"}],"predecessor-version":[{"id":346,"href":"https:\/\/blogsaverroes.juntadeandalucia.es\/vegabilinguismo\/wp-json\/wp\/v2\/pages\/90\/revisions\/346"}],"wp:attachment":[{"href":"https:\/\/blogsaverroes.juntadeandalucia.es\/vegabilinguismo\/wp-json\/wp\/v2\/media?parent=90"}],"curies":[{"name":"wp","href":"https:\/\/api.w.org\/{rel}","templated":true}]}}