{"id":26,"date":"2024-06-08T17:08:42","date_gmt":"2024-06-08T15:08:42","guid":{"rendered":"https:\/\/blogsaverroes.juntadeandalucia.es\/vegacima\/?page_id=26"},"modified":"2024-06-19T13:09:08","modified_gmt":"2024-06-19T11:09:08","slug":"que-es","status":"publish","type":"page","link":"https:\/\/blogsaverroes.juntadeandalucia.es\/vegacima\/programa-cima\/que-es\/","title":{"rendered":"\u00bfQu\u00e9 es?"},"content":{"rendered":"<p>El <strong><span style=\"color: #008000\">Programa para la Innovaci\u00f3n y la Mejora de los Aprendizajes (Programa CIMA) <\/span><\/strong>tiene como objetivo impulsar la innovaci\u00f3n educativa y la mejora del aprendizaje en los centros docentes.<\/p>\n<p>Se convoca y regula mediante la <a href=\"https:\/\/blogsaverroes.juntadeandalucia.es\/vegacima\/files\/2024\/06\/231103_Resolucion_CIMAF.pdf\">Resoluci\u00f3n de 3 de noviembre, de la Direcci\u00f3n General de Tecnolog\u00edas Avanzadas y Transformaci\u00f3n Educativa, sobre los programas para la innovaci\u00f3n y mejora del aprendizaje, Programa CIMA, y su convocatoria para el curso acad\u00e9mico 2023\/24<\/a>.<\/p>\n<p>La Consejer\u00eda de Desarrollo educativo y Formaci\u00f3n Profesional, publica el siguiente <strong>dosier<\/strong> que recoge los puntos principales que regulan este programa:<\/p>\n<div id=\"attachment_462\" style=\"width: 212px\" class=\"wp-caption aligncenter\"><a href=\"https:\/\/blogsaverroes.juntadeandalucia.es\/vegacima\/programa-cima\/que-es\/cima-dosier-23-24-v9\/\"><img loading=\"lazy\" decoding=\"async\" aria-describedby=\"caption-attachment-462\" class=\"wp-image-462 size-medium\" src=\"https:\/\/blogsaverroes.juntadeandalucia.es\/vegacima\/files\/2024\/06\/cima-dosier-212x300.jpg\" alt=\"Dosier CIMA 2023-24\" width=\"212\" height=\"300\" srcset=\"https:\/\/blogsaverroes.juntadeandalucia.es\/vegacima\/files\/2024\/06\/cima-dosier-212x300.jpg 212w, https:\/\/blogsaverroes.juntadeandalucia.es\/vegacima\/files\/2024\/06\/cima-dosier-724x1024.jpg 724w, https:\/\/blogsaverroes.juntadeandalucia.es\/vegacima\/files\/2024\/06\/cima-dosier-768x1086.jpg 768w, https:\/\/blogsaverroes.juntadeandalucia.es\/vegacima\/files\/2024\/06\/cima-dosier-1086x1536.jpg 1086w, https:\/\/blogsaverroes.juntadeandalucia.es\/vegacima\/files\/2024\/06\/cima-dosier-700x990.jpg 700w, https:\/\/blogsaverroes.juntadeandalucia.es\/vegacima\/files\/2024\/06\/cima-dosier.jpg 1414w\" sizes=\"(max-width: 212px) 100vw, 212px\" \/><\/a><p id=\"caption-attachment-462\" class=\"wp-caption-text\">Dosier CIMA 2023-24<\/p><\/div>\n<p>No obstante, a continuaci\u00f3n se describen alguno de los aspectos del Programa CIMA, que son los que se imparten en el curso de formaci\u00f3n para la coordinaci\u00f3n y las personas responsables del programa.<\/p>\n<h2>\u00bfQu\u00e9 es un centro CIMA?<\/h2>\n<p>En la siguiente infograf\u00eda, se definen los <strong>centros CIMA<\/strong> como centros:<\/p>\n<ol>\n<li>Centros <strong><span style=\"color: #008000\">sostenibles<\/span> <\/strong>y <strong><span style=\"color: #008000\">saludables<\/span><\/strong><\/li>\n<li>Centros competentes <strong><span style=\"color: #008000\">digitalmente<\/span><\/strong><\/li>\n<li>Centros <strong><span style=\"color: #008000\">creativos<\/span><\/strong>, <strong><span style=\"color: #008000\">emocionales<\/span> <\/strong>y <strong><span style=\"color: #008000\">emocionantes<\/span><\/strong><\/li>\n<li>Centros <strong><span style=\"color: #008000\">accesibles<\/span> <\/strong>e <strong><span style=\"color: #008000\">inclusivos<\/span><\/strong><\/li>\n<li>Centros competentes <strong><span style=\"color: #008000\">medi\u00e1ticamente<\/span><\/strong><\/li>\n<\/ol>\n<div id=\"attachment_335\" style=\"width: 660px\" class=\"wp-caption aligncenter\"><a href=\"https:\/\/blogsaverroes.juntadeandalucia.es\/vegacima\/programa-cima\/que-es\/cima-centro\/\" rel=\"attachment wp-att-335\"><img loading=\"lazy\" decoding=\"async\" aria-describedby=\"caption-attachment-335\" class=\"size-large wp-image-335\" src=\"https:\/\/blogsaverroes.juntadeandalucia.es\/vegacima\/files\/2024\/06\/cima-centro-724x1024.png\" alt=\"\u00bfQu\u00e9 es un centro CIMA?\" width=\"660\" height=\"933\" srcset=\"https:\/\/blogsaverroes.juntadeandalucia.es\/vegacima\/files\/2024\/06\/cima-centro-724x1024.png 724w, https:\/\/blogsaverroes.juntadeandalucia.es\/vegacima\/files\/2024\/06\/cima-centro-212x300.png 212w, https:\/\/blogsaverroes.juntadeandalucia.es\/vegacima\/files\/2024\/06\/cima-centro-768x1086.png 768w, https:\/\/blogsaverroes.juntadeandalucia.es\/vegacima\/files\/2024\/06\/cima-centro-1086x1536.png 1086w, https:\/\/blogsaverroes.juntadeandalucia.es\/vegacima\/files\/2024\/06\/cima-centro-700x990.png 700w, https:\/\/blogsaverroes.juntadeandalucia.es\/vegacima\/files\/2024\/06\/cima-centro.png 1414w\" sizes=\"(max-width: 660px) 100vw, 660px\" \/><\/a><p id=\"caption-attachment-335\" class=\"wp-caption-text\">\u00bfQu\u00e9 es un centro CIMA? \/\/<em> Curso de formaci\u00f3n del Programa CIMA<\/em><\/p><\/div>\n<p>&nbsp;<\/p>\n<h2>Docente innovador<\/h2>\n<p>En la siguiente infograf\u00eda se detallan algunas de las caracter\u00edsticas clave de un <strong>docente<\/strong> participante en el Programa CIMA, como son: <strong><span style=\"color: #008000\">proactivo<\/span><\/strong>, <strong><span style=\"color: #008000\">creativo<\/span><\/strong>, <strong><span style=\"color: #008000\">formado<\/span><\/strong>, <strong><span style=\"color: #008000\">reflexivo<\/span><\/strong>, <strong><span style=\"color: #008000\">resiliente<\/span> <\/strong>y <strong><span style=\"color: #008000\">l\u00edder<\/span><\/strong>.<\/p>\n<div id=\"attachment_336\" style=\"width: 1024px\" class=\"wp-caption aligncenter\"><a href=\"https:\/\/blogsaverroes.juntadeandalucia.es\/vegacima\/programa-cima\/que-es\/cima-docente\/\" rel=\"attachment wp-att-336\"><img loading=\"lazy\" decoding=\"async\" aria-describedby=\"caption-attachment-336\" class=\"size-full wp-image-336\" src=\"https:\/\/blogsaverroes.juntadeandalucia.es\/vegacima\/files\/2024\/06\/cima-docente.png\" alt=\"Docente innovador\" width=\"1024\" height=\"768\" srcset=\"https:\/\/blogsaverroes.juntadeandalucia.es\/vegacima\/files\/2024\/06\/cima-docente.png 1024w, https:\/\/blogsaverroes.juntadeandalucia.es\/vegacima\/files\/2024\/06\/cima-docente-300x225.png 300w, https:\/\/blogsaverroes.juntadeandalucia.es\/vegacima\/files\/2024\/06\/cima-docente-768x576.png 768w, https:\/\/blogsaverroes.juntadeandalucia.es\/vegacima\/files\/2024\/06\/cima-docente-700x525.png 700w\" sizes=\"(max-width: 1024px) 100vw, 1024px\" \/><\/a><p id=\"caption-attachment-336\" class=\"wp-caption-text\">Docente innovador \/\/ <em>Curso de formaci\u00f3n del Programa CIMA<\/em><\/p><\/div>\n<p>&nbsp;<\/p>\n<h2>El equipo CIMA<\/h2>\n<p>El Equipo CIMA est\u00e1 formado tanto por el <strong><span style=\"color: #008000\">profesorado<\/span> <\/strong>del centro (direcci\u00f3n, coordinaci\u00f3n y responsables del Programa CIMA, y profesorado participante del Programa CIMA), <strong><span style=\"color: #008000\">alumnado<\/span> <\/strong>(mediador en salud, delegadas y delegados de lectura, etc.), el <strong><span style=\"color: #008000\">departamento de Orientaci\u00f3n<\/span><\/strong>, el <strong><span style=\"color: #008000\">departamento de Formaci\u00f3n, Evaluaci\u00f3n e Innovaci\u00f3n Educativa<\/span><\/strong>, la <strong><span style=\"color: #008000\">asesor\u00eda de referencia<\/span><\/strong> del Centro del Profesorado de Granada, y representaci\u00f3n del <strong><span style=\"color: #008000\">AMPA<\/span><\/strong>.<\/p>\n<p>Adem\u00e1s, podr\u00e1n pertenecer a este equipo las personas responsables de la <strong><span style=\"color: #008000\">coordinaci\u00f3n de otros planes, programas y proyectos<\/span><\/strong> que se desarrollen en el centro, la <strong><span style=\"color: #008000\">coordinaci\u00f3n de Bienestar<\/span><\/strong>, o la <strong><span style=\"color: #008000\">Enfermer\u00eda escolar<\/span><\/strong> de referencia, el <strong><span style=\"color: #008000\">personal no docente<\/span><\/strong> del centro, y otros <strong><span style=\"color: #008000\">agentes sociales<\/span><\/strong> (redes locales, polic\u00eda local, ONG, asociaciones colaboradoras, etc.).<\/p>\n<p>Sus <strong>funciones<\/strong> se encuentras resumidas en la siguiente infograf\u00eda:<\/p>\n<div id=\"attachment_337\" style=\"width: 1024px\" class=\"wp-caption aligncenter\"><a href=\"https:\/\/blogsaverroes.juntadeandalucia.es\/vegacima\/programa-cima\/que-es\/cima-funciones\/\" rel=\"attachment wp-att-337\"><img loading=\"lazy\" decoding=\"async\" aria-describedby=\"caption-attachment-337\" class=\"size-full wp-image-337\" src=\"https:\/\/blogsaverroes.juntadeandalucia.es\/vegacima\/files\/2024\/06\/cima-funciones.png\" alt=\"Funciones del Equipo CIMA\" width=\"1024\" height=\"768\" srcset=\"https:\/\/blogsaverroes.juntadeandalucia.es\/vegacima\/files\/2024\/06\/cima-funciones.png 1024w, https:\/\/blogsaverroes.juntadeandalucia.es\/vegacima\/files\/2024\/06\/cima-funciones-300x225.png 300w, https:\/\/blogsaverroes.juntadeandalucia.es\/vegacima\/files\/2024\/06\/cima-funciones-768x576.png 768w, https:\/\/blogsaverroes.juntadeandalucia.es\/vegacima\/files\/2024\/06\/cima-funciones-700x525.png 700w\" sizes=\"(max-width: 1024px) 100vw, 1024px\" \/><\/a><p id=\"caption-attachment-337\" class=\"wp-caption-text\">Funciones del Equipo CIMA \/\/<em> Curso de formaci\u00f3n del Programa CIMA<\/em><\/p><\/div>\n<p>&nbsp;<\/p>\n<h2>Organizaci\u00f3n del Programa CIMA<\/h2>\n<p>El Programa CIMA se organiza en <strong><span style=\"color: #008000\">centros de inter\u00e9s<\/span><\/strong>, que a su vez est\u00e1n compuestos por varios <strong><span style=\"color: #008000\">\u00e1mbitos de conocimiento<\/span><\/strong>. Estos \u00e1mbitos de conocimiento contienen determinadas <strong><span style=\"color: #008000\">l\u00edneas de actuaci\u00f3n<\/span><\/strong>, que son las que desarrollan los centros educativos.<\/p>\n<p>Los <strong>centros de inter\u00e9s<\/strong> para el curso 2023\/24 son:<\/p>\n<ul>\n<li><strong><span style=\"color: #41b492\">Para la transformaci\u00f3n hacia entornos m\u00e1s sostenibles y saludables<\/span><\/strong><\/li>\n<li><strong><span style=\"color: #2055a2\">Para la transformaci\u00f3n digital educativa<\/span><\/strong><\/li>\n<li><strong><span style=\"color: #e83b6d\">Para la transformaci\u00f3n desde la cultura y la alfabetizaci\u00f3n medi\u00e1tica<\/span><\/strong><\/li>\n<\/ul>\n<p>Y en la siguiente infograf\u00eda podr\u00e1s encontrar los<strong> \u00e1mbitos de conocimiento<\/strong> y <strong>l\u00edneas de actuaci\u00f3n<\/strong> que pertenecen a estos centros de inter\u00e9s (seg\u00fan los colores anteriores).<\/p>\n<div id=\"attachment_338\" style=\"width: 660px\" class=\"wp-caption aligncenter\"><a href=\"https:\/\/blogsaverroes.juntadeandalucia.es\/vegacima\/programa-cima\/que-es\/cima-lineas\/\" rel=\"attachment wp-att-338\"><img loading=\"lazy\" decoding=\"async\" aria-describedby=\"caption-attachment-338\" class=\"size-large wp-image-338\" src=\"https:\/\/blogsaverroes.juntadeandalucia.es\/vegacima\/files\/2024\/06\/cima-lineas-1024x576.png\" alt=\"\u00c1mbitos de conocimiento y l\u00edneas de actuaci\u00f3n del Programa CIMA\" width=\"660\" height=\"371\" srcset=\"https:\/\/blogsaverroes.juntadeandalucia.es\/vegacima\/files\/2024\/06\/cima-lineas-1024x576.png 1024w, https:\/\/blogsaverroes.juntadeandalucia.es\/vegacima\/files\/2024\/06\/cima-lineas-300x169.png 300w, https:\/\/blogsaverroes.juntadeandalucia.es\/vegacima\/files\/2024\/06\/cima-lineas-768x432.png 768w, https:\/\/blogsaverroes.juntadeandalucia.es\/vegacima\/files\/2024\/06\/cima-lineas-1536x864.png 1536w, https:\/\/blogsaverroes.juntadeandalucia.es\/vegacima\/files\/2024\/06\/cima-lineas-700x393.png 700w, https:\/\/blogsaverroes.juntadeandalucia.es\/vegacima\/files\/2024\/06\/cima-lineas.png 1920w\" sizes=\"(max-width: 660px) 100vw, 660px\" \/><\/a><p id=\"caption-attachment-338\" class=\"wp-caption-text\">\u00c1mbitos de conocimiento y l\u00edneas de actuaci\u00f3n del Programa CIMA \/\/ <em>Curso de formaci\u00f3n del Programa CIMA<\/em><\/p><\/div>\n<p>Los centros educativos seleccionan, de entre las anteriores, las l\u00edneas de actuaci\u00f3n a desarrollar en cada curso escolar.<\/p>\n<h2>Actuaciones complementarias<\/h2>\n<p>Para las l\u00edneas de actuaci\u00f3n anteriores, adem\u00e1s de las actividades que desde el centro se proponen, desde la Consejer\u00eda de Desarrollo Educativo y Formaci\u00f3n Profesional se proponen para cada curso escolar, una serie de <strong><span style=\"color: #008000\">actuaciones complementarias<\/span><\/strong>.<\/p>\n<p>Algunas de estas <strong>actuaciones complementarias<\/strong> han sido:<\/p>\n<div id=\"attachment_460\" style=\"width: 660px\" class=\"wp-caption aligncenter\"><a href=\"https:\/\/blogsaverroes.juntadeandalucia.es\/vegacima\/programa-cima\/que-es\/cima-actuaciones\/\" rel=\"attachment wp-att-460\"><img loading=\"lazy\" decoding=\"async\" aria-describedby=\"caption-attachment-460\" class=\"size-large wp-image-460\" src=\"https:\/\/blogsaverroes.juntadeandalucia.es\/vegacima\/files\/2024\/06\/cima-actuaciones-724x1024.png\" alt=\"Actuaciones complementarias CIMA 23-24 \/\/ Curso de formaci\u00f3n del Programa CIMA\" width=\"660\" height=\"933\" srcset=\"https:\/\/blogsaverroes.juntadeandalucia.es\/vegacima\/files\/2024\/06\/cima-actuaciones-724x1024.png 724w, https:\/\/blogsaverroes.juntadeandalucia.es\/vegacima\/files\/2024\/06\/cima-actuaciones-212x300.png 212w, https:\/\/blogsaverroes.juntadeandalucia.es\/vegacima\/files\/2024\/06\/cima-actuaciones-768x1086.png 768w, https:\/\/blogsaverroes.juntadeandalucia.es\/vegacima\/files\/2024\/06\/cima-actuaciones-1086x1536.png 1086w, https:\/\/blogsaverroes.juntadeandalucia.es\/vegacima\/files\/2024\/06\/cima-actuaciones-700x990.png 700w, https:\/\/blogsaverroes.juntadeandalucia.es\/vegacima\/files\/2024\/06\/cima-actuaciones.png 1414w\" sizes=\"(max-width: 660px) 100vw, 660px\" \/><\/a><p id=\"caption-attachment-460\" class=\"wp-caption-text\">Actuaciones complementarias CIMA 23-24 \/\/ <em>Curso de formaci\u00f3n del Programa CIMA<\/em><\/p><\/div>\n<p>Los centros CIMA que desarrollan dichas l\u00edneas de actuaci\u00f3n pueden adherirse a estas actividades, seg\u00fan las convocatorias que, de cada una de las mismas se realiza.<\/p>\n<h2>Metodolog\u00eda<\/h2>\n<p>El Programa CIMA basa su <strong>metodolog\u00eda<\/strong> en el esquema del modelo metodol\u00f3gico <strong><span style=\"color: #008000\">investigaci\u00f3n-acci\u00f3n<\/span><\/strong>, fundamentada, en base a los ciclos y acciones principales, en: <strong><span style=\"color: #008000\">Diagn\u00f3stico<\/span><\/strong>, <strong><span style=\"color: #008000\">Dise\u00f1o e implementaci\u00f3n<\/span><\/strong>, <strong><span style=\"color: #008000\">Reflexi\u00f3n y evaluaci\u00f3n<\/span><\/strong>, <strong><span style=\"color: #008000\">Comunicaci\u00f3n y difusi\u00f3n<\/span><\/strong>.<\/p>\n<div id=\"attachment_339\" style=\"width: 660px\" class=\"wp-caption aligncenter\"><a href=\"https:\/\/blogsaverroes.juntadeandalucia.es\/vegacima\/programa-cima\/que-es\/cima-metodologia\/\" rel=\"attachment wp-att-339\"><img loading=\"lazy\" decoding=\"async\" aria-describedby=\"caption-attachment-339\" class=\"size-large wp-image-339\" src=\"https:\/\/blogsaverroes.juntadeandalucia.es\/vegacima\/files\/2024\/06\/cima-metodologia-1024x726.png\" alt=\"Modelo metodol\u00f3gico del Programa CIMA\" width=\"660\" height=\"468\" srcset=\"https:\/\/blogsaverroes.juntadeandalucia.es\/vegacima\/files\/2024\/06\/cima-metodologia-1024x726.png 1024w, https:\/\/blogsaverroes.juntadeandalucia.es\/vegacima\/files\/2024\/06\/cima-metodologia-300x213.png 300w, https:\/\/blogsaverroes.juntadeandalucia.es\/vegacima\/files\/2024\/06\/cima-metodologia-768x545.png 768w, https:\/\/blogsaverroes.juntadeandalucia.es\/vegacima\/files\/2024\/06\/cima-metodologia-1536x1090.png 1536w, https:\/\/blogsaverroes.juntadeandalucia.es\/vegacima\/files\/2024\/06\/cima-metodologia-700x497.png 700w, https:\/\/blogsaverroes.juntadeandalucia.es\/vegacima\/files\/2024\/06\/cima-metodologia.png 1748w\" sizes=\"(max-width: 660px) 100vw, 660px\" \/><\/a><p id=\"caption-attachment-339\" class=\"wp-caption-text\">Modelo metodol\u00f3gico del Programa CIMA \/\/ <em>Curso de formaci\u00f3n del Programa CIMA<\/em><\/p><\/div>\n<p>&nbsp;<\/p>\n<h2>Plan de actuaci\u00f3n<\/h2>\n<p>Es el documento de concreci\u00f3n curricular para el curso escolar. La persona coordinadora del Programa CIMA ser\u00e1 la encargada de su elaboraci\u00f3n, en colaboraci\u00f3n con las personas responsables de cada \u00e1mbito de conocimiento y del Equipo CIMA.<\/p>\n<p>El <strong>Plan de Actuaci\u00f3n CIMA<\/strong> tiene, al menos, los siguientes <strong>apartados<\/strong>:<\/p>\n<ol>\n<li>Indicaci\u00f3n de los <strong><span style=\"color: #008000\">agentes del cambio<\/span><\/strong> para la transformaci\u00f3n.<\/li>\n<li><strong><span style=\"color: #008000\">Diagn\u00f3stico inicial<\/span> <\/strong>del centro docente (identificaci\u00f3n de necesidades y activos locales). Los resultados de este diagn\u00f3stico, junto a los resultados recogidos en la Memoria de Autoevaluaci\u00f3n del curso anterior, ayudar\u00e1n a situar al centro en el punto de salida para la identificaci\u00f3n de la meta o metas que gu\u00eden la intervenci\u00f3n.<\/li>\n<li><strong><span style=\"color: #008000\">Centros de Inter\u00e9s<\/span><\/strong>, <strong><span style=\"color: #008000\">\u00c1mbitos de conocimiento<\/span><\/strong> y <strong><span style=\"color: #008000\">L\u00edneas de Actuaci\u00f3n<\/span><\/strong> seleccionados que impulsen el cambio.<\/li>\n<li><strong><span style=\"color: #008000\">Objetivos<\/span> <\/strong>de cada una de las L\u00edneas de Actuaci\u00f3n seleccionadas.<\/li>\n<li>Modelo metodol\u00f3gico: <strong><span style=\"color: #008000\">propuesta metodol\u00f3gica<\/span><\/strong>, <strong><span style=\"color: #008000\">recursos<\/span><\/strong>, <strong><span style=\"color: #008000\">organizaci\u00f3n de espacios<\/span><\/strong>, <strong><span style=\"color: #008000\">tiempos<\/span> <\/strong>y <strong><span style=\"color: #008000\">agrupamientos<\/span><\/strong>.<\/li>\n<li>Herramientas de <strong><span style=\"color: #008000\">comunicaci\u00f3n y difusi\u00f3n<\/span><\/strong> para promover el trabajo en equipo, el trabajo en red y proyectar los avances de la transformaci\u00f3n en m\u00faltiples entornos f\u00edsicos y digitales.<\/li>\n<li>Herramientas de an\u00e1lisis, reflexi\u00f3n y evaluaci\u00f3n con indicadores para el seguimiento y <strong><span style=\"color: #008000\">evaluaci\u00f3n<\/span> <\/strong>del proyecto en relaci\u00f3n con las metas.<\/li>\n<li><strong><span style=\"color: #008000\">Proyecto de formaci\u00f3n<\/span><\/strong> espec\u00edfica con indicaci\u00f3n de las necesidades formativas para la capacitaci\u00f3n docente.<\/li>\n<li><strong><span style=\"color: #008000\">Cronograma<\/span> <\/strong>de actuaci\u00f3n con indicaci\u00f3n de los sectores de participaci\u00f3n.<\/li>\n<\/ol>\n<div id=\"attachment_464\" style=\"width: 300px\" class=\"wp-caption aligncenter\"><a href=\"https:\/\/blogsaverroes.juntadeandalucia.es\/vegacima\/files\/2024\/06\/cima-manual-plan-23-24.pdf\"><img loading=\"lazy\" decoding=\"async\" aria-describedby=\"caption-attachment-464\" class=\"wp-image-464 size-medium\" src=\"https:\/\/blogsaverroes.juntadeandalucia.es\/vegacima\/files\/2024\/06\/cima-manual-plan-300x169.png\" alt=\"Manual elaboraci\u00f3n Plan Anual\" width=\"300\" height=\"169\" srcset=\"https:\/\/blogsaverroes.juntadeandalucia.es\/vegacima\/files\/2024\/06\/cima-manual-plan-300x169.png 300w, https:\/\/blogsaverroes.juntadeandalucia.es\/vegacima\/files\/2024\/06\/cima-manual-plan-1024x576.png 1024w, https:\/\/blogsaverroes.juntadeandalucia.es\/vegacima\/files\/2024\/06\/cima-manual-plan-768x432.png 768w, https:\/\/blogsaverroes.juntadeandalucia.es\/vegacima\/files\/2024\/06\/cima-manual-plan-1536x864.png 1536w, https:\/\/blogsaverroes.juntadeandalucia.es\/vegacima\/files\/2024\/06\/cima-manual-plan-2048x1152.png 2048w, https:\/\/blogsaverroes.juntadeandalucia.es\/vegacima\/files\/2024\/06\/cima-manual-plan-700x393.png 700w\" sizes=\"(max-width: 300px) 100vw, 300px\" \/><\/a><p id=\"caption-attachment-464\" class=\"wp-caption-text\">Manual elaboraci\u00f3n Plan Anual<\/p><\/div>\n<p>En la imagen anterior dejamos el enlace al <strong>manual para la elaboraci\u00f3n del Plan de Actuaci\u00f3n<\/strong> publicado por la Consejer\u00eda de Desarrollo educativo y Formaci\u00f3n Profesional:<\/p>\n","protected":false},"excerpt":{"rendered":"<p>El Programa para la Innovaci\u00f3n y la Mejora de los Aprendizajes (Programa CIMA) tiene como objetivo impulsar la innovaci\u00f3n educativa y la mejora del aprendizaje en los centros docentes. Se convoca y regula mediante la Resoluci\u00f3n de 3 de noviembre, de la Direcci\u00f3n General de Tecnolog\u00edas Avanzadas y Transformaci\u00f3n Educativa, sobre los programas para la &hellip; <\/p>\n<p><a class=\"more-link btn\" href=\"https:\/\/blogsaverroes.juntadeandalucia.es\/vegacima\/programa-cima\/que-es\/\">Seguir leyendo<\/a><\/p>\n","protected":false},"author":1119,"featured_media":0,"parent":97,"menu_order":0,"comment_status":"closed","ping_status":"closed","template":"","meta":{"ngg_post_thumbnail":0,"footnotes":"","_mc_calendar":[]},"aioseo_notices":[],"_links":{"self":[{"href":"https:\/\/blogsaverroes.juntadeandalucia.es\/vegacima\/wp-json\/wp\/v2\/pages\/26"}],"collection":[{"href":"https:\/\/blogsaverroes.juntadeandalucia.es\/vegacima\/wp-json\/wp\/v2\/pages"}],"about":[{"href":"https:\/\/blogsaverroes.juntadeandalucia.es\/vegacima\/wp-json\/wp\/v2\/types\/page"}],"author":[{"embeddable":true,"href":"https:\/\/blogsaverroes.juntadeandalucia.es\/vegacima\/wp-json\/wp\/v2\/users\/1119"}],"replies":[{"embeddable":true,"href":"https:\/\/blogsaverroes.juntadeandalucia.es\/vegacima\/wp-json\/wp\/v2\/comments?post=26"}],"version-history":[{"count":12,"href":"https:\/\/blogsaverroes.juntadeandalucia.es\/vegacima\/wp-json\/wp\/v2\/pages\/26\/revisions"}],"predecessor-version":[{"id":470,"href":"https:\/\/blogsaverroes.juntadeandalucia.es\/vegacima\/wp-json\/wp\/v2\/pages\/26\/revisions\/470"}],"up":[{"embeddable":true,"href":"https:\/\/blogsaverroes.juntadeandalucia.es\/vegacima\/wp-json\/wp\/v2\/pages\/97"}],"wp:attachment":[{"href":"https:\/\/blogsaverroes.juntadeandalucia.es\/vegacima\/wp-json\/wp\/v2\/media?parent=26"}],"curies":[{"name":"wp","href":"https:\/\/api.w.org\/{rel}","templated":true}]}}