{"id":38,"date":"2024-06-08T17:09:51","date_gmt":"2024-06-08T15:09:51","guid":{"rendered":"https:\/\/blogsaverroes.juntadeandalucia.es\/vegacima\/?page_id=38"},"modified":"2024-06-16T10:27:28","modified_gmt":"2024-06-16T08:27:28","slug":"steam","status":"publish","type":"page","link":"https:\/\/blogsaverroes.juntadeandalucia.es\/vegacima\/steam\/","title":{"rendered":"STEAM"},"content":{"rendered":"<p>Este \u00e1mbito se incluye dentro del centro de inter\u00e9s <strong><span style=\"color: #2055a2\">Para la transformaci\u00f3n digital educativa<\/span><\/strong>.<\/p>\n<p>Se corresponde con el antiguo <em>Rob\u00f3tica aplicada al Aula<\/em>, que se ven\u00eda desarrollando en nuestro.<\/p>\n<p>Responsable del \u00e1mbito: <strong>Francisco Manuel Hidalgo Alonso<\/strong>.<\/p>\n<div style=\"border: 1px solid #2055a2;background-color: #dfe8f4;padding: 1em;border-radius: 1em\">\n<p>L\u00edneas de actuaci\u00f3n:<\/p>\n<ul>\n<li><strong><span style=\"color: #2055a2\">Rob\u00f3tica<\/span><\/strong><\/li>\n<\/ul>\n<\/div>\n<p>&nbsp;<\/p>\n<div class=\"responsive-two-columns\">\n<div>\n<h2>\u00daltimas actividades&#8230;<\/h2>\n<\/div>\n<div>\n<p style=\"text-align: right;margin-top: .5em\"><a class=\"a-button\" href=\"https:\/\/blogsaverroes.juntadeandalucia.es\/vegacima\/secciones\/actividades\/steam\">Ver las actividades del \u00e1mbito<\/a><\/p>\n<\/div>\n<\/div>\n<div class=\"pt-cv-wrapper\"><div class=\"pt-cv-view pt-cv-grid pt-cv-colsys\" id=\"pt-cv-view-10718d68xw\"><div data-id=\"pt-cv-page-1\" class=\"pt-cv-page\" data-cvc=\"4\"><div class=\"col-md-3 col-sm-3 col-xs-6 pt-cv-content-item pt-cv-1-col\" ><div class='pt-cv-ifield'><a href=\"https:\/\/blogsaverroes.juntadeandalucia.es\/vegacima\/2023\/06\/05\/infografias-sobre-la-historia-y-caracteristicas-de-la-vega-de-granada\/\" class=\"_self pt-cv-href-thumbnail pt-cv-thumb-default\" target=\"_self\" ><img loading=\"lazy\" decoding=\"async\" width=\"150\" height=\"150\" src=\"https:\/\/blogsaverroes.juntadeandalucia.es\/vegacima\/files\/2024\/06\/nggallery_import\/Berenjena-150x150.png\" class=\"pt-cv-thumbnail\" alt=\"\" srcset=\"https:\/\/blogsaverroes.juntadeandalucia.es\/vegacima\/files\/2024\/06\/nggallery_import\/Berenjena-150x150.png 150w, https:\/\/blogsaverroes.juntadeandalucia.es\/vegacima\/files\/2024\/06\/nggallery_import\/Berenjena-432x432.png 432w, https:\/\/blogsaverroes.juntadeandalucia.es\/vegacima\/files\/2024\/06\/nggallery_import\/Berenjena-268x268.png 268w\" sizes=\"(max-width: 150px) 100vw, 150px\" \/><\/a>\n<p class=\"pt-cv-title\"><a href=\"https:\/\/blogsaverroes.juntadeandalucia.es\/vegacima\/2023\/06\/05\/infografias-sobre-la-historia-y-caracteristicas-de-la-vega-de-granada\/\" class=\"_self\" target=\"_self\" >Infograf\u00edas sobre la historia y caracter\u00edsticas de la Vega de Granada<\/a><\/p><\/div><\/div>\n<div class=\"col-md-3 col-sm-3 col-xs-6 pt-cv-content-item pt-cv-1-col\" ><div class='pt-cv-ifield'><a href=\"https:\/\/blogsaverroes.juntadeandalucia.es\/vegacima\/2023\/05\/22\/debate-la-ia-ventajas-y-peligros\/\" class=\"_self pt-cv-href-thumbnail pt-cv-thumb-default\" target=\"_self\" ><img loading=\"lazy\" decoding=\"async\" width=\"150\" height=\"150\" src=\"https:\/\/blogsaverroes.juntadeandalucia.es\/vegacima\/files\/2024\/06\/nggallery_import\/debate-ia-2-150x150.jpg\" class=\"pt-cv-thumbnail\" alt=\"\" srcset=\"https:\/\/blogsaverroes.juntadeandalucia.es\/vegacima\/files\/2024\/06\/nggallery_import\/debate-ia-2-150x150.jpg 150w, https:\/\/blogsaverroes.juntadeandalucia.es\/vegacima\/files\/2024\/06\/nggallery_import\/debate-ia-2-432x432.jpg 432w, https:\/\/blogsaverroes.juntadeandalucia.es\/vegacima\/files\/2024\/06\/nggallery_import\/debate-ia-2-268x268.jpg 268w\" sizes=\"(max-width: 150px) 100vw, 150px\" \/><\/a>\n<p class=\"pt-cv-title\"><a href=\"https:\/\/blogsaverroes.juntadeandalucia.es\/vegacima\/2023\/05\/22\/debate-la-ia-ventajas-y-peligros\/\" class=\"_self\" target=\"_self\" >Debate: La IA, ventajas y peligros<\/a><\/p><\/div><\/div><\/div><\/div><\/div>\n","protected":false},"excerpt":{"rendered":"<p>Este \u00e1mbito se incluye dentro del centro de inter\u00e9s Para la transformaci\u00f3n digital educativa. Se corresponde con el antiguo Rob\u00f3tica aplicada al Aula, que se ven\u00eda desarrollando en nuestro. Responsable del \u00e1mbito: Francisco Manuel Hidalgo Alonso. L\u00edneas de actuaci\u00f3n: Rob\u00f3tica &nbsp; \u00daltimas actividades&#8230; Ver las actividades del \u00e1mbito<\/p>\n","protected":false},"author":1119,"featured_media":0,"parent":0,"menu_order":0,"comment_status":"closed","ping_status":"closed","template":"","meta":{"ngg_post_thumbnail":0,"footnotes":"","_mc_calendar":[]},"aioseo_notices":[],"_links":{"self":[{"href":"https:\/\/blogsaverroes.juntadeandalucia.es\/vegacima\/wp-json\/wp\/v2\/pages\/38"}],"collection":[{"href":"https:\/\/blogsaverroes.juntadeandalucia.es\/vegacima\/wp-json\/wp\/v2\/pages"}],"about":[{"href":"https:\/\/blogsaverroes.juntadeandalucia.es\/vegacima\/wp-json\/wp\/v2\/types\/page"}],"author":[{"embeddable":true,"href":"https:\/\/blogsaverroes.juntadeandalucia.es\/vegacima\/wp-json\/wp\/v2\/users\/1119"}],"replies":[{"embeddable":true,"href":"https:\/\/blogsaverroes.juntadeandalucia.es\/vegacima\/wp-json\/wp\/v2\/comments?post=38"}],"version-history":[{"count":6,"href":"https:\/\/blogsaverroes.juntadeandalucia.es\/vegacima\/wp-json\/wp\/v2\/pages\/38\/revisions"}],"predecessor-version":[{"id":416,"href":"https:\/\/blogsaverroes.juntadeandalucia.es\/vegacima\/wp-json\/wp\/v2\/pages\/38\/revisions\/416"}],"wp:attachment":[{"href":"https:\/\/blogsaverroes.juntadeandalucia.es\/vegacima\/wp-json\/wp\/v2\/media?parent=38"}],"curies":[{"name":"wp","href":"https:\/\/api.w.org\/{rel}","templated":true}]}}