{"id":22,"date":"2024-03-27T19:03:33","date_gmt":"2024-03-27T19:03:33","guid":{"rendered":"https:\/\/blogsaverroes.juntadeandalucia.es\/vegaconvivencia\/?page_id=22"},"modified":"2024-03-27T19:03:33","modified_gmt":"2024-03-27T19:03:33","slug":"ciberacoso","status":"publish","type":"page","link":"https:\/\/blogsaverroes.juntadeandalucia.es\/vegaconvivencia\/ciberacoso\/","title":{"rendered":"Ciberacoso"},"content":{"rendered":"<p><span style=\"font-size: 18pt\">Dec\u00e1logo para la prevenci\u00f3n del Ciberacoso.<\/span><\/p>\n<p>Gu\u00eda para el <strong><a href=\"https:\/\/www.juntadeandalucia.es\/educacion\/portals\/web\/convivencia-escolar\/detalles\/-\/contenidos\/detalle\/decalogo-para-la-prevencion-del-ciberacoso-guia-para-el-alumnado\">ALUMNADO<\/a><\/strong>.<\/p>\n<p>Gu\u00eda para las <strong><a href=\"https:\/\/www.juntadeandalucia.es\/educacion\/portals\/web\/convivencia-escolar\/detalles\/-\/contenidos\/detalle\/decalogo-para-la-prevencion-del-ciberacoso-guia-para-las-familias\">FAMILIAS<\/a><\/strong>.<\/p>\n","protected":false},"excerpt":{"rendered":"<p>Dec\u00e1logo para la prevenci\u00f3n del Ciberacoso. Gu\u00eda para el ALUMNADO. Gu\u00eda para las FAMILIAS.<\/p>\n","protected":false},"author":8165,"featured_media":0,"parent":0,"menu_order":0,"comment_status":"closed","ping_status":"closed","template":"","meta":{"ngg_post_thumbnail":0,"footnotes":""},"aioseo_notices":[],"_links":{"self":[{"href":"https:\/\/blogsaverroes.juntadeandalucia.es\/vegaconvivencia\/wp-json\/wp\/v2\/pages\/22"}],"collection":[{"href":"https:\/\/blogsaverroes.juntadeandalucia.es\/vegaconvivencia\/wp-json\/wp\/v2\/pages"}],"about":[{"href":"https:\/\/blogsaverroes.juntadeandalucia.es\/vegaconvivencia\/wp-json\/wp\/v2\/types\/page"}],"author":[{"embeddable":true,"href":"https:\/\/blogsaverroes.juntadeandalucia.es\/vegaconvivencia\/wp-json\/wp\/v2\/users\/8165"}],"replies":[{"embeddable":true,"href":"https:\/\/blogsaverroes.juntadeandalucia.es\/vegaconvivencia\/wp-json\/wp\/v2\/comments?post=22"}],"version-history":[{"count":1,"href":"https:\/\/blogsaverroes.juntadeandalucia.es\/vegaconvivencia\/wp-json\/wp\/v2\/pages\/22\/revisions"}],"predecessor-version":[{"id":23,"href":"https:\/\/blogsaverroes.juntadeandalucia.es\/vegaconvivencia\/wp-json\/wp\/v2\/pages\/22\/revisions\/23"}],"wp:attachment":[{"href":"https:\/\/blogsaverroes.juntadeandalucia.es\/vegaconvivencia\/wp-json\/wp\/v2\/media?parent=22"}],"curies":[{"name":"wp","href":"https:\/\/api.w.org\/{rel}","templated":true}]}}