{"id":2,"date":"2022-12-03T11:25:13","date_gmt":"2022-12-03T11:25:13","guid":{"rendered":"https:\/\/blogsaverroes.juntadeandalucia.es\/vegadptoclasicas\/?page_id=2"},"modified":"2023-10-04T07:05:51","modified_gmt":"2023-10-04T07:05:51","slug":"pagina-ejemplo","status":"publish","type":"page","link":"https:\/\/blogsaverroes.juntadeandalucia.es\/vegadptoclasicas\/","title":{"rendered":"Departamento de Cl\u00e1sicas"},"content":{"rendered":"<p><span style=\"font-size: 24pt\">Responsable: Pilar Guti\u00e9rrez<\/span><\/p>\n<p><span style=\"color: #ff6600;font-size: 24pt\">Componentes:<\/span><\/p>\n<ul>\n<li><span style=\"font-size: 14pt\"><span style=\"color: #d00808\">D\u00f1a. M\u00aa Pilar Guti\u00e9rrez<\/span> (Jefa de departamento))<\/span><\/li>\n<\/ul>\n<p><span style=\"color: #ff6600;font-size: 24pt\">Materiales y libros de texto:<\/span><\/p>\n<p><span style=\"font-size: 14pt\">Libro de texto de 4\u00ba de ESO: Lat\u00edn, Ed. SM.<\/span><\/p>\n<p><span style=\"font-size: 14pt\">Libro recomendado en Bachillerato: Lat\u00edn, Serie Interpreta, Ed. Santillana. Tambi\u00e9n se recomienda el uso del Diccionario Lat\u00edn-Espa\u00f1ol, Ed. Vox.<\/span><\/p>\n","protected":false},"excerpt":{"rendered":"<p>Responsable: Pilar Guti\u00e9rrez Componentes: D\u00f1a. M\u00aa Pilar Guti\u00e9rrez (Jefa de departamento)) Materiales y libros de texto: Libro de texto de 4\u00ba de ESO: Lat\u00edn, Ed. SM. Libro recomendado en Bachillerato: Lat\u00edn, Serie Interpreta, Ed. Santillana. Tambi\u00e9n se recomienda el uso del Diccionario Lat\u00edn-Espa\u00f1ol, Ed. Vox.<\/p>\n","protected":false},"author":7647,"featured_media":0,"parent":0,"menu_order":0,"comment_status":"closed","ping_status":"open","template":"","meta":{"ngg_post_thumbnail":0,"footnotes":""},"aioseo_notices":[],"_links":{"self":[{"href":"https:\/\/blogsaverroes.juntadeandalucia.es\/vegadptoclasicas\/wp-json\/wp\/v2\/pages\/2"}],"collection":[{"href":"https:\/\/blogsaverroes.juntadeandalucia.es\/vegadptoclasicas\/wp-json\/wp\/v2\/pages"}],"about":[{"href":"https:\/\/blogsaverroes.juntadeandalucia.es\/vegadptoclasicas\/wp-json\/wp\/v2\/types\/page"}],"author":[{"embeddable":true,"href":"https:\/\/blogsaverroes.juntadeandalucia.es\/vegadptoclasicas\/wp-json\/wp\/v2\/users\/7647"}],"replies":[{"embeddable":true,"href":"https:\/\/blogsaverroes.juntadeandalucia.es\/vegadptoclasicas\/wp-json\/wp\/v2\/comments?post=2"}],"version-history":[{"count":4,"href":"https:\/\/blogsaverroes.juntadeandalucia.es\/vegadptoclasicas\/wp-json\/wp\/v2\/pages\/2\/revisions"}],"predecessor-version":[{"id":27,"href":"https:\/\/blogsaverroes.juntadeandalucia.es\/vegadptoclasicas\/wp-json\/wp\/v2\/pages\/2\/revisions\/27"}],"wp:attachment":[{"href":"https:\/\/blogsaverroes.juntadeandalucia.es\/vegadptoclasicas\/wp-json\/wp\/v2\/media?parent=2"}],"curies":[{"name":"wp","href":"https:\/\/api.w.org\/{rel}","templated":true}]}}