{"id":2,"date":"2022-12-03T11:01:55","date_gmt":"2022-12-03T11:01:55","guid":{"rendered":"https:\/\/blogsaverroes.juntadeandalucia.es\/vegadptoef\/?page_id=2"},"modified":"2025-04-30T10:24:36","modified_gmt":"2025-04-30T10:24:36","slug":"pagina-ejemplo","status":"publish","type":"page","link":"https:\/\/blogsaverroes.juntadeandalucia.es\/vegadptoef\/","title":{"rendered":"Departamento de Educaci\u00f3n F\u00edsica"},"content":{"rendered":"<p><span style=\"font-size: 24pt\">Responsable: Br\u00edgida Maldonado<\/span><\/p>\n<p><span style=\"color: #ff6600;font-size: 24pt\">Componentes:<\/span><\/p>\n<ul>\n<li><span style=\"font-size: 14pt\">D. Jos\u00e9 Emilio Garc\u00eda<\/span><\/li>\n<li><span style=\"font-size: 14pt\"><span style=\"color: #d00808\">D\u00f1a. Br\u00edgida Maldonado<\/span> (Jefa de departamento)<\/span><\/li>\n<li><span style=\"font-size: 14pt\">D\u00f1a. Julia Moncada<\/span><\/li>\n<\/ul>\n<p><span style=\"color: #ff6600;font-size: 24pt\">Materiales y libros de texto:<\/span><\/p>\n<p><span style=\"font-size: 14pt\">Material did\u00e1ctico realizado por el Departamento.<\/span><\/p>\n","protected":false},"excerpt":{"rendered":"<p>Responsable: Br\u00edgida Maldonado Componentes: D. Jos\u00e9 Emilio Garc\u00eda D\u00f1a. Br\u00edgida Maldonado (Jefa de departamento) D\u00f1a. Julia Moncada Materiales y libros de texto: Material did\u00e1ctico realizado por el Departamento.<\/p>\n","protected":false},"author":7647,"featured_media":0,"parent":0,"menu_order":0,"comment_status":"closed","ping_status":"open","template":"","meta":{"ngg_post_thumbnail":0,"footnotes":""},"aioseo_notices":[],"_links":{"self":[{"href":"https:\/\/blogsaverroes.juntadeandalucia.es\/vegadptoef\/wp-json\/wp\/v2\/pages\/2"}],"collection":[{"href":"https:\/\/blogsaverroes.juntadeandalucia.es\/vegadptoef\/wp-json\/wp\/v2\/pages"}],"about":[{"href":"https:\/\/blogsaverroes.juntadeandalucia.es\/vegadptoef\/wp-json\/wp\/v2\/types\/page"}],"author":[{"embeddable":true,"href":"https:\/\/blogsaverroes.juntadeandalucia.es\/vegadptoef\/wp-json\/wp\/v2\/users\/7647"}],"replies":[{"embeddable":true,"href":"https:\/\/blogsaverroes.juntadeandalucia.es\/vegadptoef\/wp-json\/wp\/v2\/comments?post=2"}],"version-history":[{"count":8,"href":"https:\/\/blogsaverroes.juntadeandalucia.es\/vegadptoef\/wp-json\/wp\/v2\/pages\/2\/revisions"}],"predecessor-version":[{"id":64,"href":"https:\/\/blogsaverroes.juntadeandalucia.es\/vegadptoef\/wp-json\/wp\/v2\/pages\/2\/revisions\/64"}],"wp:attachment":[{"href":"https:\/\/blogsaverroes.juntadeandalucia.es\/vegadptoef\/wp-json\/wp\/v2\/media?parent=2"}],"curies":[{"name":"wp","href":"https:\/\/api.w.org\/{rel}","templated":true}]}}