{"id":2,"date":"2022-11-08T12:13:30","date_gmt":"2022-11-08T12:13:30","guid":{"rendered":"https:\/\/blogsaverroes.juntadeandalucia.es\/vegadptofisicayquimica\/?page_id=2"},"modified":"2023-10-11T14:12:39","modified_gmt":"2023-10-11T14:12:39","slug":"pagina-ejemplo","status":"publish","type":"page","link":"https:\/\/blogsaverroes.juntadeandalucia.es\/vegadptofisicayquimica\/","title":{"rendered":"Departamento de F\u00edsica y Qu\u00edmica"},"content":{"rendered":"<p><span style=\"font-size: 24pt\">Responsable: Margarita Castro<\/span><\/p>\n<p><span style=\"color: #ff6600;font-size: 24pt\">Componentes:<\/span><\/p>\n<ul>\n<li><span style=\"font-size: 14pt\"><span style=\"color: #d00808\">D\u00f1a. Margarita Castro<\/span> (Jefa de departamento)<\/span><\/li>\n<li><span style=\"font-size: 14pt\">D\u00f1a. Cristina Garc\u00eda<\/span><\/li>\n<li><span style=\"font-size: 14pt\">D\u00f1a. Montserrat Jim\u00e9nez<\/span><\/li>\n<li><span style=\"font-size: 14pt\">D. Francisco Javier P\u00e9rez<\/span><\/li>\n<\/ul>\n<p><span style=\"color: #ff6600;font-size: 24pt\">Materiales y libros de texto:<\/span><\/p>\n<p><span style=\"font-size: 14pt\">Estamos trabajando en ello&#8230;<\/span><\/p>\n<p><span style=\"font-size: 24pt\"><a href=\"https:\/\/blogsaverroes.juntadeandalucia.es\/miauladefisicayquimica\/\" target=\"_blank\" rel=\"noopener noreferrer\">Visita nuestro sitio<\/a><\/span><\/p>\n","protected":false},"excerpt":{"rendered":"<p>Responsable: Margarita Castro Componentes: D\u00f1a. Margarita Castro (Jefa de departamento) D\u00f1a. Cristina Garc\u00eda D\u00f1a. Montserrat Jim\u00e9nez D. Francisco Javier P\u00e9rez Materiales y libros de texto: Estamos trabajando en ello&#8230; Visita nuestro sitio<\/p>\n","protected":false},"author":7647,"featured_media":0,"parent":0,"menu_order":0,"comment_status":"closed","ping_status":"open","template":"","meta":{"ngg_post_thumbnail":0,"footnotes":""},"aioseo_notices":[],"_links":{"self":[{"href":"https:\/\/blogsaverroes.juntadeandalucia.es\/vegadptofisicayquimica\/wp-json\/wp\/v2\/pages\/2"}],"collection":[{"href":"https:\/\/blogsaverroes.juntadeandalucia.es\/vegadptofisicayquimica\/wp-json\/wp\/v2\/pages"}],"about":[{"href":"https:\/\/blogsaverroes.juntadeandalucia.es\/vegadptofisicayquimica\/wp-json\/wp\/v2\/types\/page"}],"author":[{"embeddable":true,"href":"https:\/\/blogsaverroes.juntadeandalucia.es\/vegadptofisicayquimica\/wp-json\/wp\/v2\/users\/7647"}],"replies":[{"embeddable":true,"href":"https:\/\/blogsaverroes.juntadeandalucia.es\/vegadptofisicayquimica\/wp-json\/wp\/v2\/comments?post=2"}],"version-history":[{"count":10,"href":"https:\/\/blogsaverroes.juntadeandalucia.es\/vegadptofisicayquimica\/wp-json\/wp\/v2\/pages\/2\/revisions"}],"predecessor-version":[{"id":60,"href":"https:\/\/blogsaverroes.juntadeandalucia.es\/vegadptofisicayquimica\/wp-json\/wp\/v2\/pages\/2\/revisions\/60"}],"wp:attachment":[{"href":"https:\/\/blogsaverroes.juntadeandalucia.es\/vegadptofisicayquimica\/wp-json\/wp\/v2\/media?parent=2"}],"curies":[{"name":"wp","href":"https:\/\/api.w.org\/{rel}","templated":true}]}}