{"id":2,"date":"2022-11-08T12:23:49","date_gmt":"2022-11-08T12:23:49","guid":{"rendered":"https:\/\/blogsaverroes.juntadeandalucia.es\/vegadptoingles\/?page_id=2"},"modified":"2026-02-14T07:15:31","modified_gmt":"2026-02-14T07:15:31","slug":"pagina-ejemplo","status":"publish","type":"page","link":"https:\/\/blogsaverroes.juntadeandalucia.es\/vegadptoingles\/","title":{"rendered":"Departamento de Ingl\u00e9s"},"content":{"rendered":"<p style=\"text-align: left\"><span style=\"font-size: 24pt\">Responsable: M\u00aa Carmen Rodr\u00edguez Ruiz<\/span><\/p>\n<p><span style=\"color: #ff6600;font-size: 24pt\">Componentes:<\/span><\/p>\n<ul>\n<li style=\"list-style-type: none\">\n<ul>\n<li><span style=\"font-size: 14pt\">D\u00f1a. Ana \u00c1guila L\u00f3pez<\/span><\/li>\n<li><span style=\"font-size: 14pt\">D\u00f1a. Irene Hurtado Cobos<\/span><\/li>\n<li><span style=\"font-size: 14pt\">D\u00f1a. Mar\u00eda L\u00f3pez Garc\u00eda<\/span><\/li>\n<li><span style=\"font-size: 14pt\">D. Francisco Antonio Pe\u00f1a Rivas<\/span><\/li>\n<li><span style=\"font-size: 14pt\">D. Juan Jos\u00e9 P\u00e9rez Medialdea<\/span><\/li>\n<li><span style=\"font-size: 14pt\"><span style=\"color: #d00808\">D\u00f1a. M\u00aa Carmen Rodr\u00edguez Ruiz<\/span> (Jefa de departamento)<\/span><\/li>\n<li><span style=\"font-size: 14pt\">D\u00f1a. Rosario Rodr\u00edguez Utrilla<\/span><\/li>\n<li><span style=\"font-size: 14pt\">D\u00f1a. Lourdes Ruiz S\u00e1nchez<\/span><\/li>\n<li><span style=\"font-size: 14pt\">D\u00f1a. Elisa S\u00e1nchez Ramos<\/span><\/li>\n<\/ul>\n<\/li>\n<\/ul>\n<p><span style=\"color: #ff6600;font-size: 24pt\">Materiales y libros de texto:<\/span><\/p>\n<p><span style=\"font-size: 14pt\">1\u00ba ESO &#8211; 4\u00ba ESO Choices Ed. Burlington<\/span><\/p>\n<p><span style=\"font-size: 14pt\">3\u00ba Diversificaci\u00f3n Let&#8217;s go forward 1 Ed. Burlington<\/span><\/p>\n<p><span style=\"font-size: 14pt\">4\u00ba Diversificaci\u00f3n Let&#8217;s go forward 2 Ed. Burlington<\/span><\/p>\n<p><span style=\"font-size: 14pt\">1\u00ba Bachillerato Passkey 1 Ed. Oxford<\/span><\/p>\n<p><span style=\"font-size: 14pt\">2\u00ba Bachillerato Learning Skills 2 Ed. Burlington<\/span><\/p>\n<p><span style=\"font-size: 14pt\">1\u00ba CFGB Headway Part A Ed. Oxford<\/span><\/p>\n<p><span style=\"font-size: 14pt\">2\u00ba CFGB Headway Part B Ed. Oxford<\/span><\/p>\n<p><span style=\"font-size: 14pt\">1\u00ba CFGM Office Administration (Second Edition) Ed. Burlington<\/span><\/p>\n<p><span style=\"font-size: 14pt\">1\u00ba CFGS Business Administration &amp; Finance (Second Edition) Ed. Burlington<\/span><\/p>\n","protected":false},"excerpt":{"rendered":"<p>Responsable: M\u00aa Carmen Rodr\u00edguez Ruiz Componentes: D\u00f1a. Ana \u00c1guila L\u00f3pez D\u00f1a. Irene Hurtado Cobos D\u00f1a. Mar\u00eda L\u00f3pez Garc\u00eda D. Francisco Antonio Pe\u00f1a Rivas D. Juan Jos\u00e9 P\u00e9rez Medialdea D\u00f1a. M\u00aa Carmen Rodr\u00edguez Ruiz (Jefa de departamento) D\u00f1a. Rosario Rodr\u00edguez Utrilla D\u00f1a. Lourdes Ruiz S\u00e1nchez D\u00f1a. Elisa S\u00e1nchez Ramos Materiales y libros de texto: 1\u00ba ESO &hellip; <\/p>\n<p><a class=\"more-link btn\" href=\"https:\/\/blogsaverroes.juntadeandalucia.es\/vegadptoingles\/\">Seguir leyendo<\/a><\/p>\n","protected":false},"author":7647,"featured_media":0,"parent":0,"menu_order":0,"comment_status":"closed","ping_status":"open","template":"","meta":{"ngg_post_thumbnail":0,"footnotes":""},"aioseo_notices":[],"_links":{"self":[{"href":"https:\/\/blogsaverroes.juntadeandalucia.es\/vegadptoingles\/wp-json\/wp\/v2\/pages\/2"}],"collection":[{"href":"https:\/\/blogsaverroes.juntadeandalucia.es\/vegadptoingles\/wp-json\/wp\/v2\/pages"}],"about":[{"href":"https:\/\/blogsaverroes.juntadeandalucia.es\/vegadptoingles\/wp-json\/wp\/v2\/types\/page"}],"author":[{"embeddable":true,"href":"https:\/\/blogsaverroes.juntadeandalucia.es\/vegadptoingles\/wp-json\/wp\/v2\/users\/7647"}],"replies":[{"embeddable":true,"href":"https:\/\/blogsaverroes.juntadeandalucia.es\/vegadptoingles\/wp-json\/wp\/v2\/comments?post=2"}],"version-history":[{"count":15,"href":"https:\/\/blogsaverroes.juntadeandalucia.es\/vegadptoingles\/wp-json\/wp\/v2\/pages\/2\/revisions"}],"predecessor-version":[{"id":84,"href":"https:\/\/blogsaverroes.juntadeandalucia.es\/vegadptoingles\/wp-json\/wp\/v2\/pages\/2\/revisions\/84"}],"wp:attachment":[{"href":"https:\/\/blogsaverroes.juntadeandalucia.es\/vegadptoingles\/wp-json\/wp\/v2\/media?parent=2"}],"curies":[{"name":"wp","href":"https:\/\/api.w.org\/{rel}","templated":true}]}}