{"id":55,"date":"2023-09-13T09:06:05","date_gmt":"2023-09-13T09:06:05","guid":{"rendered":"https:\/\/blogsaverroes.juntadeandalucia.es\/vegadptomatematicas\/?page_id=55"},"modified":"2025-11-07T11:38:36","modified_gmt":"2025-11-07T11:38:36","slug":"libros-de-texto","status":"publish","type":"page","link":"https:\/\/blogsaverroes.juntadeandalucia.es\/vegadptomatematicas\/libros-de-texto\/","title":{"rendered":"Libros de texto"},"content":{"rendered":"<ul>\n<li>Matem\u00e1ticas 1\u00ba ESO (Operaci\u00f3n mundo) Editorial Anaya<\/li>\n<li>Matem\u00e1ticas 2\u00ba ESO (Operaci\u00f3n mundo) Editorial Anaya<\/li>\n<li>Matem\u00e1ticas 3\u00ba ESO (Operaci\u00f3n mundo) Editorial Anaya<\/li>\n<li>Matem\u00e1ticas A 4\u00ba ESO (Faro) Editorial Vicens Vives<\/li>\n<li>Matem\u00e1ticas B 4\u00ba ESO (Faro) Editorial Vicens Vives<\/li>\n<li>Matem\u00e1ticas I (Operaci\u00f3n mundo) Editorial Anaya<\/li>\n<li>Matem\u00e1ticas Aplicadas a las Ciencias Sociales I (Operaci\u00f3n mundo) Editorial Anaya<\/li>\n<\/ul>\n","protected":false},"excerpt":{"rendered":"<p>Matem\u00e1ticas 1\u00ba ESO (Operaci\u00f3n mundo) Editorial Anaya Matem\u00e1ticas 2\u00ba ESO (Operaci\u00f3n mundo) Editorial Anaya Matem\u00e1ticas 3\u00ba ESO (Operaci\u00f3n mundo) Editorial Anaya Matem\u00e1ticas A 4\u00ba ESO (Faro) Editorial Vicens Vives Matem\u00e1ticas B 4\u00ba ESO (Faro) Editorial Vicens Vives Matem\u00e1ticas I (Operaci\u00f3n mundo) Editorial Anaya Matem\u00e1ticas Aplicadas a las Ciencias Sociales I (Operaci\u00f3n mundo) Editorial Anaya<\/p>\n","protected":false},"author":16654,"featured_media":0,"parent":0,"menu_order":0,"comment_status":"closed","ping_status":"closed","template":"","meta":{"ngg_post_thumbnail":0,"footnotes":""},"aioseo_notices":[],"_links":{"self":[{"href":"https:\/\/blogsaverroes.juntadeandalucia.es\/vegadptomatematicas\/wp-json\/wp\/v2\/pages\/55"}],"collection":[{"href":"https:\/\/blogsaverroes.juntadeandalucia.es\/vegadptomatematicas\/wp-json\/wp\/v2\/pages"}],"about":[{"href":"https:\/\/blogsaverroes.juntadeandalucia.es\/vegadptomatematicas\/wp-json\/wp\/v2\/types\/page"}],"author":[{"embeddable":true,"href":"https:\/\/blogsaverroes.juntadeandalucia.es\/vegadptomatematicas\/wp-json\/wp\/v2\/users\/16654"}],"replies":[{"embeddable":true,"href":"https:\/\/blogsaverroes.juntadeandalucia.es\/vegadptomatematicas\/wp-json\/wp\/v2\/comments?post=55"}],"version-history":[{"count":3,"href":"https:\/\/blogsaverroes.juntadeandalucia.es\/vegadptomatematicas\/wp-json\/wp\/v2\/pages\/55\/revisions"}],"predecessor-version":[{"id":162,"href":"https:\/\/blogsaverroes.juntadeandalucia.es\/vegadptomatematicas\/wp-json\/wp\/v2\/pages\/55\/revisions\/162"}],"wp:attachment":[{"href":"https:\/\/blogsaverroes.juntadeandalucia.es\/vegadptomatematicas\/wp-json\/wp\/v2\/media?parent=55"}],"curies":[{"name":"wp","href":"https:\/\/api.w.org\/{rel}","templated":true}]}}