{"id":2,"date":"2022-12-03T11:08:25","date_gmt":"2022-12-03T11:08:25","guid":{"rendered":"https:\/\/blogsaverroes.juntadeandalucia.es\/vegadptomusica\/?page_id=2"},"modified":"2025-09-14T16:51:09","modified_gmt":"2025-09-14T16:51:09","slug":"pagina-ejemplo","status":"publish","type":"page","link":"https:\/\/blogsaverroes.juntadeandalucia.es\/vegadptomusica\/","title":{"rendered":"Departamento de M\u00fasica"},"content":{"rendered":"<p><span style=\"font-size: 8pt\">Responsable de este espacio Web: Mar\u00eda Francisca Barrios Ruano y Pedro Alberto Ortega S\u00e1nchez.<\/span><\/p>\n<h2>Componentes<\/h2>\n<ul>\n<li>Mar\u00eda Francisca Barrios Ruano<\/li>\n<li>Pedro Alberto Ortega S\u00e1nchez<\/li>\n<\/ul>\n<p><a href=\"https:\/\/blogsaverroes.juntadeandalucia.es\/vegadptomusica\/configuracion-del-departamento-de-musica\/\">Configuraci\u00f3n del Departamento de M\u00fasica<\/a><\/p>\n<h2>Materiales y libros de texto<\/h2>\n<p>En el siguiente enlace se pueden consultar los libros de texto que se utilizan en las distintas materias del Departamento de M\u00fasica:<\/p>\n<p><span style=\"font-size: 14pt\"><a href=\"https:\/\/blogsaverroes.juntadeandalucia.es\/vegadptomusica\/libros-de-texto\/\">Libros de texto<\/a><\/span><\/p>\n","protected":false},"excerpt":{"rendered":"<p>Responsable de este espacio Web: Mar\u00eda Francisca Barrios Ruano y Pedro Alberto Ortega S\u00e1nchez. Componentes Mar\u00eda Francisca Barrios Ruano Pedro Alberto Ortega S\u00e1nchez Configuraci\u00f3n del Departamento de M\u00fasica Materiales y libros de texto En el siguiente enlace se pueden consultar los libros de texto que se utilizan en las distintas materias del Departamento de M\u00fasica: &hellip; <\/p>\n<p><a class=\"more-link btn\" href=\"https:\/\/blogsaverroes.juntadeandalucia.es\/vegadptomusica\/\">Seguir leyendo<\/a><\/p>\n","protected":false},"author":7647,"featured_media":0,"parent":0,"menu_order":0,"comment_status":"closed","ping_status":"open","template":"","meta":{"ngg_post_thumbnail":0,"footnotes":""},"aioseo_notices":[],"_links":{"self":[{"href":"https:\/\/blogsaverroes.juntadeandalucia.es\/vegadptomusica\/wp-json\/wp\/v2\/pages\/2"}],"collection":[{"href":"https:\/\/blogsaverroes.juntadeandalucia.es\/vegadptomusica\/wp-json\/wp\/v2\/pages"}],"about":[{"href":"https:\/\/blogsaverroes.juntadeandalucia.es\/vegadptomusica\/wp-json\/wp\/v2\/types\/page"}],"author":[{"embeddable":true,"href":"https:\/\/blogsaverroes.juntadeandalucia.es\/vegadptomusica\/wp-json\/wp\/v2\/users\/7647"}],"replies":[{"embeddable":true,"href":"https:\/\/blogsaverroes.juntadeandalucia.es\/vegadptomusica\/wp-json\/wp\/v2\/comments?post=2"}],"version-history":[{"count":14,"href":"https:\/\/blogsaverroes.juntadeandalucia.es\/vegadptomusica\/wp-json\/wp\/v2\/pages\/2\/revisions"}],"predecessor-version":[{"id":397,"href":"https:\/\/blogsaverroes.juntadeandalucia.es\/vegadptomusica\/wp-json\/wp\/v2\/pages\/2\/revisions\/397"}],"wp:attachment":[{"href":"https:\/\/blogsaverroes.juntadeandalucia.es\/vegadptomusica\/wp-json\/wp\/v2\/media?parent=2"}],"curies":[{"name":"wp","href":"https:\/\/api.w.org\/{rel}","templated":true}]}}