{"id":48,"date":"2023-02-15T13:10:53","date_gmt":"2023-02-15T13:10:53","guid":{"rendered":"https:\/\/blogsaverroes.juntadeandalucia.es\/vegadptomusica\/?page_id=48"},"modified":"2025-09-14T16:51:24","modified_gmt":"2025-09-14T16:51:24","slug":"configuracion-del-departamento-de-musica","status":"publish","type":"page","link":"https:\/\/blogsaverroes.juntadeandalucia.es\/vegadptomusica\/configuracion-del-departamento-de-musica\/","title":{"rendered":"Configuraci\u00f3n del Departamento de M\u00fasica"},"content":{"rendered":"<h1>Curso 2025\/26<\/h1>\n<p>El Departamento de M\u00fasica est\u00e1 compuesto por el siguiente <strong><span style=\"color: #dd3333\">profesorado<\/span><\/strong>:<\/p>\n<ul>\n<li>Mar\u00eda Francisca Barrios Ruano<\/li>\n<li>Pedro Alberto Ortega S\u00e1nchez<\/li>\n<\/ul>\n<p><strong><span style=\"color: #dd3333\">Materias <\/span><\/strong>impartidas en el curso:<\/p>\n<table style=\"width: 100%;border-collapse: collapse;border-style: solid;border-color: #000000;height: 216px\">\n<tbody>\n<tr style=\"height: 24px\">\n<td style=\"height: 24px;border: 1px solid #000000;padding: 6px;background-color: #dd3333;width: 17.6%\"><strong><span style=\"color: #ffffff\">Profesorado<\/span><\/strong><\/td>\n<td style=\"height: 24px;border: 1px solid #000000;padding: 6px;background-color: #dd3333;width: 21.5998%\"><strong><span style=\"color: #ffffff\">Materia<\/span><\/strong><\/td>\n<td style=\"height: 24px;border: 1px solid #000000;padding: 6px;background-color: #dd3333;width: 60.6669%\"><strong><span style=\"color: #ffffff\">Grupo(s)<\/span><\/strong><\/td>\n<\/tr>\n<tr>\n<td style=\"height: 48px;border: 1px solid #000000;padding: 6px;background-color: #dd3333;width: 17.6%\" rowspan=\"3\" nowrap=\"nowrap\"><strong><span style=\"color: #ffffff\">Mar\u00eda Francisca<br \/>\nBarrios Ruano<\/span><\/strong><br \/>\n<strong><span style=\"color: #ffffff\"><br \/>\n<\/span><\/strong><\/td>\n<td style=\"height: 48px;border: 1px solid #000000;padding: 6px;width: 21.5998%\" nowrap=\"nowrap\">M\u00fasica<br \/>\n1\u00ba ESO<\/td>\n<td style=\"height: 48px;border: 1px solid #000000;padding: 6px;width: 60.6669%\">Grupos A, B, C y D.<\/td>\n<\/tr>\n<tr>\n<td style=\"height: 48px;border: 1px solid #000000;padding: 6px;width: 21.5998%\" nowrap=\"nowrap\">M\u00fasica<br \/>\n2\u00ba ESO<\/td>\n<td style=\"height: 48px;border: 1px solid #000000;padding: 6px;width: 60.6669%\">Grupo C.<\/td>\n<\/tr>\n<tr>\n<td style=\"border: 1px solid #000000;padding: 6px;width: 21.5998%\">Cultura del flamenco<br \/>\n3\u00ba ESO<\/td>\n<td style=\"border: 1px solid #000000;padding: 6px;width: 60.6669%\">Grupo A.<\/td>\n<\/tr>\n<tr>\n<td style=\"border: 1px solid #000000;padding: 6px;background-color: #dd3333;width: 17.6%\" rowspan=\"3\"><strong><span style=\"color: #ffffff\">Pedro Alberto<br \/>\nOrtega S\u00e1nchez<\/span><\/strong><\/td>\n<td style=\"border: 1px solid #000000;padding: 6px;width: 21.5998%\">M\u00fasica<br \/>\n2\u00ba ESO<\/td>\n<td style=\"border: 1px solid #000000;padding: 6px;width: 60.6669%\">Grupos A, B y D.<\/td>\n<\/tr>\n<tr style=\"height: 48px\">\n<td style=\"height: 48px;border: 1px solid #000000;padding: 6px;width: 21.5998%\" nowrap=\"nowrap\">Cultura del flamenco<br \/>\n3\u00ba ESO<\/td>\n<td style=\"height: 48px;border: 1px solid #000000;padding: 6px;width: 60.6669%\">Grupos \u00fanico (alumnado del B y C).<\/td>\n<\/tr>\n<tr style=\"height: 48px\">\n<td style=\"height: 48px;border: 1px solid #000000;padding: 6px;width: 21.5998%\" nowrap=\"nowrap\">M\u00fasica<br \/>\n4\u00ba ESO<\/td>\n<td style=\"height: 48px;border: 1px solid #000000;padding: 6px;width: 60.6669%\">Grupo \u00fanico (alumnado del A, B, C y D).<\/td>\n<\/tr>\n<\/tbody>\n<\/table>\n<p>&nbsp;<\/p>\n","protected":false},"excerpt":{"rendered":"<p>Curso 2025\/26 El Departamento de M\u00fasica est\u00e1 compuesto por el siguiente profesorado: Mar\u00eda Francisca Barrios Ruano Pedro Alberto Ortega S\u00e1nchez Materias impartidas en el curso: Profesorado Materia Grupo(s) Mar\u00eda Francisca Barrios Ruano M\u00fasica 1\u00ba ESO Grupos A, B, C y D. M\u00fasica 2\u00ba ESO Grupo C. Cultura del flamenco 3\u00ba ESO Grupo A. Pedro Alberto &hellip; <\/p>\n<p><a class=\"more-link btn\" href=\"https:\/\/blogsaverroes.juntadeandalucia.es\/vegadptomusica\/configuracion-del-departamento-de-musica\/\">Seguir leyendo<\/a><\/p>\n","protected":false},"author":1119,"featured_media":0,"parent":0,"menu_order":0,"comment_status":"closed","ping_status":"closed","template":"","meta":{"ngg_post_thumbnail":0,"footnotes":""},"aioseo_notices":[],"_links":{"self":[{"href":"https:\/\/blogsaverroes.juntadeandalucia.es\/vegadptomusica\/wp-json\/wp\/v2\/pages\/48"}],"collection":[{"href":"https:\/\/blogsaverroes.juntadeandalucia.es\/vegadptomusica\/wp-json\/wp\/v2\/pages"}],"about":[{"href":"https:\/\/blogsaverroes.juntadeandalucia.es\/vegadptomusica\/wp-json\/wp\/v2\/types\/page"}],"author":[{"embeddable":true,"href":"https:\/\/blogsaverroes.juntadeandalucia.es\/vegadptomusica\/wp-json\/wp\/v2\/users\/1119"}],"replies":[{"embeddable":true,"href":"https:\/\/blogsaverroes.juntadeandalucia.es\/vegadptomusica\/wp-json\/wp\/v2\/comments?post=48"}],"version-history":[{"count":22,"href":"https:\/\/blogsaverroes.juntadeandalucia.es\/vegadptomusica\/wp-json\/wp\/v2\/pages\/48\/revisions"}],"predecessor-version":[{"id":398,"href":"https:\/\/blogsaverroes.juntadeandalucia.es\/vegadptomusica\/wp-json\/wp\/v2\/pages\/48\/revisions\/398"}],"wp:attachment":[{"href":"https:\/\/blogsaverroes.juntadeandalucia.es\/vegadptomusica\/wp-json\/wp\/v2\/media?parent=48"}],"curies":[{"name":"wp","href":"https:\/\/api.w.org\/{rel}","templated":true}]}}