{"id":65,"date":"2023-02-15T13:31:16","date_gmt":"2023-02-15T13:31:16","guid":{"rendered":"https:\/\/blogsaverroes.juntadeandalucia.es\/vegadptomusica\/?page_id=65"},"modified":"2025-09-14T17:02:10","modified_gmt":"2025-09-14T17:02:10","slug":"libros-de-texto","status":"publish","type":"page","link":"https:\/\/blogsaverroes.juntadeandalucia.es\/vegadptomusica\/libros-de-texto\/","title":{"rendered":"Libros de texto"},"content":{"rendered":"<h2>Curso 2025\/26<\/h2>\n<h3>M\u00fasica 1\u00ba de ESO<\/h3>\n<table style=\"width: 100%;border-collapse: collapse\">\n<tbody>\n<tr>\n<td style=\"width: 32.3163%\"><img loading=\"lazy\" decoding=\"async\" class=\"alignnone wp-image-308 size-full\" style=\"vertical-align: top\" src=\"https:\/\/blogsaverroes.juntadeandalucia.es\/vegadptomusica\/files\/2024\/09\/Musica-I.png\" alt=\"\" width=\"176\" height=\"242\"><\/td>\n<td style=\"width: 67.6837%\"><strong><span style=\"color: #dd3333\">M\u00fasica I (edici\u00f3n Andaluc\u00eda 2024)<\/span><\/strong><\/p>\n<p>ISBN: 9788411344784.<br \/>\nEditorial Editex.<\/p>\n<p>Se implanta en el curso 2024\/25.<\/td>\n<\/tr>\n<\/tbody>\n<\/table>\n<h3>M\u00fasica 2\u00ba de ESO<\/h3>\n<table style=\"border-collapse: collapse;width: 100%\">\n<tbody>\n<tr>\n<td style=\"width: 32.3163%\"><img loading=\"lazy\" decoding=\"async\" class=\"alignnone wp-image-309 size-full\" style=\"vertical-align: top\" src=\"https:\/\/blogsaverroes.juntadeandalucia.es\/vegadptomusica\/files\/2024\/09\/Musica-II.png\" alt=\"\" width=\"176\" height=\"243\"><\/td>\n<td style=\"width: 67.6837%\"><strong><span style=\"color: #dd3333\">M\u00fasica II (edici\u00f3n Andaluc\u00eda 2024)<\/span><\/strong><\/p>\n<p>ISBN: 9788411344807.<br \/>\nEditorial Editex.<\/p>\n<p>Se implanta en el curso 2024\/25.<\/td>\n<\/tr>\n<\/tbody>\n<\/table>\n<h3>Cultura del flamenco 3\u00ba de ESO<\/h3>\n<table style=\"width: 100%;border-collapse: collapse\">\n<tbody>\n<tr>\n<td style=\"width: 32.3163%\">\n<h2><img loading=\"lazy\" decoding=\"async\" class=\"alignnone size-full wp-image-310\" style=\"vertical-align: top\" src=\"https:\/\/blogsaverroes.juntadeandalucia.es\/vegadptomusica\/files\/2024\/09\/Cultura-del-Flamenco.png\" alt=\"\" width=\"176\" height=\"231\"><\/h2>\n<\/td>\n<td style=\"width: 67.6837%\"><strong><span style=\"color: #dd3333\">Cultura del Flamenco (Manual)<\/span><\/strong><\/p>\n<p>ISBN: 9788415380399<br \/>\nEditorial Alegor\u00eda.<\/p>\n<p>Se implanta en el curso 2024\/25.<\/td>\n<\/tr>\n<\/tbody>\n<\/table>\n<h3>M\u00fasica 4\u00ba de ESO<\/h3>\n<table style=\"border-collapse: collapse;width: 100%\">\n<tbody>\n<tr>\n<td style=\"width: 32.3163%\"><img loading=\"lazy\" decoding=\"async\" class=\"aligncenter size-full wp-image-395\" src=\"https:\/\/blogsaverroes.juntadeandalucia.es\/vegadptomusica\/files\/2025\/09\/Musica-4ESO.png\" alt=\"\" width=\"176\" height=\"242\"><\/td>\n<td style=\"width: 67.6837%\"><strong><span style=\"color: #dd3333\">M\u00fasica 4\u00ba ESO (Edici\u00f3n 2023)<\/span><\/strong><\/p>\n<p>ISBN: 9788411346467.<br \/>\nEditorial Editex.<\/p>\n<p>Se implanta en el curso 2025\/26.<\/td>\n<\/tr>\n<\/tbody>\n<\/table>\n<p>&nbsp;<\/p>\n","protected":false},"excerpt":{"rendered":"<p>Curso 2025\/26 M\u00fasica 1\u00ba de ESO M\u00fasica I (edici\u00f3n Andaluc\u00eda 2024) ISBN: 9788411344784. Editorial Editex. Se implanta en el curso 2024\/25. M\u00fasica 2\u00ba de ESO M\u00fasica II (edici\u00f3n Andaluc\u00eda 2024) ISBN: 9788411344807. Editorial Editex. Se implanta en el curso 2024\/25. Cultura del flamenco 3\u00ba de ESO Cultura del Flamenco (Manual) ISBN: 9788415380399 Editorial Alegor\u00eda. Se &hellip; <\/p>\n<p><a class=\"more-link btn\" href=\"https:\/\/blogsaverroes.juntadeandalucia.es\/vegadptomusica\/libros-de-texto\/\">Seguir leyendo<\/a><\/p>\n","protected":false},"author":1119,"featured_media":0,"parent":0,"menu_order":0,"comment_status":"closed","ping_status":"closed","template":"","meta":{"ngg_post_thumbnail":0,"footnotes":""},"aioseo_notices":[],"_links":{"self":[{"href":"https:\/\/blogsaverroes.juntadeandalucia.es\/vegadptomusica\/wp-json\/wp\/v2\/pages\/65"}],"collection":[{"href":"https:\/\/blogsaverroes.juntadeandalucia.es\/vegadptomusica\/wp-json\/wp\/v2\/pages"}],"about":[{"href":"https:\/\/blogsaverroes.juntadeandalucia.es\/vegadptomusica\/wp-json\/wp\/v2\/types\/page"}],"author":[{"embeddable":true,"href":"https:\/\/blogsaverroes.juntadeandalucia.es\/vegadptomusica\/wp-json\/wp\/v2\/users\/1119"}],"replies":[{"embeddable":true,"href":"https:\/\/blogsaverroes.juntadeandalucia.es\/vegadptomusica\/wp-json\/wp\/v2\/comments?post=65"}],"version-history":[{"count":10,"href":"https:\/\/blogsaverroes.juntadeandalucia.es\/vegadptomusica\/wp-json\/wp\/v2\/pages\/65\/revisions"}],"predecessor-version":[{"id":399,"href":"https:\/\/blogsaverroes.juntadeandalucia.es\/vegadptomusica\/wp-json\/wp\/v2\/pages\/65\/revisions\/399"}],"wp:attachment":[{"href":"https:\/\/blogsaverroes.juntadeandalucia.es\/vegadptomusica\/wp-json\/wp\/v2\/media?parent=65"}],"curies":[{"name":"wp","href":"https:\/\/api.w.org\/{rel}","templated":true}]}}