{"id":2,"date":"2022-12-03T11:27:58","date_gmt":"2022-12-03T11:27:58","guid":{"rendered":"https:\/\/blogsaverroes.juntadeandalucia.es\/vegadptoreligion\/?page_id=2"},"modified":"2024-01-29T18:47:03","modified_gmt":"2024-01-29T18:47:03","slug":"pagina-ejemplo","status":"publish","type":"page","link":"https:\/\/blogsaverroes.juntadeandalucia.es\/vegadptoreligion\/","title":{"rendered":"Departamento de Religi\u00f3n"},"content":{"rendered":"<p><span style=\"font-size: 24pt\">Responsable: Aurora Caparr\u00f3s<\/span><\/p>\n<p><span style=\"color: #ff6600;font-size: 24pt\">Componentes:<\/span><\/p>\n<ul>\n<li><span style=\"font-size: 14pt\"><span style=\"color: #d00808\">D\u00f1a. Aurora Caparr\u00f3s<\/span> (Jefa de departamento)<\/span><\/li>\n<\/ul>\n<p><span style=\"color: #ff6600;font-size: 24pt\">Materiales y libros de texto:<\/span><\/p>\n<p><span style=\"font-size: 14pt\">Estamos trabajando en ello&#8230;<\/span><\/p>\n","protected":false},"excerpt":{"rendered":"<p>Responsable: Aurora Caparr\u00f3s Componentes: D\u00f1a. Aurora Caparr\u00f3s (Jefa de departamento) Materiales y libros de texto: Estamos trabajando en ello&#8230;<\/p>\n","protected":false},"author":7647,"featured_media":0,"parent":0,"menu_order":0,"comment_status":"closed","ping_status":"open","template":"","meta":{"ngg_post_thumbnail":0,"footnotes":""},"aioseo_notices":[],"_links":{"self":[{"href":"https:\/\/blogsaverroes.juntadeandalucia.es\/vegadptoreligion\/wp-json\/wp\/v2\/pages\/2"}],"collection":[{"href":"https:\/\/blogsaverroes.juntadeandalucia.es\/vegadptoreligion\/wp-json\/wp\/v2\/pages"}],"about":[{"href":"https:\/\/blogsaverroes.juntadeandalucia.es\/vegadptoreligion\/wp-json\/wp\/v2\/types\/page"}],"author":[{"embeddable":true,"href":"https:\/\/blogsaverroes.juntadeandalucia.es\/vegadptoreligion\/wp-json\/wp\/v2\/users\/7647"}],"replies":[{"embeddable":true,"href":"https:\/\/blogsaverroes.juntadeandalucia.es\/vegadptoreligion\/wp-json\/wp\/v2\/comments?post=2"}],"version-history":[{"count":3,"href":"https:\/\/blogsaverroes.juntadeandalucia.es\/vegadptoreligion\/wp-json\/wp\/v2\/pages\/2\/revisions"}],"predecessor-version":[{"id":33,"href":"https:\/\/blogsaverroes.juntadeandalucia.es\/vegadptoreligion\/wp-json\/wp\/v2\/pages\/2\/revisions\/33"}],"wp:attachment":[{"href":"https:\/\/blogsaverroes.juntadeandalucia.es\/vegadptoreligion\/wp-json\/wp\/v2\/media?parent=2"}],"curies":[{"name":"wp","href":"https:\/\/api.w.org\/{rel}","templated":true}]}}