{"id":1070,"date":"2024-01-12T08:21:38","date_gmt":"2024-01-12T07:21:38","guid":{"rendered":"https:\/\/blogsaverroes.juntadeandalucia.es\/vegaerasmusplus\/?page_id=1070"},"modified":"2024-03-11T00:14:39","modified_gmt":"2024-03-10T23:14:39","slug":"alumnado","status":"publish","type":"page","link":"https:\/\/blogsaverroes.juntadeandalucia.es\/vegaerasmusplus\/alumnado\/","title":{"rendered":"Alumnado"},"content":{"rendered":"<p><strong><span style=\"color: #003366\">SOLICITUD DE PARTICIPACI\u00d3N EN MOVILIDAD ERASMUS+ PARA ALUMNADO<\/span><\/strong><\/p>\n<table style=\"border-collapse: collapse;width: 100%\">\n<tbody>\n<tr>\n<td style=\"width: 50%\"><img loading=\"lazy\" decoding=\"async\" class=\"alignnone size-medium wp-image-331 aligncenter\" style=\"color: #747474;font-family: 'Open Sans', sans-serif;font-size: 14px;letter-spacing: normal;background-color: #ffffff\" src=\"https:\/\/blogsaverroes.juntadeandalucia.es\/vegaerasmusplus\/files\/2021\/12\/school-supplies-3033204__340-300x169.png\" alt=\"\" width=\"300\" height=\"169\" srcset=\"https:\/\/blogsaverroes.juntadeandalucia.es\/vegaerasmusplus\/files\/2021\/12\/school-supplies-3033204__340-300x169.png 300w, https:\/\/blogsaverroes.juntadeandalucia.es\/vegaerasmusplus\/files\/2021\/12\/school-supplies-3033204__340.png 604w\" sizes=\"(max-width: 300px) 100vw, 300px\" \/><\/td>\n<td style=\"width: 50%\"><img loading=\"lazy\" decoding=\"async\" class=\"alignnone size-medium wp-image-834\" style=\"color: #747474;font-family: 'Open Sans', sans-serif;font-size: 14px;letter-spacing: normal;background-color: #ffffff\" src=\"https:\/\/blogsaverroes.juntadeandalucia.es\/vegaerasmusplus\/files\/2023\/03\/Europa-300x124.jpg\" alt=\"\" width=\"300\" height=\"124\" srcset=\"https:\/\/blogsaverroes.juntadeandalucia.es\/vegaerasmusplus\/files\/2023\/03\/Europa-300x124.jpg 300w, https:\/\/blogsaverroes.juntadeandalucia.es\/vegaerasmusplus\/files\/2023\/03\/Europa.jpg 461w\" sizes=\"(max-width: 300px) 100vw, 300px\" \/><img loading=\"lazy\" decoding=\"async\" class=\"alignnone wp-image-833 size-thumbnail aligncenter\" src=\"https:\/\/blogsaverroes.juntadeandalucia.es\/vegaerasmusplus\/files\/2023\/03\/Suitcase-150x150.jpg\" alt=\"\" width=\"150\" height=\"150\"><\/td>\n<\/tr>\n<\/tbody>\n<\/table>\n<p>&nbsp;<\/p>\n<table style=\"width: 106.388%\">\n<tbody>\n<tr>\n<td style=\"width: 30.9686%\"><strong>ERASMUS+ <\/strong><strong>Alumnado<\/strong><\/td>\n<td style=\"width: 68.895%\"><img loading=\"lazy\" decoding=\"async\" class=\"alignnone wp-image-847\" style=\"color: #747474;font-family: 'Open Sans', sans-serif;font-size: 14px\" src=\"https:\/\/blogsaverroes.juntadeandalucia.es\/vegaerasmusplus\/files\/2023\/03\/erasmus_eu_emblem_with_tagline-pos-es-300x121.png\" alt=\"\" width=\"275\" height=\"111\"><\/td>\n<\/tr>\n<tr>\n<td style=\"width: 30.9686%\"><strong>Climate mates<\/strong><\/p>\n<p>1\u00ba ESO<\/td>\n<td style=\"width: 68.895%\"><a href=\"https:\/\/www.canva.com\/design\/DAFcEoB2DYw\/EBBH418VHbd2ArTLnyRWcw\/edit?utm_content=DAFcEoB2DYw&amp;utm_campaign=designshare&amp;utm_medium=link2&amp;utm_source=sharebutton\"><img loading=\"lazy\" decoding=\"async\" class=\"alignnone size-medium wp-image-1083 aligncenter\" src=\"https:\/\/blogsaverroes.juntadeandalucia.es\/vegaerasmusplus\/files\/2024\/01\/climate-300x213.png\" alt=\"\" width=\"300\" height=\"213\" srcset=\"https:\/\/blogsaverroes.juntadeandalucia.es\/vegaerasmusplus\/files\/2024\/01\/climate-300x213.png 300w, https:\/\/blogsaverroes.juntadeandalucia.es\/vegaerasmusplus\/files\/2024\/01\/climate-1024x728.png 1024w, https:\/\/blogsaverroes.juntadeandalucia.es\/vegaerasmusplus\/files\/2024\/01\/climate-768x546.png 768w, https:\/\/blogsaverroes.juntadeandalucia.es\/vegaerasmusplus\/files\/2024\/01\/climate-1536x1091.png 1536w, https:\/\/blogsaverroes.juntadeandalucia.es\/vegaerasmusplus\/files\/2024\/01\/climate.png 1720w\" sizes=\"(max-width: 300px) 100vw, 300px\" \/><\/a><\/td>\n<\/tr>\n<tr>\n<td style=\"width: 30.9686%\"><strong>Entrepreneurship Anchors<\/strong><\/p>\n<p>4\u00ba ESO y 1\u00ba CFGB<\/td>\n<td style=\"width: 68.895%\"><a href=\"https:\/\/www.canva.com\/design\/DAF5auiXfhE\/3yGxRCmsyqtplswNBWwnTA\/edit?utm_content=DAF5auiXfhE&amp;utm_campaign=designshare&amp;utm_medium=link2&amp;utm_source=sharebutton\"><img loading=\"lazy\" decoding=\"async\" class=\"alignnone size-medium wp-image-1082 aligncenter\" style=\"color: #747474;font-family: 'Open Sans', sans-serif;font-size: 14px\" src=\"https:\/\/blogsaverroes.juntadeandalucia.es\/vegaerasmusplus\/files\/2024\/01\/Seleccion-E-300x214.png\" alt=\"\" width=\"300\" height=\"214\" srcset=\"https:\/\/blogsaverroes.juntadeandalucia.es\/vegaerasmusplus\/files\/2024\/01\/Seleccion-E-300x214.png 300w, https:\/\/blogsaverroes.juntadeandalucia.es\/vegaerasmusplus\/files\/2024\/01\/Seleccion-E-1024x731.png 1024w, https:\/\/blogsaverroes.juntadeandalucia.es\/vegaerasmusplus\/files\/2024\/01\/Seleccion-E-768x548.png 768w, https:\/\/blogsaverroes.juntadeandalucia.es\/vegaerasmusplus\/files\/2024\/01\/Seleccion-E-1536x1096.png 1536w, https:\/\/blogsaverroes.juntadeandalucia.es\/vegaerasmusplus\/files\/2024\/01\/Seleccion-E.png 1705w\" sizes=\"(max-width: 300px) 100vw, 300px\" \/><\/a><\/td>\n<\/tr>\n<\/tbody>\n<\/table>\n<p>DOCUMENTACI\u00d3N<\/p>\n<table style=\"border-collapse: collapse;width: 100%;height: 240px\">\n<tbody>\n<tr style=\"height: 24px\">\n<td style=\"width: 39.2598%;height: 24px\">DNI en vigor + Pasaporte<\/td>\n<td style=\"width: 60.7402%;height: 24px\">&nbsp;<\/td>\n<\/tr>\n<tr style=\"height: 24px\">\n<td style=\"width: 39.2598%;height: 24px\">Tarjeta Sanitaria Europea<\/td>\n<td style=\"width: 60.7402%;height: 24px\"><a href=\"https:\/\/sede.seg-social.gob.es\/wps\/portal\/sede\/sede\/Ciudadanos\/Asistencia+Sanitaria\/202046SinC\">Enlace para solicitud<\/a><\/td>\n<\/tr>\n<tr style=\"height: 48px\">\n<td style=\"width: 39.2598%;height: 48px\">Carn\u00e9 Joven Europeo<\/td>\n<td style=\"width: 60.7402%;height: 48px\"><a href=\"https:\/\/ws104.juntadeandalucia.es\/carneJoven\/cjservlet\/portal\/\">Enlace para solicitud<\/a><\/td>\n<\/tr>\n<tr style=\"height: 24px\">\n<td style=\"width: 39.2598%;height: 24px\">Permiso salida del pa\u00eds de menores<\/td>\n<td style=\"width: 60.7402%;height: 24px\">&nbsp;<\/td>\n<\/tr>\n<tr style=\"height: 24px\">\n<td style=\"width: 39.2598%;height: 24px\">&nbsp;<\/td>\n<td style=\"width: 60.7402%;height: 24px\">&nbsp;<\/td>\n<\/tr>\n<tr style=\"height: 24px\">\n<td style=\"width: 39.2598%;height: 24px\">&nbsp;<\/td>\n<td style=\"width: 60.7402%;height: 24px\">&nbsp;<\/td>\n<\/tr>\n<tr style=\"height: 24px\">\n<td style=\"width: 39.2598%;height: 24px\">&nbsp;<\/td>\n<td style=\"width: 60.7402%;height: 24px\">&nbsp;<\/td>\n<\/tr>\n<tr style=\"height: 24px\">\n<td style=\"width: 39.2598%;height: 24px\">&nbsp;<\/td>\n<td style=\"width: 60.7402%;height: 24px\">&nbsp;<\/td>\n<\/tr>\n<tr style=\"height: 24px\">\n<td style=\"width: 39.2598%;height: 24px\">&nbsp;<\/td>\n<td style=\"width: 60.7402%;height: 24px\">&nbsp;<\/td>\n<\/tr>\n<\/tbody>\n<\/table>\n","protected":false},"excerpt":{"rendered":"<p>SOLICITUD DE PARTICIPACI\u00d3N EN MOVILIDAD ERASMUS+ PARA ALUMNADO &nbsp; ERASMUS+ Alumnado Climate mates 1\u00ba ESO Entrepreneurship Anchors 4\u00ba ESO y 1\u00ba CFGB DOCUMENTACI\u00d3N DNI en vigor + Pasaporte &nbsp; Tarjeta Sanitaria Europea Enlace para solicitud Carn\u00e9 Joven Europeo Enlace para solicitud Permiso salida del pa\u00eds de menores &nbsp; &nbsp; &nbsp; &nbsp; &nbsp; &nbsp; &nbsp; &nbsp; &hellip; <\/p>\n<p><a class=\"more-link btn\" href=\"https:\/\/blogsaverroes.juntadeandalucia.es\/vegaerasmusplus\/alumnado\/\">Seguir leyendo<\/a><\/p>\n","protected":false},"author":8182,"featured_media":0,"parent":0,"menu_order":0,"comment_status":"closed","ping_status":"closed","template":"","meta":{"ngg_post_thumbnail":0,"footnotes":""},"aioseo_notices":[],"_links":{"self":[{"href":"https:\/\/blogsaverroes.juntadeandalucia.es\/vegaerasmusplus\/wp-json\/wp\/v2\/pages\/1070"}],"collection":[{"href":"https:\/\/blogsaverroes.juntadeandalucia.es\/vegaerasmusplus\/wp-json\/wp\/v2\/pages"}],"about":[{"href":"https:\/\/blogsaverroes.juntadeandalucia.es\/vegaerasmusplus\/wp-json\/wp\/v2\/types\/page"}],"author":[{"embeddable":true,"href":"https:\/\/blogsaverroes.juntadeandalucia.es\/vegaerasmusplus\/wp-json\/wp\/v2\/users\/8182"}],"replies":[{"embeddable":true,"href":"https:\/\/blogsaverroes.juntadeandalucia.es\/vegaerasmusplus\/wp-json\/wp\/v2\/comments?post=1070"}],"version-history":[{"count":14,"href":"https:\/\/blogsaverroes.juntadeandalucia.es\/vegaerasmusplus\/wp-json\/wp\/v2\/pages\/1070\/revisions"}],"predecessor-version":[{"id":1090,"href":"https:\/\/blogsaverroes.juntadeandalucia.es\/vegaerasmusplus\/wp-json\/wp\/v2\/pages\/1070\/revisions\/1090"}],"wp:attachment":[{"href":"https:\/\/blogsaverroes.juntadeandalucia.es\/vegaerasmusplus\/wp-json\/wp\/v2\/media?parent=1070"}],"curies":[{"name":"wp","href":"https:\/\/api.w.org\/{rel}","templated":true}]}}