{"id":1102,"date":"2024-03-19T09:00:18","date_gmt":"2024-03-19T08:00:18","guid":{"rendered":"https:\/\/blogsaverroes.juntadeandalucia.es\/vegaerasmusplus\/?page_id=1102"},"modified":"2024-03-19T09:22:44","modified_gmt":"2024-03-19T08:22:44","slug":"documentacion-alumnado","status":"publish","type":"page","link":"https:\/\/blogsaverroes.juntadeandalucia.es\/vegaerasmusplus\/documentacion-alumnado\/","title":{"rendered":"Documentaci\u00f3n alumnado"},"content":{"rendered":"<p><strong><span style=\"color: #003366\">DOCUMENTACI\u00d3N y TR\u00c1MITES RELATIVOS A MOVILIDADES ERASMUS+ PARA ALUMNADO<\/span><\/strong><\/p>\n<table style=\"border-collapse: collapse;width: 96.0813%;height: 282px\">\n<tbody>\n<tr style=\"height: 163px\">\n<td style=\"width: 33.7446%;height: 163px\"><img loading=\"lazy\" decoding=\"async\" class=\"alignnone size-medium wp-image-510\" src=\"https:\/\/blogsaverroes.juntadeandalucia.es\/vegaerasmusplus\/files\/2022\/06\/checklist-gc04b3bf33_1920-227x300.png\" alt=\"\" width=\"227\" height=\"300\" srcset=\"https:\/\/blogsaverroes.juntadeandalucia.es\/vegaerasmusplus\/files\/2022\/06\/checklist-gc04b3bf33_1920-227x300.png 227w, https:\/\/blogsaverroes.juntadeandalucia.es\/vegaerasmusplus\/files\/2022\/06\/checklist-gc04b3bf33_1920-773x1024.png 773w, https:\/\/blogsaverroes.juntadeandalucia.es\/vegaerasmusplus\/files\/2022\/06\/checklist-gc04b3bf33_1920-768x1017.png 768w, https:\/\/blogsaverroes.juntadeandalucia.es\/vegaerasmusplus\/files\/2022\/06\/checklist-gc04b3bf33_1920-1160x1536.png 1160w, https:\/\/blogsaverroes.juntadeandalucia.es\/vegaerasmusplus\/files\/2022\/06\/checklist-gc04b3bf33_1920.png 1450w\" sizes=\"(max-width: 227px) 100vw, 227px\" \/><\/td>\n<td style=\"width: 66.2554%;height: 163px\"><img loading=\"lazy\" decoding=\"async\" class=\"alignnone size-medium wp-image-795\" src=\"https:\/\/blogsaverroes.juntadeandalucia.es\/vegaerasmusplus\/files\/2023\/01\/Erasmus-300x86.png\" alt=\"\" width=\"300\" height=\"86\" srcset=\"https:\/\/blogsaverroes.juntadeandalucia.es\/vegaerasmusplus\/files\/2023\/01\/Erasmus-300x86.png 300w, https:\/\/blogsaverroes.juntadeandalucia.es\/vegaerasmusplus\/files\/2023\/01\/Erasmus-1024x294.png 1024w, https:\/\/blogsaverroes.juntadeandalucia.es\/vegaerasmusplus\/files\/2023\/01\/Erasmus-768x220.png 768w, https:\/\/blogsaverroes.juntadeandalucia.es\/vegaerasmusplus\/files\/2023\/01\/Erasmus-1536x440.png 1536w, https:\/\/blogsaverroes.juntadeandalucia.es\/vegaerasmusplus\/files\/2023\/01\/Erasmus-2048x587.png 2048w\" sizes=\"(max-width: 300px) 100vw, 300px\" \/><img loading=\"lazy\" decoding=\"async\" class=\"wp-image-834 size-thumbnail alignleft\" style=\"color: #747474;font-family: 'Open Sans', sans-serif;font-size: 14px;letter-spacing: normal;background-color: #ffffff\" src=\"https:\/\/blogsaverroes.juntadeandalucia.es\/vegaerasmusplus\/files\/2023\/03\/Europa-150x150.jpg\" alt=\"\" width=\"150\" height=\"150\"><img loading=\"lazy\" decoding=\"async\" class=\"wp-image-833 size-thumbnail aligncenter\" src=\"https:\/\/blogsaverroes.juntadeandalucia.es\/vegaerasmusplus\/files\/2023\/03\/Suitcase-150x150.jpg\" alt=\"\" width=\"150\" height=\"150\"><\/td>\n<\/tr>\n<\/tbody>\n<\/table>\n<p><span style=\"color: #ff0000\">Documentaci\u00f3n PREVIA<\/span><\/p>\n<table style=\"border-collapse: collapse;width: 100%\">\n<tbody>\n<tr>\n<td style=\"width: 36.7269%;background-color: #dbd7d7\">Documento\/Tr\u00e1mite<\/td>\n<td style=\"width: 63.2731%;background-color: #dbd7d7\">Organismo<\/td>\n<\/tr>\n<tr>\n<td style=\"width: 36.7269%;text-align: left;vertical-align: top\">\n<ul>\n<li style=\"text-align: left\">Tarjeta Sanitaria Europea<\/li>\n<li style=\"text-align: left\">Permiso de salida menores<\/li>\n<li style=\"text-align: left\">Acuerdos de Movilidad<\/li>\n<li>Plan de difusi\u00f3n<\/li>\n<li>Seguros de viaje<\/li>\n<\/ul>\n<\/td>\n<td style=\"width: 63.2731%\">\n<ul>\n<li style=\"text-align: left\"><span style=\"color: #0000ff\"><a style=\"color: #0000ff\" href=\"https:\/\/www.muface.es\/muface_Home\/muface_Index\/aviso-tse.html\" target=\"_blank\" rel=\"noopener noreferrer\">Muface&nbsp;<\/a> <\/span>\/&nbsp; <span style=\"color: #0000ff\"><a style=\"color: #0000ff\" href=\"https:\/\/www.seg-social.es\/wps\/portal\/wss\/internet\/Trabajadores\/PrestacionesPensionesTrabajadores\/10938\/11566\/1761\" target=\"_blank\" rel=\"noopener noreferrer\">Seguridad Social<\/a><\/span><\/li>\n<li style=\"text-align: left\">Guardia Civil \/ Polic\u00eda Nacional<\/li>\n<li style=\"text-align: left\">Coordinadora E+\/Direcci\u00f3n<\/li>\n<li style=\"text-align: left\">Instituciones de env\u00edo y acogida<\/li>\n<li style=\"text-align: left\">Seguro de salud, seguro de responsabilidad civil y seguro de accidentes<\/li>\n<\/ul>\n<\/td>\n<\/tr>\n<\/tbody>\n<\/table>\n<p><span style=\"color: #ffcc00\">Documentaci\u00f3n DURANTE<\/span><\/p>\n<table style=\"border-collapse: collapse;width: 100%\">\n<tbody>\n<tr>\n<td style=\"width: 65.4643%;background-color: #dbd7d7\">Documento\/Tr\u00e1mite<\/td>\n<td style=\"width: 34.5357%;background-color: #dbd7d7;text-align: left;vertical-align: top\">Organismo<\/td>\n<\/tr>\n<tr>\n<td style=\"width: 65.4643%;text-align: left;vertical-align: top\">\n<ul>\n<li style=\"text-align: left\"><a href=\"https:\/\/blogsaverroes.juntadeandalucia.es\/vegaerasmusplus\/files\/2022\/06\/Plantilla-seguimiento-de-Movilidad-Transnacional.docx\"><span style=\"color: #0000ff\">Plantilla seguimiento de Movilidad<\/span> <span style=\"color: #0000ff\">Transnacional<\/span><\/a><\/li>\n<li><a href=\"https:\/\/blogsaverroes.juntadeandalucia.es\/vegaerasmusplus\/files\/2022\/06\/europass.pdf\" target=\"_blank\" rel=\"noopener noreferrer\"><span style=\"color: #0000ff\">Documento de Movilidad<\/span> <span style=\"color: #0000ff\">Europass<\/span><\/a><span style=\"color: #0000ff\"> (DME)<\/span><\/li>\n<li>Certificado de participaci\u00f3n<\/li>\n<\/ul>\n<\/td>\n<td style=\"width: 34.5357%;text-align: left;vertical-align: top\">\n<ul>\n<li>IES Vega de Atarfe<\/li>\n<li><a href=\"http:\/\/sepie.es\/iniciativas\/europass\/documento-movilidad.html\" target=\"_blank\" rel=\"noopener noreferrer\">Europass Mobility&nbsp;<\/a><\/li>\n<li>Instituci\u00f3n de acogida<\/li>\n<\/ul>\n<\/td>\n<\/tr>\n<\/tbody>\n<\/table>\n<p><span style=\"color: #339966\">Documentaci\u00f3n POSTERIOR<\/span><\/p>\n<table style=\"border-collapse: collapse;width: 100%;height: 167px\">\n<tbody>\n<tr style=\"height: 24px\">\n<td style=\"width: 64.236%;background-color: #dbd7d7;height: 24px\">Documento\/Tr\u00e1mite<\/td>\n<td style=\"width: 35.764%;background-color: #dbd7d7;height: 24px\">Organismo&nbsp;<\/td>\n<\/tr>\n<tr style=\"height: 143px\">\n<td style=\"width: 64.236%;height: 143px;text-align: left;vertical-align: top\">\n<ul>\n<li><a href=\"https:\/\/forms.gle\/jVxtUYfmK5aUdhBo7\" target=\"_blank\" rel=\"noopener noreferrer\"><span style=\"color: #0000ff\">Memoria de autoevaluaci\u00f3n<\/span><\/a><\/li>\n<li>Difusi\u00f3n realizada:&nbsp;Presentaci\u00f3n en el centro<\/li>\n<\/ul>\n<\/td>\n<td style=\"width: 35.764%;height: 143px;text-align: left;vertical-align: top\">\n<ul>\n<li>IES Vega de Atarfe<\/li>\n<li>Participante \/ Comisi\u00f3n E+<\/li>\n<li>Participante \/&nbsp;<\/li>\n<\/ul>\n<\/td>\n<\/tr>\n<\/tbody>\n<\/table>\n<p>&nbsp;<\/p>\n<p>&nbsp;<\/p>\n","protected":false},"excerpt":{"rendered":"<p>DOCUMENTACI\u00d3N y TR\u00c1MITES RELATIVOS A MOVILIDADES ERASMUS+ PARA ALUMNADO Documentaci\u00f3n PREVIA Documento\/Tr\u00e1mite Organismo Tarjeta Sanitaria Europea Permiso de salida menores Acuerdos de Movilidad Plan de difusi\u00f3n Seguros de viaje Muface&nbsp; \/&nbsp; Seguridad Social Guardia Civil \/ Polic\u00eda Nacional Coordinadora E+\/Direcci\u00f3n Instituciones de env\u00edo y acogida Seguro de salud, seguro de responsabilidad civil y seguro de &hellip; <\/p>\n<p><a class=\"more-link btn\" href=\"https:\/\/blogsaverroes.juntadeandalucia.es\/vegaerasmusplus\/documentacion-alumnado\/\">Seguir leyendo<\/a><\/p>\n","protected":false},"author":8182,"featured_media":0,"parent":0,"menu_order":0,"comment_status":"closed","ping_status":"closed","template":"","meta":{"ngg_post_thumbnail":0,"footnotes":""},"aioseo_notices":[],"_links":{"self":[{"href":"https:\/\/blogsaverroes.juntadeandalucia.es\/vegaerasmusplus\/wp-json\/wp\/v2\/pages\/1102"}],"collection":[{"href":"https:\/\/blogsaverroes.juntadeandalucia.es\/vegaerasmusplus\/wp-json\/wp\/v2\/pages"}],"about":[{"href":"https:\/\/blogsaverroes.juntadeandalucia.es\/vegaerasmusplus\/wp-json\/wp\/v2\/types\/page"}],"author":[{"embeddable":true,"href":"https:\/\/blogsaverroes.juntadeandalucia.es\/vegaerasmusplus\/wp-json\/wp\/v2\/users\/8182"}],"replies":[{"embeddable":true,"href":"https:\/\/blogsaverroes.juntadeandalucia.es\/vegaerasmusplus\/wp-json\/wp\/v2\/comments?post=1102"}],"version-history":[{"count":7,"href":"https:\/\/blogsaverroes.juntadeandalucia.es\/vegaerasmusplus\/wp-json\/wp\/v2\/pages\/1102\/revisions"}],"predecessor-version":[{"id":1114,"href":"https:\/\/blogsaverroes.juntadeandalucia.es\/vegaerasmusplus\/wp-json\/wp\/v2\/pages\/1102\/revisions\/1114"}],"wp:attachment":[{"href":"https:\/\/blogsaverroes.juntadeandalucia.es\/vegaerasmusplus\/wp-json\/wp\/v2\/media?parent=1102"}],"curies":[{"name":"wp","href":"https:\/\/api.w.org\/{rel}","templated":true}]}}