{"id":1452,"date":"2025-09-02T23:07:26","date_gmt":"2025-09-02T21:07:26","guid":{"rendered":"https:\/\/blogsaverroes.juntadeandalucia.es\/vegaerasmusplus\/?page_id=1452"},"modified":"2025-09-02T23:14:24","modified_gmt":"2025-09-02T21:14:24","slug":"job-shadowing-2019","status":"publish","type":"page","link":"https:\/\/blogsaverroes.juntadeandalucia.es\/vegaerasmusplus\/job-shadowing-2019\/","title":{"rendered":"Job shadowing 2019"},"content":{"rendered":"<p>&nbsp;<\/p>\n<h2 class=\"has-text-align-left wp-block-heading\">Periodo de Observaci\u00f3n, octubre 2019<\/h2>\n<p><span style=\"color: #99cc00;font-size: 18pt\"><a href=\"https:\/\/www.bbs1celle.de\/index.php\/de\/\" target=\"_blank\" rel=\"noopener noreferrer\">BBS1 Celle<\/a>, Celle (Alemania)<\/span><\/p>\n<p><img decoding=\"async\" src=\"https:\/\/blogsaverroes.juntadeandalucia.es\/iesvaetwinning\/files\/2020\/02\/spolger-meeting.jpg?w=1024\"><\/p>\n<p>Primer periodo de observaci\u00f3n en nuestro centro de las profesoras Kathrin Behrendt y Nele Andersen de Celle (Alemania) para conocer la integraci\u00f3n curricular de los proyectos eTwinning en nuestro centro.<\/p>\n<p>El contacto se estableci\u00f3 durante un evento de formaci\u00f3n eTwinning sobre FP en Hanover (Alemania) y se fund\u00f3 el proyecto \u00abSpolger 4 you\u00bb. Las profesoras alemanas nos acompa\u00f1an en la entrega del Sello de Calidad Nacional a nuestro alumnado.<\/p>\n<table style=\"border-collapse: collapse;width: 100%\">\n<tbody>\n<tr>\n<td style=\"width: 33.3333%\"><img loading=\"lazy\" decoding=\"async\" class=\"alignnone size-medium wp-image-244\" src=\"https:\/\/blogsaverroes.juntadeandalucia.es\/vegaerasmusplus\/files\/2021\/02\/1-212x300.jpg\" alt=\"\" width=\"212\" height=\"300\" srcset=\"https:\/\/blogsaverroes.juntadeandalucia.es\/vegaerasmusplus\/files\/2021\/02\/1-212x300.jpg 212w, https:\/\/blogsaverroes.juntadeandalucia.es\/vegaerasmusplus\/files\/2021\/02\/1-724x1024.jpg 724w, https:\/\/blogsaverroes.juntadeandalucia.es\/vegaerasmusplus\/files\/2021\/02\/1-768x1086.jpg 768w, https:\/\/blogsaverroes.juntadeandalucia.es\/vegaerasmusplus\/files\/2021\/02\/1.jpg 794w\" sizes=\"(max-width: 212px) 100vw, 212px\" \/><\/td>\n<td style=\"width: 33.3333%\"><img loading=\"lazy\" decoding=\"async\" class=\"alignnone size-medium wp-image-246\" src=\"https:\/\/blogsaverroes.juntadeandalucia.es\/vegaerasmusplus\/files\/2021\/02\/3-212x300.jpg\" alt=\"\" width=\"212\" height=\"300\" srcset=\"https:\/\/blogsaverroes.juntadeandalucia.es\/vegaerasmusplus\/files\/2021\/02\/3-212x300.jpg 212w, https:\/\/blogsaverroes.juntadeandalucia.es\/vegaerasmusplus\/files\/2021\/02\/3-724x1024.jpg 724w, https:\/\/blogsaverroes.juntadeandalucia.es\/vegaerasmusplus\/files\/2021\/02\/3-768x1086.jpg 768w, https:\/\/blogsaverroes.juntadeandalucia.es\/vegaerasmusplus\/files\/2021\/02\/3.jpg 794w\" sizes=\"(max-width: 212px) 100vw, 212px\" \/><\/td>\n<td style=\"width: 33.3333%\"><img loading=\"lazy\" decoding=\"async\" class=\"alignnone size-medium wp-image-245\" src=\"https:\/\/blogsaverroes.juntadeandalucia.es\/vegaerasmusplus\/files\/2021\/02\/2-212x300.jpg\" alt=\"\" width=\"212\" height=\"300\" srcset=\"https:\/\/blogsaverroes.juntadeandalucia.es\/vegaerasmusplus\/files\/2021\/02\/2-212x300.jpg 212w, https:\/\/blogsaverroes.juntadeandalucia.es\/vegaerasmusplus\/files\/2021\/02\/2-724x1024.jpg 724w, https:\/\/blogsaverroes.juntadeandalucia.es\/vegaerasmusplus\/files\/2021\/02\/2-768x1086.jpg 768w, https:\/\/blogsaverroes.juntadeandalucia.es\/vegaerasmusplus\/files\/2021\/02\/2.jpg 794w\" sizes=\"(max-width: 212px) 100vw, 212px\" \/><\/td>\n<\/tr>\n<\/tbody>\n<\/table>\n<p style=\"text-align: center\">&nbsp; &nbsp; &nbsp;&nbsp; &nbsp; &nbsp;<\/p>\n<p>&nbsp;<\/p>\n<div class=\"embed-container\"><iframe loading=\"lazy\" title=\"Job Shadowing in Granada 2019 by Kathrin Behrendt\" width=\"944\" height=\"531\" src=\"https:\/\/www.youtube.com\/embed\/yCgZRwbmgTQ?feature=oembed\" frameborder=\"0\" allow=\"accelerometer; autoplay; clipboard-write; encrypted-media; gyroscope; picture-in-picture; web-share\" referrerpolicy=\"strict-origin-when-cross-origin\" allowfullscreen><\/iframe><\/div>\n<p>Video summary<\/p>\n<p><img loading=\"lazy\" decoding=\"async\" class=\"aligncenter wp-image-257 size-full\" src=\"https:\/\/blogsaverroes.juntadeandalucia.es\/vegaerasmusplus\/files\/2021\/02\/kathrin.jpg\" alt=\"\" width=\"603\" height=\"655\" srcset=\"https:\/\/blogsaverroes.juntadeandalucia.es\/vegaerasmusplus\/files\/2021\/02\/kathrin.jpg 603w, https:\/\/blogsaverroes.juntadeandalucia.es\/vegaerasmusplus\/files\/2021\/02\/kathrin-276x300.jpg 276w\" sizes=\"(max-width: 603px) 100vw, 603px\" \/><\/p>\n<p style=\"text-align: center\">&nbsp;<\/p>\n<p><a href=\"https:\/\/twinspace.etwinning.net\/76957\"><img loading=\"lazy\" decoding=\"async\" class=\"aligncenter wp-image-255 size-full\" src=\"https:\/\/blogsaverroes.juntadeandalucia.es\/vegaerasmusplus\/files\/2021\/02\/spolger.jpg\" alt=\"\" width=\"985\" height=\"630\" srcset=\"https:\/\/blogsaverroes.juntadeandalucia.es\/vegaerasmusplus\/files\/2021\/02\/spolger.jpg 985w, https:\/\/blogsaverroes.juntadeandalucia.es\/vegaerasmusplus\/files\/2021\/02\/spolger-300x192.jpg 300w, https:\/\/blogsaverroes.juntadeandalucia.es\/vegaerasmusplus\/files\/2021\/02\/spolger-768x491.jpg 768w\" sizes=\"(max-width: 985px) 100vw, 985px\" \/><\/a><\/p>\n<p><a href=\"https:\/\/school-education.ec.europa.eu\/en\/etwinning\/projects\/spolger4uth?prefLang=es\"><span style=\"font-size: 14pt\">Enlace al TwinSpace del proyecto relacionado<\/span><\/a><\/p>\n<p>&nbsp;<\/p>\n","protected":false},"excerpt":{"rendered":"<p>&nbsp; Periodo de Observaci\u00f3n, octubre 2019 BBS1 Celle, Celle (Alemania) Primer periodo de observaci\u00f3n en nuestro centro de las profesoras Kathrin Behrendt y Nele Andersen de Celle (Alemania) para conocer la integraci\u00f3n curricular de los proyectos eTwinning en nuestro centro. El contacto se estableci\u00f3 durante un evento de formaci\u00f3n eTwinning sobre FP en Hanover (Alemania) &hellip; <\/p>\n<p><a class=\"more-link btn\" href=\"https:\/\/blogsaverroes.juntadeandalucia.es\/vegaerasmusplus\/job-shadowing-2019\/\">Seguir leyendo<\/a><\/p>\n","protected":false},"author":8182,"featured_media":0,"parent":0,"menu_order":0,"comment_status":"closed","ping_status":"closed","template":"","meta":{"ngg_post_thumbnail":0,"footnotes":""},"aioseo_notices":[],"_links":{"self":[{"href":"https:\/\/blogsaverroes.juntadeandalucia.es\/vegaerasmusplus\/wp-json\/wp\/v2\/pages\/1452"}],"collection":[{"href":"https:\/\/blogsaverroes.juntadeandalucia.es\/vegaerasmusplus\/wp-json\/wp\/v2\/pages"}],"about":[{"href":"https:\/\/blogsaverroes.juntadeandalucia.es\/vegaerasmusplus\/wp-json\/wp\/v2\/types\/page"}],"author":[{"embeddable":true,"href":"https:\/\/blogsaverroes.juntadeandalucia.es\/vegaerasmusplus\/wp-json\/wp\/v2\/users\/8182"}],"replies":[{"embeddable":true,"href":"https:\/\/blogsaverroes.juntadeandalucia.es\/vegaerasmusplus\/wp-json\/wp\/v2\/comments?post=1452"}],"version-history":[{"count":3,"href":"https:\/\/blogsaverroes.juntadeandalucia.es\/vegaerasmusplus\/wp-json\/wp\/v2\/pages\/1452\/revisions"}],"predecessor-version":[{"id":1458,"href":"https:\/\/blogsaverroes.juntadeandalucia.es\/vegaerasmusplus\/wp-json\/wp\/v2\/pages\/1452\/revisions\/1458"}],"wp:attachment":[{"href":"https:\/\/blogsaverroes.juntadeandalucia.es\/vegaerasmusplus\/wp-json\/wp\/v2\/media?parent=1452"}],"curies":[{"name":"wp","href":"https:\/\/api.w.org\/{rel}","templated":true}]}}