{"id":179,"date":"2020-05-21T16:51:32","date_gmt":"2020-05-21T14:51:32","guid":{"rendered":"https:\/\/blogsaverroes.juntadeandalucia.es\/vegaerasmusplus\/?page_id=179"},"modified":"2022-06-25T09:04:49","modified_gmt":"2022-06-25T07:04:49","slug":"comision-erasmus","status":"publish","type":"page","link":"https:\/\/blogsaverroes.juntadeandalucia.es\/vegaerasmusplus\/comision-erasmus\/","title":{"rendered":"Comisi\u00f3n Erasmus+ de Educaci\u00f3n Superior"},"content":{"rendered":"<h3><a href=\"http:\/\/sepie.es\/educacion-superior\/index.html\"><img loading=\"lazy\" decoding=\"async\" class=\"alignnone size-medium wp-image-280 aligncenter\" src=\"https:\/\/blogsaverroes.juntadeandalucia.es\/vegaerasmusplus\/files\/2021\/02\/sepie-es-300x157.jpg\" alt=\"\" width=\"300\" height=\"157\" srcset=\"https:\/\/blogsaverroes.juntadeandalucia.es\/vegaerasmusplus\/files\/2021\/02\/sepie-es-300x157.jpg 300w, https:\/\/blogsaverroes.juntadeandalucia.es\/vegaerasmusplus\/files\/2021\/02\/sepie-es-1024x536.jpg 1024w, https:\/\/blogsaverroes.juntadeandalucia.es\/vegaerasmusplus\/files\/2021\/02\/sepie-es-768x402.jpg 768w, https:\/\/blogsaverroes.juntadeandalucia.es\/vegaerasmusplus\/files\/2021\/02\/sepie-es.jpg 1174w\" sizes=\"(max-width: 300px) 100vw, 300px\" \/><\/a><\/h3>\n<h3><span style=\"color: #ff6600;font-size: 18pt\">Erasmus+ HEI Committee<\/span><\/h3>\n<p><strong><span style=\"font-size: 14pt\">Composition:<\/span><\/strong><\/p>\n<p>Erasmus+ Coordinator: Rosario Rodr\u00edguez Utrilla<\/p>\n<p>Head of Administration Department: Jos\u00e9 Malpica G\u00f3mez<\/p>\n<p>School Secretary: Jos\u00e9 de la Torre Castro<\/p>\n<p>&nbsp;<\/p>\n<p><strong>Functions:<\/strong><\/p>\n<p>Approve and monitor the inter-institutional agreements for study and teaching mobility.<\/p>\n<p>Manage the learning agreements for the mobile students.<\/p>\n<p>Search for partner institutions with the same programme as ours within European countries.<\/p>\n","protected":false},"excerpt":{"rendered":"<p>Erasmus+ HEI Committee Composition: Erasmus+ Coordinator: Rosario Rodr\u00edguez Utrilla Head of Administration Department: Jos\u00e9 Malpica G\u00f3mez School Secretary: Jos\u00e9 de la Torre Castro &nbsp; Functions: Approve and monitor the inter-institutional agreements for study and teaching mobility. Manage the learning agreements for the mobile students. Search for partner institutions with the same programme as ours within &hellip; <\/p>\n<p><a class=\"more-link btn\" href=\"https:\/\/blogsaverroes.juntadeandalucia.es\/vegaerasmusplus\/comision-erasmus\/\">Seguir leyendo<\/a><\/p>\n","protected":false},"author":8182,"featured_media":0,"parent":0,"menu_order":0,"comment_status":"closed","ping_status":"closed","template":"","meta":{"ngg_post_thumbnail":0,"footnotes":""},"aioseo_notices":[],"_links":{"self":[{"href":"https:\/\/blogsaverroes.juntadeandalucia.es\/vegaerasmusplus\/wp-json\/wp\/v2\/pages\/179"}],"collection":[{"href":"https:\/\/blogsaverroes.juntadeandalucia.es\/vegaerasmusplus\/wp-json\/wp\/v2\/pages"}],"about":[{"href":"https:\/\/blogsaverroes.juntadeandalucia.es\/vegaerasmusplus\/wp-json\/wp\/v2\/types\/page"}],"author":[{"embeddable":true,"href":"https:\/\/blogsaverroes.juntadeandalucia.es\/vegaerasmusplus\/wp-json\/wp\/v2\/users\/8182"}],"replies":[{"embeddable":true,"href":"https:\/\/blogsaverroes.juntadeandalucia.es\/vegaerasmusplus\/wp-json\/wp\/v2\/comments?post=179"}],"version-history":[{"count":9,"href":"https:\/\/blogsaverroes.juntadeandalucia.es\/vegaerasmusplus\/wp-json\/wp\/v2\/pages\/179\/revisions"}],"predecessor-version":[{"id":492,"href":"https:\/\/blogsaverroes.juntadeandalucia.es\/vegaerasmusplus\/wp-json\/wp\/v2\/pages\/179\/revisions\/492"}],"wp:attachment":[{"href":"https:\/\/blogsaverroes.juntadeandalucia.es\/vegaerasmusplus\/wp-json\/wp\/v2\/media?parent=179"}],"curies":[{"name":"wp","href":"https:\/\/api.w.org\/{rel}","templated":true}]}}