{"id":190,"date":"2020-05-23T18:02:27","date_gmt":"2020-05-23T16:02:27","guid":{"rendered":"https:\/\/blogsaverroes.juntadeandalucia.es\/vegaerasmusplus\/?page_id=190"},"modified":"2022-06-25T09:51:57","modified_gmt":"2022-06-25T07:51:57","slug":"quiero-saber","status":"publish","type":"page","link":"https:\/\/blogsaverroes.juntadeandalucia.es\/vegaerasmusplus\/quiero-saber\/","title":{"rendered":"Quiero saber"},"content":{"rendered":"<p>&nbsp;<\/p>\n<table style=\"border-collapse: collapse;width: 100%\">\n<tbody>\n<tr>\n<td style=\"width: 33.3333%\"><a href=\"https:\/\/erasmusapp.eu\/about\/content-app\">Erasmus+ App<\/a><a href=\"https:\/\/erasmusapp.eu\/about\/content-app\"><img loading=\"lazy\" decoding=\"async\" class=\"alignnone size-medium wp-image-260\" src=\"https:\/\/blogsaverroes.juntadeandalucia.es\/vegaerasmusplus\/files\/2021\/02\/Arasmus-App-290x300.jpg\" alt=\"\" width=\"290\" height=\"300\" srcset=\"https:\/\/blogsaverroes.juntadeandalucia.es\/vegaerasmusplus\/files\/2021\/02\/Arasmus-App-290x300.jpg 290w, https:\/\/blogsaverroes.juntadeandalucia.es\/vegaerasmusplus\/files\/2021\/02\/Arasmus-App.jpg 618w\" sizes=\"(max-width: 290px) 100vw, 290px\" \/><\/a><\/td>\n<td style=\"width: 33.3333%\"><a href=\"https:\/\/ec.europa.eu\/education\/education-in-the-eu\/european-education-area_en\">Informaci\u00f3n sobre las prioridades del \u00c1rea de Educaci\u00f3n Europea<\/a>:<\/p>\n<p>reconocimiento<\/p>\n<p>competencia digital<\/p>\n<p>valores comunes<\/p>\n<p>educaci\u00f3n inclusiva<\/p>\n<p>For more information on the priorities of the European Education Area, such as recognition, digital skills, common values and inclusive education.<\/td>\n<td style=\"width: 33.3333%\"><a href=\"http:\/\/sepie.es\/iniciativas\/europass\/index.html\" target=\"_blank\" rel=\"noopener noreferrer\"><img loading=\"lazy\" decoding=\"async\" class=\"alignleft wp-image-501 size-medium\" src=\"https:\/\/blogsaverroes.juntadeandalucia.es\/vegaerasmusplus\/files\/2022\/06\/Europass-300x96.png\" alt=\"\" width=\"300\" height=\"96\" srcset=\"https:\/\/blogsaverroes.juntadeandalucia.es\/vegaerasmusplus\/files\/2022\/06\/Europass-300x96.png 300w, https:\/\/blogsaverroes.juntadeandalucia.es\/vegaerasmusplus\/files\/2022\/06\/Europass.png 360w\" sizes=\"(max-width: 300px) 100vw, 300px\" \/><\/a><\/p>\n<p><a href=\"http:\/\/sepie.es\/iniciativas\/europass\/index.html\">Europass Mobility<\/a><\/p>\n<p>Informaci\u00f3n sobre el curr\u00edculum Europass, el documento Europass Mobility y mucho m\u00e1s<\/td>\n<\/tr>\n<\/tbody>\n<\/table>\n<p>&nbsp;<\/p>\n<table style=\"border-collapse: collapse;width: 100%\">\n<tbody>\n<tr>\n<td style=\"width: 33.3333%\"><a href=\"https:\/\/ec.europa.eu\/education\/education-in-the-eu\/european-student-card-initiative_en\">Sobre la Tarjeta Europea de Estudiante<\/a><\/td>\n<td style=\"width: 33.3333%\">&nbsp;<\/td>\n<td style=\"width: 33.3333%\">&nbsp;<\/td>\n<\/tr>\n<\/tbody>\n<\/table>\n<p>&nbsp;<\/p>\n<p>&nbsp;<\/p>\n<p>&nbsp;<\/p>\n<p>&nbsp;<\/p>\n","protected":false},"excerpt":{"rendered":"<p>&nbsp; Erasmus+ App Informaci\u00f3n sobre las prioridades del \u00c1rea de Educaci\u00f3n Europea: reconocimiento competencia digital valores comunes educaci\u00f3n inclusiva For more information on the priorities of the European Education Area, such as recognition, digital skills, common values and inclusive education. Europass Mobility Informaci\u00f3n sobre el curr\u00edculum Europass, el documento Europass Mobility y mucho m\u00e1s &nbsp; &hellip; <\/p>\n<p><a class=\"more-link btn\" href=\"https:\/\/blogsaverroes.juntadeandalucia.es\/vegaerasmusplus\/quiero-saber\/\">Seguir leyendo<\/a><\/p>\n","protected":false},"author":8182,"featured_media":0,"parent":0,"menu_order":0,"comment_status":"closed","ping_status":"closed","template":"","meta":{"ngg_post_thumbnail":0,"footnotes":""},"aioseo_notices":[],"_links":{"self":[{"href":"https:\/\/blogsaverroes.juntadeandalucia.es\/vegaerasmusplus\/wp-json\/wp\/v2\/pages\/190"}],"collection":[{"href":"https:\/\/blogsaverroes.juntadeandalucia.es\/vegaerasmusplus\/wp-json\/wp\/v2\/pages"}],"about":[{"href":"https:\/\/blogsaverroes.juntadeandalucia.es\/vegaerasmusplus\/wp-json\/wp\/v2\/types\/page"}],"author":[{"embeddable":true,"href":"https:\/\/blogsaverroes.juntadeandalucia.es\/vegaerasmusplus\/wp-json\/wp\/v2\/users\/8182"}],"replies":[{"embeddable":true,"href":"https:\/\/blogsaverroes.juntadeandalucia.es\/vegaerasmusplus\/wp-json\/wp\/v2\/comments?post=190"}],"version-history":[{"count":10,"href":"https:\/\/blogsaverroes.juntadeandalucia.es\/vegaerasmusplus\/wp-json\/wp\/v2\/pages\/190\/revisions"}],"predecessor-version":[{"id":505,"href":"https:\/\/blogsaverroes.juntadeandalucia.es\/vegaerasmusplus\/wp-json\/wp\/v2\/pages\/190\/revisions\/505"}],"wp:attachment":[{"href":"https:\/\/blogsaverroes.juntadeandalucia.es\/vegaerasmusplus\/wp-json\/wp\/v2\/media?parent=190"}],"curies":[{"name":"wp","href":"https:\/\/api.w.org\/{rel}","templated":true}]}}