{"id":236,"date":"2021-02-06T22:24:57","date_gmt":"2021-02-06T21:24:57","guid":{"rendered":"https:\/\/blogsaverroes.juntadeandalucia.es\/vegaerasmusplus\/?page_id=236"},"modified":"2022-06-07T19:32:16","modified_gmt":"2022-06-07T17:32:16","slug":"etwinning-y-erasmus","status":"publish","type":"page","link":"https:\/\/blogsaverroes.juntadeandalucia.es\/vegaerasmusplus\/etwinning-y-erasmus\/","title":{"rendered":"eTwinning y Erasmus+"},"content":{"rendered":"<div style=\"width: 100%\">\n<div style=\"padding-bottom: 200.00%;padding-top: 0;height: 0\">\n<div style=\"width: 100%\">\n<div style=\"padding-bottom: 200.00%;padding-top: 0;height: 0\">\n<p><span style=\"color: #003366;font-size: 18pt\">\u00bfQu\u00e9 aporta eTwinning a Erasmus+?&nbsp;<\/span><\/p>\n<table style=\"border-collapse: collapse;width: 95.1746%;height: 390px\">\n<tbody>\n<tr>\n<td style=\"width: 50%\">\n<p style=\"text-align: center\"><a href=\"https:\/\/www.youtube.com\/watch?v=bRt6Dspq4-E\" target=\"_blank\" rel=\"noopener noreferrer\">&nbsp;<\/a><a href=\"https:\/\/www.youtube.com\/watch?v=bRt6Dspq4-E\" target=\"_blank\" rel=\"noopener noreferrer\"><img loading=\"lazy\" decoding=\"async\" class=\"alignnone wp-image-368\" src=\"https:\/\/blogsaverroes.juntadeandalucia.es\/vegaerasmusplus\/files\/2021\/12\/equipos.jpg\" alt=\"\" width=\"700\" height=\"539\" srcset=\"https:\/\/blogsaverroes.juntadeandalucia.es\/vegaerasmusplus\/files\/2021\/12\/equipos.jpg 606w, https:\/\/blogsaverroes.juntadeandalucia.es\/vegaerasmusplus\/files\/2021\/12\/equipos-300x231.jpg 300w\" sizes=\"(max-width: 700px) 100vw, 700px\" \/><\/a><\/p>\n<p>&nbsp;<\/p>\n<p>Accede a la grabaci\u00f3n del XXVI Webinar del Grupo de Equipos Directivos eTwinning, con la participaci\u00f3n de Isabel Esteban y Rosario Rodr\u00edguez, Sinergias entre eTwinning y Erasmus+<\/td>\n<\/tr>\n<\/tbody>\n<\/table>\n<p>&nbsp;<\/p>\n<table style=\"border-collapse: collapse;width: 100%\">\n<tbody>\n<tr>\n<td style=\"width: 50%\">\n<div style=\"width: 100%;text-align: center\">\n<div style=\"padding-bottom: 200%;padding-top: 0;height: 0\"><iframe loading=\"lazy\" src=\"https:\/\/view.genial.ly\/6015d5e922eaac0d7191f09b\" width=\"600px\" height=\"900px\" frameborder=\"0\" scrolling=\"yes\"><\/iframe><\/div>\n<\/div>\n<\/td>\n<\/tr>\n<\/tbody>\n<\/table>\n<\/div>\n<\/div>\n<\/div>\n<\/div>\n","protected":false},"excerpt":{"rendered":"<p>\u00bfQu\u00e9 aporta eTwinning a Erasmus+?&nbsp; &nbsp; &nbsp; Accede a la grabaci\u00f3n del XXVI Webinar del Grupo de Equipos Directivos eTwinning, con la participaci\u00f3n de Isabel Esteban y Rosario Rodr\u00edguez, Sinergias entre eTwinning y Erasmus+ &nbsp;<\/p>\n","protected":false},"author":8182,"featured_media":0,"parent":0,"menu_order":0,"comment_status":"closed","ping_status":"closed","template":"","meta":{"ngg_post_thumbnail":0,"footnotes":""},"aioseo_notices":[],"_links":{"self":[{"href":"https:\/\/blogsaverroes.juntadeandalucia.es\/vegaerasmusplus\/wp-json\/wp\/v2\/pages\/236"}],"collection":[{"href":"https:\/\/blogsaverroes.juntadeandalucia.es\/vegaerasmusplus\/wp-json\/wp\/v2\/pages"}],"about":[{"href":"https:\/\/blogsaverroes.juntadeandalucia.es\/vegaerasmusplus\/wp-json\/wp\/v2\/types\/page"}],"author":[{"embeddable":true,"href":"https:\/\/blogsaverroes.juntadeandalucia.es\/vegaerasmusplus\/wp-json\/wp\/v2\/users\/8182"}],"replies":[{"embeddable":true,"href":"https:\/\/blogsaverroes.juntadeandalucia.es\/vegaerasmusplus\/wp-json\/wp\/v2\/comments?post=236"}],"version-history":[{"count":19,"href":"https:\/\/blogsaverroes.juntadeandalucia.es\/vegaerasmusplus\/wp-json\/wp\/v2\/pages\/236\/revisions"}],"predecessor-version":[{"id":405,"href":"https:\/\/blogsaverroes.juntadeandalucia.es\/vegaerasmusplus\/wp-json\/wp\/v2\/pages\/236\/revisions\/405"}],"wp:attachment":[{"href":"https:\/\/blogsaverroes.juntadeandalucia.es\/vegaerasmusplus\/wp-json\/wp\/v2\/media?parent=236"}],"curies":[{"name":"wp","href":"https:\/\/api.w.org\/{rel}","templated":true}]}}