{"id":26,"date":"2020-02-18T18:32:37","date_gmt":"2020-02-18T17:32:37","guid":{"rendered":"https:\/\/blogsaverroes.juntadeandalucia.es\/vegaerasmusplus\/?page_id=26"},"modified":"2021-02-22T22:35:43","modified_gmt":"2021-02-22T21:35:43","slug":"solicitud","status":"publish","type":"page","link":"https:\/\/blogsaverroes.juntadeandalucia.es\/vegaerasmusplus\/solicitud\/","title":{"rendered":"Solicitud y baremaci\u00f3n"},"content":{"rendered":"<p>Todos los tr\u00e1mites necesarios durante el procedimiento de selecci\u00f3n se llevar\u00e1n a cabo a trav\u00e9s del Registro Electr\u00f3nico de Centros, no pudiendo presentarse ninguna documentaci\u00f3n en formato papel.<\/p>\n<p><a href=\"https:\/\/www.juntadeandalucia.es\/educacion\/secretariavirtual\/accesoTramite\/462\/\"><img loading=\"lazy\" decoding=\"async\" class=\"size-medium wp-image-204 aligncenter\" src=\"https:\/\/blogsaverroes.juntadeandalucia.es\/vegaerasmusplus\/files\/2020\/05\/secretaria-virtual-300x68.png\" alt=\"\" width=\"300\" height=\"68\" srcset=\"https:\/\/blogsaverroes.juntadeandalucia.es\/vegaerasmusplus\/files\/2020\/05\/secretaria-virtual-300x68.png 300w, https:\/\/blogsaverroes.juntadeandalucia.es\/vegaerasmusplus\/files\/2020\/05\/secretaria-virtual-24x5.png 24w, https:\/\/blogsaverroes.juntadeandalucia.es\/vegaerasmusplus\/files\/2020\/05\/secretaria-virtual-36x8.png 36w, https:\/\/blogsaverroes.juntadeandalucia.es\/vegaerasmusplus\/files\/2020\/05\/secretaria-virtual-48x11.png 48w, https:\/\/blogsaverroes.juntadeandalucia.es\/vegaerasmusplus\/files\/2020\/05\/secretaria-virtual.png 472w\" sizes=\"(max-width: 300px) 100vw, 300px\" \/><\/a><\/p>\n<h4 style=\"text-align: center\"><span style=\"font-size: 14pt\"><a href=\"https:\/\/blogsaverroes.juntadeandalucia.es\/iesvegadeatarfe\/files\/2020\/05\/Registro-electronico-en-centros.pdf\" target=\"_blank\" rel=\"noopener noreferrer\"><span style=\"color: #800000\">Instrucciones de registro<\/span><\/a><\/span><\/h4>\n<p>&nbsp;<\/p>\n<p>&nbsp;<\/p>\n<ul>\n<li>Bases Convocatoria de Movilidades<\/li>\n<li>Criterios de selecci\u00f3n<\/li>\n<li>Solicitud de participaci\u00f3n en el programa ERASMUS+<\/li>\n<li>Anexo I&nbsp; (Informaci\u00f3n personal en espa\u00f1ol)<\/li>\n<li>Anexo II (Informaci\u00f3n personal en ingl\u00e9s)<\/li>\n<li>Anexo III (Compromiso de aceptaci\u00f3n ERASMUS+)<\/li>\n<li>Anexo IV (Modelo de Reclamaci\u00f3n)<\/li>\n<\/ul>\n<p>&nbsp;<\/p>\n<p>&nbsp;<\/p>\n<p><a href=\"https:\/\/blogsaverroes.juntadeandalucia.es\/vegaerasmusplus\/files\/2021\/02\/9.-Carta_Estudiante_Erasmus_ES.pdf\">Carta de Estudiante Erasmus+<\/a><\/p>\n<p>&nbsp;<\/p>\n","protected":false},"excerpt":{"rendered":"<p>Todos los tr\u00e1mites necesarios durante el procedimiento de selecci\u00f3n se llevar\u00e1n a cabo a trav\u00e9s del Registro Electr\u00f3nico de Centros, no pudiendo presentarse ninguna documentaci\u00f3n en formato papel. Instrucciones de registro &nbsp; &nbsp; Bases Convocatoria de Movilidades Criterios de selecci\u00f3n Solicitud de participaci\u00f3n en el programa ERASMUS+ Anexo I&nbsp; (Informaci\u00f3n personal en espa\u00f1ol) Anexo II &hellip; <\/p>\n<p><a class=\"more-link btn\" href=\"https:\/\/blogsaverroes.juntadeandalucia.es\/vegaerasmusplus\/solicitud\/\">Seguir leyendo<\/a><\/p>\n","protected":false},"author":8182,"featured_media":0,"parent":0,"menu_order":0,"comment_status":"closed","ping_status":"closed","template":"","meta":{"ngg_post_thumbnail":0,"footnotes":""},"aioseo_notices":[],"_links":{"self":[{"href":"https:\/\/blogsaverroes.juntadeandalucia.es\/vegaerasmusplus\/wp-json\/wp\/v2\/pages\/26"}],"collection":[{"href":"https:\/\/blogsaverroes.juntadeandalucia.es\/vegaerasmusplus\/wp-json\/wp\/v2\/pages"}],"about":[{"href":"https:\/\/blogsaverroes.juntadeandalucia.es\/vegaerasmusplus\/wp-json\/wp\/v2\/types\/page"}],"author":[{"embeddable":true,"href":"https:\/\/blogsaverroes.juntadeandalucia.es\/vegaerasmusplus\/wp-json\/wp\/v2\/users\/8182"}],"replies":[{"embeddable":true,"href":"https:\/\/blogsaverroes.juntadeandalucia.es\/vegaerasmusplus\/wp-json\/wp\/v2\/comments?post=26"}],"version-history":[{"count":11,"href":"https:\/\/blogsaverroes.juntadeandalucia.es\/vegaerasmusplus\/wp-json\/wp\/v2\/pages\/26\/revisions"}],"predecessor-version":[{"id":276,"href":"https:\/\/blogsaverroes.juntadeandalucia.es\/vegaerasmusplus\/wp-json\/wp\/v2\/pages\/26\/revisions\/276"}],"wp:attachment":[{"href":"https:\/\/blogsaverroes.juntadeandalucia.es\/vegaerasmusplus\/wp-json\/wp\/v2\/media?parent=26"}],"curies":[{"name":"wp","href":"https:\/\/api.w.org\/{rel}","templated":true}]}}