{"id":327,"date":"2021-12-19T23:32:23","date_gmt":"2021-12-19T22:32:23","guid":{"rendered":"https:\/\/blogsaverroes.juntadeandalucia.es\/vegaerasmusplus\/?page_id=327"},"modified":"2024-03-27T00:21:52","modified_gmt":"2024-03-26T23:21:52","slug":"documentacion-movilidades","status":"publish","type":"page","link":"https:\/\/blogsaverroes.juntadeandalucia.es\/vegaerasmusplus\/documentacion-movilidades\/","title":{"rendered":"Documentaci\u00f3n profesorado"},"content":{"rendered":"<p><strong><span style=\"color: #003366\">DOCUMENTACI\u00d3N y TR\u00c1MITES RELATIVOS A MOVILIDADES ERASMUS+ PARA PROFESORADO<\/span><\/strong><\/p>\n<table style=\"border-collapse: collapse;width: 96.0813%;height: 282px\">\n<tbody>\n<tr style=\"height: 163px\">\n<td style=\"width: 33.7446%;height: 163px\"><img loading=\"lazy\" decoding=\"async\" class=\"alignnone size-medium wp-image-510\" src=\"https:\/\/blogsaverroes.juntadeandalucia.es\/vegaerasmusplus\/files\/2022\/06\/checklist-gc04b3bf33_1920-227x300.png\" alt=\"\" width=\"227\" height=\"300\" srcset=\"https:\/\/blogsaverroes.juntadeandalucia.es\/vegaerasmusplus\/files\/2022\/06\/checklist-gc04b3bf33_1920-227x300.png 227w, https:\/\/blogsaverroes.juntadeandalucia.es\/vegaerasmusplus\/files\/2022\/06\/checklist-gc04b3bf33_1920-773x1024.png 773w, https:\/\/blogsaverroes.juntadeandalucia.es\/vegaerasmusplus\/files\/2022\/06\/checklist-gc04b3bf33_1920-768x1017.png 768w, https:\/\/blogsaverroes.juntadeandalucia.es\/vegaerasmusplus\/files\/2022\/06\/checklist-gc04b3bf33_1920-1160x1536.png 1160w, https:\/\/blogsaverroes.juntadeandalucia.es\/vegaerasmusplus\/files\/2022\/06\/checklist-gc04b3bf33_1920.png 1450w\" sizes=\"(max-width: 227px) 100vw, 227px\" \/><\/td>\n<td style=\"width: 66.2554%;height: 163px\"><img loading=\"lazy\" decoding=\"async\" class=\"alignnone size-medium wp-image-795\" src=\"https:\/\/blogsaverroes.juntadeandalucia.es\/vegaerasmusplus\/files\/2023\/01\/Erasmus-300x86.png\" alt=\"\" width=\"300\" height=\"86\" srcset=\"https:\/\/blogsaverroes.juntadeandalucia.es\/vegaerasmusplus\/files\/2023\/01\/Erasmus-300x86.png 300w, https:\/\/blogsaverroes.juntadeandalucia.es\/vegaerasmusplus\/files\/2023\/01\/Erasmus-1024x294.png 1024w, https:\/\/blogsaverroes.juntadeandalucia.es\/vegaerasmusplus\/files\/2023\/01\/Erasmus-768x220.png 768w, https:\/\/blogsaverroes.juntadeandalucia.es\/vegaerasmusplus\/files\/2023\/01\/Erasmus-1536x440.png 1536w, https:\/\/blogsaverroes.juntadeandalucia.es\/vegaerasmusplus\/files\/2023\/01\/Erasmus-2048x587.png 2048w\" sizes=\"(max-width: 300px) 100vw, 300px\" \/><img loading=\"lazy\" decoding=\"async\" class=\"wp-image-834 size-thumbnail alignleft\" style=\"color: #747474;font-family: 'Open Sans', sans-serif;font-size: 14px;letter-spacing: normal;background-color: #ffffff\" src=\"https:\/\/blogsaverroes.juntadeandalucia.es\/vegaerasmusplus\/files\/2023\/03\/Europa-150x150.jpg\" alt=\"\" width=\"150\" height=\"150\"><img loading=\"lazy\" decoding=\"async\" class=\"wp-image-833 size-thumbnail aligncenter\" src=\"https:\/\/blogsaverroes.juntadeandalucia.es\/vegaerasmusplus\/files\/2023\/03\/Suitcase-150x150.jpg\" alt=\"\" width=\"150\" height=\"150\"><\/td>\n<\/tr>\n<\/tbody>\n<\/table>\n<p><a href=\"https:\/\/www.canva.com\/design\/DAE9rtIlhlI\/gQBMuO6XTVBVjr1Aon5-8g\/edit?utm_content=DAE9rtIlhlI&amp;utm_campaign=designshare&amp;utm_medium=link2&amp;utm_source=sharebutton\" target=\"_blank\" rel=\"noopener noreferrer\"><img loading=\"lazy\" decoding=\"async\" class=\"aligncenter wp-image-1127\" src=\"https:\/\/blogsaverroes.juntadeandalucia.es\/vegaerasmusplus\/files\/2024\/03\/Documentaci\u00f3n-Erasmus-724x1024.png\" alt=\"\" width=\"500\" height=\"707\" srcset=\"https:\/\/blogsaverroes.juntadeandalucia.es\/vegaerasmusplus\/files\/2024\/03\/Documentaci\u00f3n-Erasmus-724x1024.png 724w, https:\/\/blogsaverroes.juntadeandalucia.es\/vegaerasmusplus\/files\/2024\/03\/Documentaci\u00f3n-Erasmus-212x300.png 212w, https:\/\/blogsaverroes.juntadeandalucia.es\/vegaerasmusplus\/files\/2024\/03\/Documentaci\u00f3n-Erasmus-768x1086.png 768w, https:\/\/blogsaverroes.juntadeandalucia.es\/vegaerasmusplus\/files\/2024\/03\/Documentaci\u00f3n-Erasmus-1086x1536.png 1086w, https:\/\/blogsaverroes.juntadeandalucia.es\/vegaerasmusplus\/files\/2024\/03\/Documentaci\u00f3n-Erasmus.png 1414w\" sizes=\"(max-width: 500px) 100vw, 500px\" \/><\/a><\/p>\n<p><span style=\"font-size: 14pt\"><strong><span style=\"color: #ff0000\">Documentaci\u00f3n PREVIA<\/span><\/strong><\/span><\/p>\n<table style=\"border-collapse: collapse;width: 99.8549%;height: 263px\">\n<tbody>\n<tr style=\"height: 24px\">\n<td style=\"width: 39.9201%;background-color: #dbd7d7;height: 24px\">Documento\/Tr\u00e1mite<\/td>\n<td style=\"width: 60.0799%;background-color: #dbd7d7;height: 24px\">Organismo<\/td>\n<\/tr>\n<tr style=\"height: 229px\">\n<td style=\"width: 39.9201%;text-align: left;vertical-align: top;height: 229px\">\n<ul>\n<li style=\"text-align: left\">Tarjeta Sanitaria Europea<\/li>\n<li style=\"text-align: left\">Permiso laboral a Delegaci\u00f3n<\/li>\n<li style=\"text-align: left\">Acuerdos de Movilidad<\/li>\n<\/ul>\n<p>&nbsp;<\/p>\n<ul>\n<li>Seguros de viaje<\/li>\n<li>Plan de difusi\u00f3n<\/li>\n<\/ul>\n<\/td>\n<td style=\"width: 60.0799%;text-align: left;vertical-align: top;height: 229px\">\n<ul>\n<li style=\"text-align: left\"><span style=\"color: #0000ff\"><a style=\"color: #0000ff\" href=\"https:\/\/www.muface.es\/muface_Home\/muface_Index\/aviso-tse.html\" target=\"_blank\" rel=\"noopener noreferrer\">Muface&nbsp;<\/a> <\/span>\/&nbsp; <span style=\"color: #0000ff\"><a style=\"color: #0000ff\" href=\"https:\/\/www.seg-social.es\/wps\/portal\/wss\/internet\/Trabajadores\/PrestacionesPensionesTrabajadores\/10938\/11566\/1761\" target=\"_blank\" rel=\"noopener noreferrer\">Seguridad Social<\/a><\/span><\/li>\n<li style=\"text-align: left\">Delegaci\u00f3n<\/li>\n<li style=\"text-align: left\">Coordinadora E+ \/ Direcci\u00f3n<\/li>\n<li style=\"text-align: left\">Instituciones de env\u00edo y acogida<\/li>\n<li style=\"text-align: left\"><strong>Seguro de salud<\/strong>, <strong>seguro de responsabilidad civil<\/strong> y <strong>seguro de accidentes<\/strong><\/li>\n<\/ul>\n<\/td>\n<\/tr>\n<\/tbody>\n<\/table>\n<p><span style=\"font-size: 14pt\"><strong><span style=\"color: #ffcc00\">Documentaci\u00f3n DURANTE<\/span><\/strong><\/span><\/p>\n<table style=\"border-collapse: collapse;width: 100%;height: 139px\">\n<tbody>\n<tr style=\"height: 24px\">\n<td style=\"width: 66.6254%;background-color: #dbd7d7;height: 24px\">Documento\/Tr\u00e1mite<\/td>\n<td style=\"width: 33.3746%;background-color: #dbd7d7;height: 24px\">Organismo<\/td>\n<\/tr>\n<tr style=\"height: 115px\">\n<td style=\"width: 66.6254%;text-align: left;vertical-align: top;height: 115px\">\n<ul>\n<li style=\"text-align: left\"><a href=\"https:\/\/blogsaverroes.juntadeandalucia.es\/vegaerasmusplus\/files\/2022\/06\/Plantilla-seguimiento-de-Movilidad-Transnacional.docx\"><span style=\"color: #0000ff\">Plantilla seguimiento de Movilidad<\/span> <span style=\"color: #0000ff\">Transnacional<\/span><\/a><\/li>\n<li><a href=\"https:\/\/blogsaverroes.juntadeandalucia.es\/vegaerasmusplus\/files\/2022\/06\/europass.pdf\" target=\"_blank\" rel=\"noopener noreferrer\"><span style=\"color: #0000ff\">Documento de Movilidad<\/span> <span style=\"color: #0000ff\">Europass<\/span><\/a><span style=\"color: #0000ff\"> (DME)<\/span><\/li>\n<li>Certificado de participaci\u00f3n<\/li>\n<\/ul>\n<\/td>\n<td style=\"width: 33.3746%;text-align: left;vertical-align: top;height: 115px\">\n<ul>\n<li>IES Vega de Atarfe<\/li>\n<li><a href=\"http:\/\/sepie.es\/iniciativas\/europass\/documento-movilidad.html\" target=\"_blank\" rel=\"noopener noreferrer\">Europass Mobility&nbsp;<\/a><\/li>\n<li>Instituci\u00f3n de acogida<\/li>\n<\/ul>\n<\/td>\n<\/tr>\n<\/tbody>\n<\/table>\n<p><strong><span style=\"color: #339966;font-size: 14pt\">Documentaci\u00f3n POSTERIOR<\/span><\/strong><\/p>\n<table style=\"border-collapse: collapse;width: 100%;height: 167px\">\n<tbody>\n<tr style=\"height: 24px\">\n<td style=\"width: 53.4958%;background-color: #dbd7d7;height: 24px\">Documento\/Tr\u00e1mite<\/td>\n<td style=\"width: 46.5042%;background-color: #dbd7d7;height: 24px\">Organismo&nbsp;<\/td>\n<\/tr>\n<tr style=\"height: 143px\">\n<td style=\"width: 53.4958%;height: 143px;text-align: left;vertical-align: top\">\n<ul>\n<li style=\"text-align: left\">Participant&#8217;s report<\/li>\n<li><a href=\"https:\/\/forms.gle\/jVxtUYfmK5aUdhBo7\" target=\"_blank\" rel=\"noopener noreferrer\"><span style=\"color: #0000ff\">Memoria de autoevaluaci\u00f3n<\/span><\/a><\/li>\n<li>Difusi\u00f3n realizada:&nbsp;Presentaci\u00f3n en el centro<\/li>\n<li>Facturas&nbsp;<\/li>\n<\/ul>\n<\/td>\n<td style=\"width: 46.5042%;height: 143px;text-align: left;vertical-align: top\">\n<ul>\n<li><a href=\"http:\/\/sepie.es\/iniciativas\/europass\/documento-movilidad.html\" target=\"_blank\" rel=\"noopener noreferrer\">&nbsp;Sepie<\/a><\/li>\n<li>Comisi\u00f3n E+<\/li>\n<li>Participante \/ Comisi\u00f3n E+<\/li>\n<li>Participante \/ Comisi\u00f3n E+<\/li>\n<\/ul>\n<\/td>\n<\/tr>\n<\/tbody>\n<\/table>\n<p>&nbsp;<\/p>\n<p>&nbsp;<\/p>\n","protected":false},"excerpt":{"rendered":"<p>DOCUMENTACI\u00d3N y TR\u00c1MITES RELATIVOS A MOVILIDADES ERASMUS+ PARA PROFESORADO Documentaci\u00f3n PREVIA Documento\/Tr\u00e1mite Organismo Tarjeta Sanitaria Europea Permiso laboral a Delegaci\u00f3n Acuerdos de Movilidad &nbsp; Seguros de viaje Plan de difusi\u00f3n Muface&nbsp; \/&nbsp; Seguridad Social Delegaci\u00f3n Coordinadora E+ \/ Direcci\u00f3n Instituciones de env\u00edo y acogida Seguro de salud, seguro de responsabilidad civil y seguro de accidentes &hellip; <\/p>\n<p><a class=\"more-link btn\" href=\"https:\/\/blogsaverroes.juntadeandalucia.es\/vegaerasmusplus\/documentacion-movilidades\/\">Seguir leyendo<\/a><\/p>\n","protected":false},"author":8182,"featured_media":0,"parent":0,"menu_order":0,"comment_status":"closed","ping_status":"closed","template":"","meta":{"ngg_post_thumbnail":0,"footnotes":""},"aioseo_notices":[],"_links":{"self":[{"href":"https:\/\/blogsaverroes.juntadeandalucia.es\/vegaerasmusplus\/wp-json\/wp\/v2\/pages\/327"}],"collection":[{"href":"https:\/\/blogsaverroes.juntadeandalucia.es\/vegaerasmusplus\/wp-json\/wp\/v2\/pages"}],"about":[{"href":"https:\/\/blogsaverroes.juntadeandalucia.es\/vegaerasmusplus\/wp-json\/wp\/v2\/types\/page"}],"author":[{"embeddable":true,"href":"https:\/\/blogsaverroes.juntadeandalucia.es\/vegaerasmusplus\/wp-json\/wp\/v2\/users\/8182"}],"replies":[{"embeddable":true,"href":"https:\/\/blogsaverroes.juntadeandalucia.es\/vegaerasmusplus\/wp-json\/wp\/v2\/comments?post=327"}],"version-history":[{"count":46,"href":"https:\/\/blogsaverroes.juntadeandalucia.es\/vegaerasmusplus\/wp-json\/wp\/v2\/pages\/327\/revisions"}],"predecessor-version":[{"id":1129,"href":"https:\/\/blogsaverroes.juntadeandalucia.es\/vegaerasmusplus\/wp-json\/wp\/v2\/pages\/327\/revisions\/1129"}],"wp:attachment":[{"href":"https:\/\/blogsaverroes.juntadeandalucia.es\/vegaerasmusplus\/wp-json\/wp\/v2\/media?parent=327"}],"curies":[{"name":"wp","href":"https:\/\/api.w.org\/{rel}","templated":true}]}}