{"id":336,"date":"2021-12-19T23:42:59","date_gmt":"2021-12-19T22:42:59","guid":{"rendered":"https:\/\/blogsaverroes.juntadeandalucia.es\/vegaerasmusplus\/?page_id=336"},"modified":"2024-01-12T08:26:55","modified_gmt":"2024-01-12T07:26:55","slug":"solicitud-participacion-profesorado","status":"publish","type":"page","link":"https:\/\/blogsaverroes.juntadeandalucia.es\/vegaerasmusplus\/solicitud-participacion-profesorado\/","title":{"rendered":"Profesorado"},"content":{"rendered":"<table style=\"border-collapse: collapse;width: 100%\">\n<tbody>\n<tr>\n<td style=\"width: 50%\"><img loading=\"lazy\" decoding=\"async\" class=\"alignnone size-medium wp-image-331 aligncenter\" style=\"color: #747474;font-family: 'Open Sans', sans-serif;font-size: 14px;letter-spacing: normal;background-color: #ffffff\" src=\"https:\/\/blogsaverroes.juntadeandalucia.es\/vegaerasmusplus\/files\/2021\/12\/school-supplies-3033204__340-300x169.png\" alt=\"\" width=\"300\" height=\"169\" srcset=\"https:\/\/blogsaverroes.juntadeandalucia.es\/vegaerasmusplus\/files\/2021\/12\/school-supplies-3033204__340-300x169.png 300w, https:\/\/blogsaverroes.juntadeandalucia.es\/vegaerasmusplus\/files\/2021\/12\/school-supplies-3033204__340.png 604w\" sizes=\"(max-width: 300px) 100vw, 300px\" \/><\/td>\n<td style=\"width: 50%\"><img loading=\"lazy\" decoding=\"async\" class=\"alignnone size-medium wp-image-834\" style=\"color: #747474;font-family: 'Open Sans', sans-serif;font-size: 14px;letter-spacing: normal;background-color: #ffffff\" src=\"https:\/\/blogsaverroes.juntadeandalucia.es\/vegaerasmusplus\/files\/2023\/03\/Europa-300x124.jpg\" alt=\"\" width=\"300\" height=\"124\" srcset=\"https:\/\/blogsaverroes.juntadeandalucia.es\/vegaerasmusplus\/files\/2023\/03\/Europa-300x124.jpg 300w, https:\/\/blogsaverroes.juntadeandalucia.es\/vegaerasmusplus\/files\/2023\/03\/Europa.jpg 461w\" sizes=\"(max-width: 300px) 100vw, 300px\" \/><img loading=\"lazy\" decoding=\"async\" class=\"alignnone wp-image-833 size-thumbnail aligncenter\" src=\"https:\/\/blogsaverroes.juntadeandalucia.es\/vegaerasmusplus\/files\/2023\/03\/Suitcase-150x150.jpg\" alt=\"\" width=\"150\" height=\"150\"><\/td>\n<\/tr>\n<\/tbody>\n<\/table>\n<p>&nbsp;<\/p>\n<p><strong>SOLICITUD y SELECCI\u00d3N DE PARTICIPACI\u00d3N EN MOVILIDAD<\/strong><\/p>\n<table style=\"border-collapse: collapse;width: 100%\">\n<tbody>\n<tr>\n<td style=\"width: 17.5909%;text-align: center\"><span style=\"font-family: georgia, palatino, serif;font-size: 12pt;color: #666699\"><a style=\"color: #666699\" href=\"https:\/\/forms.gle\/prC2pjpJFFymSoQ78\" target=\"_blank\" rel=\"noopener noreferrer\"><strong>ERASMUS+ Profesorado<\/strong><\/a><\/span><\/td>\n<\/tr>\n<tr>\n<td style=\"width: 17.5909%\"><a href=\"https:\/\/forms.gle\/ffTGS3B8mMXCj42h6\" target=\"_blank\" rel=\"noopener noreferrer\"><img loading=\"lazy\" decoding=\"async\" class=\"alignnone wp-image-847 size-medium\" src=\"https:\/\/blogsaverroes.juntadeandalucia.es\/vegaerasmusplus\/files\/2023\/03\/erasmus_eu_emblem_with_tagline-pos-es-300x121.png\" alt=\"\" width=\"300\" height=\"121\"><\/a><\/td>\n<\/tr>\n<\/tbody>\n<\/table>\n<p>&nbsp;<\/p>\n<p><strong>CRITERIOS DE SELECCI\u00d3N <\/strong><\/p>\n<p>&nbsp;<\/p>\n<p>&nbsp;<\/p>\n<p>Todos los tr\u00e1mites necesarios durante el procedimiento de selecci\u00f3n se llevar\u00e1n a cabo a trav\u00e9s del Registro Electr\u00f3nico de Centros, no pudiendo presentarse ninguna documentaci\u00f3n en formato papel.<\/p>\n<p><a href=\"https:\/\/www.juntadeandalucia.es\/educacion\/secretariavirtual\/accesoTramite\/462\/\"><img loading=\"lazy\" decoding=\"async\" class=\"size-medium wp-image-204 aligncenter\" src=\"https:\/\/blogsaverroes.juntadeandalucia.es\/vegaerasmusplus\/files\/2020\/05\/secretaria-virtual-300x68.png\" alt=\"\" width=\"300\" height=\"68\" srcset=\"https:\/\/blogsaverroes.juntadeandalucia.es\/vegaerasmusplus\/files\/2020\/05\/secretaria-virtual-300x68.png 300w, https:\/\/blogsaverroes.juntadeandalucia.es\/vegaerasmusplus\/files\/2020\/05\/secretaria-virtual-24x5.png 24w, https:\/\/blogsaverroes.juntadeandalucia.es\/vegaerasmusplus\/files\/2020\/05\/secretaria-virtual-36x8.png 36w, https:\/\/blogsaverroes.juntadeandalucia.es\/vegaerasmusplus\/files\/2020\/05\/secretaria-virtual-48x11.png 48w, https:\/\/blogsaverroes.juntadeandalucia.es\/vegaerasmusplus\/files\/2020\/05\/secretaria-virtual.png 472w\" sizes=\"(max-width: 300px) 100vw, 300px\" \/><\/a><\/p>\n<h4><a href=\"https:\/\/blogsaverroes.juntadeandalucia.es\/iesvegadeatarfe\/files\/2020\/05\/Registro-electronico-en-centros.pdf\" target=\"_blank\" rel=\"noopener noreferrer\">Instrucciones de registro<\/a><\/h4>\n<ul>\n<li>Bases Convocatoria de Movilidades<\/li>\n<li>Criterios de selecci\u00f3n<\/li>\n<li><a href=\"https:\/\/forms.gle\/dKkXeqkTaaWH5nGX8\" target=\"_blank\" rel=\"noopener noreferrer\">Solicitud de participaci\u00f3n en el programa ERASMUS+<\/a><\/li>\n<li>Anexo I&nbsp; (Informaci\u00f3n personal en espa\u00f1ol)<\/li>\n<li>Anexo II (Informaci\u00f3n personal en ingl\u00e9s)<\/li>\n<li>Anexo III (Compromiso de aceptaci\u00f3n ERASMUS+)<\/li>\n<li>Anexo IV (Modelo de Reclamaci\u00f3n)<\/li>\n<\/ul>\n<p>&nbsp;<\/p>\n<p><a href=\"https:\/\/forms.gle\/MT9eojjPY8zeFkxz7\" target=\"_blank\" rel=\"noopener noreferrer\"><strong>MEMORIA DE AUTOEVALUACI\u00d3N DE MOVILIDAD<\/strong><\/a><\/p>\n<p>&nbsp;<\/p>\n<p>&nbsp;<\/p>\n<p>&nbsp;<\/p>\n","protected":false},"excerpt":{"rendered":"<p>&nbsp; SOLICITUD y SELECCI\u00d3N DE PARTICIPACI\u00d3N EN MOVILIDAD ERASMUS+ Profesorado &nbsp; CRITERIOS DE SELECCI\u00d3N &nbsp; &nbsp; Todos los tr\u00e1mites necesarios durante el procedimiento de selecci\u00f3n se llevar\u00e1n a cabo a trav\u00e9s del Registro Electr\u00f3nico de Centros, no pudiendo presentarse ninguna documentaci\u00f3n en formato papel. Instrucciones de registro Bases Convocatoria de Movilidades Criterios de selecci\u00f3n Solicitud &hellip; <\/p>\n<p><a class=\"more-link btn\" href=\"https:\/\/blogsaverroes.juntadeandalucia.es\/vegaerasmusplus\/solicitud-participacion-profesorado\/\">Seguir leyendo<\/a><\/p>\n","protected":false},"author":8182,"featured_media":0,"parent":0,"menu_order":0,"comment_status":"closed","ping_status":"closed","template":"","meta":{"ngg_post_thumbnail":0,"footnotes":""},"aioseo_notices":[],"_links":{"self":[{"href":"https:\/\/blogsaverroes.juntadeandalucia.es\/vegaerasmusplus\/wp-json\/wp\/v2\/pages\/336"}],"collection":[{"href":"https:\/\/blogsaverroes.juntadeandalucia.es\/vegaerasmusplus\/wp-json\/wp\/v2\/pages"}],"about":[{"href":"https:\/\/blogsaverroes.juntadeandalucia.es\/vegaerasmusplus\/wp-json\/wp\/v2\/types\/page"}],"author":[{"embeddable":true,"href":"https:\/\/blogsaverroes.juntadeandalucia.es\/vegaerasmusplus\/wp-json\/wp\/v2\/users\/8182"}],"replies":[{"embeddable":true,"href":"https:\/\/blogsaverroes.juntadeandalucia.es\/vegaerasmusplus\/wp-json\/wp\/v2\/comments?post=336"}],"version-history":[{"count":27,"href":"https:\/\/blogsaverroes.juntadeandalucia.es\/vegaerasmusplus\/wp-json\/wp\/v2\/pages\/336\/revisions"}],"predecessor-version":[{"id":1074,"href":"https:\/\/blogsaverroes.juntadeandalucia.es\/vegaerasmusplus\/wp-json\/wp\/v2\/pages\/336\/revisions\/1074"}],"wp:attachment":[{"href":"https:\/\/blogsaverroes.juntadeandalucia.es\/vegaerasmusplus\/wp-json\/wp\/v2\/media?parent=336"}],"curies":[{"name":"wp","href":"https:\/\/api.w.org\/{rel}","templated":true}]}}