{"id":53,"date":"2020-02-21T22:52:38","date_gmt":"2020-02-21T21:52:38","guid":{"rendered":"https:\/\/blogsaverroes.juntadeandalucia.es\/vegaerasmusplus\/?page_id=53"},"modified":"2022-11-08T16:30:07","modified_gmt":"2022-11-08T15:30:07","slug":"53-2","status":"publish","type":"page","link":"https:\/\/blogsaverroes.juntadeandalucia.es\/vegaerasmusplus\/53-2\/","title":{"rendered":"Carta ECHE"},"content":{"rendered":"<p><span style=\"font-size: 18pt;font-family: helvetica, arial, sans-serif;color: #000080\"><strong>\u00bfQU\u00c9 ES LA CARTA ECHE?<\/strong><\/span><\/p>\n<p><img loading=\"lazy\" decoding=\"async\" class=\"alignnone size-full wp-image-51\" src=\"https:\/\/blogsaverroes.juntadeandalucia.es\/vegaerasmusplus\/files\/2020\/02\/erasmus-espa\u00f1a-logo.png\" alt=\"\" width=\"286\" height=\"176\" srcset=\"https:\/\/blogsaverroes.juntadeandalucia.es\/vegaerasmusplus\/files\/2020\/02\/erasmus-espa\u00f1a-logo.png 286w, https:\/\/blogsaverroes.juntadeandalucia.es\/vegaerasmusplus\/files\/2020\/02\/erasmus-espa\u00f1a-logo-24x15.png 24w, https:\/\/blogsaverroes.juntadeandalucia.es\/vegaerasmusplus\/files\/2020\/02\/erasmus-espa\u00f1a-logo-36x22.png 36w, https:\/\/blogsaverroes.juntadeandalucia.es\/vegaerasmusplus\/files\/2020\/02\/erasmus-espa\u00f1a-logo-48x30.png 48w\" sizes=\"(max-width: 286px) 100vw, 286px\" \/><\/p>\n<p>&nbsp;<\/p>\n<p>La Carta Erasmus de Educaci\u00f3n Superior (ECHE) es la carta de movilidad Erasmus+ de Formaci\u00f3n Profesional que proporciona el marco general de calidad para las actividades de cooperaci\u00f3n internacional que cualquier instituci\u00f3n de Educaci\u00f3n Superior. Su concesi\u00f3n es un requisito previo para poder participar en la movilidad de aprendizaje individual y\/o la cooperaci\u00f3n para la innovaci\u00f3n y las buenas pr\u00e1cticas dentro del marco del Programa Erasmus+. <u><a href=\"https:\/\/sites.google.com\/a\/martinhalaja.com\/erasmus\/home\/Logo%20Erasmus%20+.png\"><br \/>\n<\/a><\/u><br \/>\nEl Programa pretende apoyar la agenda de modernizaci\u00f3n e internacionalizaci\u00f3n en la Educaci\u00f3n Superior. Al solicitar y firmar el ECHE, la Instituci\u00f3n de Educaci\u00f3n Superior confirma que su participaci\u00f3n en el Programa es parte de su propia estrategia de modernizaci\u00f3n e internacionalizaci\u00f3n. Esta estrategia reconoce la contribuci\u00f3n clave de la movilidad de personal y alumnado y la participaci\u00f3n en proyectos de cooperaci\u00f3n internacional para la calidad de sus programas de Educaci\u00f3n Superior y la experiencia de los alumnos. La Carta se propone, particularmente, reforzar la calidad de la movilidad de personal y alumnos y el seguimiento de las instituciones implicadas.<\/p>\n<p>&nbsp;<\/p>\n<p>Una vez aprobada por la Comisi\u00f3n Europea y firmada por el representante de la Instituci\u00f3n Educativa, la Carta Erasmus de Educaci\u00f3n Superior permanecer\u00e1 vigente durante la duraci\u00f3n completa del Programa, hasta el final del curso acad\u00e9mico 2020\/2021.<\/p>\n<table style=\"border-collapse: collapse;width: 100%\">\n<tbody>\n<tr>\n<td style=\"width: 50%\"><img loading=\"lazy\" decoding=\"async\" class=\"aligncenter wp-image-143 size-large\" style=\"color: #747474;font-family: 'Open Sans', sans-serif;font-size: 14px;letter-spacing: normal;background-color: #ffffff\" src=\"https:\/\/blogsaverroes.juntadeandalucia.es\/vegaerasmusplus\/files\/2020\/04\/272839_Erasmus-Charter_EN-fda_page-0001-1024x724.jpg\" alt=\"\" width=\"1024\" height=\"724\" srcset=\"https:\/\/blogsaverroes.juntadeandalucia.es\/vegaerasmusplus\/files\/2020\/04\/272839_Erasmus-Charter_EN-fda_page-0001-1024x724.jpg 1024w, https:\/\/blogsaverroes.juntadeandalucia.es\/vegaerasmusplus\/files\/2020\/04\/272839_Erasmus-Charter_EN-fda_page-0001-300x212.jpg 300w, https:\/\/blogsaverroes.juntadeandalucia.es\/vegaerasmusplus\/files\/2020\/04\/272839_Erasmus-Charter_EN-fda_page-0001-768x543.jpg 768w, https:\/\/blogsaverroes.juntadeandalucia.es\/vegaerasmusplus\/files\/2020\/04\/272839_Erasmus-Charter_EN-fda_page-0001-24x17.jpg 24w, https:\/\/blogsaverroes.juntadeandalucia.es\/vegaerasmusplus\/files\/2020\/04\/272839_Erasmus-Charter_EN-fda_page-0001-36x25.jpg 36w, https:\/\/blogsaverroes.juntadeandalucia.es\/vegaerasmusplus\/files\/2020\/04\/272839_Erasmus-Charter_EN-fda_page-0001-48x34.jpg 48w\" sizes=\"(max-width: 1024px) 100vw, 1024px\" \/><\/td>\n<td style=\"width: 50%\"><img loading=\"lazy\" decoding=\"async\" class=\"aligncenter wp-image-142 size-large\" style=\"color: #747474;font-family: 'Open Sans', sans-serif;font-size: 14px;letter-spacing: normal;background-color: #ffffff\" src=\"https:\/\/blogsaverroes.juntadeandalucia.es\/vegaerasmusplus\/files\/2020\/04\/272839_Erasmus-Charter-fda_page-0001-1024x724.jpg\" alt=\"\" width=\"1024\" height=\"724\" srcset=\"https:\/\/blogsaverroes.juntadeandalucia.es\/vegaerasmusplus\/files\/2020\/04\/272839_Erasmus-Charter-fda_page-0001-1024x724.jpg 1024w, https:\/\/blogsaverroes.juntadeandalucia.es\/vegaerasmusplus\/files\/2020\/04\/272839_Erasmus-Charter-fda_page-0001-300x212.jpg 300w, https:\/\/blogsaverroes.juntadeandalucia.es\/vegaerasmusplus\/files\/2020\/04\/272839_Erasmus-Charter-fda_page-0001-768x543.jpg 768w, https:\/\/blogsaverroes.juntadeandalucia.es\/vegaerasmusplus\/files\/2020\/04\/272839_Erasmus-Charter-fda_page-0001-24x17.jpg 24w, https:\/\/blogsaverroes.juntadeandalucia.es\/vegaerasmusplus\/files\/2020\/04\/272839_Erasmus-Charter-fda_page-0001-36x25.jpg 36w, https:\/\/blogsaverroes.juntadeandalucia.es\/vegaerasmusplus\/files\/2020\/04\/272839_Erasmus-Charter-fda_page-0001-48x34.jpg 48w\" sizes=\"(max-width: 1024px) 100vw, 1024px\" \/><\/td>\n<\/tr>\n<\/tbody>\n<\/table>\n<p style=\"text-align: center\"><img loading=\"lazy\" decoding=\"async\" class=\"alignnone wp-image-285 size-large\" src=\"https:\/\/blogsaverroes.juntadeandalucia.es\/vegaerasmusplus\/files\/2021\/03\/Carta-ECHE-21-27-1024x729.png\" alt=\"\" width=\"1024\" height=\"729\" srcset=\"https:\/\/blogsaverroes.juntadeandalucia.es\/vegaerasmusplus\/files\/2021\/03\/Carta-ECHE-21-27-1024x729.png 1024w, https:\/\/blogsaverroes.juntadeandalucia.es\/vegaerasmusplus\/files\/2021\/03\/Carta-ECHE-21-27-300x214.png 300w, https:\/\/blogsaverroes.juntadeandalucia.es\/vegaerasmusplus\/files\/2021\/03\/Carta-ECHE-21-27-768x547.png 768w, https:\/\/blogsaverroes.juntadeandalucia.es\/vegaerasmusplus\/files\/2021\/03\/Carta-ECHE-21-27.png 1126w\" sizes=\"(max-width: 1024px) 100vw, 1024px\" \/><\/p>\n","protected":false},"excerpt":{"rendered":"<p>\u00bfQU\u00c9 ES LA CARTA ECHE? &nbsp; La Carta Erasmus de Educaci\u00f3n Superior (ECHE) es la carta de movilidad Erasmus+ de Formaci\u00f3n Profesional que proporciona el marco general de calidad para las actividades de cooperaci\u00f3n internacional que cualquier instituci\u00f3n de Educaci\u00f3n Superior. Su concesi\u00f3n es un requisito previo para poder participar en la movilidad de aprendizaje &hellip; <\/p>\n<p><a class=\"more-link btn\" href=\"https:\/\/blogsaverroes.juntadeandalucia.es\/vegaerasmusplus\/53-2\/\">Seguir leyendo<\/a><\/p>\n","protected":false},"author":8182,"featured_media":0,"parent":0,"menu_order":0,"comment_status":"closed","ping_status":"closed","template":"","meta":{"ngg_post_thumbnail":0,"footnotes":""},"aioseo_notices":[],"_links":{"self":[{"href":"https:\/\/blogsaverroes.juntadeandalucia.es\/vegaerasmusplus\/wp-json\/wp\/v2\/pages\/53"}],"collection":[{"href":"https:\/\/blogsaverroes.juntadeandalucia.es\/vegaerasmusplus\/wp-json\/wp\/v2\/pages"}],"about":[{"href":"https:\/\/blogsaverroes.juntadeandalucia.es\/vegaerasmusplus\/wp-json\/wp\/v2\/types\/page"}],"author":[{"embeddable":true,"href":"https:\/\/blogsaverroes.juntadeandalucia.es\/vegaerasmusplus\/wp-json\/wp\/v2\/users\/8182"}],"replies":[{"embeddable":true,"href":"https:\/\/blogsaverroes.juntadeandalucia.es\/vegaerasmusplus\/wp-json\/wp\/v2\/comments?post=53"}],"version-history":[{"count":6,"href":"https:\/\/blogsaverroes.juntadeandalucia.es\/vegaerasmusplus\/wp-json\/wp\/v2\/pages\/53\/revisions"}],"predecessor-version":[{"id":548,"href":"https:\/\/blogsaverroes.juntadeandalucia.es\/vegaerasmusplus\/wp-json\/wp\/v2\/pages\/53\/revisions\/548"}],"wp:attachment":[{"href":"https:\/\/blogsaverroes.juntadeandalucia.es\/vegaerasmusplus\/wp-json\/wp\/v2\/media?parent=53"}],"curies":[{"name":"wp","href":"https:\/\/api.w.org\/{rel}","templated":true}]}}