{"id":98,"date":"2020-02-23T01:13:53","date_gmt":"2020-02-23T00:13:53","guid":{"rendered":"https:\/\/blogsaverroes.juntadeandalucia.es\/vegaerasmusplus\/?page_id=98"},"modified":"2020-02-23T01:32:13","modified_gmt":"2020-02-23T00:32:13","slug":"course-gsaf","status":"publish","type":"page","link":"https:\/\/blogsaverroes.juntadeandalucia.es\/vegaerasmusplus\/course-gsaf\/","title":{"rendered":"Course GSAF"},"content":{"rendered":"<h4><strong><span style=\"color: #000080\">General Organization<\/span><\/strong><\/h4>\n<p style=\"text-align: justify\">Our course, <span style=\"color: #ff0000\"><strong>Higher Technical Certificate in Business Administration and Finance<\/strong> <\/span>is taught in Spanish. The study Programme on offer is a short cycle degree divided into 2 year courses. This is a higher technical degree of 2.000 study hours and 120 credits. The first year is fully taken at the school. The apprenticeships period, with a total of 360 hours and 22 credits, is usually taken during the last term of their second year, from March to June, once students pass all the other training modules.<\/p>\n<p style=\"text-align: justify\">The academic credit system is not provided in credits per semester but in annual training modules, with a total number of hours or hours per week.<\/p>\n<p style=\"text-align: justify\">Following authorities\u2019 regulations, the academic structure during the first school year implies 7 training modules. During their second school year they study 5 training modules from September to March, plus 3 hours of free organization adhered to another module and English.<\/p>\n<p style=\"text-align: justify\">Once these training modules are passed, students start their traineeship period in a company and prepare their Administration and Finance Project which is orally presented to a jury of teachers for evaluation.<\/p>\n<p style=\"text-align: justify\">When they finish and pass this period and the Final Project they get their certificate and the Europass certificate.<\/p>\n<p style=\"text-align: justify\">The teacher Head of Department is in charge of looking for the most appropriate company for every student, according to their personal and professional interests and skills.&nbsp; We have a database with companies in our area and wide experience in locating students.<\/p>\n<p style=\"text-align: justify\">During this period students have both a training and a labour mentor. The duties of the training mentor are monitoring and mentoring their learning on a working-based training:<\/p>\n<p style=\"text-align: justify\">1) Visits to the enterprises by the Teaching-Mentor (5 visits: presentation + 3 visits + final visit).<\/p>\n<p style=\"text-align: justify\">2) Programme agreement between the Administration Department and the enterprise.<\/p>\n<p style=\"text-align: justify\">3) Weekly report with the specific activities and the time devoted to them. The report is supervised by both mentors.<\/p>\n<p style=\"text-align: justify\">4) Official report with the evaluation of some aspects (Professional competence, Organization competence, relationship competence, competence answer to eventuality).&nbsp;&nbsp;&nbsp;&nbsp;&nbsp;&nbsp;&nbsp;&nbsp;&nbsp;&nbsp;<\/p>\n<p style=\"text-align: justify\">The institution will then provide a certificate to let know the teaching and training activities undertaken during the mobility period, based on a mobility agreement. Any further recognition will be placed within the legal Spanish and Andalusian education framework, given by the education authorities in staff recognition and promotion.<\/p>\n<p style=\"text-align: justify\">Communication could be hold via email, videoconference or visits to the companies abroad.<\/p>\n<p style=\"text-align: justify\"><em>&nbsp;<\/em><\/p>\n<h6 style=\"text-align: justify\"><strong><span style=\"color: #000080\"><em>Academic credit system (e.g.: average number of credits per semester provided by your degree programmes) and the methodology used at your institution to allocate credits to the different course units.<\/em>&nbsp;<\/span><\/strong><\/h6>\n<p>The Higher Technical Certificate in Business Administration and Finance follows the Spanish Education Ministry and the Andalusian Autonomous Community legislation.<\/p>\n<p>(Art\u00edculo 10 del Real Decreto 1584\/2011, de 4 de noviembre)<\/p>\n<p>&nbsp;&nbsp;&nbsp;&nbsp;&nbsp;&nbsp;&nbsp;&nbsp;&nbsp;&nbsp;&nbsp;<\/p>\n<table style=\"width: 580px\">\n<tbody>\n<tr style=\"height: 24px\">\n<td style=\"width: 611px;height: 24px\" colspan=\"3\">PROFFESIONAL MODULES Year 1<\/td>\n<\/tr>\n<tr style=\"height: 24px\">\n<td style=\"width: 611px;height: 24px\" colspan=\"3\">Number of ECTS Credits and Hours<\/td>\n<\/tr>\n<tr style=\"height: 50px\">\n<td style=\"width: 189px;height: 50px\">Communication and Customer Service<\/td>\n<td style=\"width: 189px;height: 50px\">\n<p style=\"text-align: right\">12<\/p>\n<\/td>\n<td style=\"width: 189px;height: 50px\">\n<p style=\"text-align: left\">160 h<\/p>\n<\/td>\n<\/tr>\n<tr style=\"height: 50px\">\n<td style=\"width: 189px;height: 50px\">Professional Training and Guidance<\/td>\n<td style=\"width: 189px;height: 50px\">\n<p style=\"text-align: right\">5<\/p>\n<\/td>\n<td style=\"width: 189px;height: 50px\">\n<p style=\"text-align: left\">96 h<\/p>\n<\/td>\n<\/tr>\n<tr style=\"height: 72px\">\n<td style=\"width: 189px;height: 72px\">Legal and Business Documentation Management<\/td>\n<td style=\"width: 189px;height: 72px\">\n<p style=\"text-align: right\">6<\/p>\n<\/td>\n<td style=\"width: 189px;height: 72px\">\n<p style=\"text-align: left\">96 h<\/p>\n<\/td>\n<\/tr>\n<tr style=\"height: 50px\">\n<td style=\"width: 189px;height: 50px\">English<\/td>\n<td style=\"width: 189px;height: 50px\">\n<p style=\"text-align: right\">7<\/p>\n<\/td>\n<td style=\"width: 189px;height: 50px\">\n<p style=\"text-align: left\">128 h<\/p>\n<\/td>\n<\/tr>\n<tr style=\"height: 50px\">\n<td style=\"width: 189px;height: 50px\">Office and IT Processing<\/td>\n<td style=\"width: 189px;height: 50px\">\n<p style=\"text-align: right\">12<\/p>\n<\/td>\n<td style=\"width: 189px;height: 50px\">\n<p style=\"text-align: left\">192 h<\/p>\n<\/td>\n<\/tr>\n<tr style=\"height: 50px\">\n<td style=\"width: 189px;height: 50px\">Integral Processing of Commercial Activity<\/td>\n<td style=\"width: 189px;height: 50px\">\n<p style=\"text-align: right\">11<\/p>\n<\/td>\n<td style=\"width: 189px;height: 50px\">\n<p style=\"text-align: left\">192 h<\/p>\n<\/td>\n<\/tr>\n<tr style=\"height: 72px\">\n<td style=\"width: 189px;height: 72px\">Human Resources and Corporate Social Responsibility<\/td>\n<td style=\"width: 189px;height: 72px\">\n<p style=\"text-align: right\">6<\/p>\n<\/td>\n<td style=\"width: 189px;height: 72px\">\n<p style=\"text-align: left\">96 h<\/p>\n<\/td>\n<\/tr>\n<tr style=\"height: 35px\">\n<td style=\"width: 611px;height: 35px\" colspan=\"3\">\n<p style=\"text-align: left\"><span style=\"color: #000080\">TOTAL ECTS CREDITS &nbsp;&nbsp;Year 1&nbsp; &nbsp; &nbsp; &nbsp; &nbsp; &nbsp; &nbsp; &nbsp; &nbsp; &nbsp; &nbsp; &nbsp; &nbsp; &nbsp; &nbsp; &nbsp; &nbsp; &nbsp; &nbsp; &nbsp; &nbsp; &nbsp; 59<\/span><\/p>\n<\/td>\n<\/tr>\n<\/tbody>\n<\/table>\n<p>&nbsp;<\/p>\n<p>&nbsp;<\/p>\n<table style=\"width: 633px\">\n<tbody>\n<tr style=\"height: 24px\">\n<td style=\"width: 569px;height: 24px\" colspan=\"3\">PROFFESIONAL MODULES Year 2<\/td>\n<\/tr>\n<tr style=\"height: 24px\">\n<td style=\"width: 569px;height: 24px\" colspan=\"3\">Number of ECTS Credits and Hours<\/td>\n<\/tr>\n<tr style=\"height: 48px\">\n<td style=\"width: 253px;height: 48px\">Accounting and Taxation System<\/td>\n<td style=\"width: 252px;text-align: right;height: 48px\">7<\/td>\n<td style=\"width: 64px;height: 48px\">126 h<\/td>\n<\/tr>\n<tr style=\"height: 24px\">\n<td style=\"width: 253px;height: 24px\">Business simulation<\/td>\n<td style=\"width: 252px;text-align: right;height: 24px\">8<\/td>\n<td style=\"width: 64px;height: 24px\">126 h<\/td>\n<\/tr>\n<tr style=\"height: 48px\">\n<td style=\"width: 253px;height: 48px\">Human Resources Management<\/td>\n<td style=\"width: 252px;text-align: right;height: 48px\">6<\/td>\n<td style=\"width: 64px;height: 48px\">84 h<\/td>\n<\/tr>\n<tr style=\"height: 24px\">\n<td style=\"width: 253px;height: 24px\">Finance Management<\/td>\n<td style=\"width: 252px;text-align: right;height: 24px\">7<\/td>\n<td style=\"width: 64px;height: 24px\">126 h<\/td>\n<\/tr>\n<tr style=\"height: 72px\">\n<td style=\"width: 253px;height: 72px\">Logistics and Commercial Management<\/td>\n<td style=\"width: 252px;text-align: right;height: 72px\">6<\/td>\n<td style=\"width: 64px;height: 72px\">105 h<\/td>\n<\/tr>\n<tr style=\"height: 24px\">\n<td style=\"width: 253px;height: 24px\">Elective credits<\/td>\n<td style=\"width: 252px;text-align: right;height: 24px\">0<\/td>\n<td style=\"width: 64px;height: 24px\">63 h<\/td>\n<\/tr>\n<tr style=\"height: 48px\">\n<td style=\"width: 253px;height: 48px\">Business Administration and Finance Project<\/td>\n<td style=\"width: 252px;text-align: right;height: 48px\">5<\/td>\n<td style=\"width: 64px;height: 48px\">50 h<\/td>\n<\/tr>\n<tr style=\"height: 24px\">\n<td style=\"width: 253px;height: 24px\">Traineeship<\/td>\n<td style=\"width: 252px;text-align: right;height: 24px\">22<\/td>\n<td style=\"width: 64px;height: 24px\">360 h<\/td>\n<\/tr>\n<tr style=\"height: 24px\">\n<td style=\"width: 569px;height: 24px\" colspan=\"3\"><span style=\"color: #000080\">TOTAL ECTS CREDITS &nbsp;&nbsp;Year 2&nbsp; &nbsp; &nbsp; &nbsp; &nbsp; &nbsp; &nbsp; &nbsp; &nbsp; &nbsp; &nbsp; &nbsp; &nbsp; &nbsp; &nbsp; &nbsp; &nbsp; &nbsp; &nbsp; &nbsp; &nbsp; &nbsp; 61<\/span><\/td>\n<\/tr>\n<tr style=\"height: 50px\">\n<td style=\"width: 569px;height: 50px\" colspan=\"3\"><span style=\"color: #000080\">TOTAL ECTS CREDITS&nbsp; &nbsp; &nbsp; &nbsp; &nbsp; &nbsp; &nbsp; &nbsp; &nbsp; &nbsp; &nbsp; &nbsp; &nbsp; &nbsp; &nbsp; &nbsp; &nbsp; &nbsp; &nbsp; &nbsp; &nbsp; &nbsp; &nbsp; &nbsp; &nbsp; &nbsp; &nbsp; &nbsp;120<\/span><\/td>\n<\/tr>\n<\/tbody>\n<\/table>\n<p>&nbsp;<\/p>\n<p>The methodology will be applied according to the established legislation. We are not a bilingual education institution in this level nor have a dual programme.<\/p>\n<p><span style=\"color: #000080\"><a style=\"color: #000080\" href=\"http:\/\/www.juntadeandalucia.es\/averroes\/centros-tic\/18009407\/helvia\/sitio\/upload\/Extracto_prog_ADMVO_20182019.pdf\">http:\/\/www.juntadeandalucia.es\/averroes\/centros-tic\/18009407\/helvia\/sitio\/upload\/Extracto_prog_ADMVO_20182019.pdf<\/a><\/span><\/p>\n<ul>\n<li>Real Decreto 1584\/2011, de 4 de noviembre, por el que se establece el T\u00edtulo de T\u00e9cnico Superior en Administraci\u00f3n y Finanzas y se fijan sus ense\u00f1anzas m\u00ednimas<\/li>\n<\/ul>\n<p style=\"text-align: center\"><span style=\"color: #000080\"><a style=\"color: #000080\" href=\"https:\/\/www.boe.es\/boe\/dias\/2011\/12\/15\/pdfs\/BOE-A-2011-19533.pdf\">https:\/\/www.boe.es\/boe\/dias\/2011\/12\/15\/pdfs\/BOE-A-2011-19533.pdf<\/a><\/span><\/p>\n<ul>\n<li>Orden de 11 de marzo de 2013, por la que se desarrolla el curr\u00edculo correspondiente al t\u00edtulo de T\u00e9cnico Superior en Administraci\u00f3n y Finanzas<\/li>\n<\/ul>\n<p style=\"text-align: center\"><span style=\"color: #000080\"><a style=\"color: #000080\" href=\"https:\/\/www.juntadeandalucia.es\/boja\/2013\/77\/9\">https:\/\/www.juntadeandalucia.es\/boja\/2013\/77\/9<\/a><\/span><\/p>\n<p>&nbsp;<\/p>\n","protected":false},"excerpt":{"rendered":"<p>General Organization Our course, Higher Technical Certificate in Business Administration and Finance is taught in Spanish. The study Programme on offer is a short cycle degree divided into 2 year courses. This is a higher technical degree of 2.000 study hours and 120 credits. The first year is fully taken at the school. The apprenticeships &hellip; <\/p>\n<p><a class=\"more-link btn\" href=\"https:\/\/blogsaverroes.juntadeandalucia.es\/vegaerasmusplus\/course-gsaf\/\">Seguir leyendo<\/a><\/p>\n","protected":false},"author":8182,"featured_media":0,"parent":0,"menu_order":0,"comment_status":"closed","ping_status":"closed","template":"","meta":{"ngg_post_thumbnail":0,"footnotes":""},"aioseo_notices":[],"_links":{"self":[{"href":"https:\/\/blogsaverroes.juntadeandalucia.es\/vegaerasmusplus\/wp-json\/wp\/v2\/pages\/98"}],"collection":[{"href":"https:\/\/blogsaverroes.juntadeandalucia.es\/vegaerasmusplus\/wp-json\/wp\/v2\/pages"}],"about":[{"href":"https:\/\/blogsaverroes.juntadeandalucia.es\/vegaerasmusplus\/wp-json\/wp\/v2\/types\/page"}],"author":[{"embeddable":true,"href":"https:\/\/blogsaverroes.juntadeandalucia.es\/vegaerasmusplus\/wp-json\/wp\/v2\/users\/8182"}],"replies":[{"embeddable":true,"href":"https:\/\/blogsaverroes.juntadeandalucia.es\/vegaerasmusplus\/wp-json\/wp\/v2\/comments?post=98"}],"version-history":[{"count":8,"href":"https:\/\/blogsaverroes.juntadeandalucia.es\/vegaerasmusplus\/wp-json\/wp\/v2\/pages\/98\/revisions"}],"predecessor-version":[{"id":107,"href":"https:\/\/blogsaverroes.juntadeandalucia.es\/vegaerasmusplus\/wp-json\/wp\/v2\/pages\/98\/revisions\/107"}],"wp:attachment":[{"href":"https:\/\/blogsaverroes.juntadeandalucia.es\/vegaerasmusplus\/wp-json\/wp\/v2\/media?parent=98"}],"curies":[{"name":"wp","href":"https:\/\/api.w.org\/{rel}","templated":true}]}}