{"id":28,"date":"2023-01-24T16:31:37","date_gmt":"2023-01-24T16:31:37","guid":{"rendered":"https:\/\/blogsaverroes.juntadeandalucia.es\/vegaimpulsa\/?page_id=28"},"modified":"2024-03-05T23:03:16","modified_gmt":"2024-03-05T23:03:16","slug":"definicion-del-programa","status":"publish","type":"page","link":"https:\/\/blogsaverroes.juntadeandalucia.es\/vegaimpulsa\/definicion-del-programa\/","title":{"rendered":"Definici\u00f3n del programa"},"content":{"rendered":"<p style=\"text-align: center\">El Programa M\u00e1s Equidad se concibe como un conjunto de actuaciones dirigidas a potenciar la cultura inclusiva de los centros docentes y a mejorar el grado de adquisici\u00f3n de competencias a trav\u00e9s de la mejora de los recursos en el aula y\/o de la realizaci\u00f3n de experiencias innovadoras, activas y experimentales que promuevan el saber hacer del alumnado, partiendo de sus conocimientos y fomentando actitudes como la autonom\u00eda, la responsabilidad, el respeto y el trabajo en equipo, bajo los principios de la atenci\u00f3n a la diversidad y la igualdad de g\u00e9nero. El Programa M\u00e1s Equidad se desarrollar\u00e1 en nuestro centro a trav\u00e9s de la l\u00ednea de actuaci\u00f3n M\u00e1s Equidad INNOVACI\u00d3N con medidas innovadoras espec\u00edficas que contribuyan al \u00e9xito educativo y a la prevenci\u00f3n del absentismo y del abandono escolar.&nbsp;<\/p>\n","protected":false},"excerpt":{"rendered":"<p>El Programa M\u00e1s Equidad se concibe como un conjunto de actuaciones dirigidas a potenciar la cultura inclusiva de los centros docentes y a mejorar el grado de adquisici\u00f3n de competencias a trav\u00e9s de la mejora de los recursos en el aula y\/o de la realizaci\u00f3n de experiencias innovadoras, activas y experimentales que promuevan el saber &hellip; <\/p>\n<p><a class=\"more-link btn\" href=\"https:\/\/blogsaverroes.juntadeandalucia.es\/vegaimpulsa\/definicion-del-programa\/\">Seguir leyendo<\/a><\/p>\n","protected":false},"author":7650,"featured_media":0,"parent":0,"menu_order":0,"comment_status":"closed","ping_status":"closed","template":"","meta":{"ngg_post_thumbnail":0,"footnotes":""},"aioseo_notices":[],"_links":{"self":[{"href":"https:\/\/blogsaverroes.juntadeandalucia.es\/vegaimpulsa\/wp-json\/wp\/v2\/pages\/28"}],"collection":[{"href":"https:\/\/blogsaverroes.juntadeandalucia.es\/vegaimpulsa\/wp-json\/wp\/v2\/pages"}],"about":[{"href":"https:\/\/blogsaverroes.juntadeandalucia.es\/vegaimpulsa\/wp-json\/wp\/v2\/types\/page"}],"author":[{"embeddable":true,"href":"https:\/\/blogsaverroes.juntadeandalucia.es\/vegaimpulsa\/wp-json\/wp\/v2\/users\/7650"}],"replies":[{"embeddable":true,"href":"https:\/\/blogsaverroes.juntadeandalucia.es\/vegaimpulsa\/wp-json\/wp\/v2\/comments?post=28"}],"version-history":[{"count":3,"href":"https:\/\/blogsaverroes.juntadeandalucia.es\/vegaimpulsa\/wp-json\/wp\/v2\/pages\/28\/revisions"}],"predecessor-version":[{"id":369,"href":"https:\/\/blogsaverroes.juntadeandalucia.es\/vegaimpulsa\/wp-json\/wp\/v2\/pages\/28\/revisions\/369"}],"wp:attachment":[{"href":"https:\/\/blogsaverroes.juntadeandalucia.es\/vegaimpulsa\/wp-json\/wp\/v2\/media?parent=28"}],"curies":[{"name":"wp","href":"https:\/\/api.w.org\/{rel}","templated":true}]}}