{"id":34,"date":"2023-01-24T16:49:31","date_gmt":"2023-01-24T16:49:31","guid":{"rendered":"https:\/\/blogsaverroes.juntadeandalucia.es\/vegaimpulsa\/?page_id=34"},"modified":"2023-01-24T16:49:31","modified_gmt":"2023-01-24T16:49:31","slug":"taller-pintura-mural","status":"publish","type":"page","link":"https:\/\/blogsaverroes.juntadeandalucia.es\/vegaimpulsa\/taller-pintura-mural\/","title":{"rendered":"Taller pintura mural"},"content":{"rendered":"<ol>\n<li>DESCRIPCI\u00d3N DE LA ACTIVIDAD<\/li>\n<\/ol>\n<p>Taller de car\u00e1cter te\u00f3rico-pr\u00e1ctico que utiliza la pintura mural como herramienta educativa, recurso de atenci\u00f3n a la diversidad y en prevenci\u00f3n del absentismo escolar. En los talleres se desarrollan m\u00faltiples experiencias de car\u00e1cter conceptual y experimental, centr\u00e1ndose las actividades en la pir\u00e1mide alimentaria, interpretada en por el alumnado. La asociaci\u00f3n de valores, concienciaci\u00f3n, colores y habilidades sociales son plasmadas en soporte a trav\u00e9s del arte.<\/p>\n<p>Las actividades facilitan la conexi\u00f3n de las diversas \u00e1reas del curr\u00edculo: Ciencias Naturales, Ciencias Sociales, Lengua, Matem\u00e1ticas y Educaci\u00f3n Art\u00edstica con materias transversales como la Educaci\u00f3n para la Convivencia.<\/p>\n<p>2. OBJETIVOS<\/p>\n<ol>\n<li>Conocer h\u00e1bitos saludables a trav\u00e9s de la pir\u00e1mide alimentaria.<\/li>\n<li>Experimentar en vivo y en directo una intervenci\u00f3n art\u00edstica.<\/li>\n<li>Asimilar las emociones que produce la pintura y hacerlas suyas.<\/li>\n<li>Reconocer sus propias sensaciones y saber que las motiva.<\/li>\n<li>Desarrollar sus habilidades art\u00edsticas y pl\u00e1sticas.<\/li>\n<li>Aprender a relacionar colores y gestos pl\u00e1sticos con su propio mundo emocional.<\/li>\n<li>Prevenir el absentismo escolar.<\/li>\n<\/ol>\n<p>3. METODOLOG\u00cdA<\/p>\n<p>Los objetivos se desarrollan a trav\u00e9s de los siguientes aspectos metodol\u00f3gicos:<\/p>\n<ul>\n<li>Actitud flexible ante la ense\u00f1anza de las actividades propuestas, traducida en un continuo an\u00e1lisis de la acci\u00f3n y una constante revisi\u00f3n de la programaci\u00f3n, para desarrollar las estrategias que aborden los cambios constantes en nuestro campo de conocimiento.<\/li>\n<li>Ense\u00f1anza basada en una atenci\u00f3n individualizada, fomentando el trabajo en grupo.<\/li>\n<li>Aprendizaje basado en la interdisciplinariedad del conocimiento.<\/li>\n<li>Debate abierto, fomentando la divergencia de los puntos de vista.<\/li>\n<li>Estrategias que incita a los participantes a justificar sus respuestas para estimular su inter\u00e9s, valorando una postura cr\u00edtica y coherente.<\/li>\n<\/ul>\n<p>De este modo las actividades se distribuyen en actividades expositivas y pr\u00e1cticas en torno a los conceptos y contenidos propuestos.<\/p>\n","protected":false},"excerpt":{"rendered":"<p>DESCRIPCI\u00d3N DE LA ACTIVIDAD Taller de car\u00e1cter te\u00f3rico-pr\u00e1ctico que utiliza la pintura mural como herramienta educativa, recurso de atenci\u00f3n a la diversidad y en prevenci\u00f3n del absentismo escolar. En los talleres se desarrollan m\u00faltiples experiencias de car\u00e1cter conceptual y experimental, centr\u00e1ndose las actividades en la pir\u00e1mide alimentaria, interpretada en por el alumnado. La asociaci\u00f3n de &hellip; <\/p>\n<p><a class=\"more-link btn\" href=\"https:\/\/blogsaverroes.juntadeandalucia.es\/vegaimpulsa\/taller-pintura-mural\/\">Seguir leyendo<\/a><\/p>\n","protected":false},"author":7650,"featured_media":0,"parent":0,"menu_order":0,"comment_status":"closed","ping_status":"closed","template":"","meta":{"ngg_post_thumbnail":0,"footnotes":""},"aioseo_notices":[],"_links":{"self":[{"href":"https:\/\/blogsaverroes.juntadeandalucia.es\/vegaimpulsa\/wp-json\/wp\/v2\/pages\/34"}],"collection":[{"href":"https:\/\/blogsaverroes.juntadeandalucia.es\/vegaimpulsa\/wp-json\/wp\/v2\/pages"}],"about":[{"href":"https:\/\/blogsaverroes.juntadeandalucia.es\/vegaimpulsa\/wp-json\/wp\/v2\/types\/page"}],"author":[{"embeddable":true,"href":"https:\/\/blogsaverroes.juntadeandalucia.es\/vegaimpulsa\/wp-json\/wp\/v2\/users\/7650"}],"replies":[{"embeddable":true,"href":"https:\/\/blogsaverroes.juntadeandalucia.es\/vegaimpulsa\/wp-json\/wp\/v2\/comments?post=34"}],"version-history":[{"count":1,"href":"https:\/\/blogsaverroes.juntadeandalucia.es\/vegaimpulsa\/wp-json\/wp\/v2\/pages\/34\/revisions"}],"predecessor-version":[{"id":35,"href":"https:\/\/blogsaverroes.juntadeandalucia.es\/vegaimpulsa\/wp-json\/wp\/v2\/pages\/34\/revisions\/35"}],"wp:attachment":[{"href":"https:\/\/blogsaverroes.juntadeandalucia.es\/vegaimpulsa\/wp-json\/wp\/v2\/media?parent=34"}],"curies":[{"name":"wp","href":"https:\/\/api.w.org\/{rel}","templated":true}]}}