{"id":357,"date":"2024-03-05T22:51:41","date_gmt":"2024-03-05T22:51:41","guid":{"rendered":"https:\/\/blogsaverroes.juntadeandalucia.es\/vegaimpulsa\/?page_id=357"},"modified":"2024-03-05T22:51:41","modified_gmt":"2024-03-05T22:51:41","slug":"objetivos-del-programa-y-actividades","status":"publish","type":"page","link":"https:\/\/blogsaverroes.juntadeandalucia.es\/vegaimpulsa\/objetivos-del-programa-y-actividades\/","title":{"rendered":"Objetivos del programa y actividades"},"content":{"rendered":"<p>Objetivos<\/p>\n<p>Reducci\u00f3n del absentismo escolar a trav\u00e9s de actividades que aumentan la motivaci\u00f3n del alumnado por aprender.<\/p>\n<p>Actividades<\/p>\n<ol>\n<li>Intervenci\u00f3n educativa, social y art\u00edstica a trav\u00e9s de la pintura mural. (Tema: alimentaci\u00f3n&nbsp; saludable).<\/li>\n<li>Talleres de huerto y educaci\u00f3n medioambiental.<\/li>\n<li>Talleres de \u201cCroma\u201d.<\/li>\n<\/ol>\n","protected":false},"excerpt":{"rendered":"<p>Objetivos Reducci\u00f3n del absentismo escolar a trav\u00e9s de actividades que aumentan la motivaci\u00f3n del alumnado por aprender. Actividades Intervenci\u00f3n educativa, social y art\u00edstica a trav\u00e9s de la pintura mural. (Tema: alimentaci\u00f3n&nbsp; saludable). Talleres de huerto y educaci\u00f3n medioambiental. Talleres de \u201cCroma\u201d.<\/p>\n","protected":false},"author":7650,"featured_media":0,"parent":0,"menu_order":0,"comment_status":"closed","ping_status":"closed","template":"","meta":{"ngg_post_thumbnail":0,"footnotes":""},"aioseo_notices":[],"_links":{"self":[{"href":"https:\/\/blogsaverroes.juntadeandalucia.es\/vegaimpulsa\/wp-json\/wp\/v2\/pages\/357"}],"collection":[{"href":"https:\/\/blogsaverroes.juntadeandalucia.es\/vegaimpulsa\/wp-json\/wp\/v2\/pages"}],"about":[{"href":"https:\/\/blogsaverroes.juntadeandalucia.es\/vegaimpulsa\/wp-json\/wp\/v2\/types\/page"}],"author":[{"embeddable":true,"href":"https:\/\/blogsaverroes.juntadeandalucia.es\/vegaimpulsa\/wp-json\/wp\/v2\/users\/7650"}],"replies":[{"embeddable":true,"href":"https:\/\/blogsaverroes.juntadeandalucia.es\/vegaimpulsa\/wp-json\/wp\/v2\/comments?post=357"}],"version-history":[{"count":1,"href":"https:\/\/blogsaverroes.juntadeandalucia.es\/vegaimpulsa\/wp-json\/wp\/v2\/pages\/357\/revisions"}],"predecessor-version":[{"id":358,"href":"https:\/\/blogsaverroes.juntadeandalucia.es\/vegaimpulsa\/wp-json\/wp\/v2\/pages\/357\/revisions\/358"}],"wp:attachment":[{"href":"https:\/\/blogsaverroes.juntadeandalucia.es\/vegaimpulsa\/wp-json\/wp\/v2\/media?parent=357"}],"curies":[{"name":"wp","href":"https:\/\/api.w.org\/{rel}","templated":true}]}}