{"id":609,"date":"2025-07-02T17:17:00","date_gmt":"2025-07-02T17:17:00","guid":{"rendered":"https:\/\/blogsaverroes.juntadeandalucia.es\/vegaimpulsa\/?page_id=609"},"modified":"2025-07-02T17:17:00","modified_gmt":"2025-07-02T17:17:00","slug":"talleres-de-dioramas","status":"publish","type":"page","link":"https:\/\/blogsaverroes.juntadeandalucia.es\/vegaimpulsa\/talleres-de-dioramas\/","title":{"rendered":"Talleres de Dioramas"},"content":{"rendered":"<p>El departamento de lengua y literatura ha realizado con su alumnado unos dioramas sobre libros que los propios alumnos han elegido. Ha sido una gran experiencia tanto para el profesorado como para el alumnado, en el que el arte y la literatura se han unido para crear una bell\u00edsima exposici\u00f3n de Dioramas en el centro. Aprovechando el d\u00eda del libro esta exposici\u00f3n ha sido protagonista en el vest\u00edbulo del centro.<\/p>\n","protected":false},"excerpt":{"rendered":"<p>El departamento de lengua y literatura ha realizado con su alumnado unos dioramas sobre libros que los propios alumnos han elegido. Ha sido una gran experiencia tanto para el profesorado como para el alumnado, en el que el arte y la literatura se han unido para crear una bell\u00edsima exposici\u00f3n de Dioramas en el centro. &hellip; <\/p>\n<p><a class=\"more-link btn\" href=\"https:\/\/blogsaverroes.juntadeandalucia.es\/vegaimpulsa\/talleres-de-dioramas\/\">Seguir leyendo<\/a><\/p>\n","protected":false},"author":7650,"featured_media":0,"parent":0,"menu_order":0,"comment_status":"closed","ping_status":"closed","template":"","meta":{"ngg_post_thumbnail":0,"footnotes":""},"aioseo_notices":[],"_links":{"self":[{"href":"https:\/\/blogsaverroes.juntadeandalucia.es\/vegaimpulsa\/wp-json\/wp\/v2\/pages\/609"}],"collection":[{"href":"https:\/\/blogsaverroes.juntadeandalucia.es\/vegaimpulsa\/wp-json\/wp\/v2\/pages"}],"about":[{"href":"https:\/\/blogsaverroes.juntadeandalucia.es\/vegaimpulsa\/wp-json\/wp\/v2\/types\/page"}],"author":[{"embeddable":true,"href":"https:\/\/blogsaverroes.juntadeandalucia.es\/vegaimpulsa\/wp-json\/wp\/v2\/users\/7650"}],"replies":[{"embeddable":true,"href":"https:\/\/blogsaverroes.juntadeandalucia.es\/vegaimpulsa\/wp-json\/wp\/v2\/comments?post=609"}],"version-history":[{"count":1,"href":"https:\/\/blogsaverroes.juntadeandalucia.es\/vegaimpulsa\/wp-json\/wp\/v2\/pages\/609\/revisions"}],"predecessor-version":[{"id":610,"href":"https:\/\/blogsaverroes.juntadeandalucia.es\/vegaimpulsa\/wp-json\/wp\/v2\/pages\/609\/revisions\/610"}],"wp:attachment":[{"href":"https:\/\/blogsaverroes.juntadeandalucia.es\/vegaimpulsa\/wp-json\/wp\/v2\/media?parent=609"}],"curies":[{"name":"wp","href":"https:\/\/api.w.org\/{rel}","templated":true}]}}