{"id":676,"date":"2026-03-22T17:38:26","date_gmt":"2026-03-22T17:38:26","guid":{"rendered":"https:\/\/blogsaverroes.juntadeandalucia.es\/vegaimpulsa\/?page_id=676"},"modified":"2026-03-22T17:38:26","modified_gmt":"2026-03-22T17:38:26","slug":"programa-mas-equidad","status":"publish","type":"page","link":"https:\/\/blogsaverroes.juntadeandalucia.es\/vegaimpulsa\/","title":{"rendered":"Programa M\u00e1s Equidad"},"content":{"rendered":"<p>El Programa M\u00e1s Equidad se desarrolla a trav\u00e9s de Proyectos para la Innovaci\u00f3n Educativa, en tres l\u00edneas de actuaci\u00f3n: M\u00e1s Equidad Innovaci\u00f3n, con medidas innovadoras espec\u00edficas que contribuyan al \u00e9xito educativo y a la prevenci\u00f3n del absentismo y del abandono escolar, M\u00e1s Equidad Inclusi\u00f3n, con medidas innovadoras espec\u00edficas que contribuyan a la accesibilidad universal y al desarrollo de las competencias del alumnado escolarizado en unidades espec\u00edficas de Educaci\u00f3n Especial ubicadas en centros ordinarios, y M\u00e1s Equidad Igualdad, con medidas innovadoras espec\u00edficas que contribuyen al \u00e9xito escolar del alumnado en situaci\u00f3n de desventaja por razones geogr\u00e1ficas.<\/p>\n","protected":false},"excerpt":{"rendered":"<p>El Programa M\u00e1s Equidad se desarrolla a trav\u00e9s de Proyectos para la Innovaci\u00f3n Educativa, en tres l\u00edneas de actuaci\u00f3n: M\u00e1s Equidad Innovaci\u00f3n, con medidas innovadoras espec\u00edficas que contribuyan al \u00e9xito educativo y a la prevenci\u00f3n del absentismo y del abandono escolar, M\u00e1s Equidad Inclusi\u00f3n, con medidas innovadoras espec\u00edficas que contribuyan a la accesibilidad universal y &hellip; <\/p>\n<p><a class=\"more-link btn\" href=\"https:\/\/blogsaverroes.juntadeandalucia.es\/vegaimpulsa\/\">Seguir leyendo<\/a><\/p>\n","protected":false},"author":7650,"featured_media":0,"parent":0,"menu_order":0,"comment_status":"closed","ping_status":"closed","template":"","meta":{"ngg_post_thumbnail":0,"footnotes":""},"aioseo_notices":[],"_links":{"self":[{"href":"https:\/\/blogsaverroes.juntadeandalucia.es\/vegaimpulsa\/wp-json\/wp\/v2\/pages\/676"}],"collection":[{"href":"https:\/\/blogsaverroes.juntadeandalucia.es\/vegaimpulsa\/wp-json\/wp\/v2\/pages"}],"about":[{"href":"https:\/\/blogsaverroes.juntadeandalucia.es\/vegaimpulsa\/wp-json\/wp\/v2\/types\/page"}],"author":[{"embeddable":true,"href":"https:\/\/blogsaverroes.juntadeandalucia.es\/vegaimpulsa\/wp-json\/wp\/v2\/users\/7650"}],"replies":[{"embeddable":true,"href":"https:\/\/blogsaverroes.juntadeandalucia.es\/vegaimpulsa\/wp-json\/wp\/v2\/comments?post=676"}],"version-history":[{"count":1,"href":"https:\/\/blogsaverroes.juntadeandalucia.es\/vegaimpulsa\/wp-json\/wp\/v2\/pages\/676\/revisions"}],"predecessor-version":[{"id":677,"href":"https:\/\/blogsaverroes.juntadeandalucia.es\/vegaimpulsa\/wp-json\/wp\/v2\/pages\/676\/revisions\/677"}],"wp:attachment":[{"href":"https:\/\/blogsaverroes.juntadeandalucia.es\/vegaimpulsa\/wp-json\/wp\/v2\/media?parent=676"}],"curies":[{"name":"wp","href":"https:\/\/api.w.org\/{rel}","templated":true}]}}