{"id":2,"date":"2022-09-26T20:00:51","date_gmt":"2022-09-26T20:00:51","guid":{"rendered":"https:\/\/blogsaverroes.juntadeandalucia.es\/vegainnicia\/?page_id=2"},"modified":"2023-03-02T19:19:14","modified_gmt":"2023-03-02T19:19:14","slug":"pagina-ejemplo","status":"publish","type":"page","link":"https:\/\/blogsaverroes.juntadeandalucia.es\/vegainnicia\/","title":{"rendered":"INICIO"},"content":{"rendered":"<p><span style=\"font-size: 14pt\"><img loading=\"lazy\" decoding=\"async\" class=\"wp-image-42 alignleft\" src=\"https:\/\/blogsaverroes.juntadeandalucia.es\/vegainnicia\/files\/2023\/03\/Logo-original-INNICIA-Vertical-286x300.png\" alt=\"\" width=\"235\" height=\"247\" srcset=\"https:\/\/blogsaverroes.juntadeandalucia.es\/vegainnicia\/files\/2023\/03\/Logo-original-INNICIA-Vertical-286x300.png 286w, https:\/\/blogsaverroes.juntadeandalucia.es\/vegainnicia\/files\/2023\/03\/Logo-original-INNICIA-Vertical-977x1024.png 977w, https:\/\/blogsaverroes.juntadeandalucia.es\/vegainnicia\/files\/2023\/03\/Logo-original-INNICIA-Vertical-768x805.png 768w, https:\/\/blogsaverroes.juntadeandalucia.es\/vegainnicia\/files\/2023\/03\/Logo-original-INNICIA-Vertical-1465x1536.png 1465w, https:\/\/blogsaverroes.juntadeandalucia.es\/vegainnicia\/files\/2023\/03\/Logo-original-INNICIA-Vertical-1953x2048.png 1953w, https:\/\/blogsaverroes.juntadeandalucia.es\/vegainnicia\/files\/2023\/03\/Logo-original-INNICIA-Vertical-700x734.png 700w\" sizes=\"(max-width: 235px) 100vw, 235px\" \/><span style=\"font-family: Oswald, sans-serif;font-size: 32px;font-weight: 300;letter-spacing: 1px\">Innicia. Cultura Emprendedora<\/span><\/span><\/p>\n<div class=\"contenido_detalle\" style=\"font-family: 'Open Sans', sans-serif;font-size: 15px;font-style: normal;font-weight: 400\">\n<section class=\"cuerpo detalle_html\">\n<div class=\"inner_cuerpo\">\n<p>Desde que en el a\u00f1o 2011 se aprobara el Plan para el Fomento de la Cultura Emprendedora en el Sistema Educativo P\u00fablico de Andaluc\u00eda, se han venido desarrollando una serie de acciones encaminadas a la promoci\u00f3n de los valores de la innovaci\u00f3n, la creatividad, la responsabilidad y el emprendimiento.<\/p>\n<p>La puesta en marcha del Programa Educativo \u00abInnicia, Cultura Emprendedora\u00bb en el curso 2016 -2017 supuso, por un lado, dar continuidad a las actuaciones relacionadas con el est\u00edmulo de la cultura emprendedora, y por otro, proporcion\u00f3 un marco de referencia en el que se han incardinado las nuevas actuaciones relacionadas con el \u00abemprendimiento en educativo\u00bb.<\/p>\n<p>\u00abInnicia, Cultura Emprendedora\u00bb ha supuesto superar la dimensi\u00f3n productiva desde que la que tradicionalmente se ha definido el emprendimiento, incorporando necesariamente sus dimensiones personal y social inherentes. M\u00e1s que una perspectiva sumativa \/ gradual (dimensi\u00f3n personal + dimensi\u00f3n social + dimensi\u00f3n productiva), se ha incorporado un enfoque conc\u00e9ntrico \/ integrador, en el que todas y cada una de las actividades deben estar impregnadas por estas tres dimensiones.<\/p>\n<\/div>\n<\/section>\n<\/div>\n","protected":false},"excerpt":{"rendered":"<p>Innicia. Cultura Emprendedora Desde que en el a\u00f1o 2011 se aprobara el Plan para el Fomento de la Cultura Emprendedora en el Sistema Educativo P\u00fablico de Andaluc\u00eda, se han venido desarrollando una serie de acciones encaminadas a la promoci\u00f3n de los valores de la innovaci\u00f3n, la creatividad, la responsabilidad y el emprendimiento. La puesta en &hellip; <\/p>\n<p><a class=\"more-link btn\" href=\"https:\/\/blogsaverroes.juntadeandalucia.es\/vegainnicia\/\">Seguir leyendo<\/a><\/p>\n","protected":false},"author":7647,"featured_media":0,"parent":0,"menu_order":0,"comment_status":"closed","ping_status":"open","template":"","meta":{"ngg_post_thumbnail":0,"footnotes":""},"aioseo_notices":[],"_links":{"self":[{"href":"https:\/\/blogsaverroes.juntadeandalucia.es\/vegainnicia\/wp-json\/wp\/v2\/pages\/2"}],"collection":[{"href":"https:\/\/blogsaverroes.juntadeandalucia.es\/vegainnicia\/wp-json\/wp\/v2\/pages"}],"about":[{"href":"https:\/\/blogsaverroes.juntadeandalucia.es\/vegainnicia\/wp-json\/wp\/v2\/types\/page"}],"author":[{"embeddable":true,"href":"https:\/\/blogsaverroes.juntadeandalucia.es\/vegainnicia\/wp-json\/wp\/v2\/users\/7647"}],"replies":[{"embeddable":true,"href":"https:\/\/blogsaverroes.juntadeandalucia.es\/vegainnicia\/wp-json\/wp\/v2\/comments?post=2"}],"version-history":[{"count":4,"href":"https:\/\/blogsaverroes.juntadeandalucia.es\/vegainnicia\/wp-json\/wp\/v2\/pages\/2\/revisions"}],"predecessor-version":[{"id":44,"href":"https:\/\/blogsaverroes.juntadeandalucia.es\/vegainnicia\/wp-json\/wp\/v2\/pages\/2\/revisions\/44"}],"wp:attachment":[{"href":"https:\/\/blogsaverroes.juntadeandalucia.es\/vegainnicia\/wp-json\/wp\/v2\/media?parent=2"}],"curies":[{"name":"wp","href":"https:\/\/api.w.org\/{rel}","templated":true}]}}