{"id":2,"date":"2022-04-01T19:46:56","date_gmt":"2022-04-01T19:46:56","guid":{"rendered":"https:\/\/blogsaverroes.juntadeandalucia.es\/vegalecturaybiblioteca\/?page_id=2"},"modified":"2025-10-06T09:42:35","modified_gmt":"2025-10-06T09:42:35","slug":"pagina-ejemplo","status":"publish","type":"page","link":"https:\/\/blogsaverroes.juntadeandalucia.es\/vegalecturaybiblioteca\/","title":{"rendered":"Equipo Biblioteca"},"content":{"rendered":"<p style=\"text-align: left\"><span style=\"color: #ff0000\"><strong><span style=\"font-family: 'comic sans ms', sans-serif\"><span style=\"font-size: 24pt\">Coordinador: Mercedes P\u00e9rez Pat\u00f3n<\/span><\/span><\/strong><\/span><\/p>\n<p style=\"text-align: left\"><span style=\"color: #ff0000\"><strong><span style=\"font-size: 24pt;font-family: 'comic sans ms', sans-serif\">Colaboradoras: Mari Celi C\u00e1mara<\/span><\/strong><\/span><\/p>\n<p>&nbsp; &nbsp; &nbsp; &nbsp; &nbsp; &nbsp; &nbsp; &nbsp; &nbsp; &nbsp; &nbsp; &nbsp; &nbsp; &nbsp; &nbsp; &nbsp; &nbsp; &nbsp; &nbsp; &nbsp; &nbsp; &nbsp; &nbsp; &nbsp; &nbsp; &nbsp; &nbsp; &nbsp; &nbsp; &nbsp; &nbsp; <span style=\"color: #ff0000\"><strong><span style=\"font-family: 'comic sans ms', sans-serif;font-size: 24pt\">&nbsp; &nbsp;Ana M\u00aa Mart\u00edn&nbsp;<\/span><\/strong><\/span><\/p>\n","protected":false},"excerpt":{"rendered":"<p>Coordinador: Mercedes P\u00e9rez Pat\u00f3n Colaboradoras: Mari Celi C\u00e1mara &nbsp; &nbsp; &nbsp; &nbsp; &nbsp; &nbsp; &nbsp; &nbsp; &nbsp; &nbsp; &nbsp; &nbsp; &nbsp; &nbsp; &nbsp; &nbsp; &nbsp; &nbsp; &nbsp; &nbsp; &nbsp; &nbsp; &nbsp; &nbsp; &nbsp; &nbsp; &nbsp; &nbsp; &nbsp; &nbsp; &nbsp; &nbsp; &nbsp;Ana M\u00aa Mart\u00edn&nbsp;<\/p>\n","protected":false},"author":7647,"featured_media":0,"parent":0,"menu_order":0,"comment_status":"closed","ping_status":"open","template":"","meta":{"ngg_post_thumbnail":0,"footnotes":""},"aioseo_notices":[],"_links":{"self":[{"href":"https:\/\/blogsaverroes.juntadeandalucia.es\/vegalecturaybiblioteca\/wp-json\/wp\/v2\/pages\/2"}],"collection":[{"href":"https:\/\/blogsaverroes.juntadeandalucia.es\/vegalecturaybiblioteca\/wp-json\/wp\/v2\/pages"}],"about":[{"href":"https:\/\/blogsaverroes.juntadeandalucia.es\/vegalecturaybiblioteca\/wp-json\/wp\/v2\/types\/page"}],"author":[{"embeddable":true,"href":"https:\/\/blogsaverroes.juntadeandalucia.es\/vegalecturaybiblioteca\/wp-json\/wp\/v2\/users\/7647"}],"replies":[{"embeddable":true,"href":"https:\/\/blogsaverroes.juntadeandalucia.es\/vegalecturaybiblioteca\/wp-json\/wp\/v2\/comments?post=2"}],"version-history":[{"count":11,"href":"https:\/\/blogsaverroes.juntadeandalucia.es\/vegalecturaybiblioteca\/wp-json\/wp\/v2\/pages\/2\/revisions"}],"predecessor-version":[{"id":131,"href":"https:\/\/blogsaverroes.juntadeandalucia.es\/vegalecturaybiblioteca\/wp-json\/wp\/v2\/pages\/2\/revisions\/131"}],"wp:attachment":[{"href":"https:\/\/blogsaverroes.juntadeandalucia.es\/vegalecturaybiblioteca\/wp-json\/wp\/v2\/media?parent=2"}],"curies":[{"name":"wp","href":"https:\/\/api.w.org\/{rel}","templated":true}]}}