{"id":157,"date":"2023-11-30T08:00:45","date_gmt":"2023-11-30T08:00:45","guid":{"rendered":"https:\/\/blogsaverroes.juntadeandalucia.es\/vegapiiisa\/?page_id=157"},"modified":"2024-05-21T19:40:38","modified_gmt":"2024-05-21T19:40:38","slug":"curso-2023-24","status":"publish","type":"page","link":"https:\/\/blogsaverroes.juntadeandalucia.es\/vegapiiisa\/curso-2023-24\/","title":{"rendered":"Curso 2023\/2024"},"content":{"rendered":"<p>En este curso 2023\/24, al IES Vega de Atarfe le ha sido asignado el proyecto <strong><span style=\"color: #ff6600\">\u00ab12P \u2013 Ingenier\u00eda para la econom\u00eda circular de los residuos pl\u00e1sticos\u00bb<\/span><\/strong>, organizado por el <em>Departamento de Ingenier\u00eda Qu\u00edmica<\/em> de la Facultad de Ciencias de la Universidad de Granada.<\/p>\n<ul>\n<li><a href=\"https:\/\/piiisa.es\/project\/12p-ingenieria-para-la-economia-circular-de-los-residuos-plasticos\/\">12P \u2013 Ingenier\u00eda para la econom\u00eda circular de los residuos pl\u00e1sticos | Proyecto PIIISA<\/a><\/li>\n<\/ul>\n<h2><span style=\"color: #ff6600\">Descripci\u00f3n del proyecto<\/span><\/h2>\n<p>Los pl\u00e1sticos son materiales de gran valor y por ello est\u00e1n presentes en todos los sectores de aplicaci\u00f3n.<\/p>\n<p>Al final de su vida \u00fatil, los productos fabricados con materiales pl\u00e1sticos se convierten en residuos que deben ser gestionados y reciclados adecuadamente para recuperarlos e introducirlos nuevamente en el proceso productivo, favoreciendo as\u00ed la transici\u00f3n hacia una econom\u00eda circular.<\/p>\n<p>Este proyecto pretende concienciar sobre la contaminaci\u00f3n por pl\u00e1sticos y acercar la econom\u00eda circular a los participantes mediante la realizaci\u00f3n de experimentos de laboratorio.<\/p>\n<p>En particular, se desarrollar\u00e1 un proceso de pir\u00f3lisis para tratar residuos pl\u00e1sticos sucios y mezclados que actualmente no se est\u00e1n valorizando de manera adecuada con el objetivo de transformarlos en nuevos productos de alto valor. Adem\u00e1s, se mostrar\u00e1n aplicaciones finales desarrolladas por los investigadores para el producto s\u00f3lido obtenido (se est\u00e1 modificando para convertirlo en un nuevo adsorbente sostenible y se est\u00e1 aplicando a la depuraci\u00f3n de aguas residuales).<\/p>\n<h2><span style=\"font-size: 24pt;color: #ff6600\">Alumnado participante<\/span><\/h2>\n<p>Participan en este proyecto 8 estudiantes de 1\u00ba de Bachillerato, de la rama de Ciencias, que resultaron elegidos para formar parte de esta investigaci\u00f3n:<\/p>\n<ul>\n<li>Javier Alcauce Laguna<\/li>\n<li>Adri\u00e1n Cervera Ruiz<\/li>\n<li>Daniel Cordero Cabrera<\/li>\n<li>Martina Fern\u00e1ndez Lamolda<\/li>\n<li>Cristina Garc\u00eda \u00c1vila<\/li>\n<li>Mar\u00eda Ib\u00e1\u00f1ez Mu\u00f1oz<\/li>\n<li>Daniel P\u00e9rez Shir\u00f3kov<\/li>\n<li>M\u00f3nica Ros\u00faa Berenguer<\/li>\n<\/ul>\n<div id=\"attachment_178\" style=\"width: 602px\" class=\"wp-caption aligncenter\"><img loading=\"lazy\" decoding=\"async\" aria-describedby=\"caption-attachment-178\" class=\"wp-image-178 size-full\" src=\"https:\/\/blogsaverroes.juntadeandalucia.es\/vegapiiisa\/files\/2024\/01\/240117-Picture1.jpg\" alt=\"Alumnado en la Puerta de la Facultad de Ciencias\" width=\"602\" height=\"451\" srcset=\"https:\/\/blogsaverroes.juntadeandalucia.es\/vegapiiisa\/files\/2024\/01\/240117-Picture1.jpg 602w, https:\/\/blogsaverroes.juntadeandalucia.es\/vegapiiisa\/files\/2024\/01\/240117-Picture1-300x225.jpg 300w\" sizes=\"(max-width: 602px) 100vw, 602px\" \/><p id=\"caption-attachment-178\" class=\"wp-caption-text\"><span style=\"font-size: 8pt\">Alumnado en la Puerta de la Facultad de Ciencias<\/span><\/p><\/div>\n<h2><span style=\"font-size: 24pt;color: #ff6600\">Sesiones<\/span><\/h2>\n<p>El proyecto se desarrollar\u00e1 en 3 sesiones de trabajo, a desarrollar en los <strong><span style=\"color: #ff9900\">Laboratorios de Qu\u00edmica de la Facultad de Ciencias<\/span><\/strong>, los d\u00edas:<\/p>\n<ul>\n<li><a href=\"https:\/\/blogsaverroes.juntadeandalucia.es\/vegapiiisa\/2024\/01\/17\/primera-sesion-del-curso-2023-24\/\"><strong>17 de enero<\/strong> de 2024<\/a><\/li>\n<li><a href=\"https:\/\/blogsaverroes.juntadeandalucia.es\/vegapiiisa\/2024\/02\/14\/segunda-sesion-del-curso-2023-24\/\"><strong>14 de febrero<\/strong> de 2024<\/a><\/li>\n<li><a href=\"https:\/\/blogsaverroes.juntadeandalucia.es\/vegapiiisa\/2024\/04\/17\/tercera-sesion-del-curso-2023-24\/\"><strong>17 de abril<\/strong>&nbsp;de 2024<\/a><\/li>\n<\/ul>\n<p>Y finalizar\u00e1 con un Congreso el d\u00eda <strong>21 de mayo<\/strong>&nbsp;de 2024, en el <span style=\"color: #ff9900\"><strong>Parque de las Ciencias<\/strong>.<\/span><\/p>\n<ul>\n<li><a href=\"https:\/\/blogsaverroes.juntadeandalucia.es\/vegapiiisa\/2024\/05\/17\/xii-congreso-piiisa-curso-2024\/\">XII Congreso PIIISA 2024<\/a><\/li>\n<\/ul>\n<h2><span style=\"font-size: 24pt;color: #ff6600\">Investigaci\u00f3n<\/span><\/h2>\n<p>Nuestro alumnado realizar\u00e1 una investigaci\u00f3n, dirigida por las siguientes Doctoras e Investigadoras del Departamento de Ingenier\u00eda Qu\u00edmica de la Universidad de Granada:<\/p>\n<ul>\n<li>Mar\u00eda \u00c1ngeles Mart\u00edn Lara<\/li>\n<li>Ventura Castillo Ramos<\/li>\n<li>Mar\u00eda Alejandra Quintana Lancheros<\/li>\n<li>Ledicia Pereira G\u00f3mez<\/li>\n<li>Guillermo Garc\u00eda Garc\u00eda<\/li>\n<li>Rafael Rodr\u00edguez Sol\u00eds<\/li>\n<li>M\u00f3nica Calero De Hoces<\/li>\n<\/ul>\n<h2><span style=\"color: #ff6600\">Comunicaci\u00f3n<\/span><\/h2>\n<p>En el Congreso final del Proyecto PIIISA se har\u00e1n las comunicaciones de los resultados de las investigaciones realizadas. En este proyecto se presentar\u00e1 en el siguiente formato:<\/p>\n<ul>\n<li><a href=\"https:\/\/blogsaverroes.juntadeandalucia.es\/vegapiiisa\/2024\/04\/18\/poster-de-este-curso-2023-24\/\">P\u00f3ster<\/a><\/li>\n<\/ul>\n","protected":false},"excerpt":{"rendered":"<p>En este curso 2023\/24, al IES Vega de Atarfe le ha sido asignado el proyecto \u00ab12P \u2013 Ingenier\u00eda para la econom\u00eda circular de los residuos pl\u00e1sticos\u00bb, organizado por el Departamento de Ingenier\u00eda Qu\u00edmica de la Facultad de Ciencias de la Universidad de Granada. 12P \u2013 Ingenier\u00eda para la econom\u00eda circular de los residuos pl\u00e1sticos | &hellip; <\/p>\n<p><a class=\"more-link btn\" href=\"https:\/\/blogsaverroes.juntadeandalucia.es\/vegapiiisa\/curso-2023-24\/\">Seguir leyendo<\/a><\/p>\n","protected":false},"author":1119,"featured_media":0,"parent":0,"menu_order":0,"comment_status":"closed","ping_status":"closed","template":"","meta":{"ngg_post_thumbnail":0,"footnotes":"","_mc_calendar":[]},"aioseo_notices":[],"_links":{"self":[{"href":"https:\/\/blogsaverroes.juntadeandalucia.es\/vegapiiisa\/wp-json\/wp\/v2\/pages\/157"}],"collection":[{"href":"https:\/\/blogsaverroes.juntadeandalucia.es\/vegapiiisa\/wp-json\/wp\/v2\/pages"}],"about":[{"href":"https:\/\/blogsaverroes.juntadeandalucia.es\/vegapiiisa\/wp-json\/wp\/v2\/types\/page"}],"author":[{"embeddable":true,"href":"https:\/\/blogsaverroes.juntadeandalucia.es\/vegapiiisa\/wp-json\/wp\/v2\/users\/1119"}],"replies":[{"embeddable":true,"href":"https:\/\/blogsaverroes.juntadeandalucia.es\/vegapiiisa\/wp-json\/wp\/v2\/comments?post=157"}],"version-history":[{"count":8,"href":"https:\/\/blogsaverroes.juntadeandalucia.es\/vegapiiisa\/wp-json\/wp\/v2\/pages\/157\/revisions"}],"predecessor-version":[{"id":217,"href":"https:\/\/blogsaverroes.juntadeandalucia.es\/vegapiiisa\/wp-json\/wp\/v2\/pages\/157\/revisions\/217"}],"wp:attachment":[{"href":"https:\/\/blogsaverroes.juntadeandalucia.es\/vegapiiisa\/wp-json\/wp\/v2\/media?parent=157"}],"curies":[{"name":"wp","href":"https:\/\/api.w.org\/{rel}","templated":true}]}}