{"id":26,"date":"2022-03-30T08:34:50","date_gmt":"2022-03-30T08:34:50","guid":{"rendered":"https:\/\/blogsaverroes.juntadeandalucia.es\/vegapiiisa\/?page_id=26"},"modified":"2023-02-05T19:16:35","modified_gmt":"2023-02-05T19:16:35","slug":"curso-2021-2022","status":"publish","type":"page","link":"https:\/\/blogsaverroes.juntadeandalucia.es\/vegapiiisa\/curso-2021-2022\/","title":{"rendered":"Curso 2021\/2022"},"content":{"rendered":"<p>En el curso 2021\/2, al IES Vega de Atarfe particip\u00f3 en el proyecto <strong><span style=\"color: #ff6600\">\u00ab17A &#8211; Educaci\u00f3n en valores y desarrollo de competencias socioemocionales mediante la metodolog\u00eda de aprendizaje Outdoor Training\u00bb<\/span><\/strong>, organizado por el <em>Departamento de M\u00e9todos de Investigaci\u00f3n y Diagn\u00f3stico de Educaci\u00f3n. Psicolog\u00eda Evolutiva y de la Educaci\u00f3n <\/em>de la Facultad de Ciencias de la Educaci\u00f3n de la Universidad de Granada.<\/p>\n<p><img loading=\"lazy\" decoding=\"async\" class=\"alignnone wp-image-88 size-medium\" src=\"https:\/\/blogsaverroes.juntadeandalucia.es\/vegapiiisa\/files\/2023\/02\/Outdoor-Training-300x169.png\" alt=\"\" width=\"300\" height=\"169\" srcset=\"https:\/\/blogsaverroes.juntadeandalucia.es\/vegapiiisa\/files\/2023\/02\/Outdoor-Training-300x169.png 300w, https:\/\/blogsaverroes.juntadeandalucia.es\/vegapiiisa\/files\/2023\/02\/Outdoor-Training-700x393.png 700w, https:\/\/blogsaverroes.juntadeandalucia.es\/vegapiiisa\/files\/2023\/02\/Outdoor-Training.png 712w\" sizes=\"(max-width: 300px) 100vw, 300px\" \/>&nbsp; &nbsp; &nbsp; &nbsp; &nbsp; &nbsp; &nbsp; <img loading=\"lazy\" decoding=\"async\" class=\"alignnone size-medium wp-image-89\" src=\"https:\/\/blogsaverroes.juntadeandalucia.es\/vegapiiisa\/files\/2023\/02\/Congreso-PIIISA-300x169.png\" alt=\"\" width=\"300\" height=\"169\" srcset=\"https:\/\/blogsaverroes.juntadeandalucia.es\/vegapiiisa\/files\/2023\/02\/Congreso-PIIISA-300x169.png 300w, https:\/\/blogsaverroes.juntadeandalucia.es\/vegapiiisa\/files\/2023\/02\/Congreso-PIIISA-700x393.png 700w, https:\/\/blogsaverroes.juntadeandalucia.es\/vegapiiisa\/files\/2023\/02\/Congreso-PIIISA.png 712w\" sizes=\"(max-width: 300px) 100vw, 300px\" \/><\/p>\n<p><span style=\"font-family: 'trebuchet ms', geneva, sans-serif;font-size: 18pt;color: #ff9900\"><strong><span style=\"color: #ff9900\">Descripci\u00f3n del proyecto<\/span><\/strong><\/span><\/p>\n<p>El proyecto tiene como meta general que los alumnos y alumnas que participen de los centros de E.S.O (Educaci\u00f3n Secundaria Obligatoria) y de bachillerato se inicien en la investigaci\u00f3n de estudios cient\u00edficos dentro del \u00e1rea de psicolog\u00eda evolutiva, de la educaci\u00f3n y de ciencias de la salud, adquiriendo conocimientos conceptuales, explorando y analizando los distintos estudios aplicados sobre la l\u00ednea tem\u00e1tica de Educaci\u00f3n en valores y desarrollo de competencias socioemocionales mediante la metodolog\u00eda de aprendizaje Outdoor Training. Se contribuir\u00e1 a la adquisici\u00f3n y\/o desarrollo en el alumnado de las siguientes competencias:<\/p>\n<p><strong>Competencias emocionales<\/strong>:<br \/>\n\u2022 Autorregulaci\u00f3n: autocontrol, integridad, adaptabilidad e innovaci\u00f3n.<br \/>\n\u2022 Conciencia de uno mismo: conciencia emocional, valoraci\u00f3n de uno mismo y confianza en uno mismo.<br \/>\n\u2022 Motivaci\u00f3n: compromiso, iniciativa y optimismo.<\/p>\n<p><strong>Competencias sociales<\/strong>:<br \/>\n\u2022 Empat\u00eda.<br \/>\n\u2022 Habilidades sociales: influencia, comunicaci\u00f3n, liderazgo, resoluci\u00f3n de conflictos, colaboraci\u00f3n, cooperaci\u00f3n y habilidades de grupo.<\/p>\n<p><strong><span style=\"color: #ff9900;font-size: 18pt\">Alumnado participante<\/span><\/strong><\/p>\n<p>Participan en este proyecto 7 estudiantes, 4 de 1\u00ba de Bachillerato y 3 de 4\u00ba de ESO, de diferentes modalidades, que voluntariamente solicitaron formar parte en el proyecto de investigaci\u00f3n:<\/p>\n<ul>\n<li>Kroh Jovic, Eva (1\u00ba Bach A, Modalidad Ciencias Sociales)<\/li>\n<li>L\u00f3pez Alonso, Alba (1\u00ba Bach A, Modalidad Ciencias Sociales)<\/li>\n<li>Barranco Ariza, Luc\u00eda (1\u00ba Bach B, Modalidad Ciencias)<\/li>\n<li>Stegarescu, Mar\u00eda Andreea (1\u00ba Bach A, Modalidad Ciencias Sociales)<\/li>\n<li>Galera Titos, Mayra (4\u00ba ESO B, Acad\u00e9micas, Ciencias)<\/li>\n<li>Casado Villafranca, Javier (4\u00ba ESO C, Aplicadas)<\/li>\n<li>Jim\u00e9nez Fern\u00e1ndez, Rub\u00e9n (4\u00ba ESO C, Aplicadas)<\/li>\n<\/ul>\n<p><strong><span style=\"font-size: 18pt;color: #ff9900\">Sesiones<\/span><\/strong><\/p>\n<p>El proyecto se desarrollar\u00e1 en 3 sesiones de trabajo, a desarrollar en el <strong><span style=\"color: #ff9900\">Facultad de Ciencias de la Educaci\u00f3n<\/span><\/strong>, los d\u00edas:<\/p>\n<ul>\n<li><strong>18 de enero<\/strong> de 2022<\/li>\n<li><strong>22 de febrero<\/strong> de 2022<\/li>\n<li><strong>19 de abril<\/strong> de 2022<\/li>\n<\/ul>\n<p>Y finalizar\u00e1 con un Congreso el d\u00eda <strong>24&nbsp;de mayo<\/strong>, en el <span style=\"color: #ff9900\"><strong>Parque de las Ciencias<\/strong>.<\/span><\/p>\n<p><span style=\"font-size: 18pt\"><strong><span style=\"color: #ff9900\">Investigaci\u00f3n<\/span><\/strong><\/span><\/p>\n<p>Nuestro alumnado realizar\u00e1 una investigaci\u00f3n, dirigida por los siguientes Doctores e Investigadoras del Departamento de M\u00e9todos de Investigaci\u00f3n y Diagn\u00f3stico de Educaci\u00f3n. Psicolog\u00eda Evolutiva y Educaci\u00f3n&nbsp; de la Facultad de Ciencias de la Educaci\u00f3n de la Universidad de Granada y el Departamento de Econom\u00eda y Administraci\u00f3n de Empresas de la Universidad de M\u00e1laga<\/p>\n<ul>\n<li>Francisco Manuel Morales Rodr\u00edguez<\/li>\n<li>Jes\u00fas Molina G\u00f3mez<\/li>\n<\/ul>\n","protected":false},"excerpt":{"rendered":"<p>En el curso 2021\/2, al IES Vega de Atarfe particip\u00f3 en el proyecto \u00ab17A &#8211; Educaci\u00f3n en valores y desarrollo de competencias socioemocionales mediante la metodolog\u00eda de aprendizaje Outdoor Training\u00bb, organizado por el Departamento de M\u00e9todos de Investigaci\u00f3n y Diagn\u00f3stico de Educaci\u00f3n. Psicolog\u00eda Evolutiva y de la Educaci\u00f3n de la Facultad de Ciencias de la &hellip; <\/p>\n<p><a class=\"more-link btn\" href=\"https:\/\/blogsaverroes.juntadeandalucia.es\/vegapiiisa\/curso-2021-2022\/\">Seguir leyendo<\/a><\/p>\n","protected":false},"author":8165,"featured_media":0,"parent":0,"menu_order":0,"comment_status":"closed","ping_status":"closed","template":"","meta":{"ngg_post_thumbnail":0,"footnotes":"","_mc_calendar":[]},"aioseo_notices":[],"_links":{"self":[{"href":"https:\/\/blogsaverroes.juntadeandalucia.es\/vegapiiisa\/wp-json\/wp\/v2\/pages\/26"}],"collection":[{"href":"https:\/\/blogsaverroes.juntadeandalucia.es\/vegapiiisa\/wp-json\/wp\/v2\/pages"}],"about":[{"href":"https:\/\/blogsaverroes.juntadeandalucia.es\/vegapiiisa\/wp-json\/wp\/v2\/types\/page"}],"author":[{"embeddable":true,"href":"https:\/\/blogsaverroes.juntadeandalucia.es\/vegapiiisa\/wp-json\/wp\/v2\/users\/8165"}],"replies":[{"embeddable":true,"href":"https:\/\/blogsaverroes.juntadeandalucia.es\/vegapiiisa\/wp-json\/wp\/v2\/comments?post=26"}],"version-history":[{"count":6,"href":"https:\/\/blogsaverroes.juntadeandalucia.es\/vegapiiisa\/wp-json\/wp\/v2\/pages\/26\/revisions"}],"predecessor-version":[{"id":92,"href":"https:\/\/blogsaverroes.juntadeandalucia.es\/vegapiiisa\/wp-json\/wp\/v2\/pages\/26\/revisions\/92"}],"wp:attachment":[{"href":"https:\/\/blogsaverroes.juntadeandalucia.es\/vegapiiisa\/wp-json\/wp\/v2\/media?parent=26"}],"curies":[{"name":"wp","href":"https:\/\/api.w.org\/{rel}","templated":true}]}}