{"id":1201,"date":"2023-03-07T12:21:33","date_gmt":"2023-03-07T11:21:33","guid":{"rendered":"https:\/\/blogsaverroes.juntadeandalucia.es\/vegatic\/?page_id=1201"},"modified":"2023-03-07T12:21:33","modified_gmt":"2023-03-07T11:21:33","slug":"repositorio-recursos-educativos-virtuales","status":"publish","type":"page","link":"https:\/\/blogsaverroes.juntadeandalucia.es\/vegatic\/repositorio-recursos-educativos-virtuales\/","title":{"rendered":"Repositorio Recursos Educativos Virtuales"},"content":{"rendered":"<p style=\"text-align: center\"><span style=\"font-size: 18pt;color: #85b1de\">En esta p\u00e1gina encontrar\u00e1s diferentes enlaces de acceso a Recursos Educativos Virtuales<\/span><\/p>\n<p style=\"text-align: left\"><img loading=\"lazy\" decoding=\"async\" class=\"aligncenter wp-image-4022\" src=\"https:\/\/blogsaverroes.juntadeandalucia.es\/iesvegadeatarfe\/files\/2021\/07\/IMG-20210720-WA0006-203x300.jpg\" alt=\"\" width=\"237\" height=\"350\"><\/p>\n<p><img loading=\"lazy\" decoding=\"async\" class=\" wp-image-1260 alignleft\" src=\"https:\/\/blogsaverroes.juntadeandalucia.es\/iesvegadeatarfe\/files\/2020\/04\/Logo-Junta-Andalucia-300x169.jpg\" alt=\"\" width=\"160\" height=\"90\"><\/p>\n<p><img loading=\"lazy\" decoding=\"async\" class=\"wp-image-390 alignright\" src=\"https:\/\/blogsaverroes.juntadeandalucia.es\/dptoinformatica\/files\/2019\/11\/educa.png\" alt=\"\" width=\"128\" height=\"83\"><\/p>\n<p><span style=\"font-size: 12pt\">En esta secci\u00f3n encontrar\u00e1s acceso a materiales did\u00e1cticos en formato multimedia que se corresponden con los desarrollos curriculares de algunas de las ense\u00f1anzas ofertadas a distancia en Andaluc\u00eda disponibles desde el nodo andaluz del repositorio AGREGA. Del mismo modo podr\u00e1s encontrar material de apoyo curricular y ayudas a la producci\u00f3n y revisi\u00f3n de materiales.<\/span><\/p>\n<p style=\"text-align: center\"><span style=\"color: #99cc00;font-size: 14pt\"><a style=\"color: #99cc00\" href=\"http:\/\/www.juntadeandalucia.es\/educacion\/permanente\/materiales\/\" target=\"_blank\" rel=\"noopener noreferrer\">Materiales Educaci\u00f3n Permanente<\/a><\/span><\/p>\n<p>&nbsp;<\/p>\n<p><a href=\"http:\/\/exelearning.net\/html_manual\/exe_es\/index.html\" target=\"_blank\" rel=\"noopener noreferrer\"><img loading=\"lazy\" decoding=\"async\" class=\"wp-image-1260 aligncenter\" src=\"https:\/\/blogsaverroes.juntadeandalucia.es\/iesvegadeatarfe\/files\/2020\/04\/Imagen-aXeLearning-300x287.png\" alt=\"\" width=\"174\" height=\"166\"><\/a><\/p>\n<p style=\"text-align: center\">Herramienta de c\u00f3digo abierto que nos permite crear contenido educativos digitales.<\/p>\n<p>&nbsp;<\/p>\n<p><a href=\"https:\/\/intef.es\/\" target=\"_blank\" rel=\"noopener noreferrer\"><img loading=\"lazy\" decoding=\"async\" class=\"aligncenter wp-image-392 size-full\" title=\"P\u00e1gina del INTEF\" src=\"https:\/\/blogsaverroes.juntadeandalucia.es\/dptoinformatica\/files\/2019\/11\/intef.png\" alt=\"\" width=\"530\" height=\"95\"><\/a><\/p>\n<p style=\"text-align: center\">El Servicio de Formaci\u00f3n en Red del INTEF pone a disposici\u00f3n de los usuarios todos sus materiales formativos accesibles en diversos formatos desde La Zona de Descargas. Desde este apartado se favorece la formaci\u00f3n abierta para la autoformaci\u00f3n.<\/p>\n<p style=\"text-align: center\"><span style=\"font-size: 14pt;color: #99cc00\"><a style=\"color: #99cc00\" href=\"http:\/\/educalab.es\/intef\/formacion\/formacion-en-red\/materiales-descargables\" target=\"_blank\" rel=\"noopener noreferrer\">Materiales descargables<\/a><\/span><\/p>\n<p style=\"text-align: center\"><a href=\"http:\/\/procomun.educalab.es\/es\" target=\"_blank\" rel=\"noopener noreferrer\"><img loading=\"lazy\" decoding=\"async\" class=\"alignnone wp-image-1258 aligncenter\" src=\"https:\/\/blogsaverroes.juntadeandalucia.es\/iesvegadeatarfe\/files\/2020\/09\/Recursos-Educativos-Virtuales-procom\u00fan.png\" alt=\"\" width=\"297\" height=\"215\"><\/a> Busca, consulta y descarga recursos educativos y de aprendizaje, art\u00edculos, comunidades y usuarios. Todo a tu disposici\u00f3n en el Espacio &#8216;Procom\u00fan&#8217;<br \/>\n&nbsp;<\/p>\n<p style=\"text-align: center\"><a href=\"https:\/\/cedec.intef.es\/proyecto-edia\/\" target=\"_blank\" rel=\"noopener noreferrer\"><img loading=\"lazy\" decoding=\"async\" class=\"alignnone wp-image-1258 aligncenter\" src=\"https:\/\/blogsaverroes.juntadeandalucia.es\/iesvegadeatarfe\/files\/2020\/04\/Proyecto-EDIA-300x217.png\" alt=\"\" width=\"297\" height=\"215\"><\/a>El Proyecto EDIA ofrece un banco de contenidos educativos abiertos curricularmente referenciados que te ofrecen propuestas ligadas a metodolog\u00edas activas y al fomento de la competencia digital en el aula.<\/p>\n<p>&nbsp;<\/p>\n<p style=\"text-align: center\"><a href=\"https:\/\/agrega.juntadeandalucia.es\/visualizadorcontenidos2\/Portada\/Portada.do\" target=\"_blank\" rel=\"noopener noreferrer\"><img loading=\"lazy\" decoding=\"async\" class=\"alignnone wp-image-1258 aligncenter\" src=\"https:\/\/blogsaverroes.juntadeandalucia.es\/iesvegadeatarfe\/files\/2020\/09\/Recursos-Educativos-Virtuales-agrega.png\" alt=\"\" width=\"297\" height=\"215\"><\/a>El Proyecto EDIA ofrece un banco de contenidos educativos abiertos curricularmente referenciados que te ofrecen propuestas ligadas a metodolog\u00edas activas y al fomento de la competencia digital en el aula.<\/p>\n<p>&nbsp;<\/p>\n","protected":false},"excerpt":{"rendered":"<p>En esta p\u00e1gina encontrar\u00e1s diferentes enlaces de acceso a Recursos Educativos Virtuales En esta secci\u00f3n encontrar\u00e1s acceso a materiales did\u00e1cticos en formato multimedia que se corresponden con los desarrollos curriculares de algunas de las ense\u00f1anzas ofertadas a distancia en Andaluc\u00eda disponibles desde el nodo andaluz del repositorio AGREGA. Del mismo modo podr\u00e1s encontrar material de &hellip; <\/p>\n<p><a class=\"more-link btn\" href=\"https:\/\/blogsaverroes.juntadeandalucia.es\/vegatic\/repositorio-recursos-educativos-virtuales\/\">Seguir leyendo<\/a><\/p>\n","protected":false},"author":7646,"featured_media":0,"parent":0,"menu_order":0,"comment_status":"closed","ping_status":"closed","template":"","meta":{"ngg_post_thumbnail":0,"footnotes":""},"aioseo_notices":[],"_links":{"self":[{"href":"https:\/\/blogsaverroes.juntadeandalucia.es\/vegatic\/wp-json\/wp\/v2\/pages\/1201"}],"collection":[{"href":"https:\/\/blogsaverroes.juntadeandalucia.es\/vegatic\/wp-json\/wp\/v2\/pages"}],"about":[{"href":"https:\/\/blogsaverroes.juntadeandalucia.es\/vegatic\/wp-json\/wp\/v2\/types\/page"}],"author":[{"embeddable":true,"href":"https:\/\/blogsaverroes.juntadeandalucia.es\/vegatic\/wp-json\/wp\/v2\/users\/7646"}],"replies":[{"embeddable":true,"href":"https:\/\/blogsaverroes.juntadeandalucia.es\/vegatic\/wp-json\/wp\/v2\/comments?post=1201"}],"version-history":[{"count":1,"href":"https:\/\/blogsaverroes.juntadeandalucia.es\/vegatic\/wp-json\/wp\/v2\/pages\/1201\/revisions"}],"predecessor-version":[{"id":1202,"href":"https:\/\/blogsaverroes.juntadeandalucia.es\/vegatic\/wp-json\/wp\/v2\/pages\/1201\/revisions\/1202"}],"wp:attachment":[{"href":"https:\/\/blogsaverroes.juntadeandalucia.es\/vegatic\/wp-json\/wp\/v2\/media?parent=1201"}],"curies":[{"name":"wp","href":"https:\/\/api.w.org\/{rel}","templated":true}]}}