{"id":1203,"date":"2023-03-07T12:24:14","date_gmt":"2023-03-07T11:24:14","guid":{"rendered":"https:\/\/blogsaverroes.juntadeandalucia.es\/vegatic\/?page_id=1203"},"modified":"2023-03-07T12:24:14","modified_gmt":"2023-03-07T11:24:14","slug":"reserva-de-recursos","status":"publish","type":"page","link":"https:\/\/blogsaverroes.juntadeandalucia.es\/vegatic\/reserva-de-recursos\/","title":{"rendered":"Reserva de recursos"},"content":{"rendered":"<ul>\n<li><span style=\"font-size: 14pt;color: #ff0000\">Para realizar una \u2018Reserva de recursos\u2019 debes utilizar el correo del dominio \u2018@g.educaand.es\u2019.<\/span><\/li>\n<li><span style=\"font-size: 14pt;color: #ff0000\">Solo es posible reservar carros de una \u00fanica planta, la misma en la que se encuentra el aula en la que tienes previsto utilizarlos.<\/span><\/li>\n<li><span style=\"font-size: 14pt;color: #ff0000\">Utiliza el c\u00f3digo QR del port\u00e1til de Conserjer\u00eda al recoger y devolver las llaves de los carros.<\/span><\/li>\n<li><span style=\"font-size: 14pt;color: #ff0000\">No olvides dejar los carros cargando cuando termines.<\/span><\/li>\n<li style=\"text-align: left\"><span style=\"font-size: 14pt;color: #ff0000\">Sigue siempre las \u2018Normas de uso\u2019.<\/span><\/li>\n<\/ul>\n<p style=\"text-align: center\"><span style=\"font-size: 24pt;color: #ad2828\"><a style=\"color: #ad2828\" href=\"https:\/\/nubevega.myqnapcloud.com\/\" target=\"_blank\" rel=\"noopener noreferrer\">Reserva de Recursos<\/a><\/span><\/p>\n","protected":false},"excerpt":{"rendered":"<p>Para realizar una \u2018Reserva de recursos\u2019 debes utilizar el correo del dominio \u2018@g.educaand.es\u2019. Solo es posible reservar carros de una \u00fanica planta, la misma en la que se encuentra el aula en la que tienes previsto utilizarlos. Utiliza el c\u00f3digo QR del port\u00e1til de Conserjer\u00eda al recoger y devolver las llaves de los carros. No &hellip; <\/p>\n<p><a class=\"more-link btn\" href=\"https:\/\/blogsaverroes.juntadeandalucia.es\/vegatic\/reserva-de-recursos\/\">Seguir leyendo<\/a><\/p>\n","protected":false},"author":7646,"featured_media":0,"parent":0,"menu_order":0,"comment_status":"closed","ping_status":"closed","template":"","meta":{"ngg_post_thumbnail":0,"footnotes":""},"aioseo_notices":[],"_links":{"self":[{"href":"https:\/\/blogsaverroes.juntadeandalucia.es\/vegatic\/wp-json\/wp\/v2\/pages\/1203"}],"collection":[{"href":"https:\/\/blogsaverroes.juntadeandalucia.es\/vegatic\/wp-json\/wp\/v2\/pages"}],"about":[{"href":"https:\/\/blogsaverroes.juntadeandalucia.es\/vegatic\/wp-json\/wp\/v2\/types\/page"}],"author":[{"embeddable":true,"href":"https:\/\/blogsaverroes.juntadeandalucia.es\/vegatic\/wp-json\/wp\/v2\/users\/7646"}],"replies":[{"embeddable":true,"href":"https:\/\/blogsaverroes.juntadeandalucia.es\/vegatic\/wp-json\/wp\/v2\/comments?post=1203"}],"version-history":[{"count":1,"href":"https:\/\/blogsaverroes.juntadeandalucia.es\/vegatic\/wp-json\/wp\/v2\/pages\/1203\/revisions"}],"predecessor-version":[{"id":1204,"href":"https:\/\/blogsaverroes.juntadeandalucia.es\/vegatic\/wp-json\/wp\/v2\/pages\/1203\/revisions\/1204"}],"wp:attachment":[{"href":"https:\/\/blogsaverroes.juntadeandalucia.es\/vegatic\/wp-json\/wp\/v2\/media?parent=1203"}],"curies":[{"name":"wp","href":"https:\/\/api.w.org\/{rel}","templated":true}]}}