{"id":417,"date":"2022-05-16T11:28:51","date_gmt":"2022-05-16T09:28:51","guid":{"rendered":"https:\/\/blogsaverroes.juntadeandalucia.es\/vegatic\/?page_id=417"},"modified":"2022-05-16T19:33:25","modified_gmt":"2022-05-16T17:33:25","slug":"redes","status":"publish","type":"page","link":"https:\/\/blogsaverroes.juntadeandalucia.es\/vegatic\/redes\/","title":{"rendered":"Redes"},"content":{"rendered":"<p><span style=\"font-size: 24pt;color: #ff6600\">Medios Cableados:<\/span><\/p>\n<p><span style=\"color: #ff6600;font-size: 14pt\"><a style=\"color: #ff6600\" href=\"https:\/\/view.genial.ly\/61e8592ec35e210012009d14\/interactive-content-lista-pizarra\" target=\"_blank\" rel=\"noopener noreferrer\">Mario AT<\/a><\/span><\/p>\n<p><span style=\"color: #ff6600;font-size: 14pt\"><a style=\"color: #ff6600\" href=\"https:\/\/view.genial.ly\/61eaf55a4ddc500013e92096\/interactive-content-dia-mundial\" target=\"_blank\" rel=\"noopener noreferrer\">Irene BG<\/a><\/span><\/p>\n<p><span style=\"color: #ff6600;font-size: 14pt\"><a style=\"color: #ff6600\" href=\"https:\/\/view.genial.ly\/61dfd9af2f19fd0d7ea372d4\/interactive-content-tarea-3-infografia-medios-de-transmision-cableados\" target=\"_blank\" rel=\"noopener noreferrer\">Elena CM<\/a><\/span><\/p>\n<p><span style=\"color: #ff6600;font-size: 14pt\"><a style=\"color: #ff6600\" href=\"https:\/\/view.genial.ly\/61dfd4332f19fd0d7ea371e0\/interactive-content-twitter-proceso-horizontal\" target=\"_blank\" rel=\"noopener noreferrer\">Mayra GT<\/a><\/span><\/p>\n<p><span style=\"color: #ff6600;font-size: 14pt\"><a style=\"color: #ff6600\" href=\"https:\/\/view.genial.ly\/61e854ffc35e210012009b75\/interactive-content-infografia-cableadas\" target=\"_blank\" rel=\"noopener noreferrer\">\u00c1lvaro GM<\/a><\/span><\/p>\n<p><span style=\"color: #ff6600;font-size: 14pt\"><a style=\"color: #ff6600\" href=\"https:\/\/view.genial.ly\/61e866784591680012754825\/interactive-content-timeline-edu-color\" target=\"_blank\" rel=\"noopener noreferrer\">Lorena GV<\/a><\/span><\/p>\n<p><span style=\"color: #ff6600;font-size: 14pt\"><a style=\"color: #ff6600\" href=\"https:\/\/view.genial.ly\/61dc3819ff489b0dd1043039\/interactive-content-storyboard-genial\" target=\"_blank\" rel=\"noopener noreferrer\">Julia GN<\/a><\/span><\/p>\n<p><span style=\"color: #ff6600;font-size: 14pt\"><a style=\"color: #ff6600\" href=\"https:\/\/view.genial.ly\/61edb8da116538001392cad9\/interactive-content-genially-sin-titulo\" target=\"_blank\" rel=\"noopener noreferrer\">Mar\u00eda JR<\/a><\/span><\/p>\n<p><span style=\"color: #ff6600;font-size: 14pt\"><a style=\"color: #ff6600\" href=\"https:\/\/view.genial.ly\/61e8550a4591680012754279\/interactive-content-medios-de-transmision-cableados\" target=\"_blank\" rel=\"noopener noreferrer\">Claudia RA<\/a><\/span><\/p>\n<p><span style=\"color: #ff6600;font-size: 14pt\"><a style=\"color: #ff6600\" href=\"https:\/\/view.genial.ly\/61ec24f86b85b9001321f8c1\/interactive-content-tarea3-angela4eso\" target=\"_blank\" rel=\"noopener noreferrer\">\u00c1ngela RG<\/a><\/span><\/p>\n<p><span style=\"color: #ff6600;font-size: 14pt\"><a style=\"color: #ff6600\" href=\"https:\/\/view.genial.ly\/61dfd39c2b32b60d670a3d17\/interactive-content-cableado\" target=\"_blank\" rel=\"noopener noreferrer\">Mar\u00eda RL<\/a><\/span><\/p>\n<p><span style=\"font-size: 24pt;color: #ffcc00\">Medios inal\u00e1mbricos<\/span><\/p>\n<p><span style=\"color: #ffcc00;font-size: 14pt\"><a style=\"color: #ffcc00\" href=\"https:\/\/view.genial.ly\/61e8725fdb8673001263d62f\/interactive-content-lista-pizarra\" target=\"_blank\" rel=\"noopener noreferrer\">Mayra GT<\/a><\/span><\/p>\n<p><span style=\"color: #ffcc00;font-size: 14pt\"><a style=\"color: #ffcc00\" href=\"https:\/\/view.genial.ly\/61e9c3dc523c980012813779\/interactive-content-infografia-inalambricas\" target=\"_blank\" rel=\"noopener noreferrer\">\u00c1lvaro GM<\/a><\/span><\/p>\n<p><span style=\"color: #ffcc00;font-size: 14pt\"><a style=\"color: #ffcc00\" href=\"https:\/\/view.genial.ly\/61e582f52a5e2f0d4b1226f6\/interactive-content-inalambrica\" target=\"_blank\" rel=\"noopener noreferrer\">Mar\u00eda RL<\/a><\/span><\/p>\n<p><span style=\"color: #ffcc00;font-size: 14pt\"><a style=\"color: #ffcc00\" href=\"https:\/\/view.genial.ly\/61e85fcfc35e210012009f59\/interactive-content-lista-pizarra\" target=\"_blank\" rel=\"noopener noreferrer\">Daniel SC<\/a><\/span><\/p>\n<p><span style=\"font-size: 24pt;color: #339966\">Componentes de Red F\u00edsicos:<\/span><\/p>\n<p><span style=\"color: #11ad1e;font-size: 14pt\"><a style=\"color: #11ad1e\" href=\"https:\/\/view.genial.ly\/61e86466db8673001263d2bd\/interactive-content-top-horizontal\" target=\"_blank\" rel=\"noopener noreferrer\">Mario AT<\/a><\/span><\/p>\n<p><span style=\"color: #11ad1e;font-size: 14pt\"><a style=\"color: #11ad1e\" href=\"https:\/\/view.genial.ly\/61ed96c57333200013a89d5c\/interactive-content-mapa-mental-cerebro\" target=\"_blank\" rel=\"noopener noreferrer\">Mayra GT<\/a><\/span><\/p>\n<p><span style=\"color: #11ad1e;font-size: 14pt\"><a style=\"color: #11ad1e\" href=\"https:\/\/view.genial.ly\/61e72f712f8de900143ebb27\/interactive-content-timeline-flechas\" target=\"_blank\" rel=\"noopener noreferrer\">Julia GN<\/a><\/span><\/p>\n<p><span style=\"color: #11ad1e;font-size: 14pt\"><a style=\"color: #11ad1e\" href=\"https:\/\/view.genial.ly\/61ec3c856b85b90013220036\/interactive-content-tarea7-angela4eso\" target=\"_blank\" rel=\"noopener noreferrer\">\u00c1ngela RG<\/a><\/span><\/p>\n<p><span style=\"color: #11ad1e;font-size: 14pt\"><a style=\"color: #11ad1e\" href=\"https:\/\/view.genial.ly\/61e70d71bc16080013797d9f\/interactive-content-componentes-red-fisicos\" target=\"_blank\" rel=\"noopener noreferrer\">Mar\u00eda RL<\/a><\/span><\/p>\n<p><span style=\"color: #11ad1e;font-size: 14pt\"><a style=\"color: #11ad1e\" href=\"https:\/\/view.genial.ly\/61e8664edb8673001263d34f\/interactive-content-lista-preguntas\" target=\"_blank\" rel=\"noopener noreferrer\">Daniel SC<\/a><\/span><\/p>\n<p><span style=\"color: #11ad1e;font-size: 14pt\"><a style=\"color: #11ad1e\" href=\"https:\/\/view.genial.ly\/61e7141bb76c08001246d2f8\/interactive-content-componentes-de-red-fisicos\" target=\"_blank\" rel=\"noopener noreferrer\">Diego VC<\/a><\/span><\/p>\n<p><span style=\"font-size: 24pt;color: #3366ff\">Componentes de Red L\u00f3gicos:<\/span><\/p>\n<p><span style=\"color: #3366ff;font-size: 14pt\"><a style=\"color: #3366ff\" href=\"https:\/\/view.genial.ly\/61e86ec64591680012754a33\/interactive-content-timeline-terrazo\" target=\"_blank\" rel=\"noopener noreferrer\">Mario AT<\/a><\/span><\/p>\n<p><span style=\"color: #3366ff;font-size: 14pt\"><a style=\"color: #3366ff\" href=\"https:\/\/view.genial.ly\/61eda3466b85b900132240d8\/interactive-content-dafo-notas\" target=\"_blank\" rel=\"noopener noreferrer\">Mayra GT<\/a><\/span><\/p>\n<p><span style=\"color: #3366ff;font-size: 14pt\"><a style=\"color: #3366ff\" href=\"https:\/\/view.genial.ly\/61e861badb8673001263d1f6\/interactive-content-componentes-de-red-logicos\" target=\"_blank\" rel=\"noopener noreferrer\">Claudia RA<\/a><\/span><\/p>\n<p><span style=\"color: #3366ff;font-size: 14pt\"><a style=\"color: #3366ff\" href=\"https:\/\/view.genial.ly\/61e5843d2a5e2f0d4b122710\/interactive-content-irenev-tarea-10-infografia-componentes-de-red-logicos\" target=\"_blank\" rel=\"noopener noreferrer\">Irene VM<\/a><\/span><\/p>\n<p><span style=\"color: #3366ff;font-size: 14pt\"><a style=\"color: #3366ff\" href=\"https:\/\/view.genial.ly\/61e7378bbc16080013798557\/interactive-content-tarea-10-chenxi-yu-4ob\" target=\"_blank\" rel=\"noopener noreferrer\">Chenxi Y<\/a><\/span><\/p>\n<p>&nbsp;<\/p>\n","protected":false},"excerpt":{"rendered":"<p>Medios Cableados: Mario AT Irene BG Elena CM Mayra GT \u00c1lvaro GM Lorena GV Julia GN Mar\u00eda JR Claudia RA \u00c1ngela RG Mar\u00eda RL Medios inal\u00e1mbricos Mayra GT \u00c1lvaro GM Mar\u00eda RL Daniel SC Componentes de Red F\u00edsicos: Mario AT Mayra GT Julia GN \u00c1ngela RG Mar\u00eda RL Daniel SC Diego VC Componentes de Red &hellip; <\/p>\n<p><a class=\"more-link btn\" href=\"https:\/\/blogsaverroes.juntadeandalucia.es\/vegatic\/redes\/\">Seguir leyendo<\/a><\/p>\n","protected":false},"author":7646,"featured_media":0,"parent":0,"menu_order":0,"comment_status":"closed","ping_status":"closed","template":"","meta":{"ngg_post_thumbnail":0,"footnotes":""},"aioseo_notices":[],"_links":{"self":[{"href":"https:\/\/blogsaverroes.juntadeandalucia.es\/vegatic\/wp-json\/wp\/v2\/pages\/417"}],"collection":[{"href":"https:\/\/blogsaverroes.juntadeandalucia.es\/vegatic\/wp-json\/wp\/v2\/pages"}],"about":[{"href":"https:\/\/blogsaverroes.juntadeandalucia.es\/vegatic\/wp-json\/wp\/v2\/types\/page"}],"author":[{"embeddable":true,"href":"https:\/\/blogsaverroes.juntadeandalucia.es\/vegatic\/wp-json\/wp\/v2\/users\/7646"}],"replies":[{"embeddable":true,"href":"https:\/\/blogsaverroes.juntadeandalucia.es\/vegatic\/wp-json\/wp\/v2\/comments?post=417"}],"version-history":[{"count":6,"href":"https:\/\/blogsaverroes.juntadeandalucia.es\/vegatic\/wp-json\/wp\/v2\/pages\/417\/revisions"}],"predecessor-version":[{"id":425,"href":"https:\/\/blogsaverroes.juntadeandalucia.es\/vegatic\/wp-json\/wp\/v2\/pages\/417\/revisions\/425"}],"wp:attachment":[{"href":"https:\/\/blogsaverroes.juntadeandalucia.es\/vegatic\/wp-json\/wp\/v2\/media?parent=417"}],"curies":[{"name":"wp","href":"https:\/\/api.w.org\/{rel}","templated":true}]}}