{"id":448,"date":"2022-10-27T12:27:38","date_gmt":"2022-10-27T10:27:38","guid":{"rendered":"https:\/\/blogsaverroes.juntadeandalucia.es\/vegatic\/?page_id=448"},"modified":"2022-11-02T21:18:07","modified_gmt":"2022-11-02T20:18:07","slug":"cambio-climatico-22-23","status":"publish","type":"page","link":"https:\/\/blogsaverroes.juntadeandalucia.es\/vegatic\/cambio-climatico-22-23\/","title":{"rendered":"Cambio clim\u00e1tico 22-23"},"content":{"rendered":"<p style=\"text-align: center\"><span style=\"font-size: 24pt;color: #92b528\">El alumnado de 1\u00ba de bachillerato demuestra su sensibilizaci\u00f3n&nbsp; en el D\u00eda mundial contra el cambio clim\u00e1tico con estas infograf\u00edas:<\/span><\/p>\n<table border=\"0\" align=\"center\">\n<tbody>\n<tr>\n<td width=\"25%\"><span style=\"font-size: 24pt\"><a href=\"https:\/\/blogsaverroes.juntadeandalucia.es\/vegatic\/files\/2022\/11\/Cambio-clim\u00e1tico-oct-22-ASS-1BACHA.png\" target=\"_blank\" rel=\"noopener noreferrer\">ASS<\/a><\/span><\/td>\n<td width=\"25%\"><span style=\"font-size: 24pt\"><a href=\"https:\/\/blogsaverroes.juntadeandalucia.es\/vegatic\/files\/2022\/11\/Cambio-clim\u00e1tico-oct-22-DMT-1BACHA.png\" target=\"_blank\" rel=\"noopener noreferrer\">DMT<\/a><\/span><\/td>\n<td width=\"25%\"><span style=\"font-size: 24pt\"><a href=\"https:\/\/blogsaverroes.juntadeandalucia.es\/vegatic\/files\/2022\/11\/Cambio-clim\u00e1tico-oct-22-MGT-1BACHA.png\" target=\"_blank\" rel=\"noopener noreferrer\">MGT<\/a><\/span><\/td>\n<td width=\"25%\"><span style=\"font-size: 24pt\"><a href=\"https:\/\/blogsaverroes.juntadeandalucia.es\/vegatic\/files\/2022\/11\/Cambio-clim\u00e1tico-oct-22-MRL-1BACHA.png\" target=\"_blank\" rel=\"noopener noreferrer\">MRL<\/a><\/span><\/td>\n<\/tr>\n<tr>\n<td width=\"25%\"><span style=\"font-size: 24pt\"><a href=\"https:\/\/blogsaverroes.juntadeandalucia.es\/vegatic\/files\/2022\/11\/Cambio-clim\u00e1tico-oct-22-CNL-1BACHB.png\" target=\"_blank\" rel=\"noopener noreferrer\">CNL<\/a><\/span><\/td>\n<td width=\"25%\"><span style=\"font-size: 24pt\"><a href=\"https:\/\/blogsaverroes.juntadeandalucia.es\/vegatic\/files\/2022\/11\/Cambio-clim\u00e1tico-oct-22-IVM-1BACHB.png\" target=\"_blank\" rel=\"noopener noreferrer\">IVM<\/a><\/span><\/td>\n<td width=\"25%\"><span style=\"font-size: 24pt\"><a href=\"https:\/\/blogsaverroes.juntadeandalucia.es\/vegatic\/files\/2022\/11\/Cambio-clim\u00e1tico-oct-22-MATS-1BACHB.png\" target=\"_blank\" rel=\"noopener noreferrer\">MATS<\/a><\/span><\/td>\n<td width=\"25%\"><span style=\"font-size: 24pt\"><a href=\"https:\/\/blogsaverroes.juntadeandalucia.es\/vegatic\/files\/2022\/11\/Cambio-clim\u00e1tico-oct-22-NRJ-1BACHB.png\" target=\"_blank\" rel=\"noopener noreferrer\">NRJ<\/a><\/span><\/td>\n<\/tr>\n<\/tbody>\n<\/table>\n","protected":false},"excerpt":{"rendered":"<p>El alumnado de 1\u00ba de bachillerato demuestra su sensibilizaci\u00f3n&nbsp; en el D\u00eda mundial contra el cambio clim\u00e1tico con estas infograf\u00edas: ASS DMT MGT MRL CNL IVM MATS NRJ<\/p>\n","protected":false},"author":7646,"featured_media":0,"parent":0,"menu_order":0,"comment_status":"closed","ping_status":"closed","template":"","meta":{"ngg_post_thumbnail":0,"footnotes":""},"aioseo_notices":[],"_links":{"self":[{"href":"https:\/\/blogsaverroes.juntadeandalucia.es\/vegatic\/wp-json\/wp\/v2\/pages\/448"}],"collection":[{"href":"https:\/\/blogsaverroes.juntadeandalucia.es\/vegatic\/wp-json\/wp\/v2\/pages"}],"about":[{"href":"https:\/\/blogsaverroes.juntadeandalucia.es\/vegatic\/wp-json\/wp\/v2\/types\/page"}],"author":[{"embeddable":true,"href":"https:\/\/blogsaverroes.juntadeandalucia.es\/vegatic\/wp-json\/wp\/v2\/users\/7646"}],"replies":[{"embeddable":true,"href":"https:\/\/blogsaverroes.juntadeandalucia.es\/vegatic\/wp-json\/wp\/v2\/comments?post=448"}],"version-history":[{"count":6,"href":"https:\/\/blogsaverroes.juntadeandalucia.es\/vegatic\/wp-json\/wp\/v2\/pages\/448\/revisions"}],"predecessor-version":[{"id":475,"href":"https:\/\/blogsaverroes.juntadeandalucia.es\/vegatic\/wp-json\/wp\/v2\/pages\/448\/revisions\/475"}],"wp:attachment":[{"href":"https:\/\/blogsaverroes.juntadeandalucia.es\/vegatic\/wp-json\/wp\/v2\/media?parent=448"}],"curies":[{"name":"wp","href":"https:\/\/api.w.org\/{rel}","templated":true}]}}