{"id":49,"date":"2021-02-06T08:48:32","date_gmt":"2021-02-06T07:48:32","guid":{"rendered":"https:\/\/blogsaverroes.juntadeandalucia.es\/vegatic\/?page_id=49"},"modified":"2025-10-18T12:18:07","modified_gmt":"2025-10-18T10:18:07","slug":"contacto","status":"publish","type":"page","link":"https:\/\/blogsaverroes.juntadeandalucia.es\/vegatic\/","title":{"rendered":"Departamento de Inform\u00e1tica"},"content":{"rendered":"<p><span style=\"color: #33cccc;font-size: 24pt\">Componentes:<\/span><\/p>\n<p><img loading=\"lazy\" decoding=\"async\" class=\"wp-image-1153 size-full aligncenter\" src=\"https:\/\/blogsaverroes.juntadeandalucia.es\/vegatic\/files\/2025\/10\/Profesores-y-Docencia.png\" alt=\"\" width=\"1112\" height=\"436\"><\/p>\n<p><span style=\"color: #33cccc;font-size: 24pt\">Materiales para el alumnado:<\/span><br \/>\n<span style=\"font-size: 14pt\">Todo el material proporcionado al alumnado est\u00e1 disponible en la plataforma Moodle Centros Granada.&nbsp;<\/span><\/p>\n<p>&nbsp;<br \/>\n<span style=\"color: #33cccc;font-size: 24pt\">Contacta con nosotros:<\/span><\/p>\n<p style=\"text-align: center\"><strong><span style=\"color: #3366ff;font-size: 18pt\">M\u00e1ndanos tus dudas o sugerencias rellenando el cuestionario:<\/span><\/strong><\/p>\n\n<div class=\"wpcf7 no-js\" id=\"wpcf7-f198-o1\" lang=\"es-ES\" dir=\"ltr\">\n<div class=\"screen-reader-response\"><p role=\"status\" aria-live=\"polite\" aria-atomic=\"true\"><\/p> <ul><\/ul><\/div>\n<form action=\"\/vegatic\/wp-json\/wp\/v2\/pages\/49#wpcf7-f198-o1\" method=\"post\" class=\"wpcf7-form init\" aria-label=\"Formulario de contacto\" novalidate=\"novalidate\" data-status=\"init\">\n<div style=\"display: none;\">\n<input type=\"hidden\" name=\"_wpcf7\" value=\"198\" \/>\n<input type=\"hidden\" name=\"_wpcf7_version\" value=\"5.9.8\" \/>\n<input type=\"hidden\" name=\"_wpcf7_locale\" value=\"es_ES\" \/>\n<input type=\"hidden\" name=\"_wpcf7_unit_tag\" value=\"wpcf7-f198-o1\" \/>\n<input type=\"hidden\" name=\"_wpcf7_container_post\" value=\"0\" \/>\n<input type=\"hidden\" name=\"_wpcf7_posted_data_hash\" value=\"\" \/>\n<\/div>\n<p><label> Nombre (requerido)<br \/>\n<span class=\"wpcf7-form-control-wrap\" data-name=\"your-name\"><input size=\"40\" maxlength=\"400\" class=\"wpcf7-form-control wpcf7-text wpcf7-validates-as-required\" aria-required=\"true\" aria-invalid=\"false\" value=\"\" type=\"text\" name=\"your-name\" \/><\/span> <\/label>\n<\/p>\n<p><label> Tu correo electr\u00f3nico (requerido)<br \/>\n<span class=\"wpcf7-form-control-wrap\" data-name=\"your-email\"><input size=\"40\" maxlength=\"400\" class=\"wpcf7-form-control wpcf7-email wpcf7-validates-as-required wpcf7-text wpcf7-validates-as-email\" aria-required=\"true\" aria-invalid=\"false\" value=\"\" type=\"email\" name=\"your-email\" \/><\/span> <\/label>\n<\/p>\n<p><label> Asunto<br \/>\n<span class=\"wpcf7-form-control-wrap\" data-name=\"your-subject\"><input size=\"40\" maxlength=\"400\" class=\"wpcf7-form-control wpcf7-text\" aria-invalid=\"false\" value=\"\" type=\"text\" name=\"your-subject\" \/><\/span> <\/label>\n<\/p>\n<p><label> Mensaje<br \/>\n<span class=\"wpcf7-form-control-wrap\" data-name=\"your-message\"><textarea cols=\"40\" rows=\"10\" maxlength=\"2000\" class=\"wpcf7-form-control wpcf7-textarea\" aria-invalid=\"false\" name=\"your-message\"><\/textarea><\/span> <\/label>\n<\/p>\n<p><input class=\"wpcf7-form-control wpcf7-submit has-spinner\" type=\"submit\" value=\"Enviar\" \/>\n<\/p><div class=\"wpcf7-response-output\" aria-hidden=\"true\"><\/div>\n<\/form>\n<\/div>\n\n<p style=\"text-align: center\"><strong><span style=\"color: #3366ff;font-size: 18pt\"> O escr\u00edbenos a la siguiente direcci\u00f3n:<\/span><\/strong><\/p>\n<p style=\"text-align: center\"><span style=\"color: #798fd4;font-size: 18pt\">18009407.informatica@g.educaand.es<\/span><\/p>\n<p>&nbsp;<\/p>\n<p style=\"text-align: center\"><strong><span style=\"color: #3366ff;font-size: 18pt\"> Ya sabes d\u00f3nde estamos&#8230;<\/span><\/strong><br \/>\n<iframe loading=\"lazy\" src=\"https:\/\/www.google.com\/maps\/embed?pb=!1m14!1m8!1m3!1d12709.117404953631!2d-3.6905559!3d37.2173429!3m2!1i1024!2i768!4f13.1!3m3!1m2!1s0x0%3A0x4371b72f212ac87b!2sInstituto%20de%20Educaci%C3%B3n%20Secundaria%20Vega%20de%20Atarfe!5e0!3m2!1ses!2ses!4v1612894755411!5m2!1ses!2ses\" width=\"600\" height=\"450\" frameborder=\"0\"><span data-mce-type=\"bookmark\" style=\"text-align: center;width: 0px;overflow: hidden\" class=\"mce_SELRES_start\">\ufeff<\/span><\/iframe><\/p>\n","protected":false},"excerpt":{"rendered":"<p>Componentes: Materiales para el alumnado: Todo el material proporcionado al alumnado est\u00e1 disponible en la plataforma Moodle Centros Granada.&nbsp; &nbsp; Contacta con nosotros: M\u00e1ndanos tus dudas o sugerencias rellenando el cuestionario: O escr\u00edbenos a la siguiente direcci\u00f3n: 18009407.informatica@g.educaand.es &nbsp; Ya sabes d\u00f3nde estamos&#8230; \ufeff<\/p>\n","protected":false},"author":7646,"featured_media":0,"parent":0,"menu_order":0,"comment_status":"closed","ping_status":"closed","template":"","meta":{"ngg_post_thumbnail":0,"footnotes":""},"aioseo_notices":[],"_links":{"self":[{"href":"https:\/\/blogsaverroes.juntadeandalucia.es\/vegatic\/wp-json\/wp\/v2\/pages\/49"}],"collection":[{"href":"https:\/\/blogsaverroes.juntadeandalucia.es\/vegatic\/wp-json\/wp\/v2\/pages"}],"about":[{"href":"https:\/\/blogsaverroes.juntadeandalucia.es\/vegatic\/wp-json\/wp\/v2\/types\/page"}],"author":[{"embeddable":true,"href":"https:\/\/blogsaverroes.juntadeandalucia.es\/vegatic\/wp-json\/wp\/v2\/users\/7646"}],"replies":[{"embeddable":true,"href":"https:\/\/blogsaverroes.juntadeandalucia.es\/vegatic\/wp-json\/wp\/v2\/comments?post=49"}],"version-history":[{"count":42,"href":"https:\/\/blogsaverroes.juntadeandalucia.es\/vegatic\/wp-json\/wp\/v2\/pages\/49\/revisions"}],"predecessor-version":[{"id":1391,"href":"https:\/\/blogsaverroes.juntadeandalucia.es\/vegatic\/wp-json\/wp\/v2\/pages\/49\/revisions\/1391"}],"wp:attachment":[{"href":"https:\/\/blogsaverroes.juntadeandalucia.es\/vegatic\/wp-json\/wp\/v2\/media?parent=49"}],"curies":[{"name":"wp","href":"https:\/\/api.w.org\/{rel}","templated":true}]}}