{"id":142,"date":"2020-10-03T14:12:18","date_gmt":"2020-10-03T14:12:18","guid":{"rendered":"https:\/\/blogsaverroes.juntadeandalucia.es\/verainqueclase\/?page_id=142"},"modified":"2025-12-04T21:17:36","modified_gmt":"2025-12-04T21:17:36","slug":"9-primicia","status":"publish","type":"page","link":"https:\/\/blogsaverroes.juntadeandalucia.es\/verainqueclase\/lengua\/lengua-6o\/9-primicia\/","title":{"rendered":"Lengua 6.9 &#8211; Cuidemos la vida en el planeta"},"content":{"rendered":"<p><img loading=\"lazy\" decoding=\"async\" class=\"wp-image-1760 alignright\" src=\"https:\/\/blogsaverroes.juntadeandalucia.es\/verainqueclase\/files\/2020\/12\/f6123cb1c176f89ec3ba261a604bf7dc2f9ac1b2a9de7ca4c6800d82d83b885b.0-300x300.png\" alt=\"\" width=\"201\" height=\"201\" srcset=\"https:\/\/blogsaverroes.juntadeandalucia.es\/verainqueclase\/files\/2020\/12\/f6123cb1c176f89ec3ba261a604bf7dc2f9ac1b2a9de7ca4c6800d82d83b885b.0-300x300.png 300w, https:\/\/blogsaverroes.juntadeandalucia.es\/verainqueclase\/files\/2020\/12\/f6123cb1c176f89ec3ba261a604bf7dc2f9ac1b2a9de7ca4c6800d82d83b885b.0-150x150.png 150w, https:\/\/blogsaverroes.juntadeandalucia.es\/verainqueclase\/files\/2020\/12\/f6123cb1c176f89ec3ba261a604bf7dc2f9ac1b2a9de7ca4c6800d82d83b885b.0-100x100.png 100w, https:\/\/blogsaverroes.juntadeandalucia.es\/verainqueclase\/files\/2020\/12\/f6123cb1c176f89ec3ba261a604bf7dc2f9ac1b2a9de7ca4c6800d82d83b885b.0-332x332.png 332w, https:\/\/blogsaverroes.juntadeandalucia.es\/verainqueclase\/files\/2020\/12\/f6123cb1c176f89ec3ba261a604bf7dc2f9ac1b2a9de7ca4c6800d82d83b885b.0-268x268.png 268w, https:\/\/blogsaverroes.juntadeandalucia.es\/verainqueclase\/files\/2020\/12\/f6123cb1c176f89ec3ba261a604bf7dc2f9ac1b2a9de7ca4c6800d82d83b885b.0-24x24.png 24w, https:\/\/blogsaverroes.juntadeandalucia.es\/verainqueclase\/files\/2020\/12\/f6123cb1c176f89ec3ba261a604bf7dc2f9ac1b2a9de7ca4c6800d82d83b885b.0-36x36.png 36w, https:\/\/blogsaverroes.juntadeandalucia.es\/verainqueclase\/files\/2020\/12\/f6123cb1c176f89ec3ba261a604bf7dc2f9ac1b2a9de7ca4c6800d82d83b885b.0-48x48.png 48w, https:\/\/blogsaverroes.juntadeandalucia.es\/verainqueclase\/files\/2020\/12\/f6123cb1c176f89ec3ba261a604bf7dc2f9ac1b2a9de7ca4c6800d82d83b885b.0.png 398w\" sizes=\"(max-width: 201px) 100vw, 201px\" \/>En esta unidad aprenderemos que es un texto prescriptivo (normativos e instructivos) y escribiremos uno de ellos.<\/p>\n<p>Recordaremos qu\u00e9 eran las palabras tab\u00fa y los eufemismos.<\/p>\n<p>Realizaremos una exposici\u00f3n oral.<\/p>\n<p>Empezaremos a estudiar los verbos.<\/p>\n<p>En Ortograf\u00eda vamos a ver las palabras con b\/v y las palabras con y\/ll.<\/p>\n<h4><strong>LOS TEXTOS PRESCRIPTIVOS<\/strong><\/h4>\n<p><a href=\"https:\/\/view.genially.com\/6909162dc7417e060dc7a1df\/horizontal-infographic-lists-69-los-textos-prescriptivos\"><img loading=\"lazy\" decoding=\"async\" class=\"alignnone wp-image-5493\" src=\"https:\/\/blogsaverroes.juntadeandalucia.es\/verainqueclase\/files\/2025\/03\/genially-textos-prescriptivos-300x168.jpg\" alt=\"\" width=\"1027\" height=\"575\" srcset=\"https:\/\/blogsaverroes.juntadeandalucia.es\/verainqueclase\/files\/2025\/03\/genially-textos-prescriptivos-300x168.jpg 300w, https:\/\/blogsaverroes.juntadeandalucia.es\/verainqueclase\/files\/2025\/03\/genially-textos-prescriptivos-1024x574.jpg 1024w, https:\/\/blogsaverroes.juntadeandalucia.es\/verainqueclase\/files\/2025\/03\/genially-textos-prescriptivos-768x431.jpg 768w, https:\/\/blogsaverroes.juntadeandalucia.es\/verainqueclase\/files\/2025\/03\/genially-textos-prescriptivos-1536x861.jpg 1536w, https:\/\/blogsaverroes.juntadeandalucia.es\/verainqueclase\/files\/2025\/03\/genially-textos-prescriptivos-700x393.jpg 700w, https:\/\/blogsaverroes.juntadeandalucia.es\/verainqueclase\/files\/2025\/03\/genially-textos-prescriptivos-332x186.jpg 332w, https:\/\/blogsaverroes.juntadeandalucia.es\/verainqueclase\/files\/2025\/03\/genially-textos-prescriptivos.jpg 1555w\" sizes=\"(max-width: 1027px) 100vw, 1027px\" \/><\/a><\/p>\n<table style=\"border-collapse: collapse;width: 100%\">\n<tbody>\n<tr>\n<td style=\"width: 33.3333%\">&nbsp;<\/td>\n<td style=\"width: 33.3333%\">&nbsp;<\/td>\n<td style=\"width: 33.3333%\">&nbsp;<\/td>\n<\/tr>\n<\/tbody>\n<\/table>\n<h4><strong>PALABRAS TAB\u00da Y EUFEMISMOS<\/strong><\/h4>\n<p><a href=\"https:\/\/view.genially.com\/690916b5aaf9ebc9c80b5510\/horizontal-infographic-lists-58-eufemismos-palabras-tabu\"><img loading=\"lazy\" decoding=\"async\" class=\"\" src=\"https:\/\/blogsaverroes.juntadeandalucia.es\/verainqueclase\/files\/2024\/03\/genially-palabras-tab%C3%BA-300x183.jpg\" width=\"925\" height=\"564\"><\/a><\/p>\n<table style=\"border-collapse: collapse;width: 100%\">\n<tbody>\n<tr>\n<td style=\"width: 33.3333%\"><a href=\"https:\/\/www.mundoprimaria.com\/juegos-educativos\/lengua-voc-6-2?path=juegos-premium\/8862\"><img decoding=\"async\" src=\"https:\/\/blogsaverroes.juntadeandalucia.es\/verainqueclase\/files\/2025\/08\/juego-eufemismos-300x178.jpg\"><\/a><\/td>\n<td style=\"width: 33.3333%\"><a href=\"https:\/\/wordwall.net\/es\/resource\/6982734\/palabras-tab%C3%BA-y-eufemismos\"><img decoding=\"async\" src=\"https:\/\/blogsaverroes.juntadeandalucia.es\/verainqueclase\/files\/2025\/08\/juego-eufemismos-2-300x178.jpg\"><\/a><\/td>\n<td style=\"width: 33.3333%\"><a href=\"https:\/\/wordwall.net\/es\/resource\/2807723\/eufemismos-y-palabras-tab%C3%BA\"><img decoding=\"async\" src=\"https:\/\/blogsaverroes.juntadeandalucia.es\/verainqueclase\/files\/2025\/08\/juego-eufemismos-3-300x178.jpg\"><\/a><\/td>\n<\/tr>\n<tr>\n<td style=\"width: 33.3333%\"><a href=\"https:\/\/wordwall.net\/es\/resource\/56988913\/tab%C3%BA-vs-eufemismos\"><img decoding=\"async\" src=\"https:\/\/blogsaverroes.juntadeandalucia.es\/verainqueclase\/files\/2025\/08\/juego-eufemismos-4-300x178.jpg\"><\/a><\/td>\n<td style=\"width: 33.3333%\"><a href=\"https:\/\/wordwall.net\/es\/resource\/16104024\/palabras-tab%C3%BA-y-sus-eufemismos\"><img decoding=\"async\" src=\"https:\/\/blogsaverroes.juntadeandalucia.es\/verainqueclase\/files\/2025\/08\/juego-eufemismos-5-300x178.jpg\"><\/a><\/td>\n<td style=\"width: 33.3333%\">&nbsp;<\/td>\n<\/tr>\n<\/tbody>\n<\/table>\n<h4><strong>LA EXPOSICI\u00d3N ORAL<\/strong><\/h4>\n<p><a href=\"https:\/\/view.genially.com\/68ffb89813b1185a7dc2767e\/interactive-content-4o-la-exposicion\"><img loading=\"lazy\" decoding=\"async\" class=\"\" src=\"https:\/\/blogsaverroes.juntadeandalucia.es\/verainqueclase\/files\/2022\/07\/genially-la-exposici%C3%B3n-300x168.jpg\" width=\"916\" height=\"513\"><\/a><\/p>\n<table style=\"border-collapse: collapse;width: 100%\">\n<tbody>\n<tr>\n<td style=\"width: 33.3333%\">&nbsp;<\/td>\n<td style=\"width: 33.3333%\">&nbsp;<\/td>\n<td style=\"width: 33.3333%\">&nbsp;<\/td>\n<\/tr>\n<\/tbody>\n<\/table>\n<h4><strong>LOS TEXTOS INSTRUCTIVOS<\/strong><\/h4>\n<p><a href=\"https:\/\/view.genially.com\/69013207eae0a7b6d66251c1\/vertical-infographic-timeline-textos-instructivos\"><img loading=\"lazy\" decoding=\"async\" class=\"\" src=\"https:\/\/blogsaverroes.juntadeandalucia.es\/verainqueclase\/files\/2020\/10\/textos-instructivos-300x275.jpg\" width=\"839\" height=\"772\"><\/a><\/p>\n<table style=\"border-collapse: collapse;width: 100%\">\n<tbody>\n<tr>\n<td style=\"width: 33.3333%\">&nbsp;<\/td>\n<td style=\"width: 33.3333%\">&nbsp;<\/td>\n<td style=\"width: 33.3333%\">&nbsp;<\/td>\n<\/tr>\n<\/tbody>\n<\/table>\n<h4><strong>EL VERBO<\/strong><\/h4>\n<p><a href=\"https:\/\/view.genially.com\/69091871c7417e060dc8a8a8\/horizontal-infographic-review-58-los-verbos\"><img loading=\"lazy\" decoding=\"async\" class=\"\" src=\"https:\/\/blogsaverroes.juntadeandalucia.es\/verainqueclase\/files\/2024\/03\/genially-verbos-300x183.jpg\" width=\"970\" height=\"592\"><\/a><\/p>\n<table style=\"border-collapse: collapse;width: 100%\">\n<tbody>\n<tr>\n<td style=\"width: 33.3333%\"><a href=\"https:\/\/www.mundoprimaria.com\/juegos-educativos\/juegos-lenguaje\/juego-verbos-en-infinitivo-102\"><img loading=\"lazy\" decoding=\"async\" class=\"alignnone size-medium wp-image-5501\" src=\"https:\/\/blogsaverroes.juntadeandalucia.es\/verainqueclase\/files\/2025\/03\/juego-verbos-conjugaciones-300x191.jpg\" alt=\"\" width=\"300\" height=\"191\" srcset=\"https:\/\/blogsaverroes.juntadeandalucia.es\/verainqueclase\/files\/2025\/03\/juego-verbos-conjugaciones-300x191.jpg 300w, https:\/\/blogsaverroes.juntadeandalucia.es\/verainqueclase\/files\/2025\/03\/juego-verbos-conjugaciones-1024x651.jpg 1024w, https:\/\/blogsaverroes.juntadeandalucia.es\/verainqueclase\/files\/2025\/03\/juego-verbos-conjugaciones-768x488.jpg 768w, https:\/\/blogsaverroes.juntadeandalucia.es\/verainqueclase\/files\/2025\/03\/juego-verbos-conjugaciones-700x445.jpg 700w, https:\/\/blogsaverroes.juntadeandalucia.es\/verainqueclase\/files\/2025\/03\/juego-verbos-conjugaciones-332x211.jpg 332w, https:\/\/blogsaverroes.juntadeandalucia.es\/verainqueclase\/files\/2025\/03\/juego-verbos-conjugaciones.jpg 1381w\" sizes=\"(max-width: 300px) 100vw, 300px\" \/><\/a><\/td>\n<td style=\"width: 33.3333%\"><a href=\"https:\/\/www.mundoprimaria.com\/juegos-educativos\/juegos-lenguaje\/juego-formas-verbales\"><img loading=\"lazy\" decoding=\"async\" class=\"alignnone size-medium wp-image-5502\" src=\"https:\/\/blogsaverroes.juntadeandalucia.es\/verainqueclase\/files\/2025\/03\/juego-verbos-modo-300x191.jpg\" alt=\"\" width=\"300\" height=\"191\" srcset=\"https:\/\/blogsaverroes.juntadeandalucia.es\/verainqueclase\/files\/2025\/03\/juego-verbos-modo-300x191.jpg 300w, https:\/\/blogsaverroes.juntadeandalucia.es\/verainqueclase\/files\/2025\/03\/juego-verbos-modo-1024x651.jpg 1024w, https:\/\/blogsaverroes.juntadeandalucia.es\/verainqueclase\/files\/2025\/03\/juego-verbos-modo-768x488.jpg 768w, https:\/\/blogsaverroes.juntadeandalucia.es\/verainqueclase\/files\/2025\/03\/juego-verbos-modo-700x445.jpg 700w, https:\/\/blogsaverroes.juntadeandalucia.es\/verainqueclase\/files\/2025\/03\/juego-verbos-modo-332x211.jpg 332w, https:\/\/blogsaverroes.juntadeandalucia.es\/verainqueclase\/files\/2025\/03\/juego-verbos-modo.jpg 1381w\" sizes=\"(max-width: 300px) 100vw, 300px\" \/><\/a><\/td>\n<td style=\"width: 33.3333%\"><a href=\"https:\/\/view.genial.ly\/5eb9a6283b952f0d022f1edd\/interactive-content-verbos\"><img loading=\"lazy\" decoding=\"async\" class=\"alignnone size-medium wp-image-1890\" src=\"https:\/\/blogsaverroes.juntadeandalucia.es\/verainqueclase\/files\/2021\/02\/juego-gemas-verbos-300x168.jpg\" alt=\"\" width=\"300\" height=\"168\" srcset=\"https:\/\/blogsaverroes.juntadeandalucia.es\/verainqueclase\/files\/2021\/02\/juego-gemas-verbos-300x168.jpg 300w, https:\/\/blogsaverroes.juntadeandalucia.es\/verainqueclase\/files\/2021\/02\/juego-gemas-verbos-1024x572.jpg 1024w, https:\/\/blogsaverroes.juntadeandalucia.es\/verainqueclase\/files\/2021\/02\/juego-gemas-verbos-768x429.jpg 768w, https:\/\/blogsaverroes.juntadeandalucia.es\/verainqueclase\/files\/2021\/02\/juego-gemas-verbos-700x393.jpg 700w, https:\/\/blogsaverroes.juntadeandalucia.es\/verainqueclase\/files\/2021\/02\/juego-gemas-verbos-332x185.jpg 332w, https:\/\/blogsaverroes.juntadeandalucia.es\/verainqueclase\/files\/2021\/02\/juego-gemas-verbos.jpg 1534w\" sizes=\"(max-width: 300px) 100vw, 300px\" \/><\/a><\/td>\n<\/tr>\n<tr>\n<td style=\"width: 33.3333%\"><a href=\"https:\/\/www.mundoprimaria.com\/juegos-educativos\/juegos-lenguaje\/juego-analisis-morfologico\"><img loading=\"lazy\" decoding=\"async\" class=\"alignnone size-medium wp-image-5500\" src=\"https:\/\/blogsaverroes.juntadeandalucia.es\/verainqueclase\/files\/2025\/03\/juego-verbos-tiempos-300x191.jpg\" alt=\"\" width=\"300\" height=\"191\" srcset=\"https:\/\/blogsaverroes.juntadeandalucia.es\/verainqueclase\/files\/2025\/03\/juego-verbos-tiempos-300x191.jpg 300w, https:\/\/blogsaverroes.juntadeandalucia.es\/verainqueclase\/files\/2025\/03\/juego-verbos-tiempos-1024x651.jpg 1024w, https:\/\/blogsaverroes.juntadeandalucia.es\/verainqueclase\/files\/2025\/03\/juego-verbos-tiempos-768x488.jpg 768w, https:\/\/blogsaverroes.juntadeandalucia.es\/verainqueclase\/files\/2025\/03\/juego-verbos-tiempos-700x445.jpg 700w, https:\/\/blogsaverroes.juntadeandalucia.es\/verainqueclase\/files\/2025\/03\/juego-verbos-tiempos-332x211.jpg 332w, https:\/\/blogsaverroes.juntadeandalucia.es\/verainqueclase\/files\/2025\/03\/juego-verbos-tiempos.jpg 1381w\" sizes=\"(max-width: 300px) 100vw, 300px\" \/><\/a><\/td>\n<td style=\"width: 33.3333%\"><a href=\"https:\/\/view.genial.ly\/6016dad8b85c620d0a91f80d\/interactive-content-con-jugamos-con-los-verbos\"><img loading=\"lazy\" decoding=\"async\" class=\"alignnone size-medium wp-image-1889\" src=\"https:\/\/blogsaverroes.juntadeandalucia.es\/verainqueclase\/files\/2021\/02\/juego-conjugamos-verbos-300x168.jpg\" alt=\"\" width=\"300\" height=\"168\" srcset=\"https:\/\/blogsaverroes.juntadeandalucia.es\/verainqueclase\/files\/2021\/02\/juego-conjugamos-verbos-300x168.jpg 300w, https:\/\/blogsaverroes.juntadeandalucia.es\/verainqueclase\/files\/2021\/02\/juego-conjugamos-verbos-1024x572.jpg 1024w, https:\/\/blogsaverroes.juntadeandalucia.es\/verainqueclase\/files\/2021\/02\/juego-conjugamos-verbos-768x429.jpg 768w, https:\/\/blogsaverroes.juntadeandalucia.es\/verainqueclase\/files\/2021\/02\/juego-conjugamos-verbos-700x393.jpg 700w, https:\/\/blogsaverroes.juntadeandalucia.es\/verainqueclase\/files\/2021\/02\/juego-conjugamos-verbos-332x185.jpg 332w, https:\/\/blogsaverroes.juntadeandalucia.es\/verainqueclase\/files\/2021\/02\/juego-conjugamos-verbos.jpg 1534w\" sizes=\"(max-width: 300px) 100vw, 300px\" \/><\/a><\/td>\n<td style=\"width: 33.3333%\"><a href=\"https:\/\/view.genially.com\/5c6ada7f5d0e4e575e0accde\"><img loading=\"lazy\" decoding=\"async\" class=\"alignnone size-medium wp-image-1349\" src=\"https:\/\/blogsaverroes.juntadeandalucia.es\/verainqueclase\/files\/2020\/11\/juego-verbos-6-300x165.jpg\" alt=\"\" width=\"300\" height=\"165\" srcset=\"https:\/\/blogsaverroes.juntadeandalucia.es\/verainqueclase\/files\/2020\/11\/juego-verbos-6-300x165.jpg 300w, https:\/\/blogsaverroes.juntadeandalucia.es\/verainqueclase\/files\/2020\/11\/juego-verbos-6-1024x563.jpg 1024w, https:\/\/blogsaverroes.juntadeandalucia.es\/verainqueclase\/files\/2020\/11\/juego-verbos-6-768x423.jpg 768w, https:\/\/blogsaverroes.juntadeandalucia.es\/verainqueclase\/files\/2020\/11\/juego-verbos-6-700x385.jpg 700w, https:\/\/blogsaverroes.juntadeandalucia.es\/verainqueclase\/files\/2020\/11\/juego-verbos-6-332x183.jpg 332w, https:\/\/blogsaverroes.juntadeandalucia.es\/verainqueclase\/files\/2020\/11\/juego-verbos-6-24x13.jpg 24w, https:\/\/blogsaverroes.juntadeandalucia.es\/verainqueclase\/files\/2020\/11\/juego-verbos-6-36x20.jpg 36w, https:\/\/blogsaverroes.juntadeandalucia.es\/verainqueclase\/files\/2020\/11\/juego-verbos-6-48x26.jpg 48w, https:\/\/blogsaverroes.juntadeandalucia.es\/verainqueclase\/files\/2020\/11\/juego-verbos-6.jpg 1436w\" sizes=\"(max-width: 300px) 100vw, 300px\" \/><\/a><\/td>\n<\/tr>\n<tr>\n<td style=\"width: 33.3333%\"><a href=\"https:\/\/view.genially.com\/6072ec7eaa41800d2f2a44ae\/interactive-content-verbos-indicativo-y-subjuntivo\"><img loading=\"lazy\" decoding=\"async\" class=\"alignnone size-medium wp-image-5504\" src=\"https:\/\/blogsaverroes.juntadeandalucia.es\/verainqueclase\/files\/2025\/03\/juego-verbos-300x191.jpg\" alt=\"\" width=\"300\" height=\"191\" srcset=\"https:\/\/blogsaverroes.juntadeandalucia.es\/verainqueclase\/files\/2025\/03\/juego-verbos-300x191.jpg 300w, https:\/\/blogsaverroes.juntadeandalucia.es\/verainqueclase\/files\/2025\/03\/juego-verbos-1024x651.jpg 1024w, https:\/\/blogsaverroes.juntadeandalucia.es\/verainqueclase\/files\/2025\/03\/juego-verbos-768x488.jpg 768w, https:\/\/blogsaverroes.juntadeandalucia.es\/verainqueclase\/files\/2025\/03\/juego-verbos-700x445.jpg 700w, https:\/\/blogsaverroes.juntadeandalucia.es\/verainqueclase\/files\/2025\/03\/juego-verbos-332x211.jpg 332w, https:\/\/blogsaverroes.juntadeandalucia.es\/verainqueclase\/files\/2025\/03\/juego-verbos.jpg 1381w\" sizes=\"(max-width: 300px) 100vw, 300px\" \/><\/a><\/td>\n<td style=\"width: 33.3333%\"><a href=\"https:\/\/wordwall.net\/es\/resource\/7698778\/verbos\"><img decoding=\"async\" src=\"https:\/\/blogsaverroes.juntadeandalucia.es\/verainqueclase\/files\/2021\/09\/juego-br-4-300x167.jpg\"><\/a><\/td>\n<td style=\"width: 33.3333%\">&nbsp;<\/td>\n<\/tr>\n<tr>\n<td style=\"width: 33.3333%\">&nbsp;<\/td>\n<td style=\"width: 33.3333%\">&nbsp;<\/td>\n<td style=\"width: 33.3333%\">&nbsp;<\/td>\n<\/tr>\n<\/tbody>\n<\/table>\n<h4><strong>PALABRAS CON B y V<\/strong><\/h4>\n<p><a href=\"https:\/\/view.genially.com\/6901367dc1adf66159c77bf9\/horizontal-infographic-lists-48-b-y-v\"><img loading=\"lazy\" decoding=\"async\" class=\"\" src=\"https:\/\/blogsaverroes.juntadeandalucia.es\/verainqueclase\/files\/2022\/09\/genially-b-y-v-300x180.jpg\" width=\"1148\" height=\"689\"><\/a><\/p>\n<table style=\"border-collapse: collapse;width: 100%\">\n<tbody>\n<tr>\n<td style=\"width: 33.3333%\"><a href=\"https:\/\/view.genially.com\/5c02ac2419e0bd2c9d32716a\/interactive-content-2x02-viaje-a-babaria\"><img decoding=\"async\" src=\"https:\/\/blogsaverroes.juntadeandalucia.es\/verainqueclase\/files\/2020\/12\/juego-sherlock-b-v-300x167.jpg\"><\/a><\/td>\n<td style=\"width: 33.3333%\"><a href=\"https:\/\/view.genially.com\/5e4f9fa6daf68f65087dd34b\/interactive-content-2x01-el-caso-del-valle-del-pueblo-nevado\"><img decoding=\"async\" src=\"https:\/\/blogsaverroes.juntadeandalucia.es\/verainqueclase\/files\/2020\/12\/sherlock-pueblo-nevado-300x166.jpg\"><\/a><\/td>\n<td style=\"width: 33.3333%\"><a href=\"https:\/\/www.mundoprimaria.com\/juegos-educativos\/juegos-lenguaje\/juego-b-v\"><img loading=\"lazy\" decoding=\"async\" class=\"alignnone size-medium wp-image-5506\" src=\"https:\/\/blogsaverroes.juntadeandalucia.es\/verainqueclase\/files\/2025\/03\/juego-b-y-v-300x191.jpg\" alt=\"\" width=\"300\" height=\"191\" srcset=\"https:\/\/blogsaverroes.juntadeandalucia.es\/verainqueclase\/files\/2025\/03\/juego-b-y-v-300x191.jpg 300w, https:\/\/blogsaverroes.juntadeandalucia.es\/verainqueclase\/files\/2025\/03\/juego-b-y-v-1024x651.jpg 1024w, https:\/\/blogsaverroes.juntadeandalucia.es\/verainqueclase\/files\/2025\/03\/juego-b-y-v-768x488.jpg 768w, https:\/\/blogsaverroes.juntadeandalucia.es\/verainqueclase\/files\/2025\/03\/juego-b-y-v-700x445.jpg 700w, https:\/\/blogsaverroes.juntadeandalucia.es\/verainqueclase\/files\/2025\/03\/juego-b-y-v-332x211.jpg 332w, https:\/\/blogsaverroes.juntadeandalucia.es\/verainqueclase\/files\/2025\/03\/juego-b-y-v.jpg 1381w\" sizes=\"(max-width: 300px) 100vw, 300px\" \/><\/a><\/td>\n<\/tr>\n<tr>\n<td style=\"width: 33.3333%\"><a href=\"https:\/\/www.mundoprimaria.com\/juegos-educativos\/juegos-lenguaje\/juego-palabras-homofonas-b-v\"><img loading=\"lazy\" decoding=\"async\" class=\"alignnone size-medium wp-image-5507\" src=\"https:\/\/blogsaverroes.juntadeandalucia.es\/verainqueclase\/files\/2025\/03\/juego-b-y-v-2-300x191.jpg\" alt=\"\" width=\"300\" height=\"191\" srcset=\"https:\/\/blogsaverroes.juntadeandalucia.es\/verainqueclase\/files\/2025\/03\/juego-b-y-v-2-300x191.jpg 300w, https:\/\/blogsaverroes.juntadeandalucia.es\/verainqueclase\/files\/2025\/03\/juego-b-y-v-2-1024x651.jpg 1024w, https:\/\/blogsaverroes.juntadeandalucia.es\/verainqueclase\/files\/2025\/03\/juego-b-y-v-2-768x488.jpg 768w, https:\/\/blogsaverroes.juntadeandalucia.es\/verainqueclase\/files\/2025\/03\/juego-b-y-v-2-700x445.jpg 700w, https:\/\/blogsaverroes.juntadeandalucia.es\/verainqueclase\/files\/2025\/03\/juego-b-y-v-2-332x211.jpg 332w, https:\/\/blogsaverroes.juntadeandalucia.es\/verainqueclase\/files\/2025\/03\/juego-b-y-v-2.jpg 1381w\" sizes=\"(max-width: 300px) 100vw, 300px\" \/><\/a><\/td>\n<td style=\"width: 33.3333%\">&nbsp;<\/td>\n<td style=\"width: 33.3333%\">&nbsp;<\/td>\n<\/tr>\n<\/tbody>\n<\/table>\n<h4><strong>PALABRAS CON LL y Y<\/strong><\/h4>\n<h4><a href=\"https:\/\/view.genially.com\/6931f96012608f779e6ee2e4\"><img loading=\"lazy\" decoding=\"async\" class=\"\" src=\"https:\/\/blogsaverroes.juntadeandalucia.es\/verainqueclase\/files\/2023\/05\/genially-ll-e-y-300x196.jpg\" width=\"1022\" height=\"668\"><\/a><\/h4>\n<p>&nbsp;<\/p>\n<table style=\"border-collapse: collapse;width: 100%\">\n<tbody>\n<tr>\n<td style=\"width: 33.3333%\"><a href=\"https:\/\/www.mundoprimaria.com\/juegos-educativos\/juegos-lenguaje\/juego-ll-y\"><img loading=\"lazy\" decoding=\"async\" class=\"alignnone size-medium wp-image-1810\" src=\"https:\/\/blogsaverroes.juntadeandalucia.es\/verainqueclase\/files\/2020\/12\/mundo-hom\u00f3fonas-ll-y-300x162.jpg\" alt=\"\" width=\"300\" height=\"162\" srcset=\"https:\/\/blogsaverroes.juntadeandalucia.es\/verainqueclase\/files\/2020\/12\/mundo-hom\u00f3fonas-ll-y-300x162.jpg 300w, https:\/\/blogsaverroes.juntadeandalucia.es\/verainqueclase\/files\/2020\/12\/mundo-hom\u00f3fonas-ll-y-1024x554.jpg 1024w, https:\/\/blogsaverroes.juntadeandalucia.es\/verainqueclase\/files\/2020\/12\/mundo-hom\u00f3fonas-ll-y-768x416.jpg 768w, https:\/\/blogsaverroes.juntadeandalucia.es\/verainqueclase\/files\/2020\/12\/mundo-hom\u00f3fonas-ll-y-1536x831.jpg 1536w, https:\/\/blogsaverroes.juntadeandalucia.es\/verainqueclase\/files\/2020\/12\/mundo-hom\u00f3fonas-ll-y-700x379.jpg 700w, https:\/\/blogsaverroes.juntadeandalucia.es\/verainqueclase\/files\/2020\/12\/mundo-hom\u00f3fonas-ll-y-332x180.jpg 332w, https:\/\/blogsaverroes.juntadeandalucia.es\/verainqueclase\/files\/2020\/12\/mundo-hom\u00f3fonas-ll-y-24x13.jpg 24w, https:\/\/blogsaverroes.juntadeandalucia.es\/verainqueclase\/files\/2020\/12\/mundo-hom\u00f3fonas-ll-y-36x19.jpg 36w, https:\/\/blogsaverroes.juntadeandalucia.es\/verainqueclase\/files\/2020\/12\/mundo-hom\u00f3fonas-ll-y-48x26.jpg 48w, https:\/\/blogsaverroes.juntadeandalucia.es\/verainqueclase\/files\/2020\/12\/mundo-hom\u00f3fonas-ll-y.jpg 1561w\" sizes=\"(max-width: 300px) 100vw, 300px\" \/><\/a><\/td>\n<td style=\"width: 33.3333%\"><a href=\"https:\/\/view.genial.ly\/5f6486a03c6c490cee94e947\/game-breakout-2x05-el-caso-de-la-estrella-rayada\"><img loading=\"lazy\" decoding=\"async\" class=\"alignnone size-medium wp-image-1796\" src=\"https:\/\/blogsaverroes.juntadeandalucia.es\/verainqueclase\/files\/2020\/12\/las-aventuras-de-sherlock-ort-estrella-rayada-300x166.jpg\" alt=\"\" width=\"300\" height=\"166\" srcset=\"https:\/\/blogsaverroes.juntadeandalucia.es\/verainqueclase\/files\/2020\/12\/las-aventuras-de-sherlock-ort-estrella-rayada-300x166.jpg 300w, https:\/\/blogsaverroes.juntadeandalucia.es\/verainqueclase\/files\/2020\/12\/las-aventuras-de-sherlock-ort-estrella-rayada-1024x567.jpg 1024w, https:\/\/blogsaverroes.juntadeandalucia.es\/verainqueclase\/files\/2020\/12\/las-aventuras-de-sherlock-ort-estrella-rayada-768x425.jpg 768w, https:\/\/blogsaverroes.juntadeandalucia.es\/verainqueclase\/files\/2020\/12\/las-aventuras-de-sherlock-ort-estrella-rayada-1536x850.jpg 1536w, https:\/\/blogsaverroes.juntadeandalucia.es\/verainqueclase\/files\/2020\/12\/las-aventuras-de-sherlock-ort-estrella-rayada-700x387.jpg 700w, https:\/\/blogsaverroes.juntadeandalucia.es\/verainqueclase\/files\/2020\/12\/las-aventuras-de-sherlock-ort-estrella-rayada-332x184.jpg 332w, https:\/\/blogsaverroes.juntadeandalucia.es\/verainqueclase\/files\/2020\/12\/las-aventuras-de-sherlock-ort-estrella-rayada-24x13.jpg 24w, https:\/\/blogsaverroes.juntadeandalucia.es\/verainqueclase\/files\/2020\/12\/las-aventuras-de-sherlock-ort-estrella-rayada-36x20.jpg 36w, https:\/\/blogsaverroes.juntadeandalucia.es\/verainqueclase\/files\/2020\/12\/las-aventuras-de-sherlock-ort-estrella-rayada-48x27.jpg 48w, https:\/\/blogsaverroes.juntadeandalucia.es\/verainqueclase\/files\/2020\/12\/las-aventuras-de-sherlock-ort-estrella-rayada.jpg 1693w\" sizes=\"(max-width: 300px) 100vw, 300px\" \/><\/a><\/td>\n<td style=\"width: 33.3333%\"><a href=\"https:\/\/view.genial.ly\/5c0578c824141f79e4b91873\/interactive-content-2x06-proyecto-gatillo\"><img loading=\"lazy\" decoding=\"async\" class=\"alignnone size-medium wp-image-1806\" src=\"https:\/\/blogsaverroes.juntadeandalucia.es\/verainqueclase\/files\/2020\/12\/sherlock-gatillo-300x166.jpg\" alt=\"\" width=\"300\" height=\"166\" srcset=\"https:\/\/blogsaverroes.juntadeandalucia.es\/verainqueclase\/files\/2020\/12\/sherlock-gatillo-300x166.jpg 300w, https:\/\/blogsaverroes.juntadeandalucia.es\/verainqueclase\/files\/2020\/12\/sherlock-gatillo-1024x567.jpg 1024w, https:\/\/blogsaverroes.juntadeandalucia.es\/verainqueclase\/files\/2020\/12\/sherlock-gatillo-768x425.jpg 768w, https:\/\/blogsaverroes.juntadeandalucia.es\/verainqueclase\/files\/2020\/12\/sherlock-gatillo-1536x850.jpg 1536w, https:\/\/blogsaverroes.juntadeandalucia.es\/verainqueclase\/files\/2020\/12\/sherlock-gatillo-700x387.jpg 700w, https:\/\/blogsaverroes.juntadeandalucia.es\/verainqueclase\/files\/2020\/12\/sherlock-gatillo-332x184.jpg 332w, https:\/\/blogsaverroes.juntadeandalucia.es\/verainqueclase\/files\/2020\/12\/sherlock-gatillo-24x13.jpg 24w, https:\/\/blogsaverroes.juntadeandalucia.es\/verainqueclase\/files\/2020\/12\/sherlock-gatillo-36x20.jpg 36w, https:\/\/blogsaverroes.juntadeandalucia.es\/verainqueclase\/files\/2020\/12\/sherlock-gatillo-48x27.jpg 48w, https:\/\/blogsaverroes.juntadeandalucia.es\/verainqueclase\/files\/2020\/12\/sherlock-gatillo.jpg 1693w\" sizes=\"(max-width: 300px) 100vw, 300px\" \/><\/a><\/td>\n<\/tr>\n<tr>\n<td style=\"width: 33.3333%\">&nbsp;<\/td>\n<td style=\"width: 33.3333%\">&nbsp;<\/td>\n<td style=\"width: 33.3333%\">&nbsp;<\/td>\n<\/tr>\n<tr>\n<td style=\"width: 33.3333%\">&nbsp;<\/td>\n<td style=\"width: 33.3333%\">&nbsp;<\/td>\n<td style=\"width: 33.3333%\">&nbsp;<\/td>\n<\/tr>\n<\/tbody>\n<\/table>\n<p>&nbsp;<\/p>\n","protected":false},"excerpt":{"rendered":"<p>En esta unidad aprenderemos que es un texto prescriptivo (normativos e instructivos) y escribiremos uno de ellos. Recordaremos qu\u00e9 eran las palabras tab\u00fa y los eufemismos. Realizaremos una exposici\u00f3n oral. Empezaremos a estudiar los&#46;&#46;&#46;<\/p>\n","protected":false},"author":10823,"featured_media":0,"parent":93,"menu_order":9,"comment_status":"closed","ping_status":"closed","template":"","meta":{"ngg_post_thumbnail":0,"footnotes":""},"aioseo_notices":[],"_links":{"self":[{"href":"https:\/\/blogsaverroes.juntadeandalucia.es\/verainqueclase\/wp-json\/wp\/v2\/pages\/142"}],"collection":[{"href":"https:\/\/blogsaverroes.juntadeandalucia.es\/verainqueclase\/wp-json\/wp\/v2\/pages"}],"about":[{"href":"https:\/\/blogsaverroes.juntadeandalucia.es\/verainqueclase\/wp-json\/wp\/v2\/types\/page"}],"author":[{"embeddable":true,"href":"https:\/\/blogsaverroes.juntadeandalucia.es\/verainqueclase\/wp-json\/wp\/v2\/users\/10823"}],"replies":[{"embeddable":true,"href":"https:\/\/blogsaverroes.juntadeandalucia.es\/verainqueclase\/wp-json\/wp\/v2\/comments?post=142"}],"version-history":[{"count":43,"href":"https:\/\/blogsaverroes.juntadeandalucia.es\/verainqueclase\/wp-json\/wp\/v2\/pages\/142\/revisions"}],"predecessor-version":[{"id":6889,"href":"https:\/\/blogsaverroes.juntadeandalucia.es\/verainqueclase\/wp-json\/wp\/v2\/pages\/142\/revisions\/6889"}],"up":[{"embeddable":true,"href":"https:\/\/blogsaverroes.juntadeandalucia.es\/verainqueclase\/wp-json\/wp\/v2\/pages\/93"}],"wp:attachment":[{"href":"https:\/\/blogsaverroes.juntadeandalucia.es\/verainqueclase\/wp-json\/wp\/v2\/media?parent=142"}],"curies":[{"name":"wp","href":"https:\/\/api.w.org\/{rel}","templated":true}]}}