{"id":185,"date":"2020-10-03T14:59:52","date_gmt":"2020-10-03T14:59:52","guid":{"rendered":"https:\/\/blogsaverroes.juntadeandalucia.es\/verainqueclase\/?page_id=185"},"modified":"2025-03-06T14:10:33","modified_gmt":"2025-03-06T14:10:33","slug":"8-sistema-sexagesimal","status":"publish","type":"page","link":"https:\/\/blogsaverroes.juntadeandalucia.es\/verainqueclase\/matematicas\/matematicas-6o\/8-sistema-sexagesimal\/","title":{"rendered":"Matem\u00e1ticas 6.8 &#8211; Dibujar para cuidar"},"content":{"rendered":"<p><img loading=\"lazy\" decoding=\"async\" class=\"wp-image-1539 alignright\" src=\"https:\/\/blogsaverroes.juntadeandalucia.es\/verainqueclase\/files\/2020\/12\/descarga-3-300x300.png\" alt=\"\" width=\"185\" height=\"184\" srcset=\"https:\/\/blogsaverroes.juntadeandalucia.es\/verainqueclase\/files\/2020\/12\/descarga-3-300x300.png 300w, https:\/\/blogsaverroes.juntadeandalucia.es\/verainqueclase\/files\/2020\/12\/descarga-3-150x150.png 150w, https:\/\/blogsaverroes.juntadeandalucia.es\/verainqueclase\/files\/2020\/12\/descarga-3-100x100.png 100w, https:\/\/blogsaverroes.juntadeandalucia.es\/verainqueclase\/files\/2020\/12\/descarga-3.png 400w, https:\/\/blogsaverroes.juntadeandalucia.es\/verainqueclase\/files\/2020\/12\/descarga-3-332x332.png 332w, https:\/\/blogsaverroes.juntadeandalucia.es\/verainqueclase\/files\/2020\/12\/descarga-3-268x268.png 268w, https:\/\/blogsaverroes.juntadeandalucia.es\/verainqueclase\/files\/2020\/12\/descarga-3-24x24.png 24w, https:\/\/blogsaverroes.juntadeandalucia.es\/verainqueclase\/files\/2020\/12\/descarga-3-36x36.png 36w, https:\/\/blogsaverroes.juntadeandalucia.es\/verainqueclase\/files\/2020\/12\/descarga-3-48x48.png 48w\" sizes=\"(max-width: 185px) 100vw, 185px\" \/><\/p>\n<p>Ya estamos terminando el segundo trimestre. En esta unidad trabajaremos con los \u00e1ngulos:<\/p>\n<ul>\n<li>Recordaremos sus nombres.<\/li>\n<li>Los clasificaremos seg\u00fan su apertura y su posici\u00f3n.<\/li>\n<li>Conoceremos los grados, minutos y segundos.<\/li>\n<li>Sumaremos y restaremos \u00e1ngulos.<\/li>\n<\/ul>\n<h4><strong>CLASIFICAMOS LOS \u00c1NGULOS SEG\u00daN SU AMPLITUD<\/strong><\/h4>\n<h4><a href=\"https:\/\/view.genially.com\/660c2182d9c27c00141bb0ee\/interactive-content-510-los-angulos-segun-su-abertura\"><img loading=\"lazy\" decoding=\"async\" class=\"\" src=\"https:\/\/blogsaverroes.juntadeandalucia.es\/verainqueclase\/files\/2023\/02\/Genially-%C3%A1ngulos-300x157.jpg\" width=\"797\" height=\"417\"><\/a><\/h4>\n<p><a href=\"https:\/\/view.genially.com\/660c28ad6bbe500014143d6c\/interactive-content-510-los-angulos-segun-su-abertura\"><img loading=\"lazy\" decoding=\"async\" class=\"\" src=\"https:\/\/blogsaverroes.juntadeandalucia.es\/verainqueclase\/files\/2024\/04\/genially-medir-%C3%A1ngulos-300x163.jpg\" width=\"894\" height=\"486\"><\/a><\/p>\n<table style=\"border-collapse: collapse;width: 100%\">\n<tbody>\n<tr>\n<td style=\"width: 33.3333%\"><a href=\"https:\/\/wordwall.net\/es\/resource\/1806809\/partes-de-los-%c3%a1ngulos\"><img decoding=\"async\" src=\"https:\/\/blogsaverroes.juntadeandalucia.es\/verainqueclase\/files\/2021\/09\/juego-partes-%C3%A1ngulos-300x162.jpg\"><\/a><\/td>\n<td style=\"width: 33.3333%\"><a href=\"https:\/\/wordwall.net\/es\/resource\/13691949\/%c3%a1ngulos\"><img decoding=\"async\" src=\"https:\/\/blogsaverroes.juntadeandalucia.es\/verainqueclase\/files\/2021\/09\/juego-tipos-de-%C3%A1ngulos-6-300x162.jpg\"><\/a><\/td>\n<td style=\"width: 33.3333%\">&nbsp;<\/td>\n<\/tr>\n<tr>\n<td style=\"width: 33.3333%\"><a href=\"https:\/\/www.mundoprimaria.com\/juegos-educativos\/juegos-matematicas\/juego-amplitud-de-angulos\"><img loading=\"lazy\" decoding=\"async\" class=\"alignnone size-medium wp-image-5459\" src=\"https:\/\/blogsaverroes.juntadeandalucia.es\/verainqueclase\/files\/2025\/03\/JUEGO-ANGULOS-300x168.jpg\" alt=\"\" width=\"300\" height=\"168\" srcset=\"https:\/\/blogsaverroes.juntadeandalucia.es\/verainqueclase\/files\/2025\/03\/JUEGO-ANGULOS-300x168.jpg 300w, https:\/\/blogsaverroes.juntadeandalucia.es\/verainqueclase\/files\/2025\/03\/JUEGO-ANGULOS-1024x575.jpg 1024w, https:\/\/blogsaverroes.juntadeandalucia.es\/verainqueclase\/files\/2025\/03\/JUEGO-ANGULOS-768x431.jpg 768w, https:\/\/blogsaverroes.juntadeandalucia.es\/verainqueclase\/files\/2025\/03\/JUEGO-ANGULOS-1536x862.jpg 1536w, https:\/\/blogsaverroes.juntadeandalucia.es\/verainqueclase\/files\/2025\/03\/JUEGO-ANGULOS-700x393.jpg 700w, https:\/\/blogsaverroes.juntadeandalucia.es\/verainqueclase\/files\/2025\/03\/JUEGO-ANGULOS-332x186.jpg 332w, https:\/\/blogsaverroes.juntadeandalucia.es\/verainqueclase\/files\/2025\/03\/JUEGO-ANGULOS.jpg 1557w\" sizes=\"(max-width: 300px) 100vw, 300px\" \/><\/a><\/td>\n<td style=\"width: 33.3333%\"><a href=\"https:\/\/www.mundoprimaria.com\/juegos-educativos\/juegos-matematicas\/juego-amplitud-angulos\"><img loading=\"lazy\" decoding=\"async\" class=\"alignnone size-medium wp-image-5460\" src=\"https:\/\/blogsaverroes.juntadeandalucia.es\/verainqueclase\/files\/2025\/03\/JUEGO-ANGULOS-1-300x168.jpg\" alt=\"\" width=\"300\" height=\"168\" srcset=\"https:\/\/blogsaverroes.juntadeandalucia.es\/verainqueclase\/files\/2025\/03\/JUEGO-ANGULOS-1-300x168.jpg 300w, https:\/\/blogsaverroes.juntadeandalucia.es\/verainqueclase\/files\/2025\/03\/JUEGO-ANGULOS-1-1024x575.jpg 1024w, https:\/\/blogsaverroes.juntadeandalucia.es\/verainqueclase\/files\/2025\/03\/JUEGO-ANGULOS-1-768x431.jpg 768w, https:\/\/blogsaverroes.juntadeandalucia.es\/verainqueclase\/files\/2025\/03\/JUEGO-ANGULOS-1-1536x862.jpg 1536w, https:\/\/blogsaverroes.juntadeandalucia.es\/verainqueclase\/files\/2025\/03\/JUEGO-ANGULOS-1-700x393.jpg 700w, https:\/\/blogsaverroes.juntadeandalucia.es\/verainqueclase\/files\/2025\/03\/JUEGO-ANGULOS-1-332x186.jpg 332w, https:\/\/blogsaverroes.juntadeandalucia.es\/verainqueclase\/files\/2025\/03\/JUEGO-ANGULOS-1.jpg 1557w\" sizes=\"(max-width: 300px) 100vw, 300px\" \/><\/a><\/td>\n<td style=\"width: 33.3333%\"><a href=\"https:\/\/www.mundoprimaria.com\/recursos-matematicas\/angulos\"><img loading=\"lazy\" decoding=\"async\" class=\"\" src=\"https:\/\/blogsaverroes.juntadeandalucia.es\/verainqueclase\/files\/2024\/04\/juego-medir-%C3%A1ngulos-300x200.jpg\" width=\"191\" height=\"128\"><\/a><\/td>\n<\/tr>\n<tr>\n<td style=\"width: 33.3333%\"><img decoding=\"async\" src=\"https:\/\/blogsaverroes.juntadeandalucia.es\/verainqueclase\/files\/2025\/03\/juego-medir-angulos-300x168.jpg\"><\/td>\n<td style=\"width: 33.3333%\">&nbsp;<\/td>\n<td style=\"width: 33.3333%\">&nbsp;<\/td>\n<\/tr>\n<\/tbody>\n<\/table>\n<h4>&nbsp;<\/h4>\n<h4><strong>CLASIFICO \u00c1NGULOS SEG\u00daN SU POSICI\u00d3N<\/strong><\/h4>\n<p><a href=\"https:\/\/view.genially.com\/660c2a2cbc7aac001446348b\/horizontal-infographic-review-510-clasificacion-de-angulos\"><img loading=\"lazy\" decoding=\"async\" class=\"\" src=\"https:\/\/blogsaverroes.juntadeandalucia.es\/verainqueclase\/files\/2024\/04\/genially-%C3%A1ngulos-posici%C3%B3n-300x163.jpg\" width=\"801\" height=\"435\"><\/a><\/p>\n<table style=\"border-collapse: collapse;width: 100%\">\n<tbody>\n<tr>\n<td style=\"width: 33.3333%\"><a href=\"https:\/\/www.mundoprimaria.com\/juegos-educativos\/juegos-matematicas\/juego-posiciones-de-angulos\"><img loading=\"lazy\" decoding=\"async\" class=\"alignnone size-medium wp-image-5461\" src=\"https:\/\/blogsaverroes.juntadeandalucia.es\/verainqueclase\/files\/2025\/03\/juego-angulos-posicion-300x168.jpg\" alt=\"\" width=\"300\" height=\"168\" srcset=\"https:\/\/blogsaverroes.juntadeandalucia.es\/verainqueclase\/files\/2025\/03\/juego-angulos-posicion-300x168.jpg 300w, https:\/\/blogsaverroes.juntadeandalucia.es\/verainqueclase\/files\/2025\/03\/juego-angulos-posicion-1024x575.jpg 1024w, https:\/\/blogsaverroes.juntadeandalucia.es\/verainqueclase\/files\/2025\/03\/juego-angulos-posicion-768x431.jpg 768w, https:\/\/blogsaverroes.juntadeandalucia.es\/verainqueclase\/files\/2025\/03\/juego-angulos-posicion-1536x862.jpg 1536w, https:\/\/blogsaverroes.juntadeandalucia.es\/verainqueclase\/files\/2025\/03\/juego-angulos-posicion-700x393.jpg 700w, https:\/\/blogsaverroes.juntadeandalucia.es\/verainqueclase\/files\/2025\/03\/juego-angulos-posicion-332x186.jpg 332w, https:\/\/blogsaverroes.juntadeandalucia.es\/verainqueclase\/files\/2025\/03\/juego-angulos-posicion.jpg 1557w\" sizes=\"(max-width: 300px) 100vw, 300px\" \/><\/a><\/td>\n<td style=\"width: 33.3333%\"><a href=\"https:\/\/www.mundoprimaria.com\/juegos-educativos\/juegos-matematicas\/juego-tipos-de-angulos-segun-posicion\"><img loading=\"lazy\" decoding=\"async\" class=\"alignnone size-medium wp-image-5464\" src=\"https:\/\/blogsaverroes.juntadeandalucia.es\/verainqueclase\/files\/2025\/03\/juego-angulos-posicion-1-300x168.jpg\" alt=\"\" width=\"300\" height=\"168\" srcset=\"https:\/\/blogsaverroes.juntadeandalucia.es\/verainqueclase\/files\/2025\/03\/juego-angulos-posicion-1-300x168.jpg 300w, https:\/\/blogsaverroes.juntadeandalucia.es\/verainqueclase\/files\/2025\/03\/juego-angulos-posicion-1-1024x575.jpg 1024w, https:\/\/blogsaverroes.juntadeandalucia.es\/verainqueclase\/files\/2025\/03\/juego-angulos-posicion-1-768x431.jpg 768w, https:\/\/blogsaverroes.juntadeandalucia.es\/verainqueclase\/files\/2025\/03\/juego-angulos-posicion-1-1536x862.jpg 1536w, https:\/\/blogsaverroes.juntadeandalucia.es\/verainqueclase\/files\/2025\/03\/juego-angulos-posicion-1-700x393.jpg 700w, https:\/\/blogsaverroes.juntadeandalucia.es\/verainqueclase\/files\/2025\/03\/juego-angulos-posicion-1-332x186.jpg 332w, https:\/\/blogsaverroes.juntadeandalucia.es\/verainqueclase\/files\/2025\/03\/juego-angulos-posicion-1.jpg 1557w\" sizes=\"(max-width: 300px) 100vw, 300px\" \/><\/a><\/td>\n<td style=\"width: 33.3333%\"><a href=\"https:\/\/view.genial.ly\/5e9b038d3b26f10da5bf98a1\/interactive-content-spiderman-contra-angulos\"><img decoding=\"async\" src=\"https:\/\/blogsaverroes.juntadeandalucia.es\/verainqueclase\/files\/2020\/12\/juegos-%C3%A1ngulos-300x158.jpg\"><\/a><\/td>\n<\/tr>\n<tr>\n<td style=\"width: 33.3333%\"><a href=\"https:\/\/www.mundoprimaria.com\/juegos-educativos\/jueg-mat-geo-41\"><img loading=\"lazy\" decoding=\"async\" class=\"alignnone size-medium wp-image-5475\" src=\"https:\/\/blogsaverroes.juntadeandalucia.es\/verainqueclase\/files\/2025\/03\/juego-posiciones-angulos-300x168.jpg\" alt=\"\" width=\"300\" height=\"168\" srcset=\"https:\/\/blogsaverroes.juntadeandalucia.es\/verainqueclase\/files\/2025\/03\/juego-posiciones-angulos-300x168.jpg 300w, https:\/\/blogsaverroes.juntadeandalucia.es\/verainqueclase\/files\/2025\/03\/juego-posiciones-angulos-1024x575.jpg 1024w, https:\/\/blogsaverroes.juntadeandalucia.es\/verainqueclase\/files\/2025\/03\/juego-posiciones-angulos-768x431.jpg 768w, https:\/\/blogsaverroes.juntadeandalucia.es\/verainqueclase\/files\/2025\/03\/juego-posiciones-angulos-1536x862.jpg 1536w, https:\/\/blogsaverroes.juntadeandalucia.es\/verainqueclase\/files\/2025\/03\/juego-posiciones-angulos-700x393.jpg 700w, https:\/\/blogsaverroes.juntadeandalucia.es\/verainqueclase\/files\/2025\/03\/juego-posiciones-angulos-332x186.jpg 332w, https:\/\/blogsaverroes.juntadeandalucia.es\/verainqueclase\/files\/2025\/03\/juego-posiciones-angulos.jpg 1557w\" sizes=\"(max-width: 300px) 100vw, 300px\" \/><\/a><\/td>\n<td style=\"width: 33.3333%\"><a href=\"https:\/\/www.mundoprimaria.com\/juegos-educativos\/jueg-mat-geo-30\"><img loading=\"lazy\" decoding=\"async\" class=\"alignnone size-medium wp-image-5476\" src=\"https:\/\/blogsaverroes.juntadeandalucia.es\/verainqueclase\/files\/2025\/03\/juego-posiciones-angulos-1-300x168.jpg\" alt=\"\" width=\"300\" height=\"168\" srcset=\"https:\/\/blogsaverroes.juntadeandalucia.es\/verainqueclase\/files\/2025\/03\/juego-posiciones-angulos-1-300x168.jpg 300w, https:\/\/blogsaverroes.juntadeandalucia.es\/verainqueclase\/files\/2025\/03\/juego-posiciones-angulos-1-1024x575.jpg 1024w, https:\/\/blogsaverroes.juntadeandalucia.es\/verainqueclase\/files\/2025\/03\/juego-posiciones-angulos-1-768x431.jpg 768w, https:\/\/blogsaverroes.juntadeandalucia.es\/verainqueclase\/files\/2025\/03\/juego-posiciones-angulos-1-1536x862.jpg 1536w, https:\/\/blogsaverroes.juntadeandalucia.es\/verainqueclase\/files\/2025\/03\/juego-posiciones-angulos-1-700x393.jpg 700w, https:\/\/blogsaverroes.juntadeandalucia.es\/verainqueclase\/files\/2025\/03\/juego-posiciones-angulos-1-332x186.jpg 332w, https:\/\/blogsaverroes.juntadeandalucia.es\/verainqueclase\/files\/2025\/03\/juego-posiciones-angulos-1.jpg 1557w\" sizes=\"(max-width: 300px) 100vw, 300px\" \/><\/a><\/td>\n<td style=\"width: 33.3333%\"><a href=\"https:\/\/www.mundoprimaria.com\/juegos-educativos\/juegos-matematicas\/clasificacion-posiciones-relativas-angulos\"><img loading=\"lazy\" decoding=\"async\" class=\"alignnone size-medium wp-image-5477\" src=\"https:\/\/blogsaverroes.juntadeandalucia.es\/verainqueclase\/files\/2025\/03\/juego-posiciones-angulos-2-300x168.jpg\" alt=\"\" width=\"300\" height=\"168\" srcset=\"https:\/\/blogsaverroes.juntadeandalucia.es\/verainqueclase\/files\/2025\/03\/juego-posiciones-angulos-2-300x168.jpg 300w, https:\/\/blogsaverroes.juntadeandalucia.es\/verainqueclase\/files\/2025\/03\/juego-posiciones-angulos-2-1024x575.jpg 1024w, https:\/\/blogsaverroes.juntadeandalucia.es\/verainqueclase\/files\/2025\/03\/juego-posiciones-angulos-2-768x431.jpg 768w, https:\/\/blogsaverroes.juntadeandalucia.es\/verainqueclase\/files\/2025\/03\/juego-posiciones-angulos-2-1536x862.jpg 1536w, https:\/\/blogsaverroes.juntadeandalucia.es\/verainqueclase\/files\/2025\/03\/juego-posiciones-angulos-2-700x393.jpg 700w, https:\/\/blogsaverroes.juntadeandalucia.es\/verainqueclase\/files\/2025\/03\/juego-posiciones-angulos-2-332x186.jpg 332w, https:\/\/blogsaverroes.juntadeandalucia.es\/verainqueclase\/files\/2025\/03\/juego-posiciones-angulos-2.jpg 1557w\" sizes=\"(max-width: 300px) 100vw, 300px\" \/><\/a><\/td>\n<\/tr>\n<tr>\n<td style=\"width: 33.3333%\">&nbsp;<\/td>\n<td style=\"width: 33.3333%\">&nbsp;<\/td>\n<td style=\"width: 33.3333%\">&nbsp;<\/td>\n<\/tr>\n<\/tbody>\n<\/table>\n<h4><strong>GRADOS, MINUTOS Y SEGUNDOS<\/strong><\/h4>\n<p><a href=\"https:\/\/view.genially.com\/67c8701a7aa9af5f4ad04fb4\"><img loading=\"lazy\" decoding=\"async\" class=\"alignnone wp-image-5468\" src=\"https:\/\/blogsaverroes.juntadeandalucia.es\/verainqueclase\/files\/2025\/03\/genially-grados-300x168.jpg\" alt=\"\" width=\"952\" height=\"533\" srcset=\"https:\/\/blogsaverroes.juntadeandalucia.es\/verainqueclase\/files\/2025\/03\/genially-grados-300x168.jpg 300w, https:\/\/blogsaverroes.juntadeandalucia.es\/verainqueclase\/files\/2025\/03\/genially-grados-768x431.jpg 768w, https:\/\/blogsaverroes.juntadeandalucia.es\/verainqueclase\/files\/2025\/03\/genially-grados-1536x862.jpg 1536w, https:\/\/blogsaverroes.juntadeandalucia.es\/verainqueclase\/files\/2025\/03\/genially-grados-700x393.jpg 700w, https:\/\/blogsaverroes.juntadeandalucia.es\/verainqueclase\/files\/2025\/03\/genially-grados-332x186.jpg 332w, https:\/\/blogsaverroes.juntadeandalucia.es\/verainqueclase\/files\/2025\/03\/genially-grados.jpg 1557w\" sizes=\"(max-width: 952px) 100vw, 952px\" \/><\/a><\/p>\n<table style=\"border-collapse: collapse;width: 100%\">\n<tbody>\n<tr>\n<td style=\"width: 33.3333%\"><a href=\"https:\/\/www.mundoprimaria.com\/juegos-educativos\/jueg-mat-med-47\"><img loading=\"lazy\" decoding=\"async\" class=\"alignnone size-medium wp-image-5473\" src=\"https:\/\/blogsaverroes.juntadeandalucia.es\/verainqueclase\/files\/2025\/03\/juego-sistema-sexagesimal-300x168.jpg\" alt=\"\" width=\"300\" height=\"168\" srcset=\"https:\/\/blogsaverroes.juntadeandalucia.es\/verainqueclase\/files\/2025\/03\/juego-sistema-sexagesimal-300x168.jpg 300w, https:\/\/blogsaverroes.juntadeandalucia.es\/verainqueclase\/files\/2025\/03\/juego-sistema-sexagesimal-1024x575.jpg 1024w, https:\/\/blogsaverroes.juntadeandalucia.es\/verainqueclase\/files\/2025\/03\/juego-sistema-sexagesimal-768x431.jpg 768w, https:\/\/blogsaverroes.juntadeandalucia.es\/verainqueclase\/files\/2025\/03\/juego-sistema-sexagesimal-1536x862.jpg 1536w, https:\/\/blogsaverroes.juntadeandalucia.es\/verainqueclase\/files\/2025\/03\/juego-sistema-sexagesimal-700x393.jpg 700w, https:\/\/blogsaverroes.juntadeandalucia.es\/verainqueclase\/files\/2025\/03\/juego-sistema-sexagesimal-332x186.jpg 332w, https:\/\/blogsaverroes.juntadeandalucia.es\/verainqueclase\/files\/2025\/03\/juego-sistema-sexagesimal.jpg 1557w\" sizes=\"(max-width: 300px) 100vw, 300px\" \/><\/a><\/td>\n<td style=\"width: 33.3333%\"><a href=\"https:\/\/www.mundoprimaria.com\/juegos-educativos\/jueg-mat-med-54\"><img loading=\"lazy\" decoding=\"async\" class=\"alignnone size-medium wp-image-5474\" src=\"https:\/\/blogsaverroes.juntadeandalucia.es\/verainqueclase\/files\/2025\/03\/juego-sistema-sexagesimal-1-300x168.jpg\" alt=\"\" width=\"300\" height=\"168\" srcset=\"https:\/\/blogsaverroes.juntadeandalucia.es\/verainqueclase\/files\/2025\/03\/juego-sistema-sexagesimal-1-300x168.jpg 300w, https:\/\/blogsaverroes.juntadeandalucia.es\/verainqueclase\/files\/2025\/03\/juego-sistema-sexagesimal-1-1024x575.jpg 1024w, https:\/\/blogsaverroes.juntadeandalucia.es\/verainqueclase\/files\/2025\/03\/juego-sistema-sexagesimal-1-768x431.jpg 768w, https:\/\/blogsaverroes.juntadeandalucia.es\/verainqueclase\/files\/2025\/03\/juego-sistema-sexagesimal-1-1536x862.jpg 1536w, https:\/\/blogsaverroes.juntadeandalucia.es\/verainqueclase\/files\/2025\/03\/juego-sistema-sexagesimal-1-700x393.jpg 700w, https:\/\/blogsaverroes.juntadeandalucia.es\/verainqueclase\/files\/2025\/03\/juego-sistema-sexagesimal-1-332x186.jpg 332w, https:\/\/blogsaverroes.juntadeandalucia.es\/verainqueclase\/files\/2025\/03\/juego-sistema-sexagesimal-1.jpg 1557w\" sizes=\"(max-width: 300px) 100vw, 300px\" \/><\/a><\/td>\n<td style=\"width: 33.3333%\">&nbsp;<\/td>\n<\/tr>\n<tr>\n<td style=\"width: 33.3333%\">&nbsp;<\/td>\n<td style=\"width: 33.3333%\">&nbsp;<\/td>\n<td style=\"width: 33.3333%\">&nbsp;<\/td>\n<\/tr>\n<\/tbody>\n<\/table>\n<h4><strong>SUMAMOS Y RESTAMOS \u00c1NGULOS<\/strong><\/h4>\n<p><a href=\"https:\/\/view.genially.com\/67c8744e16c93394ca52d101\/horizontal-infographic-review-68-operaciones-con-angulos\"><img loading=\"lazy\" decoding=\"async\" class=\"alignnone wp-image-5470\" src=\"https:\/\/blogsaverroes.juntadeandalucia.es\/verainqueclase\/files\/2025\/03\/genially-operaciones-300x168.jpg\" alt=\"\" width=\"891\" height=\"499\" srcset=\"https:\/\/blogsaverroes.juntadeandalucia.es\/verainqueclase\/files\/2025\/03\/genially-operaciones-300x168.jpg 300w, https:\/\/blogsaverroes.juntadeandalucia.es\/verainqueclase\/files\/2025\/03\/genially-operaciones-1024x575.jpg 1024w, https:\/\/blogsaverroes.juntadeandalucia.es\/verainqueclase\/files\/2025\/03\/genially-operaciones-768x431.jpg 768w, https:\/\/blogsaverroes.juntadeandalucia.es\/verainqueclase\/files\/2025\/03\/genially-operaciones-1536x862.jpg 1536w, https:\/\/blogsaverroes.juntadeandalucia.es\/verainqueclase\/files\/2025\/03\/genially-operaciones-700x393.jpg 700w, https:\/\/blogsaverroes.juntadeandalucia.es\/verainqueclase\/files\/2025\/03\/genially-operaciones-332x186.jpg 332w, https:\/\/blogsaverroes.juntadeandalucia.es\/verainqueclase\/files\/2025\/03\/genially-operaciones.jpg 1557w\" sizes=\"(max-width: 891px) 100vw, 891px\" \/><\/a><\/p>\n<table style=\"border-collapse: collapse;width: 100%\">\n<tbody>\n<tr>\n<td style=\"width: 33.3333%\">&nbsp;<\/td>\n<td style=\"width: 33.3333%\"><a href=\"https:\/\/www.mundoprimaria.com\/juegos-educativos\/jueg-mat-geo-40\"><img loading=\"lazy\" decoding=\"async\" class=\"alignnone size-medium wp-image-5472\" src=\"https:\/\/blogsaverroes.juntadeandalucia.es\/verainqueclase\/files\/2025\/03\/juego-operaciones-angulos-300x168.jpg\" alt=\"\" width=\"300\" height=\"168\" srcset=\"https:\/\/blogsaverroes.juntadeandalucia.es\/verainqueclase\/files\/2025\/03\/juego-operaciones-angulos-300x168.jpg 300w, https:\/\/blogsaverroes.juntadeandalucia.es\/verainqueclase\/files\/2025\/03\/juego-operaciones-angulos-1024x575.jpg 1024w, https:\/\/blogsaverroes.juntadeandalucia.es\/verainqueclase\/files\/2025\/03\/juego-operaciones-angulos-768x431.jpg 768w, https:\/\/blogsaverroes.juntadeandalucia.es\/verainqueclase\/files\/2025\/03\/juego-operaciones-angulos-1536x862.jpg 1536w, https:\/\/blogsaverroes.juntadeandalucia.es\/verainqueclase\/files\/2025\/03\/juego-operaciones-angulos-700x393.jpg 700w, https:\/\/blogsaverroes.juntadeandalucia.es\/verainqueclase\/files\/2025\/03\/juego-operaciones-angulos-332x186.jpg 332w, https:\/\/blogsaverroes.juntadeandalucia.es\/verainqueclase\/files\/2025\/03\/juego-operaciones-angulos.jpg 1557w\" sizes=\"(max-width: 300px) 100vw, 300px\" \/><\/a><\/td>\n<td style=\"width: 33.3333%\">&nbsp;<\/td>\n<\/tr>\n<tr>\n<td style=\"width: 33.3333%\">&nbsp;<\/td>\n<td style=\"width: 33.3333%\">&nbsp;<\/td>\n<td style=\"width: 33.3333%\">&nbsp;<\/td>\n<\/tr>\n<\/tbody>\n<\/table>\n","protected":false},"excerpt":{"rendered":"<p>Ya estamos terminando el segundo trimestre. En esta unidad trabajaremos con los \u00e1ngulos: Recordaremos sus nombres. Los clasificaremos seg\u00fan su apertura y su posici\u00f3n. Conoceremos los grados, minutos y segundos. Sumaremos y restaremos \u00e1ngulos.&#46;&#46;&#46;<\/p>\n","protected":false},"author":10823,"featured_media":0,"parent":100,"menu_order":8,"comment_status":"closed","ping_status":"closed","template":"","meta":{"ngg_post_thumbnail":0,"footnotes":""},"aioseo_notices":[],"_links":{"self":[{"href":"https:\/\/blogsaverroes.juntadeandalucia.es\/verainqueclase\/wp-json\/wp\/v2\/pages\/185"}],"collection":[{"href":"https:\/\/blogsaverroes.juntadeandalucia.es\/verainqueclase\/wp-json\/wp\/v2\/pages"}],"about":[{"href":"https:\/\/blogsaverroes.juntadeandalucia.es\/verainqueclase\/wp-json\/wp\/v2\/types\/page"}],"author":[{"embeddable":true,"href":"https:\/\/blogsaverroes.juntadeandalucia.es\/verainqueclase\/wp-json\/wp\/v2\/users\/10823"}],"replies":[{"embeddable":true,"href":"https:\/\/blogsaverroes.juntadeandalucia.es\/verainqueclase\/wp-json\/wp\/v2\/comments?post=185"}],"version-history":[{"count":17,"href":"https:\/\/blogsaverroes.juntadeandalucia.es\/verainqueclase\/wp-json\/wp\/v2\/pages\/185\/revisions"}],"predecessor-version":[{"id":5492,"href":"https:\/\/blogsaverroes.juntadeandalucia.es\/verainqueclase\/wp-json\/wp\/v2\/pages\/185\/revisions\/5492"}],"up":[{"embeddable":true,"href":"https:\/\/blogsaverroes.juntadeandalucia.es\/verainqueclase\/wp-json\/wp\/v2\/pages\/100"}],"wp:attachment":[{"href":"https:\/\/blogsaverroes.juntadeandalucia.es\/verainqueclase\/wp-json\/wp\/v2\/media?parent=185"}],"curies":[{"name":"wp","href":"https:\/\/api.w.org\/{rel}","templated":true}]}}