{"id":2030,"date":"2021-07-26T13:46:50","date_gmt":"2021-07-26T13:46:50","guid":{"rendered":"https:\/\/blogsaverroes.juntadeandalucia.es\/verainqueclase\/?page_id=2030"},"modified":"2026-02-18T15:51:56","modified_gmt":"2026-02-18T15:51:56","slug":"2030-2","status":"publish","type":"page","link":"https:\/\/blogsaverroes.juntadeandalucia.es\/verainqueclase\/ciencias-naturales\/2030-2\/","title":{"rendered":"Conocimiento 3.1"},"content":{"rendered":"<p><img loading=\"lazy\" decoding=\"async\" class=\" wp-image-6998 alignright\" src=\"https:\/\/blogsaverroes.juntadeandalucia.es\/verainqueclase\/files\/2026\/02\/Naturaleza-animales-300x300.png\" alt=\"\" width=\"198\" height=\"198\" srcset=\"https:\/\/blogsaverroes.juntadeandalucia.es\/verainqueclase\/files\/2026\/02\/Naturaleza-animales-300x300.png 300w, https:\/\/blogsaverroes.juntadeandalucia.es\/verainqueclase\/files\/2026\/02\/Naturaleza-animales-150x150.png 150w, https:\/\/blogsaverroes.juntadeandalucia.es\/verainqueclase\/files\/2026\/02\/Naturaleza-animales-80x80.png 80w, https:\/\/blogsaverroes.juntadeandalucia.es\/verainqueclase\/files\/2026\/02\/Naturaleza-animales-320x320.png 320w, https:\/\/blogsaverroes.juntadeandalucia.es\/verainqueclase\/files\/2026\/02\/Naturaleza-animales.png 398w\" sizes=\"(max-width: 198px) 100vw, 198px\" \/><\/p>\n<p>Comenzamos la asignatura Conocimiento del Medio con un tema en el que vamos a aprender sobre los seres vivos.<\/p>\n<ul>\n<li>Qu\u00e9 son los seres vivos y en qu\u00e9 grupos los podemos clasificar.<\/li>\n<li>C\u00f3mo son las plantas y qu\u00e9 clases hay.<\/li>\n<li>Las funciones vitales en las plantas.<\/li>\n<\/ul>\n<p>Aqu\u00ed vamos a aprender c\u00f3mo somos por fuera y por dentro. Veremos las funciones nutrici\u00f3n, reproducci\u00f3n y relaci\u00f3n. Y por \u00faltimo c\u00f3mo nuestro cuerpo cambia con el paso del tiempo.<\/p>\n<h4>LOS SERES VIVOS Y LOS 5 REINOS.<\/h4>\n<p><a href=\"https:\/\/view.genially.com\/63bc23a00277720018b0d5e9\/horizontal-infographic-review-43-que-son-los-seres-vivos\"><img loading=\"lazy\" decoding=\"async\" class=\"\" src=\"https:\/\/blogsaverroes.juntadeandalucia.es\/verainqueclase\/files\/2023\/01\/Genially-seres-vivos-300x157.jpg\" width=\"940\" height=\"492\"><\/a><\/p>\n<table style=\"border-collapse: collapse;width: 100%\">\n<tbody>\n<tr>\n<td style=\"width: 33.3333%\"><a href=\"https:\/\/view.genially.com\/63c813204c54c400181a859f\/interactive-content-43-quiz-seres-vivos\"><img decoding=\"async\" src=\"https:\/\/blogsaverroes.juntadeandalucia.es\/verainqueclase\/files\/2023\/01\/juego-seres-vivos-300x151.jpg\"><\/a><\/td>\n<td style=\"width: 33.3333%\"><a href=\"https:\/\/www.mundoprimaria.com\/juegos-educativos\/natu-svi-1-1?path=juegos-premium\/9019\"><img loading=\"lazy\" decoding=\"async\" class=\"alignnone size-medium wp-image-7002\" src=\"https:\/\/blogsaverroes.juntadeandalucia.es\/verainqueclase\/files\/2026\/02\/juego-seres-vivos-300x185.png\" alt=\"\" width=\"300\" height=\"185\" srcset=\"https:\/\/blogsaverroes.juntadeandalucia.es\/verainqueclase\/files\/2026\/02\/juego-seres-vivos-300x185.png 300w, https:\/\/blogsaverroes.juntadeandalucia.es\/verainqueclase\/files\/2026\/02\/juego-seres-vivos-1024x630.png 1024w, https:\/\/blogsaverroes.juntadeandalucia.es\/verainqueclase\/files\/2026\/02\/juego-seres-vivos-768x472.png 768w, https:\/\/blogsaverroes.juntadeandalucia.es\/verainqueclase\/files\/2026\/02\/juego-seres-vivos.png 1330w\" sizes=\"(max-width: 300px) 100vw, 300px\" \/><\/a><\/td>\n<td style=\"width: 33.3333%\"><a href=\"https:\/\/www.mundoprimaria.com\/juegos-educativos\/natu-svi-4-1?path=juegos-premium\/9329\"><img loading=\"lazy\" decoding=\"async\" class=\"alignnone size-medium wp-image-7000\" src=\"https:\/\/blogsaverroes.juntadeandalucia.es\/verainqueclase\/files\/2026\/02\/juegos-reinos-300x195.png\" alt=\"\" width=\"300\" height=\"195\" srcset=\"https:\/\/blogsaverroes.juntadeandalucia.es\/verainqueclase\/files\/2026\/02\/juegos-reinos-300x195.png 300w, https:\/\/blogsaverroes.juntadeandalucia.es\/verainqueclase\/files\/2026\/02\/juegos-reinos-1024x667.png 1024w, https:\/\/blogsaverroes.juntadeandalucia.es\/verainqueclase\/files\/2026\/02\/juegos-reinos-768x500.png 768w, https:\/\/blogsaverroes.juntadeandalucia.es\/verainqueclase\/files\/2026\/02\/juegos-reinos.png 1245w\" sizes=\"(max-width: 300px) 100vw, 300px\" \/><\/a><\/td>\n<\/tr>\n<tr>\n<td style=\"width: 33.3333%\">&nbsp;<\/td>\n<td style=\"width: 33.3333%\">&nbsp;<\/td>\n<td style=\"width: 33.3333%\">&nbsp;<\/td>\n<\/tr>\n<\/tbody>\n<\/table>\n<h4>&nbsp;<\/h4>\n<h4><strong>C\u00d3MO SON LAS PLANTAS<\/strong><\/h4>\n<p><a href=\"https:\/\/view.genially.com\/69028582a970490b517e2f1a\/interactive-image-asi-son-las-plantas\"><img loading=\"lazy\" decoding=\"async\" class=\"\" src=\"https:\/\/blogsaverroes.juntadeandalucia.es\/verainqueclase\/files\/2021\/07\/genially-as%C3%AD-son-las-plantas-300x167.jpg\" width=\"949\" height=\"528\"><\/a><\/p>\n<p><a href=\"https:\/\/view.genially.com\/690285b473e956410f9a1d80\/interactive-content-clasificacion-de-las-plantas\"><img loading=\"lazy\" decoding=\"async\" class=\"\" src=\"https:\/\/blogsaverroes.juntadeandalucia.es\/verainqueclase\/files\/2021\/07\/genially-clasificaci%C3%B3n-de-plantas-300x167.jpg\" width=\"963\" height=\"536\"><\/a><\/p>\n<table style=\"border-collapse: collapse;width: 100%\">\n<tbody>\n<tr>\n<td style=\"width: 33.3333%\">&nbsp;<\/td>\n<td style=\"width: 33.3333%\">&nbsp;<\/td>\n<td style=\"width: 33.3333%\">&nbsp;<\/td>\n<\/tr>\n<\/tbody>\n<\/table>\n<h4>LA NUTRICI\u00d3N EN LAS PLANTAS<\/h4>\n<p><a href=\"https:\/\/view.genially.com\/63bc2c55bb0e2f00117417e5\/interactive-image-43-nutricion-de-las-plantas\"><img loading=\"lazy\" decoding=\"async\" class=\"\" src=\"https:\/\/blogsaverroes.juntadeandalucia.es\/verainqueclase\/files\/2023\/01\/Genially-nutrici%C3%B3n-plantas-300x157.jpg\" width=\"967\" height=\"506\"><\/a><\/p>\n<p>&nbsp;<\/p>\n<table style=\"border-collapse: collapse;width: 100%\">\n<tbody>\n<tr>\n<td style=\"width: 33.3333%\"><a href=\"https:\/\/view.genially.com\/63c818668b39c700128705ec\/interactive-content-43-quiz-nutricion-de-las-plantas\"><img decoding=\"async\" src=\"https:\/\/blogsaverroes.juntadeandalucia.es\/verainqueclase\/files\/2023\/01\/juego-nutrici%C3%B3n-plantas-300x151.jpg\"><\/a><\/td>\n<td style=\"width: 33.3333%\">&nbsp;<\/td>\n<td style=\"width: 33.3333%\">&nbsp;<\/td>\n<\/tr>\n<\/tbody>\n<\/table>\n<p>LA RELACI\u00d3N EN LAS PLANTAS<\/p>\n<p><a href=\"https:\/\/view.genially.com\/63bc35c08dfec8001abd21dd\/interactive-content-43-relacion-en-las-plantas\"><img loading=\"lazy\" decoding=\"async\" class=\"\" src=\"https:\/\/blogsaverroes.juntadeandalucia.es\/verainqueclase\/files\/2023\/01\/Genially-relaci%C3%B3n-plantas-300x157.jpg\" width=\"942\" height=\"493\"><\/a><\/p>\n<table style=\"border-collapse: collapse;width: 100%\">\n<tbody>\n<tr>\n<td style=\"width: 33.3333%\"><a href=\"https:\/\/view.genially.com\/63c81cfaa337e50018c73bd7\/interactive-content-43-quiz-relacion-de-las-plantas\"><img decoding=\"async\" src=\"https:\/\/blogsaverroes.juntadeandalucia.es\/verainqueclase\/files\/2023\/01\/juego-relaci%C3%B3n-plantas-2-300x151.jpg\"><\/a><\/td>\n<td style=\"width: 33.3333%\">&nbsp;<\/td>\n<td style=\"width: 33.3333%\">&nbsp;<\/td>\n<\/tr>\n<\/tbody>\n<\/table>\n<h4>LA REPRODUCCI\u00d3N EN LAS PLANTAS<\/h4>\n<p><a href=\"https:\/\/view.genially.com\/63bc63b78dfec8001abd9821\/interactive-content-43-reproduccion-de-las-plantas\"><img loading=\"lazy\" decoding=\"async\" class=\"\" src=\"https:\/\/blogsaverroes.juntadeandalucia.es\/verainqueclase\/files\/2023\/01\/Genially-reproducci%C3%B3n-plantas-300x157.jpg\" width=\"942\" height=\"493\"><\/a><\/p>\n<p>&nbsp;<\/p>\n<table style=\"border-collapse: collapse;width: 100%\">\n<tbody>\n<tr>\n<td style=\"width: 33.3333%\"><a href=\"https:\/\/view.genially.com\/63c820808b39c70012872478\/interactive-content-43-quiz-reproduccion-de-las-plantas\"><img decoding=\"async\" src=\"https:\/\/blogsaverroes.juntadeandalucia.es\/verainqueclase\/files\/2023\/01\/juego-reproducci%C3%B3n-plantas-2-300x151.jpg\"><\/a><\/td>\n<td style=\"width: 33.3333%\"><a href=\"https:\/\/view.genially.com\/5c8004bd5d0e4e575e29c3b6\/interactive-content-las-plantas\"><img decoding=\"async\" src=\"https:\/\/blogsaverroes.juntadeandalucia.es\/verainqueclase\/files\/2023\/01\/Juego-plantas-300x165.jpg\"><\/a><\/td>\n<td style=\"width: 33.3333%\"><a href=\"https:\/\/www.mundoprimaria.com\/juegos-educativos\/natu-svi-4-2?path=juegos-premium\/9328\"><img loading=\"lazy\" decoding=\"async\" class=\"alignnone size-medium wp-image-7001\" src=\"https:\/\/blogsaverroes.juntadeandalucia.es\/verainqueclase\/files\/2026\/02\/juego-plantas-300x197.png\" alt=\"\" width=\"300\" height=\"197\" srcset=\"https:\/\/blogsaverroes.juntadeandalucia.es\/verainqueclase\/files\/2026\/02\/juego-plantas-300x197.png 300w, https:\/\/blogsaverroes.juntadeandalucia.es\/verainqueclase\/files\/2026\/02\/juego-plantas-1024x673.png 1024w, https:\/\/blogsaverroes.juntadeandalucia.es\/verainqueclase\/files\/2026\/02\/juego-plantas-768x505.png 768w, https:\/\/blogsaverroes.juntadeandalucia.es\/verainqueclase\/files\/2026\/02\/juego-plantas.png 1230w\" sizes=\"(max-width: 300px) 100vw, 300px\" \/><\/a><\/td>\n<\/tr>\n<\/tbody>\n<\/table>\n<p>&nbsp;<\/p>\n","protected":false},"excerpt":{"rendered":"<p>Comenzamos la asignatura Conocimiento del Medio con un tema en el que vamos a aprender sobre los seres vivos. Qu\u00e9 son los seres vivos y en qu\u00e9 grupos los podemos clasificar. C\u00f3mo son las&#46;&#46;&#46;<\/p>\n","protected":false},"author":10823,"featured_media":2031,"parent":64,"menu_order":0,"comment_status":"closed","ping_status":"closed","template":"","meta":{"ngg_post_thumbnail":0,"footnotes":""},"aioseo_notices":[],"_links":{"self":[{"href":"https:\/\/blogsaverroes.juntadeandalucia.es\/verainqueclase\/wp-json\/wp\/v2\/pages\/2030"}],"collection":[{"href":"https:\/\/blogsaverroes.juntadeandalucia.es\/verainqueclase\/wp-json\/wp\/v2\/pages"}],"about":[{"href":"https:\/\/blogsaverroes.juntadeandalucia.es\/verainqueclase\/wp-json\/wp\/v2\/types\/page"}],"author":[{"embeddable":true,"href":"https:\/\/blogsaverroes.juntadeandalucia.es\/verainqueclase\/wp-json\/wp\/v2\/users\/10823"}],"replies":[{"embeddable":true,"href":"https:\/\/blogsaverroes.juntadeandalucia.es\/verainqueclase\/wp-json\/wp\/v2\/comments?post=2030"}],"version-history":[{"count":17,"href":"https:\/\/blogsaverroes.juntadeandalucia.es\/verainqueclase\/wp-json\/wp\/v2\/pages\/2030\/revisions"}],"predecessor-version":[{"id":7003,"href":"https:\/\/blogsaverroes.juntadeandalucia.es\/verainqueclase\/wp-json\/wp\/v2\/pages\/2030\/revisions\/7003"}],"up":[{"embeddable":true,"href":"https:\/\/blogsaverroes.juntadeandalucia.es\/verainqueclase\/wp-json\/wp\/v2\/pages\/64"}],"wp:featuredmedia":[{"embeddable":true,"href":"https:\/\/blogsaverroes.juntadeandalucia.es\/verainqueclase\/wp-json\/wp\/v2\/media\/2031"}],"wp:attachment":[{"href":"https:\/\/blogsaverroes.juntadeandalucia.es\/verainqueclase\/wp-json\/wp\/v2\/media?parent=2030"}],"curies":[{"name":"wp","href":"https:\/\/api.w.org\/{rel}","templated":true}]}}