{"id":2564,"date":"2021-09-05T17:34:27","date_gmt":"2021-09-05T17:34:27","guid":{"rendered":"https:\/\/blogsaverroes.juntadeandalucia.es\/verainqueclase\/?page_id=2564"},"modified":"2026-01-21T17:00:48","modified_gmt":"2026-01-21T17:00:48","slug":"unidad-4-la-poblacion","status":"publish","type":"page","link":"https:\/\/blogsaverroes.juntadeandalucia.es\/verainqueclase\/ciencias-sociales\/unidad-4-la-poblacion\/","title":{"rendered":"Conocimiento 3.8"},"content":{"rendered":"<p><img loading=\"lazy\" decoding=\"async\" class=\"wp-image-2565 alignright\" src=\"https:\/\/blogsaverroes.juntadeandalucia.es\/verainqueclase\/files\/2021\/09\/descarga-1-300x300.png\" alt=\"\" width=\"217\" height=\"217\" srcset=\"https:\/\/blogsaverroes.juntadeandalucia.es\/verainqueclase\/files\/2021\/09\/descarga-1-300x300.png 300w, https:\/\/blogsaverroes.juntadeandalucia.es\/verainqueclase\/files\/2021\/09\/descarga-1-150x150.png 150w, https:\/\/blogsaverroes.juntadeandalucia.es\/verainqueclase\/files\/2021\/09\/descarga-1-332x332.png 332w, https:\/\/blogsaverroes.juntadeandalucia.es\/verainqueclase\/files\/2021\/09\/descarga-1-268x268.png 268w, https:\/\/blogsaverroes.juntadeandalucia.es\/verainqueclase\/files\/2021\/09\/descarga-1.png 400w\" sizes=\"(max-width: 217px) 100vw, 217px\" \/>Ya estamos en la unidad 8 de Conocimiento del Medio.<\/p>\n<p>En ella vamos a ver qu\u00e9 es la poblaci\u00f3n y c\u00f3mo cambia.<\/p>\n<p>Veremos la poblaci\u00f3n de Espa\u00f1a y de Andaluc\u00eda.<\/p>\n<p>Y c\u00f3mo se cuenta la poblaci\u00f3n.<\/p>\n<h4><strong>RECONOCE LOS DISTINTOS GRUPOS DE POBLACI\u00d3N<\/strong><\/h4>\n<p>La <strong>poblaci\u00f3n<\/strong> es el <strong>conjunto de personas<\/strong> que <strong>viven en un lugar.<\/strong><\/p>\n<p>La poblaci\u00f3n se puede contar de dos formas: <strong>el censo y el padr\u00f3n<\/strong> (son dos listas donde se recogen los datos de las personas).<\/p>\n<p>Tambi\u00e9n la podemos <strong>clasificarla<\/strong> de diferentes formas: sexo <strong>(hombres y mujeres)<\/strong>, edad <strong>(j\u00f3venes, adultos y ancianos)<\/strong> o trabajo<strong> (poblaci\u00f3n activa y no activa).<\/strong><\/p>\n<p><a href=\"https:\/\/view.genially.com\/6903c0e3afb4eb75b622dfec\/interactive-content-la-poblacion\"><img loading=\"lazy\" decoding=\"async\" class=\"alignnone wp-image-2573\" src=\"https:\/\/blogsaverroes.juntadeandalucia.es\/verainqueclase\/files\/2021\/09\/genially-la-poblacion-300x169.jpg\" alt=\"\" width=\"921\" height=\"519\" srcset=\"https:\/\/blogsaverroes.juntadeandalucia.es\/verainqueclase\/files\/2021\/09\/genially-la-poblacion-300x169.jpg 300w, https:\/\/blogsaverroes.juntadeandalucia.es\/verainqueclase\/files\/2021\/09\/genially-la-poblacion-1024x576.jpg 1024w, https:\/\/blogsaverroes.juntadeandalucia.es\/verainqueclase\/files\/2021\/09\/genially-la-poblacion-768x432.jpg 768w, https:\/\/blogsaverroes.juntadeandalucia.es\/verainqueclase\/files\/2021\/09\/genially-la-poblacion-700x393.jpg 700w, https:\/\/blogsaverroes.juntadeandalucia.es\/verainqueclase\/files\/2021\/09\/genially-la-poblacion-332x187.jpg 332w, https:\/\/blogsaverroes.juntadeandalucia.es\/verainqueclase\/files\/2021\/09\/genially-la-poblacion.jpg 1407w\" sizes=\"(max-width: 921px) 100vw, 921px\" \/><\/a><\/p>\n<table style=\"border-collapse: collapse;width: 100%\">\n<tbody>\n<tr>\n<td style=\"width: 33.3333%\">&nbsp;<\/td>\n<td style=\"width: 33.3333%\">&nbsp;<\/td>\n<td style=\"width: 33.3333%\">&nbsp;<\/td>\n<\/tr>\n<\/tbody>\n<\/table>\n<h4><strong>\u00bfPOR QU\u00c9 AUMENTA Y DISMINUYE LA POBLACI\u00d3N?<\/strong><\/h4>\n<p><a href=\"https:\/\/view.genial.ly\/6134eccce03e610df65afe59\/interactive-content-lista-hand-draw\"><img loading=\"lazy\" decoding=\"async\" class=\"alignnone wp-image-2575\" src=\"https:\/\/blogsaverroes.juntadeandalucia.es\/verainqueclase\/files\/2021\/09\/genially-la-poblacion-cambia-300x169.jpg\" alt=\"\" width=\"1037\" height=\"584\" srcset=\"https:\/\/blogsaverroes.juntadeandalucia.es\/verainqueclase\/files\/2021\/09\/genially-la-poblacion-cambia-300x169.jpg 300w, https:\/\/blogsaverroes.juntadeandalucia.es\/verainqueclase\/files\/2021\/09\/genially-la-poblacion-cambia-1024x576.jpg 1024w, https:\/\/blogsaverroes.juntadeandalucia.es\/verainqueclase\/files\/2021\/09\/genially-la-poblacion-cambia-768x432.jpg 768w, https:\/\/blogsaverroes.juntadeandalucia.es\/verainqueclase\/files\/2021\/09\/genially-la-poblacion-cambia-700x393.jpg 700w, https:\/\/blogsaverroes.juntadeandalucia.es\/verainqueclase\/files\/2021\/09\/genially-la-poblacion-cambia-332x187.jpg 332w, https:\/\/blogsaverroes.juntadeandalucia.es\/verainqueclase\/files\/2021\/09\/genially-la-poblacion-cambia.jpg 1407w\" sizes=\"(max-width: 1037px) 100vw, 1037px\" \/><\/a><\/p>\n<table style=\"border-collapse: collapse;width: 100%\">\n<tbody>\n<tr>\n<td style=\"width: 33.3333%\"><a href=\"https:\/\/view.genial.ly\/5e9c49719f55700daa4b90bb\/game-repaso-tema-5-sociales-3o\"><img loading=\"lazy\" decoding=\"async\" class=\"alignnone size-medium wp-image-2576\" src=\"https:\/\/blogsaverroes.juntadeandalucia.es\/verainqueclase\/files\/2021\/09\/juego-poblacion-300x169.jpg\" alt=\"\" width=\"300\" height=\"169\" srcset=\"https:\/\/blogsaverroes.juntadeandalucia.es\/verainqueclase\/files\/2021\/09\/juego-poblacion-300x169.jpg 300w, https:\/\/blogsaverroes.juntadeandalucia.es\/verainqueclase\/files\/2021\/09\/juego-poblacion-1024x576.jpg 1024w, https:\/\/blogsaverroes.juntadeandalucia.es\/verainqueclase\/files\/2021\/09\/juego-poblacion-768x432.jpg 768w, https:\/\/blogsaverroes.juntadeandalucia.es\/verainqueclase\/files\/2021\/09\/juego-poblacion-700x393.jpg 700w, https:\/\/blogsaverroes.juntadeandalucia.es\/verainqueclase\/files\/2021\/09\/juego-poblacion-332x187.jpg 332w, https:\/\/blogsaverroes.juntadeandalucia.es\/verainqueclase\/files\/2021\/09\/juego-poblacion.jpg 1407w\" sizes=\"(max-width: 300px) 100vw, 300px\" \/><\/a><\/td>\n<td style=\"width: 33.3333%\">&nbsp;<\/td>\n<td style=\"width: 33.3333%\">&nbsp;<\/td>\n<\/tr>\n<\/tbody>\n<\/table>\n<h4><strong>\u00bfLA POBLACI\u00d3N DE ESPA\u00d1A HA SIDO SIEMPRE IGUAL?<\/strong><\/h4>\n<p><a href=\"https:\/\/view.genially.com\/6903c125afb4eb75b62311dc\/interactive-content-poblacion-de-espana\"><img loading=\"lazy\" decoding=\"async\" class=\"alignnone wp-image-2578\" src=\"https:\/\/blogsaverroes.juntadeandalucia.es\/verainqueclase\/files\/2021\/09\/genially-poblaci\u00f3n-de-espa\u00f1a-300x169.jpg\" alt=\"\" width=\"857\" height=\"483\" srcset=\"https:\/\/blogsaverroes.juntadeandalucia.es\/verainqueclase\/files\/2021\/09\/genially-poblaci\u00f3n-de-espa\u00f1a-300x169.jpg 300w, https:\/\/blogsaverroes.juntadeandalucia.es\/verainqueclase\/files\/2021\/09\/genially-poblaci\u00f3n-de-espa\u00f1a-1024x576.jpg 1024w, https:\/\/blogsaverroes.juntadeandalucia.es\/verainqueclase\/files\/2021\/09\/genially-poblaci\u00f3n-de-espa\u00f1a-768x432.jpg 768w, https:\/\/blogsaverroes.juntadeandalucia.es\/verainqueclase\/files\/2021\/09\/genially-poblaci\u00f3n-de-espa\u00f1a-700x394.jpg 700w, https:\/\/blogsaverroes.juntadeandalucia.es\/verainqueclase\/files\/2021\/09\/genially-poblaci\u00f3n-de-espa\u00f1a-332x187.jpg 332w, https:\/\/blogsaverroes.juntadeandalucia.es\/verainqueclase\/files\/2021\/09\/genially-poblaci\u00f3n-de-espa\u00f1a.jpg 1407w\" sizes=\"(max-width: 857px) 100vw, 857px\" \/><\/a><\/p>\n<h4><strong>CARACTER\u00cdSTICAS DE LA POBLACI\u00d3N<\/strong><\/h4>\n<h4><a href=\"https:\/\/view.genially.com\/6971001514a3c89d071a9657\/interactive-content-39-caracteristicas-de-la-poblacion\"><img loading=\"lazy\" decoding=\"async\" class=\"alignnone  wp-image-6923\" src=\"https:\/\/blogsaverroes.juntadeandalucia.es\/verainqueclase\/files\/2026\/01\/poblacion-300x176.png\" alt=\"\" width=\"863\" height=\"506\" srcset=\"https:\/\/blogsaverroes.juntadeandalucia.es\/verainqueclase\/files\/2026\/01\/poblacion-300x176.png 300w, https:\/\/blogsaverroes.juntadeandalucia.es\/verainqueclase\/files\/2026\/01\/poblacion-1024x601.png 1024w, https:\/\/blogsaverroes.juntadeandalucia.es\/verainqueclase\/files\/2026\/01\/poblacion-768x451.png 768w, https:\/\/blogsaverroes.juntadeandalucia.es\/verainqueclase\/files\/2026\/01\/poblacion.png 1363w\" sizes=\"(max-width: 863px) 100vw, 863px\" \/><\/a><\/h4>\n<table style=\"border-collapse: collapse;width: 100%\">\n<tbody>\n<tr>\n<td style=\"width: 33.3333%\">&nbsp;<\/td>\n<td style=\"width: 33.3333%\">&nbsp;<\/td>\n<td style=\"width: 33.3333%\">&nbsp;<\/td>\n<\/tr>\n<\/tbody>\n<\/table>\n<h4><strong>LA POBLACI\u00d3N DE ANDALUC\u00cdA<\/strong><\/h4>\n<p><a href=\"https:\/\/view.genially.com\/6903c14fafb4eb75b6233b97\/interactive-content-poblacion-de-andalucia\"><img loading=\"lazy\" decoding=\"async\" class=\"alignnone wp-image-2580\" src=\"https:\/\/blogsaverroes.juntadeandalucia.es\/verainqueclase\/files\/2021\/09\/genially-poblaci\u00f3n-de-andalucia-300x169.jpg\" alt=\"\" width=\"934\" height=\"526\" srcset=\"https:\/\/blogsaverroes.juntadeandalucia.es\/verainqueclase\/files\/2021\/09\/genially-poblaci\u00f3n-de-andalucia-300x169.jpg 300w, https:\/\/blogsaverroes.juntadeandalucia.es\/verainqueclase\/files\/2021\/09\/genially-poblaci\u00f3n-de-andalucia-1024x576.jpg 1024w, https:\/\/blogsaverroes.juntadeandalucia.es\/verainqueclase\/files\/2021\/09\/genially-poblaci\u00f3n-de-andalucia-768x432.jpg 768w, https:\/\/blogsaverroes.juntadeandalucia.es\/verainqueclase\/files\/2021\/09\/genially-poblaci\u00f3n-de-andalucia-700x393.jpg 700w, https:\/\/blogsaverroes.juntadeandalucia.es\/verainqueclase\/files\/2021\/09\/genially-poblaci\u00f3n-de-andalucia-332x187.jpg 332w, https:\/\/blogsaverroes.juntadeandalucia.es\/verainqueclase\/files\/2021\/09\/genially-poblaci\u00f3n-de-andalucia.jpg 1407w\" sizes=\"(max-width: 934px) 100vw, 934px\" \/><\/a><\/p>\n<table style=\"border-collapse: collapse;width: 100%\">\n<tbody>\n<tr>\n<td style=\"width: 33.3333%\">&nbsp;<\/td>\n<td style=\"width: 33.3333%\">&nbsp;<\/td>\n<td style=\"width: 33.3333%\">&nbsp;<\/td>\n<\/tr>\n<\/tbody>\n<\/table>\n","protected":false},"excerpt":{"rendered":"<p>Ya estamos en la unidad 8 de Conocimiento del Medio. En ella vamos a ver qu\u00e9 es la poblaci\u00f3n y c\u00f3mo cambia. Veremos la poblaci\u00f3n de Espa\u00f1a y de Andaluc\u00eda. Y c\u00f3mo se cuenta&#46;&#46;&#46;<\/p>\n","protected":false},"author":10823,"featured_media":0,"parent":56,"menu_order":2,"comment_status":"closed","ping_status":"closed","template":"","meta":{"ngg_post_thumbnail":0,"footnotes":""},"aioseo_notices":[],"_links":{"self":[{"href":"https:\/\/blogsaverroes.juntadeandalucia.es\/verainqueclase\/wp-json\/wp\/v2\/pages\/2564"}],"collection":[{"href":"https:\/\/blogsaverroes.juntadeandalucia.es\/verainqueclase\/wp-json\/wp\/v2\/pages"}],"about":[{"href":"https:\/\/blogsaverroes.juntadeandalucia.es\/verainqueclase\/wp-json\/wp\/v2\/types\/page"}],"author":[{"embeddable":true,"href":"https:\/\/blogsaverroes.juntadeandalucia.es\/verainqueclase\/wp-json\/wp\/v2\/users\/10823"}],"replies":[{"embeddable":true,"href":"https:\/\/blogsaverroes.juntadeandalucia.es\/verainqueclase\/wp-json\/wp\/v2\/comments?post=2564"}],"version-history":[{"count":11,"href":"https:\/\/blogsaverroes.juntadeandalucia.es\/verainqueclase\/wp-json\/wp\/v2\/pages\/2564\/revisions"}],"predecessor-version":[{"id":6924,"href":"https:\/\/blogsaverroes.juntadeandalucia.es\/verainqueclase\/wp-json\/wp\/v2\/pages\/2564\/revisions\/6924"}],"up":[{"embeddable":true,"href":"https:\/\/blogsaverroes.juntadeandalucia.es\/verainqueclase\/wp-json\/wp\/v2\/pages\/56"}],"wp:attachment":[{"href":"https:\/\/blogsaverroes.juntadeandalucia.es\/verainqueclase\/wp-json\/wp\/v2\/media?parent=2564"}],"curies":[{"name":"wp","href":"https:\/\/api.w.org\/{rel}","templated":true}]}}